{"id":27804,"date":"2026-01-26T11:25:51","date_gmt":"2026-01-26T10:25:51","guid":{"rendered":"https:\/\/www.outlet-electro.cz\/index.php\/produkt\/gramofon-s-funkci-autostop-sencor-stt-212u\/"},"modified":"2026-01-26T11:25:52","modified_gmt":"2026-01-26T10:25:52","slug":"gramofon-s-funkci-autostop-sencor-stt-212u","status":"publish","type":"product","link":"http:\/\/www.outlet-electro.cz\/index.php\/produkt\/gramofon-s-funkci-autostop-sencor-stt-212u\/","title":{"rendered":"Gramofon s funkc\u00ed Autostop Sencor STT 212U"},"content":{"rendered":"<h2 data-path-to-node=\"1\">Sencor STT 212U \u2013 Hudebn\u00ed centrum s funkc\u00ed digitalizace vinyl\u016f<\/h2>\n<p data-path-to-node=\"2\">Gramofon Sencor STT 212U je ide\u00e1ln\u00edm \u0159e\u0161en\u00edm pro ty, kte\u0159\u00ed si cht\u011bj\u00ed vychutnat klasick\u00e9 LP desky, ale z\u00e1rove\u0148 vy\u017eaduj\u00ed modern\u00ed funkce jako <b data-path-to-node=\"2\" data-index-in-node=\"139\">Bluetooth<\/b>, <b data-path-to-node=\"2\" data-index-in-node=\"150\">USB p\u0159ehr\u00e1v\u00e1n\u00ed<\/b> nebo <b data-path-to-node=\"2\" data-index-in-node=\"170\">p\u0159\u00edm\u00e9 nahr\u00e1v\u00e1n\u00ed<\/b>. D\u00edky integrovan\u00fdm reproduktor\u016fm a elegantn\u00edmu designu s pr\u016fhledn\u00fdm krytem se hod\u00ed do ka\u017ed\u00e9ho interi\u00e9ru jako samostatn\u00fd hudebn\u00ed syst\u00e9m.<\/p>\n<hr data-path-to-node=\"3\" \/>\n<h3 data-path-to-node=\"4\">Hlavn\u00ed p\u0159ednosti<\/h3>\n<ul data-path-to-node=\"5\">\n<li>\n<p data-path-to-node=\"5,0,0\"><b data-path-to-node=\"5,0,0\" data-index-in-node=\"0\">V\u0161estrann\u00fd p\u0159ehr\u00e1va\u010d:<\/b> Gramofon si porad\u00ed se v\u0161emi b\u011b\u017en\u00fdmi typy desek d\u00edky t\u0159em rychlostem (<b data-path-to-node=\"5,0,0\" data-index-in-node=\"91\">33\/45\/78 ot.\/min<\/b>). Funkce <b data-path-to-node=\"5,0,0\" data-index-in-node=\"117\">Autostop<\/b> nav\u00edc zajist\u00ed automatick\u00e9 zastaven\u00ed tal\u00ed\u0159e po dohr\u00e1n\u00ed desky.<\/p>\n<\/li>\n<li>\n<p data-path-to-node=\"5,1,0\"><b data-path-to-node=\"5,1,0\" data-index-in-node=\"0\">P\u0159\u00edm\u00e9 nahr\u00e1v\u00e1n\u00ed (Encoding):<\/b> Unik\u00e1tn\u00ed funkce, kter\u00e1 v\u00e1m umo\u017en\u00ed digitalizovat va\u0161e obl\u00edben\u00e9 desky nebo rozhlasov\u00e9 vys\u00edl\u00e1n\u00ed p\u0159\u00edmo na <b data-path-to-node=\"5,1,0\" data-index-in-node=\"130\">USB disk nebo SD kartu<\/b> bez nutnosti p\u0159ipojovat po\u010d\u00edta\u010d.<\/p>\n<\/li>\n<li>\n<p data-path-to-node=\"5,2,0\"><b data-path-to-node=\"5,2,0\" data-index-in-node=\"0\">Modern\u00ed konektivita:<\/b> D\u00edky technologii <b data-path-to-node=\"5,2,0\" data-index-in-node=\"38\">Bluetooth<\/b> m\u016f\u017eete gramofon vyu\u017e\u00edt jako bezdr\u00e1tov\u00fd reproduktor a streamovat do n\u011bj hudbu p\u0159\u00edmo z va\u0161eho chytr\u00e9ho telefonu nebo tabletu.<\/p>\n<\/li>\n<li>\n<p data-path-to-node=\"5,3,0\"><b data-path-to-node=\"5,3,0\" data-index-in-node=\"0\">Integrovan\u00e9 r\u00e1dio a MP3:<\/b> Vestav\u011bn\u00fd digit\u00e1ln\u00ed <b data-path-to-node=\"5,3,0\" data-index-in-node=\"45\">PLL FM tuner<\/b> s pam\u011bt\u00ed pro 30 stanic a podpora form\u00e1tu MP3 z extern\u00edch m\u00e9di\u00ed d\u011blaj\u00ed z tohoto p\u0159\u00edstroje univerz\u00e1ln\u00ed multimedi\u00e1ln\u00ed p\u0159ehr\u00e1va\u010d.<\/p>\n<\/li>\n<li>\n<p data-path-to-node=\"5,4,0\"><b data-path-to-node=\"5,4,0\" data-index-in-node=\"0\">V\u0161e v jednom:<\/b> Se dv\u011bma vestav\u011bn\u00fdmi reproduktory o v\u00fdkonu <b data-path-to-node=\"5,4,0\" data-index-in-node=\"57\">2\u00d7 5 W (RMS)<\/b> nepot\u0159ebujete \u017e\u00e1dn\u00e9 dal\u0161\u00ed zesilova\u010de ani kabely k tomu, abyste mohli za\u010d\u00edt ihned poslouchat.<\/p>\n<\/li>\n<\/ul>\n<hr data-path-to-node=\"6\" \/>\n<h3 data-path-to-node=\"7\">Technick\u00e9 parametry<\/h3>\n<table data-path-to-node=\"8\">\n<thead>\n<tr>\n<td><strong>Parametr<\/strong><\/td>\n<td><strong>Hodnota<\/strong><\/td>\n<\/tr>\n<\/thead>\n<tbody>\n<tr>\n<td><span data-path-to-node=\"8,1,0,0\"><b data-path-to-node=\"8,1,0,0\" data-index-in-node=\"0\">Rychlosti ot\u00e1\u010den\u00ed<\/b><\/span><\/td>\n<td><span data-path-to-node=\"8,1,1,0\">33 \/ 45 \/ 78 ot.\/min<\/span><\/td>\n<\/tr>\n<tr>\n<td><span data-path-to-node=\"8,2,0,0\"><b data-path-to-node=\"8,2,0,0\" data-index-in-node=\"0\">V\u00fdkon reproduktor\u016f<\/b><\/span><\/td>\n<td><span data-path-to-node=\"8,2,1,0\">2\u00d7 5 W (RMS)<\/span><\/td>\n<\/tr>\n<tr>\n<td><span data-path-to-node=\"8,3,0,0\"><b data-path-to-node=\"8,3,0,0\" data-index-in-node=\"0\">Tuner<\/b><\/span><\/td>\n<td><span data-path-to-node=\"8,3,1,0\">Digit\u00e1ln\u00ed PLL FM (30 p\u0159edvoleb)<\/span><\/td>\n<\/tr>\n<tr>\n<td><span data-path-to-node=\"8,4,0,0\"><b data-path-to-node=\"8,4,0,0\" data-index-in-node=\"0\">Rozhran\u00ed<\/b><\/span><\/td>\n<td><span data-path-to-node=\"8,4,1,0\">USB slot, SD\/MMC slot, Bluetooth (p\u0159ij\u00edma\u010d)<\/span><\/td>\n<\/tr>\n<tr>\n<td><span data-path-to-node=\"8,5,0,0\"><b data-path-to-node=\"8,5,0,0\" data-index-in-node=\"0\">V\u00fdstupy<\/b><\/span><\/td>\n<td><span data-path-to-node=\"8,5,1,0\">Linkov\u00fd v\u00fdstup (L\/R Cinch)<\/span><\/td>\n<\/tr>\n<tr>\n<td><span data-path-to-node=\"8,6,0,0\"><b data-path-to-node=\"8,6,0,0\" data-index-in-node=\"0\">Spot\u0159eba<\/b><\/span><\/td>\n<td><span data-path-to-node=\"8,6,1,0\">8 W (v pohotovostn\u00edm re\u017eimu &lt; 1 W)<\/span><\/td>\n<\/tr>\n<tr>\n<td><span data-path-to-node=\"8,7,0,0\"><b data-path-to-node=\"8,7,0,0\" data-index-in-node=\"0\">Rozm\u011bry (\u0160 \u00d7 H \u00d7 V)<\/b><\/span><\/td>\n<td><span data-path-to-node=\"8,7,1,0\"><span class=\"math-inline\" data-math=\"305 times 288 times 124\" data-index-in-node=\"0\">$305 times 288 times 124$<\/span> mm<\/span><\/td>\n<\/tr>\n<tr>\n<td><span data-path-to-node=\"8,8,0,0\"><b data-path-to-node=\"8,8,0,0\" data-index-in-node=\"0\">Hmotnost<\/b><\/span><\/td>\n<td><span data-path-to-node=\"8,8,1,0\">1,9 kg<\/span><\/td>\n<\/tr>\n<\/tbody>\n<\/table>\n<h3 data-path-to-node=\"9\">Funkce a v\u00fdbava<\/h3>\n<ul data-path-to-node=\"10\">\n<li>\n<p data-path-to-node=\"10,0,0\"><b data-path-to-node=\"10,0,0\" data-index-in-node=\"0\">Automatick\u00e9 vyhled\u00e1v\u00e1n\u00ed<\/b> rozhlasov\u00fdch stanic.<\/p>\n<\/li>\n<li>\n<p data-path-to-node=\"10,1,0\"><b data-path-to-node=\"10,1,0\" data-index-in-node=\"0\">LCD displej<\/b> pro snadnou orientaci v re\u017eimech a skladb\u00e1ch.<\/p>\n<\/li>\n<li>\n<p data-path-to-node=\"10,2,0\"><b data-path-to-node=\"10,2,0\" data-index-in-node=\"0\">Ochrann\u00fd kryt<\/b> proti prachu.<\/p>\n<\/li>\n<li>\n<p data-path-to-node=\"10,3,0\"><b data-path-to-node=\"10,3,0\" data-index-in-node=\"0\">D\u00e1lkov\u00e9 ovl\u00e1d\u00e1n\u00ed<\/b> pro pohodlnou obsluhu z pohovky.<\/p>\n<\/li>\n<\/ul>\n<hr data-path-to-node=\"11\" \/>\n<h3 data-path-to-node=\"12\">Obsah balen\u00ed<\/h3>\n<ul data-path-to-node=\"13\">\n<li>\n<p data-path-to-node=\"13,0,0\">Gramofon Sencor STT 212U<\/p>\n<\/li>\n<li>\n<p data-path-to-node=\"13,1,0\">D\u00e1lkov\u00fd ovlada\u010d<\/p>\n<\/li>\n<li>\n<p data-path-to-node=\"13,2,0\">N\u00e1vod k obsluze<\/p>\n<\/li>\n<\/ul>\n<p data-path-to-node=\"14\"><b data-path-to-node=\"14\" data-index-in-node=\"0\">Praktick\u00fd tip:<\/b> Pokud byste cht\u011bli dos\u00e1hnout je\u0161t\u011b siln\u011bj\u0161\u00edho zvuku pro v\u011bt\u0161\u00ed p\u00e1rty, m\u016f\u017eete gramofon d\u00edky linkov\u00e9mu v\u00fdstupu (Cinch) snadno propojit se svou dom\u00e1c\u00ed Hi-Fi soustavou nebo aktivn\u00edmi reproduktory.<\/p>\n<p data-path-to-node=\"14\">&nbsp;<\/p>\n<p data-path-to-node=\"14\">&nbsp;<\/p>\n<p data-path-to-node=\"14\">Z\u00e1ruka 24 m\u011bs\u00edc\u016f.<\/p>\n","protected":false},"excerpt":{"rendered":"<p>Sencor STT 212U \u2013 Hudebn\u00ed centrum s funkc\u00ed digitalizace vinyl\u016f Gramofon Sencor STT 212U je ide\u00e1ln\u00edm \u0159e\u0161en\u00edm pro ty, kte\u0159\u00ed si cht\u011bj\u00ed vychutnat klasick\u00e9 LP desky, ale z\u00e1rove\u0148 vy\u017eaduj\u00ed modern\u00ed funkce jako Bluetooth, USB p\u0159ehr\u00e1v\u00e1n\u00ed nebo p\u0159\u00edm\u00e9 nahr\u00e1v\u00e1n\u00ed. D\u00edky integrovan\u00fdm reproduktor\u016fm a elegantn\u00edmu designu s pr\u016fhledn\u00fdm krytem se hod\u00ed do ka\u017ed\u00e9ho interi\u00e9ru jako samostatn\u00fd hudebn\u00ed&#8230;<\/p>\n","protected":false},"featured_media":27805,"comment_status":"closed","ping_status":"open","template":"","meta":{"_kadence_starter_templates_imported_post":false,"_kad_post_transparent":"","_kad_post_title":"","_kad_post_layout":"","_kad_post_sidebar_id":"","_kad_post_content_style":"","_kad_post_vertical_padding":"","_kad_post_feature":"","_kad_post_feature_position":"","_kad_post_header":false,"_kad_post_footer":false,"_kad_post_classname":""},"product_brand":[],"product_cat":[64,435,2429,434,362],"product_tag":[],"class_list":{"0":"post-27804","1":"product","2":"type-product","3":"status-publish","4":"has-post-thumbnail","6":"product_cat-elektronika","7":"product_cat-gramofony","8":"product_cat-heureka-cz","9":"product_cat-hi-fi-komponenty","10":"product_cat-tv-audio-video","12":"first","13":"instock","14":"taxable","15":"shipping-taxable","16":"purchasable","17":"product-type-simple","18":"entry","19":"content-bg","20":"loop-entry"},"_links":{"self":[{"href":"http:\/\/www.outlet-electro.cz\/index.php\/wp-json\/wp\/v2\/product\/27804","targetHints":{"allow":["GET"]}}],"collection":[{"href":"http:\/\/www.outlet-electro.cz\/index.php\/wp-json\/wp\/v2\/product"}],"about":[{"href":"http:\/\/www.outlet-electro.cz\/index.php\/wp-json\/wp\/v2\/types\/product"}],"replies":[{"embeddable":true,"href":"http:\/\/www.outlet-electro.cz\/index.php\/wp-json\/wp\/v2\/comments?post=27804"}],"wp:featuredmedia":[{"embeddable":true,"href":"http:\/\/www.outlet-electro.cz\/index.php\/wp-json\/wp\/v2\/media\/27805"}],"wp:attachment":[{"href":"http:\/\/www.outlet-electro.cz\/index.php\/wp-json\/wp\/v2\/media?parent=27804"}],"wp:term":[{"taxonomy":"product_brand","embeddable":true,"href":"http:\/\/www.outlet-electro.cz\/index.php\/wp-json\/wp\/v2\/product_brand?post=27804"},{"taxonomy":"product_cat","embeddable":true,"href":"http:\/\/www.outlet-electro.cz\/index.php\/wp-json\/wp\/v2\/product_cat?post=27804"},{"taxonomy":"product_tag","embeddable":true,"href":"http:\/\/www.outlet-electro.cz\/index.php\/wp-json\/wp\/v2\/product_tag?post=27804"}],"curies":[{"name":"wp","href":"https:\/\/api.w.org\/{rel}","templated":true}]}}