{"id":27784,"date":"2026-01-26T11:25:51","date_gmt":"2026-01-26T10:25:51","guid":{"rendered":"https:\/\/www.outlet-electro.cz\/index.php\/produkt\/sodastream-terra-black-pepsi-mpack\/"},"modified":"2026-01-26T11:25:52","modified_gmt":"2026-01-26T10:25:52","slug":"sodastream-terra-black-pepsi-mpack","status":"publish","type":"product","link":"http:\/\/www.outlet-electro.cz\/index.php\/produkt\/sodastream-terra-black-pepsi-mpack\/","title":{"rendered":"Sodastream TERRA Black Pepsi Mpack"},"content":{"rendered":"<div _ngcontent-ng-c2163119302=\"\" class=\"container\"><message-content _ngcontent-ng-c2163119302=\"\" _nghost-ng-c1463213052=\"\" id=\"message-content-id-r_f3c36f0ff3b83569\" class=\"ng-star-inserted\"><\/p>\n<div _ngcontent-ng-c1463213052=\"\" inline-copy-host=\"\" class=\"markdown markdown-main-panel stronger enable-updated-hr-color\" id=\"model-response-message-contentr_f3c36f0ff3b83569\" aria-live=\"off\" aria-busy=\"false\" dir=\"ltr\">\n<p data-path-to-node=\"1\"><b>Topinkova\u010d Catler TS 4014 \u2013 Extra dlouh\u00fd slot pro dokonal\u00e9 op\u00e9k\u00e1n\u00ed<\/b><\/p>\n<p data-path-to-node=\"2\">Catler TS 4014 je stylov\u00fd topinkova\u010d navr\u017een\u00fd pro modern\u00ed kuchyn\u011b. Vynik\u00e1 p\u0159edev\u0161\u00edm sv\u00fdm <b>extra dlouh\u00fdm op\u00e9kac\u00edm slotem<\/b>, kter\u00fd umo\u017e\u0148uje op\u00e9kat dva klasick\u00e9 toasty vedle sebe, nebo pohodln\u011b pojme cel\u00e9 kraj\u00edce chleba a del\u0161\u00ed pl\u00e1tky baget. I p\u0159es tuto v\u00fdhodu z\u016fst\u00e1v\u00e1 topinkova\u010d kompaktn\u00ed a skladn\u00fd.<\/p>\n<h3 data-path-to-node=\"3\">Hlavn\u00ed p\u0159ednosti<\/h3>\n<ul data-path-to-node=\"4\">\n<li>\n<p data-path-to-node=\"4,0,0\"><b>Extra dlouh\u00fd slot:<\/b> Ide\u00e1ln\u00ed pro op\u00e9k\u00e1n\u00ed dvou toast\u016f najednou nebo pro nestandardn\u00ed tvary pe\u010diva (nap\u0159. bagety, cel\u00e1 kraj\u00edce).<\/p>\n<\/li>\n<li>\n<p data-path-to-node=\"4,1,0\"><b>Elegantn\u00ed design:<\/b> Vyroben z <b>kart\u00e1\u010dovan\u00e9 nerezov\u00e9 oceli<\/b> s povrchovou \u00fapravou, kter\u00e1 je <b>odoln\u00e1 proti otisk\u016fm prst\u016f<\/b>. Design dopl\u0148uj\u00ed mod\u0159e podsv\u00edcen\u00e1 funk\u010dn\u00ed tla\u010d\u00edtka.<\/p>\n<\/li>\n<li>\n<p data-path-to-node=\"4,2,0\"><b>Multifunk\u010dn\u00ed vyu\u017eit\u00ed:<\/b><\/p>\n<ul data-path-to-node=\"4,2,1\">\n<li>\n<p data-path-to-node=\"4,2,1,0,0\"><b>3 z\u00e1kladn\u00ed funkce:<\/b> Rozmrazov\u00e1n\u00ed, oh\u0159ev a okam\u017eit\u00e9 zastaven\u00ed (Stop).<\/p>\n<\/li>\n<li>\n<p data-path-to-node=\"4,2,1,1,0\"><b>Poloha Bagel\/Bageta:<\/b> Speci\u00e1ln\u00ed nastaven\u00ed pro op\u00e9k\u00e1n\u00ed pe\u010diva z jedn\u00e9 strany (ide\u00e1ln\u00ed pro bagely a bagety).<\/p>\n<\/li>\n<\/ul>\n<\/li>\n<li>\n<p data-path-to-node=\"4,3,0\"><b>Praktick\u00e9 p\u0159\u00edslu\u0161enstv\u00ed:<\/b> Sou\u010d\u00e1st\u00ed balen\u00ed je <b>ro\u0161t na grilov\u00e1n\u00ed<\/b>, kter\u00fd slou\u017e\u00ed k oh\u0159evu pe\u010diva, sendvi\u010d\u016f nebo croissant\u016f mimo op\u00e9kac\u00ed slot.<\/p>\n<\/li>\n<li>\n<p data-path-to-node=\"4,4,0\"><b>Inteligentn\u00ed op\u00e9k\u00e1n\u00ed:<\/b> <b>Automatick\u00e9 vyst\u0159e\u010fov\u00e1n\u00ed<\/b> zaji\u0161\u0165uje rovnom\u011brn\u00e9 op\u00e9k\u00e1n\u00ed toast\u016f po cel\u00e9 jejich plo\u0161e. <b>Variabiln\u00ed elektronick\u00e9 \u010dasov\u00e1n\u00ed<\/b> umo\u017e\u0148uje p\u0159esn\u011b nastavit po\u017eadovan\u00fd stupe\u0148 prope\u010den\u00ed.<\/p>\n<\/li>\n<\/ul>\n<hr data-path-to-node=\"5\" \/>\n<h3 data-path-to-node=\"6\">Technick\u00e9 parametry<\/h3>\n<div class=\"horizontal-scroll-wrapper\">\n<div class=\"table-block-component\"><response-element class=\"\" ng-version=\"0.0.0-PLACEHOLDER\"><table-block _nghost-ng-c280977563=\"\" class=\"ng-star-inserted\">\n<div _ngcontent-ng-c280977563=\"\" class=\"table-block has-export-button\">\n<div _ngcontent-ng-c280977563=\"\" not-end-of-paragraph=\"\" class=\"table-content not-end-of-paragraph\" jslog=\"275421;track:impression,attention\" data-hveid=\"0\" decode-data-ved=\"1\" data-ved=\"0CAAQ3ecQahgKEwjwh5nDzbiRAxUAAAAAHQAAAAAQyQE\">\n<table data-path-to-node=\"7\" width=\"431\" height=\"187\">\n<thead>\n<tr>\n<td style=\"width: 132.594px;\"><span data-path-to-node=\"7,0,0,0\">Parametr<\/span><\/td>\n<td style=\"width: 297.74px;\"><span data-path-to-node=\"7,0,1,0\">Hodnota<\/span><\/td>\n<\/tr>\n<\/thead>\n<tbody>\n<tr>\n<td style=\"width: 132.594px;\"><span data-path-to-node=\"7,1,0,0\"><b>P\u0159\u00edkon<\/b><\/span><\/td>\n<td style=\"width: 297.74px;\"><span data-path-to-node=\"7,1,1,0\">920 W \u2013 1 100 W<\/span><\/td>\n<\/tr>\n<tr>\n<td style=\"width: 132.594px;\"><span data-path-to-node=\"7,2,0,0\"><b>Po\u010det toast\u016f<\/b><\/span><\/td>\n<td style=\"width: 297.74px;\"><span data-path-to-node=\"7,2,1,0\">2 (vedle sebe)<\/span><\/td>\n<\/tr>\n<tr>\n<td style=\"width: 132.594px;\"><span data-path-to-node=\"7,3,0,0\"><b>Funkce<\/b><\/span><\/td>\n<td style=\"width: 297.74px;\"><span data-path-to-node=\"7,3,1,0\">Rozmrazov\u00e1n\u00ed, Oh\u0159ev, Stop, Bagel\/Bageta<\/span><\/td>\n<\/tr>\n<tr>\n<td style=\"width: 132.594px;\"><span data-path-to-node=\"7,4,0,0\"><b>Materi\u00e1l<\/b><\/span><\/td>\n<td style=\"width: 297.74px;\"><span data-path-to-node=\"7,4,1,0\">Kart\u00e1\u010dovan\u00e1 nerezov\u00e1 ocel<\/span><\/td>\n<\/tr>\n<tr>\n<td style=\"width: 132.594px;\"><span data-path-to-node=\"7,5,0,0\"><b>Rozm\u011bry (\u0160\u00d7H\u00d7V)<\/b><\/span><\/td>\n<td style=\"width: 297.74px;\"><span data-path-to-node=\"7,5,1,0\"><span class=\"math-inline\" data-math=\"39 times 12 times 19\"><span class=\"katex\"><span class=\"katex-html\" aria-hidden=\"true\"><span class=\"base\"><span class=\"strut\"><\/span><span class=\"mord\">39<\/span><span class=\"mspace\"><\/span><span class=\"mbin\">\u00d7<\/span><span class=\"mspace\"><\/span><\/span><span class=\"base\"><span class=\"strut\"><\/span><span class=\"mord\">12<\/span><span class=\"mspace\"><\/span><span class=\"mbin\">\u00d7<\/span><span class=\"mspace\"><\/span><\/span><span class=\"base\"><span class=\"strut\"><\/span><span class=\"mord\">19<\/span><\/span><\/span><\/span><\/span> cm<\/span><\/td>\n<\/tr>\n<tr>\n<td style=\"width: 132.594px;\"><span data-path-to-node=\"7,6,0,0\"><b>Hmotnost<\/b><\/span><\/td>\n<td style=\"width: 297.74px;\"><span data-path-to-node=\"7,6,1,0\">2,114 kg<\/span><\/td>\n<\/tr>\n<\/tbody>\n<\/table>\n<\/div>\n<div _ngcontent-ng-c280977563=\"\" hide-from-message-actions=\"\" class=\"table-footer hide-from-message-actions ng-star-inserted\"><button _ngcontent-ng-c280977563=\"\" mat-button=\"\" class=\"mdc-button mat-mdc-button-base export-sheets-button-container mat-mdc-button mat-unthemed ng-star-inserted\" mat-ripple-loader-uninitialized=\"\" mat-ripple-loader-class-name=\"mat-mdc-button-ripple\" jslog=\"184701;track:generic_click,impression;BardVeMetadataKey:[[&quot;r_f3c36f0ff3b83569&quot;,&quot;c_b367c1fd71dd4367&quot;,null,null,null,null,null,null,1,null,null,null,0]]\"><span class=\"mat-mdc-button-persistent-ripple mdc-button__ripple\"><\/span><span class=\"mdc-button__label\"><span _ngcontent-ng-c280977563=\"\" class=\"export-sheets-button\"><span _ngcontent-ng-c280977563=\"\" class=\"export-sheets-icon\"><mat-icon _ngcontent-ng-c280977563=\"\" role=\"img\" fonticon=\"drive_spreadsheet\" class=\"mat-icon notranslate google-symbols mat-ligature-font mat-icon-no-color\" aria-hidden=\"true\" data-mat-icon-type=\"font\" data-mat-icon-name=\"drive_spreadsheet\"><\/mat-icon><\/span><span _ngcontent-ng-c280977563=\"\">Exportovat do Tabulek<\/span><\/span><\/span><span class=\"mat-focus-indicator\"><\/span><span class=\"mat-mdc-button-touch-target\"><\/span><\/button><button _ngcontent-ng-c280977563=\"\" mat-icon-button=\"\" mattooltip=\"Zkop\u00edrovat tabulku\" aria-label=\"Zkop\u00edrovat tabulku\" data-test-id=\"copy-table-button\" class=\"mdc-icon-button mat-mdc-icon-button mat-mdc-button-base mat-mdc-tooltip-trigger copy-button mat-unthemed ng-star-inserted\" mat-ripple-loader-uninitialized=\"\" mat-ripple-loader-class-name=\"mat-mdc-button-ripple\" mat-ripple-loader-centered=\"\" jslog=\"276666;track:generic_click,impression;BardVeMetadataKey:[[&quot;r_f3c36f0ff3b83569&quot;,&quot;c_b367c1fd71dd4367&quot;,null,null,null,null,null,null,1,null,null,null,0]]\"><span class=\"mat-mdc-button-persistent-ripple mdc-icon-button__ripple\"><\/span><mat-icon _ngcontent-ng-c280977563=\"\" role=\"img\" fonticon=\"content_copy\" class=\"mat-icon notranslate gds-icon-l google-symbols mat-ligature-font mat-icon-no-color\" aria-hidden=\"true\" data-mat-icon-type=\"font\" data-mat-icon-name=\"content_copy\"><\/mat-icon><span class=\"mat-focus-indicator\"><\/span><span class=\"mat-mdc-button-touch-target\"><\/span><\/button><\/div>\n<\/div>\n<\/table-block><\/response-element><\/div>\n<\/div>\n<h3 data-path-to-node=\"8\">Bezpe\u010dnost a \u00fadr\u017eba<\/h3>\n<ul data-path-to-node=\"9\">\n<li>\n<p data-path-to-node=\"9,0,0\"><b>Odn\u00edmateln\u00fd podnos na drobky:<\/b> Pro snadn\u00e9 \u010di\u0161t\u011bn\u00ed a udr\u017eov\u00e1n\u00ed \u010distoty linky.<\/p>\n<\/li>\n<li>\n<p data-path-to-node=\"9,1,0\"><b>Funkce proti zaseknut\u00ed:<\/b> Zaji\u0161\u0165uje bezpe\u010dn\u00e9 a spolehliv\u00e9 vysunut\u00ed topinek po ukon\u010den\u00ed op\u00e9k\u00e1n\u00ed.<\/p>\n<\/li>\n<\/ul>\n<p data-path-to-node=\"10\">&nbsp;<\/p>\n<p data-path-to-node=\"10\">Z\u00e1ruka 24 m\u011bs\u00edc\u016f<\/p>\n<\/div>\n<p><\/message-content><\/div>\n","protected":false},"excerpt":{"rendered":"<p>Topinkova\u010d Catler TS 4014 \u2013 Extra dlouh\u00fd slot pro dokonal\u00e9 op\u00e9k\u00e1n\u00ed Catler TS 4014 je stylov\u00fd topinkova\u010d navr\u017een\u00fd pro modern\u00ed kuchyn\u011b. Vynik\u00e1 p\u0159edev\u0161\u00edm sv\u00fdm extra dlouh\u00fdm op\u00e9kac\u00edm slotem, kter\u00fd umo\u017e\u0148uje op\u00e9kat dva klasick\u00e9 toasty vedle sebe, nebo pohodln\u011b pojme cel\u00e9 kraj\u00edce chleba a del\u0161\u00ed pl\u00e1tky baget. I p\u0159es tuto v\u00fdhodu z\u016fst\u00e1v\u00e1 topinkova\u010d kompaktn\u00ed a skladn\u00fd&#8230;.<\/p>\n","protected":false},"featured_media":27785,"comment_status":"closed","ping_status":"open","template":"","meta":{"_kadence_starter_templates_imported_post":false,"_kad_post_transparent":"","_kad_post_title":"","_kad_post_layout":"","_kad_post_sidebar_id":"","_kad_post_content_style":"","_kad_post_vertical_padding":"","_kad_post_feature":"","_kad_post_feature_position":"","_kad_post_header":false,"_kad_post_footer":false,"_kad_post_classname":""},"product_brand":[],"product_cat":[333,2429,334,335,522],"product_tag":[],"class_list":{"0":"post-27784","1":"product","2":"type-product","3":"status-publish","4":"has-post-thumbnail","6":"product_cat-domaci-a-osobni-spotrebice","7":"product_cat-heureka-cz","8":"product_cat-kuchynske-spotrebice","9":"product_cat-priprava-napoju","10":"product_cat-sodobary","12":"first","13":"instock","14":"taxable","15":"shipping-taxable","16":"purchasable","17":"product-type-simple","18":"entry","19":"content-bg","20":"loop-entry"},"_links":{"self":[{"href":"http:\/\/www.outlet-electro.cz\/index.php\/wp-json\/wp\/v2\/product\/27784","targetHints":{"allow":["GET"]}}],"collection":[{"href":"http:\/\/www.outlet-electro.cz\/index.php\/wp-json\/wp\/v2\/product"}],"about":[{"href":"http:\/\/www.outlet-electro.cz\/index.php\/wp-json\/wp\/v2\/types\/product"}],"replies":[{"embeddable":true,"href":"http:\/\/www.outlet-electro.cz\/index.php\/wp-json\/wp\/v2\/comments?post=27784"}],"wp:featuredmedia":[{"embeddable":true,"href":"http:\/\/www.outlet-electro.cz\/index.php\/wp-json\/wp\/v2\/media\/27785"}],"wp:attachment":[{"href":"http:\/\/www.outlet-electro.cz\/index.php\/wp-json\/wp\/v2\/media?parent=27784"}],"wp:term":[{"taxonomy":"product_brand","embeddable":true,"href":"http:\/\/www.outlet-electro.cz\/index.php\/wp-json\/wp\/v2\/product_brand?post=27784"},{"taxonomy":"product_cat","embeddable":true,"href":"http:\/\/www.outlet-electro.cz\/index.php\/wp-json\/wp\/v2\/product_cat?post=27784"},{"taxonomy":"product_tag","embeddable":true,"href":"http:\/\/www.outlet-electro.cz\/index.php\/wp-json\/wp\/v2\/product_tag?post=27784"}],"curies":[{"name":"wp","href":"https:\/\/api.w.org\/{rel}","templated":true}]}}