{"id":27782,"date":"2026-01-26T11:25:51","date_gmt":"2026-01-26T10:25:51","guid":{"rendered":"https:\/\/www.outlet-electro.cz\/index.php\/produkt\/kolobezka-sencor-scooter-x20\/"},"modified":"2026-01-26T11:25:52","modified_gmt":"2026-01-26T10:25:52","slug":"kolobezka-sencor-scooter-x20","status":"publish","type":"product","link":"http:\/\/www.outlet-electro.cz\/index.php\/produkt\/kolobezka-sencor-scooter-x20\/","title":{"rendered":"Kolob\u011b\u017eka Sencor Scooter X20"},"content":{"rendered":"<p data-path-to-node=\"1\"><b>Elektrick\u00e1 kolob\u011b\u017eka Sencor Scooter X20 \u2013 V\u00fdkon, komfort a bezpe\u010dnost pro m\u011bsto i lehk\u00fd ter\u00e9n<\/b><\/p>\n<p data-path-to-node=\"2\">Sencor Scooter X20 je modern\u00ed elektrick\u00e1 kolob\u011b\u017eka, kter\u00e1 p\u0159in\u00e1\u0161\u00ed z\u00e1sadn\u00ed vylep\u0161en\u00ed v oblasti j\u00edzdy a ovl\u00e1d\u00e1n\u00ed. D\u00edky <b>v\u00fdkonu 400 W<\/b> a propracovan\u00e9mu du\u00e1ln\u00edmu odpru\u017een\u00ed si u\u017eijete plynulou a komfortn\u00ed j\u00edzdu na r\u016fzn\u00fdch povr\u0161\u00edch. Je ide\u00e1ln\u00ed volbou pro ka\u017edodenn\u00ed doj\u00ed\u017ed\u011bn\u00ed i del\u0161\u00ed v\u00fdlety.<\/p>\n<h3 data-path-to-node=\"3\">Kl\u00ed\u010dov\u00e9 vlastnosti<\/h3>\n<ul data-path-to-node=\"4\">\n<li>\n<p data-path-to-node=\"4,0,0\"><b>V\u00fdkon a dojezd:<\/b> Motor s v\u00fdkonem <b>400 W<\/b> zajist\u00ed maxim\u00e1ln\u00ed rychlost <b>a\u017e 25 km\/h<\/b> (s mo\u017enost\u00ed odemknut\u00ed a\u017e na 30 km\/h*). Baterie Li-ion o kapacit\u011b <b>360 Wh<\/b> poskytuje <b>dojezd a\u017e 30 km<\/b> na jedno nabit\u00ed.<\/p>\n<\/li>\n<li>\n<p data-path-to-node=\"4,1,0\"><b>Komfortn\u00ed j\u00edzda:<\/b> Unik\u00e1tn\u00ed <b>odpru\u017een\u00ed p\u0159edn\u00edho i zadn\u00edho kola<\/b> spolu s <b>10palcov\u00fdmi du\u0161ov\u00fdmi pneumatikami<\/b> zaru\u010duje pohodlnou a stabiln\u00ed j\u00edzdu i na nerovn\u00fdch cest\u00e1ch a lehk\u00e9m ter\u00e9nu.<\/p>\n<\/li>\n<li>\n<p data-path-to-node=\"4,2,0\"><b>Bezpe\u010dnost na prvn\u00edm m\u00edst\u011b:<\/b> Kolob\u011b\u017eka je vybavena <b>sm\u011brov\u00fdmi ukazateli (blinkry)<\/b> pro bezpe\u010dnou j\u00edzdu v m\u011bstsk\u00e9m provozu. Efektivn\u00ed zastaven\u00ed zaji\u0161\u0165uje spolehliv\u00fd du\u00e1ln\u00ed syst\u00e9m brzd\u011bn\u00ed (<b>elektrick\u00e1 a kotou\u010dov\u00e1 brzda<\/b>).<\/p>\n<\/li>\n<li>\n<p data-path-to-node=\"4,3,0\"><b>Inteligentn\u00ed ovl\u00e1d\u00e1n\u00ed:<\/b> Propojen\u00ed s aplikac\u00ed <b>SENCOR HOME<\/b> (pro iOS a Android) p\u0159es Bluetooth 5.0 v\u00e1m umo\u017en\u00ed sledovat v\u00fdkon, rychlost, stav baterie a dokonce i kolob\u011b\u017eku na d\u00e1lku uzamknout.<\/p>\n<\/li>\n<\/ul>\n<hr data-path-to-node=\"5\" \/>\n<h3 data-path-to-node=\"6\">Re\u017eimy j\u00edzdy a v\u00fdkon<\/h3>\n<p data-path-to-node=\"7\">Kolob\u011b\u017eka nab\u00edz\u00ed \u010dty\u0159i rychlostn\u00ed re\u017eimy pro optim\u00e1ln\u00ed p\u0159izp\u016fsoben\u00ed j\u00edzdy:<\/p>\n<ul data-path-to-node=\"8\">\n<li>\n<p data-path-to-node=\"8,0,0\"><b>SPORT:<\/b> a\u017e 25 km\/h<\/p>\n<\/li>\n<li>\n<p data-path-to-node=\"8,1,0\"><b>DRIVE:<\/b> a\u017e 20 km\/h<\/p>\n<\/li>\n<li>\n<p data-path-to-node=\"8,2,0\"><b>ECO:<\/b> a\u017e 10 km\/h<\/p>\n<\/li>\n<li>\n<p data-path-to-node=\"8,3,0\"><b>WALK:<\/b> a\u017e 6 km\/h<\/p>\n<\/li>\n<\/ul>\n<p data-path-to-node=\"9\">D\u00edky tempomatu a schopnosti zvl\u00e1dnout stoup\u00e1n\u00ed a\u017e <b>15\u00b0<\/b> je j\u00edzda plynul\u00e1 a bez n\u00e1mahy.<\/p>\n<h3 data-path-to-node=\"10\">Technick\u00e9 specifikace<\/h3>\n<table data-path-to-node=\"11\">\n<thead>\n<tr>\n<td><strong>Parametr<\/strong><\/td>\n<td><strong>Hodnota<\/strong><\/td>\n<\/tr>\n<\/thead>\n<tbody>\n<tr>\n<td><span data-path-to-node=\"11,1,0,0\"><b>V\u00fdkon motoru<\/b><\/span><\/td>\n<td><span data-path-to-node=\"11,1,1,0\">400 W<\/span><\/td>\n<\/tr>\n<tr>\n<td><span data-path-to-node=\"11,2,0,0\"><b>Kapacita baterie<\/b><\/span><\/td>\n<td><span data-path-to-node=\"11,2,1,0\">360 Wh \/ 10 Ah<\/span><\/td>\n<\/tr>\n<tr>\n<td><span data-path-to-node=\"11,3,0,0\"><b>Max. dojezd<\/b><\/span><\/td>\n<td><span data-path-to-node=\"11,3,1,0\">A\u017e 30 km<\/span><\/td>\n<\/tr>\n<tr>\n<td><span data-path-to-node=\"11,4,0,0\"><b>Max. rychlost<\/b><\/span><\/td>\n<td><span data-path-to-node=\"11,4,1,0\">25 km\/h (lze odemknout a\u017e 30 km\/h)<\/span><\/td>\n<\/tr>\n<tr>\n<td><span data-path-to-node=\"11,5,0,0\"><b>Max. zat\u00ed\u017een\u00ed<\/b><\/span><\/td>\n<td><span data-path-to-node=\"11,5,1,0\">120 kg<\/span><\/td>\n<\/tr>\n<tr>\n<td><span data-path-to-node=\"11,6,0,0\"><b>Hmotnost<\/b><\/span><\/td>\n<td><span data-path-to-node=\"11,6,1,0\">17 kg<\/span><\/td>\n<\/tr>\n<tr>\n<td><span data-path-to-node=\"11,7,0,0\"><b>Rozm\u011bry (rozlo\u017een\u00e1)<\/b><\/span><\/td>\n<td><span data-path-to-node=\"11,7,1,0\"><span class=\"math-inline\" data-math=\"114 times 49 times 125\">114  49  125<\/span>&nbsp;cm<\/span><\/td>\n<\/tr>\n<tr>\n<td><span data-path-to-node=\"11,8,0,0\"><b>Doba nab\u00edjen\u00ed<\/b><\/span><\/td>\n<td><span data-path-to-node=\"11,8,1,0\">Max. 5,5 hodiny<\/span><\/td>\n<\/tr>\n<\/tbody>\n<\/table>\n<h3 data-path-to-node=\"12\">Displej a zabezpe\u010den\u00ed<\/h3>\n<p data-path-to-node=\"13\">P\u0159ehledn\u00fd <b>LED displej<\/b> zobrazuje aktu\u00e1ln\u00ed m\u00f3d, rychlost, stav baterie a Bluetooth p\u0159ipojen\u00ed. Baterie je chr\u00e1n\u011bna proti zkratu, p\u0159ep\u011bt\u00ed, p\u0159ebit\u00ed a p\u0159eh\u0159\u00e1t\u00ed.<\/p>\n<p data-path-to-node=\"14\"><i>Upozorn\u011bn\u00ed: Provozn\u00ed rychlost nad 25 km\/h se m\u016f\u017ee li\u0161it dle m\u00edstn\u00edch p\u0159edpis\u016f a legislativy.<\/i><\/p>\n<p data-path-to-node=\"14\">&nbsp;<\/p>\n<p data-path-to-node=\"14\">Z\u00e1ruka 24 m\u011bs\u00edc\u016f.<\/p>\n","protected":false},"excerpt":{"rendered":"<p>Elektrick\u00e1 kolob\u011b\u017eka Sencor Scooter X20 \u2013 V\u00fdkon, komfort a bezpe\u010dnost pro m\u011bsto i lehk\u00fd ter\u00e9n Sencor Scooter X20 je modern\u00ed elektrick\u00e1 kolob\u011b\u017eka, kter\u00e1 p\u0159in\u00e1\u0161\u00ed z\u00e1sadn\u00ed vylep\u0161en\u00ed v oblasti j\u00edzdy a ovl\u00e1d\u00e1n\u00ed. D\u00edky v\u00fdkonu 400 W a propracovan\u00e9mu du\u00e1ln\u00edmu odpru\u017een\u00ed si u\u017eijete plynulou a komfortn\u00ed j\u00edzdu na r\u016fzn\u00fdch povr\u0161\u00edch. Je ide\u00e1ln\u00ed volbou pro ka\u017edodenn\u00ed doj\u00ed\u017ed\u011bn\u00ed i&#8230;<\/p>\n","protected":false},"featured_media":27783,"comment_status":"closed","ping_status":"open","template":"","meta":{"_kadence_starter_templates_imported_post":false,"_kad_post_transparent":"","_kad_post_title":"","_kad_post_layout":"","_kad_post_sidebar_id":"","_kad_post_content_style":"","_kad_post_vertical_padding":"","_kad_post_feature":"","_kad_post_feature_position":"","_kad_post_header":false,"_kad_post_footer":false,"_kad_post_classname":""},"product_brand":[],"product_cat":[561,562,2429,535,560],"product_tag":[],"class_list":{"0":"post-27782","1":"product","2":"type-product","3":"status-publish","4":"has-post-thumbnail","6":"product_cat-cyklistika","7":"product_cat-elektrokolobezky","8":"product_cat-heureka-cz","9":"product_cat-sport-a-outdoor","10":"product_cat-sporty","12":"first","13":"instock","14":"taxable","15":"shipping-taxable","16":"purchasable","17":"product-type-simple","18":"entry","19":"content-bg","20":"loop-entry"},"_links":{"self":[{"href":"http:\/\/www.outlet-electro.cz\/index.php\/wp-json\/wp\/v2\/product\/27782","targetHints":{"allow":["GET"]}}],"collection":[{"href":"http:\/\/www.outlet-electro.cz\/index.php\/wp-json\/wp\/v2\/product"}],"about":[{"href":"http:\/\/www.outlet-electro.cz\/index.php\/wp-json\/wp\/v2\/types\/product"}],"replies":[{"embeddable":true,"href":"http:\/\/www.outlet-electro.cz\/index.php\/wp-json\/wp\/v2\/comments?post=27782"}],"wp:featuredmedia":[{"embeddable":true,"href":"http:\/\/www.outlet-electro.cz\/index.php\/wp-json\/wp\/v2\/media\/27783"}],"wp:attachment":[{"href":"http:\/\/www.outlet-electro.cz\/index.php\/wp-json\/wp\/v2\/media?parent=27782"}],"wp:term":[{"taxonomy":"product_brand","embeddable":true,"href":"http:\/\/www.outlet-electro.cz\/index.php\/wp-json\/wp\/v2\/product_brand?post=27782"},{"taxonomy":"product_cat","embeddable":true,"href":"http:\/\/www.outlet-electro.cz\/index.php\/wp-json\/wp\/v2\/product_cat?post=27782"},{"taxonomy":"product_tag","embeddable":true,"href":"http:\/\/www.outlet-electro.cz\/index.php\/wp-json\/wp\/v2\/product_tag?post=27782"}],"curies":[{"name":"wp","href":"https:\/\/api.w.org\/{rel}","templated":true}]}}