{"id":27780,"date":"2026-01-26T11:25:51","date_gmt":"2026-01-26T10:25:51","guid":{"rendered":"https:\/\/www.outlet-electro.cz\/index.php\/produkt\/elektricky-olejovy-radiator-sencor-soh-3507bk\/"},"modified":"2026-01-26T11:25:52","modified_gmt":"2026-01-26T10:25:52","slug":"elektricky-olejovy-radiator-sencor-soh-3507bk","status":"publish","type":"product","link":"http:\/\/www.outlet-electro.cz\/index.php\/produkt\/elektricky-olejovy-radiator-sencor-soh-3507bk\/","title":{"rendered":"Elektrick\u00fd olejov\u00fd radi\u00e1tor Sencor SOH 3507BK"},"content":{"rendered":"<p data-path-to-node=\"1\"><b>Elektrick\u00fd olejov\u00fd radi\u00e1tor Sencor SOH 3507BK \u2013 Efektivn\u00ed vyt\u00e1p\u011bn\u00ed v kompaktn\u00edm designu<\/b><\/p>\n<p data-path-to-node=\"2\">Olejov\u00fd radi\u00e1tor Sencor SOH 3507BK je spolehliv\u00fd zdroj tepla, ide\u00e1ln\u00ed pro byty, kancel\u00e1\u0159e nebo chaty. S v\u00fdkonem a\u017e <b>1 500 W<\/b> a pouh\u00fdmi <b>7 topn\u00fdmi \u010dl\u00e1nky<\/b> je navr\u017een pro rychl\u00e9 a efektivn\u00ed vyh\u0159\u00edv\u00e1n\u00ed men\u0161\u00edch a st\u0159edn\u011b velk\u00fdch m\u00edstnost\u00ed o rozloze <b>6\u201312 m\u00b2<\/b>.<\/p>\n<h3 data-path-to-node=\"3\">Inovativn\u00ed technologie FLAT SHAPE<\/h3>\n<p data-path-to-node=\"4\">Tento model vynik\u00e1 speci\u00e1ln\u00edmi topn\u00fdmi \u010dl\u00e1nky s designem <b>FLAT SHAPE<\/b>. Jejich vylep\u0161en\u00e1 konstrukce p\u0159in\u00e1\u0161\u00ed:<\/p>\n<ul data-path-to-node=\"5\">\n<li>\n<p data-path-to-node=\"5,0,0\"><b>Rychlej\u0161\u00ed nah\u0159\u00e1t\u00ed:<\/b> Pocit tepla poc\u00edt\u00edte d\u0159\u00edve.<\/p>\n<\/li>\n<li>\n<p data-path-to-node=\"5,1,0\"><b>Lep\u0161\u00ed p\u0159ed\u00e1n\u00ed energie:<\/b> Zaji\u0161\u0165uje efektivn\u011bj\u0161\u00ed vyt\u00e1p\u011bn\u00ed prostoru.<\/p>\n<\/li>\n<li>\n<p data-path-to-node=\"5,2,0\"><b>Bezpe\u010dn\u011bj\u0161\u00ed design:<\/b> Ni\u017e\u0161\u00ed maxim\u00e1ln\u00ed povrchov\u00e1 teplota pro bezpe\u010dn\u011bj\u0161\u00ed provoz.<\/p>\n<\/li>\n<\/ul>\n<h3 data-path-to-node=\"6\">Kl\u00ed\u010dov\u00e9 vlastnosti<\/h3>\n<ul data-path-to-node=\"7\">\n<li>\n<p data-path-to-node=\"7,0,0\"><b>Nastaviteln\u00fd v\u00fdkon:<\/b> Pomoc\u00ed dvou oto\u010dn\u00fdch ovlada\u010d\u016f snadno nastav\u00edte jeden ze t\u0159\u00ed stup\u0148\u016f v\u00fdkonu: <b>600 W, 900 W nebo maxim\u00e1ln\u011b 1 500 W<\/b>.<\/p>\n<\/li>\n<li>\n<p data-path-to-node=\"7,1,0\"><b>Termostat:<\/b> Nastaviteln\u00fd termostat umo\u017e\u0148uje udr\u017eovat po\u017eadovanou teplotu v m\u00edstnosti.<\/p>\n<\/li>\n<li>\n<p data-path-to-node=\"7,2,0\"><b>Komplexn\u00ed bezpe\u010dnostn\u00ed prvky:<\/b><\/p>\n<ul data-path-to-node=\"7,2,1\">\n<li>\n<p data-path-to-node=\"7,2,1,0,0\"><b>Dvojit\u00e1 pojistka proti p\u0159eh\u0159\u00e1t\u00ed.<\/b><\/p>\n<\/li>\n<li>\n<p data-path-to-node=\"7,2,1,1,0\"><b>Pojistka proti p\u0159evrhnut\u00ed:<\/b> Okam\u017eit\u00e9 vypnut\u00ed p\u0159\u00edstroje p\u0159i p\u00e1du.<\/p>\n<\/li>\n<li>\n<p data-path-to-node=\"7,2,1,2,0\"><b>Pojistka proti zamrznut\u00ed:<\/b> Zaji\u0161\u0165uje ochranu v temperovan\u00fdch prostorech (nap\u0159. na chalup\u011b).<\/p>\n<\/li>\n<\/ul>\n<\/li>\n<li>\n<p data-path-to-node=\"7,3,0\"><b>Snadn\u00e1 manipulace:<\/b> Radi\u00e1tor je vybaven <b>2 no\u017ekami s kole\u010dky<\/b> a praktickou rukojet\u00ed, co\u017e usnad\u0148uje p\u0159emis\u0165ov\u00e1n\u00ed.<\/p>\n<\/li>\n<\/ul>\n<hr data-path-to-node=\"8\" \/>\n<h3 data-path-to-node=\"9\">Technick\u00e9 parametry<\/h3>\n<table data-path-to-node=\"10\" width=\"421\" height=\"271\">\n<thead>\n<tr>\n<td style=\"width: 198.51px;\"><strong>Parametr<\/strong><\/td>\n<td style=\"width: 221.823px;\"><strong>Hodnota<\/strong><\/td>\n<\/tr>\n<\/thead>\n<tbody>\n<tr>\n<td style=\"width: 198.51px;\"><span data-path-to-node=\"10,1,0,0\"><b>Maxim\u00e1ln\u00ed p\u0159\u00edkon<\/b><\/span><\/td>\n<td style=\"width: 221.823px;\"><span data-path-to-node=\"10,1,1,0\">1 500 W<\/span><\/td>\n<\/tr>\n<tr>\n<td style=\"width: 198.51px;\"><span data-path-to-node=\"10,2,0,0\"><b>Po\u010det topn\u00fdch \u010dl\u00e1nk\u016f<\/b><\/span><\/td>\n<td style=\"width: 221.823px;\"><span data-path-to-node=\"10,2,1,0\">7<\/span><\/td>\n<\/tr>\n<tr>\n<td style=\"width: 198.51px;\"><span data-path-to-node=\"10,3,0,0\"><b>Nastaven\u00ed v\u00fdkonu<\/b><\/span><\/td>\n<td style=\"width: 221.823px;\"><span data-path-to-node=\"10,3,1,0\">3 stupn\u011b (600 \/ 900 \/ 1 500 W)<\/span><\/td>\n<\/tr>\n<tr>\n<td style=\"width: 198.51px;\"><span data-path-to-node=\"10,4,0,0\"><b>Doporu\u010den\u00e1 plocha<\/b><\/span><\/td>\n<td style=\"width: 221.823px;\"><span data-path-to-node=\"10,4,1,0\">6\u201312 m\u00b2<\/span><\/td>\n<\/tr>\n<tr>\n<td style=\"width: 198.51px;\"><span data-path-to-node=\"10,5,0,0\"><b>D\u00e9lka nap\u00e1jec\u00edho kabelu<\/b><\/span><\/td>\n<td style=\"width: 221.823px;\"><span data-path-to-node=\"10,5,1,0\">1,5 m<\/span><\/td>\n<\/tr>\n<tr>\n<td style=\"width: 198.51px;\"><span data-path-to-node=\"10,6,0,0\"><b>Ovl\u00e1d\u00e1n\u00ed<\/b><\/span><\/td>\n<td style=\"width: 221.823px;\"><span data-path-to-node=\"10,6,1,0\">2 oto\u010dn\u00e9 ovlada\u010de<\/span><\/td>\n<\/tr>\n<tr>\n<td style=\"width: 198.51px;\"><span data-path-to-node=\"10,7,0,0\"><b>Barva<\/b><\/span><\/td>\n<td style=\"width: 221.823px;\"><span data-path-to-node=\"10,7,1,0\">\u010cern\u00e1 (BK)<\/span><\/td>\n<\/tr>\n<\/tbody>\n<\/table>\n<p data-path-to-node=\"11\">&nbsp;<\/p>\n<p data-path-to-node=\"11\"><b>Obsah balen\u00ed:<\/b> Elektrick\u00fd olejov\u00fd radi\u00e1tor, 2 no\u017eky s kole\u010dky a instala\u010dn\u00edm p\u0159\u00edslu\u0161enstv\u00edm, dokumentace.<\/p>\n<p data-path-to-node=\"11\">&nbsp;<\/p>\n<p data-path-to-node=\"11\">&nbsp;<\/p>\n<p data-path-to-node=\"11\">Z\u00e1ruka 24 m\u011bs\u00edc\u016f.<\/p>\n","protected":false},"excerpt":{"rendered":"<p>Elektrick\u00fd olejov\u00fd radi\u00e1tor Sencor SOH 3507BK \u2013 Efektivn\u00ed vyt\u00e1p\u011bn\u00ed v kompaktn\u00edm designu Olejov\u00fd radi\u00e1tor Sencor SOH 3507BK je spolehliv\u00fd zdroj tepla, ide\u00e1ln\u00ed pro byty, kancel\u00e1\u0159e nebo chaty. S v\u00fdkonem a\u017e 1 500 W a pouh\u00fdmi 7 topn\u00fdmi \u010dl\u00e1nky je navr\u017een pro rychl\u00e9 a efektivn\u00ed vyh\u0159\u00edv\u00e1n\u00ed men\u0161\u00edch a st\u0159edn\u011b velk\u00fdch m\u00edstnost\u00ed o rozloze 6\u201312 m\u00b2. Inovativn\u00ed&#8230;<\/p>\n","protected":false},"featured_media":27781,"comment_status":"closed","ping_status":"open","template":"","meta":{"_kadence_starter_templates_imported_post":false,"_kad_post_transparent":"","_kad_post_title":"","_kad_post_layout":"","_kad_post_sidebar_id":"","_kad_post_content_style":"","_kad_post_vertical_padding":"","_kad_post_feature":"","_kad_post_feature_position":"","_kad_post_header":false,"_kad_post_footer":false,"_kad_post_classname":""},"product_brand":[],"product_cat":[358,2429,404,403,402,359],"product_tag":[],"class_list":{"0":"post-27780","1":"product","2":"type-product","3":"status-publish","4":"has-post-thumbnail","6":"product_cat-dilna-stavba-zahrada","7":"product_cat-heureka-cz","8":"product_cat-olejove-radiatory","9":"product_cat-radiatory-a-prislusenstvi","10":"product_cat-topeni","11":"product_cat-topeni-a-ohrev-vody","13":"first","14":"instock","15":"taxable","16":"shipping-taxable","17":"purchasable","18":"product-type-simple","19":"entry","20":"content-bg","21":"loop-entry"},"_links":{"self":[{"href":"http:\/\/www.outlet-electro.cz\/index.php\/wp-json\/wp\/v2\/product\/27780","targetHints":{"allow":["GET"]}}],"collection":[{"href":"http:\/\/www.outlet-electro.cz\/index.php\/wp-json\/wp\/v2\/product"}],"about":[{"href":"http:\/\/www.outlet-electro.cz\/index.php\/wp-json\/wp\/v2\/types\/product"}],"replies":[{"embeddable":true,"href":"http:\/\/www.outlet-electro.cz\/index.php\/wp-json\/wp\/v2\/comments?post=27780"}],"wp:featuredmedia":[{"embeddable":true,"href":"http:\/\/www.outlet-electro.cz\/index.php\/wp-json\/wp\/v2\/media\/27781"}],"wp:attachment":[{"href":"http:\/\/www.outlet-electro.cz\/index.php\/wp-json\/wp\/v2\/media?parent=27780"}],"wp:term":[{"taxonomy":"product_brand","embeddable":true,"href":"http:\/\/www.outlet-electro.cz\/index.php\/wp-json\/wp\/v2\/product_brand?post=27780"},{"taxonomy":"product_cat","embeddable":true,"href":"http:\/\/www.outlet-electro.cz\/index.php\/wp-json\/wp\/v2\/product_cat?post=27780"},{"taxonomy":"product_tag","embeddable":true,"href":"http:\/\/www.outlet-electro.cz\/index.php\/wp-json\/wp\/v2\/product_tag?post=27780"}],"curies":[{"name":"wp","href":"https:\/\/api.w.org\/{rel}","templated":true}]}}