{"id":27776,"date":"2026-01-26T11:25:48","date_gmt":"2026-01-26T10:25:48","guid":{"rendered":"https:\/\/www.outlet-electro.cz\/index.php\/produkt\/bt-mp3-fm-modulator-do-auta-sencor-swm-3500bt\/"},"modified":"2026-01-26T11:25:49","modified_gmt":"2026-01-26T10:25:49","slug":"bt-mp3-fm-modulator-do-auta-sencor-swm-3500bt","status":"publish","type":"product","link":"http:\/\/www.outlet-electro.cz\/index.php\/produkt\/bt-mp3-fm-modulator-do-auta-sencor-swm-3500bt\/","title":{"rendered":"BT \/ MP3 FM Modul\u00e1tor do auta Sencor SWM 3500BT"},"content":{"rendered":"<p data-path-to-node=\"1\"><b>Sencor SWM 3500BT \u2013 Bluetooth\/MP3 FM Modul\u00e1tor do auta s HandsFree<\/b><\/p>\n<p data-path-to-node=\"2\">Sencor SWM 3500BT je kompaktn\u00ed a multifunk\u010dn\u00ed FM modul\u00e1tor, kter\u00fd prom\u011bn\u00ed va\u0161e autor\u00e1dio v modern\u00ed multimedi\u00e1ln\u00ed a komunika\u010dn\u00ed centrum. P\u0159in\u00e1\u0161\u00ed do va\u0161eho vozu bezdr\u00e1tov\u00e9 p\u0159ehr\u00e1v\u00e1n\u00ed hudby, bezpe\u010dn\u00e9 HandsFree vol\u00e1n\u00ed a z\u00e1rove\u0148 slou\u017e\u00ed jako v\u00fdkonn\u00e1 nab\u00edjec\u00ed stanice.<\/p>\n<h3 data-path-to-node=\"3\">Hlavn\u00ed funkce a konektivita<\/h3>\n<ul data-path-to-node=\"4\">\n<li>\n<p data-path-to-node=\"4,0,0\"><b>Bezdr\u00e1tov\u00e9 HandsFree:<\/b> Modul\u00e1tor je vybaven <b>Bluetooth V2.1<\/b> a vestav\u011bn\u00fdm mikrofonem, co\u017e umo\u017e\u0148uje bezpe\u010dn\u00e9 p\u0159ij\u00edm\u00e1n\u00ed hovor\u016f prost\u0159ednictv\u00edm reproduktor\u016f autor\u00e1dia.<\/p>\n<\/li>\n<li>\n<p data-path-to-node=\"4,1,0\"><b>V\u00edce zdroj\u016f hudby:<\/b> P\u0159ehr\u00e1vejte hudbu z mnoha zdroj\u016f:<\/p>\n<ul data-path-to-node=\"4,1,1\">\n<li>\n<p data-path-to-node=\"4,1,1,0,0\"><b>Bluetooth:<\/b> Bezdr\u00e1tov\u00fd p\u0159enos ze smartphonu.<\/p>\n<\/li>\n<li>\n<p data-path-to-node=\"4,1,1,1,0\"><b>USB disk:<\/b> Speci\u00e1ln\u00ed USB konektor pro p\u0159ehr\u00e1v\u00e1n\u00ed soubor\u016f <b>MP3<\/b>.<\/p>\n<\/li>\n<li>\n<p data-path-to-node=\"4,1,1,2,0\"><b>TF\/Micro SD karta:<\/b> Podpora karet s kapacitou a\u017e <b>32 GB<\/b>.<\/p>\n<\/li>\n<\/ul>\n<\/li>\n<li>\n<p data-path-to-node=\"4,2,0\"><b>2 USB nab\u00edjec\u00ed porty:<\/b> Funguje jako nab\u00edje\u010dka s celkov\u00fdm v\u00fdstupem <b>DC 5 V \/ 3,4 A max.<\/b> (rozd\u011bleno na 2,4 A + 1 A), co\u017e umo\u017e\u0148uje rychl\u00e9 nab\u00edjen\u00ed dvou za\u0159\u00edzen\u00ed sou\u010dasn\u011b.<\/p>\n<\/li>\n<li>\n<p data-path-to-node=\"4,3,0\"><b>Snadn\u00e9 ovl\u00e1d\u00e1n\u00ed:<\/b> Jednoduch\u00e9 p\u0159ep\u00edn\u00e1n\u00ed mezi zdroji (BT \/ TF \/ USB) a klasick\u00e9 funkce ovl\u00e1d\u00e1n\u00ed hlasitosti, pauzy, zp\u011bt\/vp\u0159ed.<\/p>\n<\/li>\n<\/ul>\n<hr data-path-to-node=\"5\" \/>\n<h3 data-path-to-node=\"6\">Praktick\u00e9 vlastnosti<\/h3>\n<ul data-path-to-node=\"7\">\n<li>\n<p data-path-to-node=\"7,0,0\"><b>M\u011b\u0159i\u010d nap\u011bt\u00ed:<\/b> Integrovan\u00e1 funkce, kter\u00e1 zobrazuje <b>aktu\u00e1ln\u00ed nap\u011bt\u00ed v nap\u00e1jec\u00ed soustav\u011b automobilu<\/b>, co\u017e je praktick\u00e9 pro kontrolu stavu baterie.<\/p>\n<\/li>\n<li>\n<p data-path-to-node=\"7,1,0\"><b>Digit\u00e1ln\u00ed lad\u011bn\u00ed:<\/b> P\u0159esn\u00e9 digit\u00e1ln\u00ed lad\u011bn\u00ed a zobrazen\u00ed frekvence na <b>\u010derven\u00e9m neosl\u0148uj\u00edc\u00edm LED displeji<\/b>.<\/p>\n<\/li>\n<li>\n<p data-path-to-node=\"7,2,0\"><b>Pam\u011b\u0165:<\/b> Modul\u00e1tor si pamatuje posledn\u00ed frekvenci, \u010d\u00edslo skladby a nastavenou hlasitost.<\/p>\n<\/li>\n<li>\n<p data-path-to-node=\"7,3,0\"><b>Nastaviteln\u00fd kloub:<\/b> Pro ide\u00e1ln\u00ed polohu ve va\u0161em voze.<\/p>\n<\/li>\n<li>\n<p data-path-to-node=\"7,4,0\"><b>Kompatibilita:<\/b> Nap\u00e1jen\u00ed z autozapalova\u010de (DC 12 \/ 24 V), vhodn\u00e9 pro osobn\u00ed i n\u00e1kladn\u00ed vozidla.<\/p>\n<\/li>\n<\/ul>\n<hr data-path-to-node=\"8\" \/>\n<h3 data-path-to-node=\"9\">Technick\u00e9 specifikace<\/h3>\n<table data-path-to-node=\"10\" width=\"359\" height=\"182\">\n<thead>\n<tr>\n<td style=\"width: 153.51px;\"><strong>Parametr<\/strong><\/td>\n<td style=\"width: 204.823px;\"><strong>Hodnota<\/strong><\/td>\n<\/tr>\n<\/thead>\n<tbody>\n<tr>\n<td style=\"width: 153.51px;\"><span data-path-to-node=\"10,1,0,0\"><b>Rozsah FM frekvenc\u00ed<\/b><\/span><\/td>\n<td style=\"width: 204.823px;\"><span data-path-to-node=\"10,1,1,0\">87,5 \u2013 108 MHz<\/span><\/td>\n<\/tr>\n<tr>\n<td style=\"width: 153.51px;\"><span data-path-to-node=\"10,2,0,0\"><b>Po\u010det FM frekvenc\u00ed<\/b><\/span><\/td>\n<td style=\"width: 204.823px;\"><span data-path-to-node=\"10,2,1,0\">206<\/span><\/td>\n<\/tr>\n<tr>\n<td style=\"width: 153.51px;\"><span data-path-to-node=\"10,3,0,0\"><b>USB nab\u00edjec\u00ed v\u00fdstup<\/b><\/span><\/td>\n<td style=\"width: 204.823px;\"><span data-path-to-node=\"10,3,1,0\">DC 5 V \/ 3,4 A max.<\/span><\/td>\n<\/tr>\n<tr>\n<td style=\"width: 153.51px;\"><span data-path-to-node=\"10,4,0,0\"><b>Hmotnost<\/b><\/span><\/td>\n<td style=\"width: 204.823px;\"><span data-path-to-node=\"10,4,1,0\">37 g<\/span><\/td>\n<\/tr>\n<tr>\n<td style=\"width: 153.51px;\"><span data-path-to-node=\"10,5,0,0\"><b>Rozm\u011bry (\u0161\/v\/h)<\/b><\/span><\/td>\n<td style=\"width: 204.823px;\"><span data-path-to-node=\"10,5,1,0\"><span class=\"math-inline\" data-math=\"56 times 95 times 43\">$56 times 95 times 43$<\/span> mm<\/span><\/td>\n<\/tr>\n<\/tbody>\n<\/table>\n<p>&nbsp;<\/p>\n<p>&nbsp;<\/p>\n<p>Z\u00e1ruka 24 m\u011bs\u00edc\u016f.<\/p>\n","protected":false},"excerpt":{"rendered":"<p>Sencor SWM 3500BT \u2013 Bluetooth\/MP3 FM Modul\u00e1tor do auta s HandsFree Sencor SWM 3500BT je kompaktn\u00ed a multifunk\u010dn\u00ed FM modul\u00e1tor, kter\u00fd prom\u011bn\u00ed va\u0161e autor\u00e1dio v modern\u00ed multimedi\u00e1ln\u00ed a komunika\u010dn\u00ed centrum. P\u0159in\u00e1\u0161\u00ed do va\u0161eho vozu bezdr\u00e1tov\u00e9 p\u0159ehr\u00e1v\u00e1n\u00ed hudby, bezpe\u010dn\u00e9 HandsFree vol\u00e1n\u00ed a z\u00e1rove\u0148 slou\u017e\u00ed jako v\u00fdkonn\u00e1 nab\u00edjec\u00ed stanice. Hlavn\u00ed funkce a konektivita Bezdr\u00e1tov\u00e9 HandsFree: Modul\u00e1tor je&#8230;<\/p>\n","protected":false},"featured_media":27777,"comment_status":"closed","ping_status":"open","template":"","meta":{"_kadence_starter_templates_imported_post":false,"_kad_post_transparent":"","_kad_post_title":"","_kad_post_layout":"","_kad_post_sidebar_id":"","_kad_post_content_style":"","_kad_post_vertical_padding":"","_kad_post_feature":"","_kad_post_feature_position":"","_kad_post_header":false,"_kad_post_footer":false,"_kad_post_classname":""},"product_brand":[],"product_cat":[568,565,567,2242,2429,566],"product_tag":[],"class_list":{"0":"post-27776","1":"product","2":"type-product","3":"status-publish","4":"has-post-thumbnail","6":"product_cat-auto-hi-fi","7":"product_cat-auto-moto","8":"product_cat-elektronika-do-auta","9":"product_cat-fm-transmittery","10":"product_cat-heureka-cz","11":"product_cat-vse-pro-auta","13":"first","14":"instock","15":"taxable","16":"shipping-taxable","17":"purchasable","18":"product-type-simple","19":"entry","20":"content-bg","21":"loop-entry"},"_links":{"self":[{"href":"http:\/\/www.outlet-electro.cz\/index.php\/wp-json\/wp\/v2\/product\/27776","targetHints":{"allow":["GET"]}}],"collection":[{"href":"http:\/\/www.outlet-electro.cz\/index.php\/wp-json\/wp\/v2\/product"}],"about":[{"href":"http:\/\/www.outlet-electro.cz\/index.php\/wp-json\/wp\/v2\/types\/product"}],"replies":[{"embeddable":true,"href":"http:\/\/www.outlet-electro.cz\/index.php\/wp-json\/wp\/v2\/comments?post=27776"}],"wp:featuredmedia":[{"embeddable":true,"href":"http:\/\/www.outlet-electro.cz\/index.php\/wp-json\/wp\/v2\/media\/27777"}],"wp:attachment":[{"href":"http:\/\/www.outlet-electro.cz\/index.php\/wp-json\/wp\/v2\/media?parent=27776"}],"wp:term":[{"taxonomy":"product_brand","embeddable":true,"href":"http:\/\/www.outlet-electro.cz\/index.php\/wp-json\/wp\/v2\/product_brand?post=27776"},{"taxonomy":"product_cat","embeddable":true,"href":"http:\/\/www.outlet-electro.cz\/index.php\/wp-json\/wp\/v2\/product_cat?post=27776"},{"taxonomy":"product_tag","embeddable":true,"href":"http:\/\/www.outlet-electro.cz\/index.php\/wp-json\/wp\/v2\/product_tag?post=27776"}],"curies":[{"name":"wp","href":"https:\/\/api.w.org\/{rel}","templated":true}]}}