{"id":27768,"date":"2026-01-26T11:25:48","date_gmt":"2026-01-26T10:25:48","guid":{"rendered":"https:\/\/www.outlet-electro.cz\/index.php\/produkt\/led-lampa-retlux-rtl-203\/"},"modified":"2026-01-26T11:25:49","modified_gmt":"2026-01-26T10:25:49","slug":"led-lampa-retlux-rtl-203","status":"publish","type":"product","link":"http:\/\/www.outlet-electro.cz\/index.php\/produkt\/led-lampa-retlux-rtl-203\/","title":{"rendered":"LED lampa RETLUX RTL 203"},"content":{"rendered":"<p data-path-to-node=\"1\"><b>LED lampa RETLUX RTL 203 \u2013 Elegantn\u00ed centrum va\u0161eho no\u010dn\u00edho stolku<\/b><\/p>\n<p data-path-to-node=\"2\">RETLUX RTL 203 nen\u00ed jen oby\u010dejn\u00e1 stoln\u00ed lampi\u010dka. Je to multifunk\u010dn\u00ed za\u0159\u00edzen\u00ed v luxusn\u00edm designu s <b>imitac\u00ed p\u0159\u00edrodn\u00ed k\u016f\u017ee<\/b>, kter\u00e9 v sob\u011b spojuje kvalitn\u00ed osv\u011btlen\u00ed, informa\u010dn\u00ed centrum a modern\u00ed nab\u00edjec\u00ed stanici. D\u00edky sv\u00e9mu \u0161t\u00edhl\u00e9mu t\u011blu u\u0161et\u0159\u00ed drahocenn\u00e9 m\u00edsto na va\u0161em stole \u010di no\u010dn\u00edm stolku.<\/p>\n<h3 data-path-to-node=\"3\">Hlavn\u00ed p\u0159ednosti<\/h3>\n<ul data-path-to-node=\"4\">\n<li>\n<p data-path-to-node=\"4,0,0\"><b>Multifunk\u010dn\u00ed LCD displej:<\/b> P\u0159\u00edmo v t\u011ble lampy m\u00e1te neust\u00e1le na o\u010d\u00edch <b>\u010das, kalend\u00e1\u0159 a teplom\u011br<\/b>. Nechyb\u00ed ani <b>bud\u00edk s funkc\u00ed Snooze<\/b> (odlo\u017een\u00ed buzen\u00ed). Displej je stm\u00edvateln\u00fd ve t\u0159ech kroc\u00edch, aby v\u00e1s v noci neosl\u0148oval.<\/p>\n<\/li>\n<li>\n<p data-path-to-node=\"4,1,0\"><b>Du\u00e1ln\u00ed nab\u00edjen\u00ed:<\/b> Lampa je p\u0159ipravena pro modern\u00ed smartphony. Nab\u00edz\u00ed <b>bezdr\u00e1tov\u00e9 nab\u00edjen\u00ed standardu Qi<\/b> (max. 5W) a pro ostatn\u00ed za\u0159\u00edzen\u00ed je k dispozici klasick\u00fd <b>USB port<\/b>.<\/p>\n<\/li>\n<li>\n<p data-path-to-node=\"4,2,0\"><b>Pln\u011b p\u0159izp\u016fsobiteln\u00e9 sv\u011btlo:<\/b> Hlavn\u00ed sv\u011btlo s 36 LED diodami umo\u017e\u0148uje nastavit jak <b>jas (3 stupn\u011b)<\/b>, tak i <b>teplotu barev<\/b> (tepl\u00e1, neutr\u00e1ln\u00ed nebo studen\u00e1 b\u00edl\u00e1).<\/p>\n<\/li>\n<li>\n<p data-path-to-node=\"4,3,0\"><b>Ambientn\u00ed podsv\u00edcen\u00ed:<\/b> Noha lampi\u010dky ukr\u00fdv\u00e1 samostatn\u00e9 n\u00e1ladov\u00e9 osv\u011btlen\u00ed, kter\u00e9 skv\u011ble poslou\u017e\u00ed jako kulisa p\u0159i sledov\u00e1n\u00ed filmu nebo jako jemn\u00e9 no\u010dn\u00ed sv\u011btlo pro klidn\u00e9 us\u00edn\u00e1n\u00ed.<\/p>\n<\/li>\n<li>\n<p data-path-to-node=\"4,4,0\"><b>Maxim\u00e1ln\u00ed flexibilita:<\/b> D\u00edky ohebn\u00e9mu krku a n\u00e1klopn\u00e9 hlav\u011b m\u016f\u017eete sv\u011bteln\u00fd ku\u017eel nam\u00ed\u0159it p\u0159esn\u011b tam, kam pot\u0159ebujete, a to i v akrobatick\u00fdch \u00fahlech.<\/p>\n<\/li>\n<\/ul>\n<hr data-path-to-node=\"5\" \/>\n<h3 data-path-to-node=\"6\">Technick\u00e9 specifikace<\/h3>\n<table data-path-to-node=\"7\" width=\"548\" height=\"295\">\n<thead>\n<tr>\n<td style=\"width: 200.069px;\"><strong>Parametr<\/strong><\/td>\n<td style=\"width: 346.806px;\"><strong>Hodnota<\/strong><\/td>\n<\/tr>\n<\/thead>\n<tbody>\n<tr>\n<td style=\"width: 200.069px;\"><span data-path-to-node=\"7,1,0,0\"><b>P\u0159\u00edkon<\/b><\/span><\/td>\n<td style=\"width: 346.806px;\"><span data-path-to-node=\"7,1,1,0\">6 W<\/span><\/td>\n<\/tr>\n<tr>\n<td style=\"width: 200.069px;\"><span data-path-to-node=\"7,2,0,0\"><b>Sv\u011bteln\u00fd tok<\/b><\/span><\/td>\n<td style=\"width: 346.806px;\"><span data-path-to-node=\"7,2,1,0\">60 \/ 160 \/ 300 lm (voliteln\u00fd)<\/span><\/td>\n<\/tr>\n<tr>\n<td style=\"width: 200.069px;\"><span data-path-to-node=\"7,3,0,0\"><b>Teplota barvy<\/b><\/span><\/td>\n<td style=\"width: 346.806px;\"><span data-path-to-node=\"7,3,1,0\">3000K \/ 4500K \/ 6000K<\/span><\/td>\n<\/tr>\n<tr>\n<td style=\"width: 200.069px;\"><span data-path-to-node=\"7,4,0,0\"><b>Bezdr\u00e1tov\u00e9 nab\u00edjen\u00ed<\/b><\/span><\/td>\n<td style=\"width: 346.806px;\"><span data-path-to-node=\"7,4,1,0\">Qi (max. 5W) + USB v\u00fdstup<\/span><\/td>\n<\/tr>\n<tr>\n<td style=\"width: 200.069px;\"><span data-path-to-node=\"7,5,0,0\"><b>Rozm\u011bry<\/b><\/span><\/td>\n<td style=\"width: 346.806px;\"><span data-path-to-node=\"7,5,1,0\">V\u00fd\u0161ka 53 cm, pr\u016fm\u011br z\u00e1kladny 13 cm<\/span><\/td>\n<\/tr>\n<tr>\n<td style=\"width: 200.069px;\"><span data-path-to-node=\"7,6,0,0\"><b>Materi\u00e1l<\/b><\/span><\/td>\n<td style=\"width: 346.806px;\"><span data-path-to-node=\"7,6,1,0\">ABS + PS (vzhled um\u011bl\u00e9 k\u016f\u017ee)<\/span><\/td>\n<\/tr>\n<tr>\n<td style=\"width: 200.069px;\"><span data-path-to-node=\"7,7,0,0\"><b>Energetick\u00e1 t\u0159\u00edda<\/b><\/span><\/td>\n<td style=\"width: 346.806px;\"><span data-path-to-node=\"7,7,1,0\">E<\/span><\/td>\n<\/tr>\n<\/tbody>\n<\/table>\n<h3 data-path-to-node=\"8\">Praktick\u00e9 funkce pro ka\u017ed\u00fd den<\/h3>\n<ul data-path-to-node=\"9\">\n<li>\n<p data-path-to-node=\"9,0,0\"><b>Dotykov\u00e9 ovl\u00e1d\u00e1n\u00ed:<\/b> Kapacitn\u00ed sn\u00edma\u010de zaji\u0161\u0165uj\u00ed hladk\u00e9 a tich\u00e9 ovl\u00e1d\u00e1n\u00ed lampy.<\/p>\n<\/li>\n<li>\n<p data-path-to-node=\"9,1,0\"><b>Protiskluzov\u00e1 z\u00e1kladna:<\/b> Zaji\u0161\u0165uje stabilitu na jak\u00e9mkoliv povrchu.<\/p>\n<\/li>\n<li>\n<p data-path-to-node=\"9,2,0\"><b>Kompletn\u00ed balen\u00ed:<\/b> Nap\u00e1jec\u00ed adapt\u00e9r i kabel jsou barevn\u011b slad\u011bny s t\u011blem lampi\u010dky.<\/p>\n<\/li>\n<\/ul>\n<p data-path-to-node=\"10\"><b>Obsah balen\u00ed:<\/b> LED lampa, nap\u00e1jec\u00ed adapt\u00e9r, nap\u00e1jec\u00ed kabel (140 cm), n\u00e1vod k pou\u017eit\u00ed.<\/p>\n<p data-path-to-node=\"10\">&nbsp;<\/p>\n<p data-path-to-node=\"10\">Z\u00e1ruka 24 m\u011bs\u00edc\u016f.<\/p>\n","protected":false},"excerpt":{"rendered":"<p>LED lampa RETLUX RTL 203 \u2013 Elegantn\u00ed centrum va\u0161eho no\u010dn\u00edho stolku RETLUX RTL 203 nen\u00ed jen oby\u010dejn\u00e1 stoln\u00ed lampi\u010dka. Je to multifunk\u010dn\u00ed za\u0159\u00edzen\u00ed v luxusn\u00edm designu s imitac\u00ed p\u0159\u00edrodn\u00ed k\u016f\u017ee, kter\u00e9 v sob\u011b spojuje kvalitn\u00ed osv\u011btlen\u00ed, informa\u010dn\u00ed centrum a modern\u00ed nab\u00edjec\u00ed stanici. D\u00edky sv\u00e9mu \u0161t\u00edhl\u00e9mu t\u011blu u\u0161et\u0159\u00ed drahocenn\u00e9 m\u00edsto na va\u0161em stole \u010di no\u010dn\u00edm stolku&#8230;.<\/p>\n","protected":false},"featured_media":27769,"comment_status":"closed","ping_status":"open","template":"","meta":{"_kadence_starter_templates_imported_post":false,"_kad_post_transparent":"","_kad_post_title":"","_kad_post_layout":"","_kad_post_sidebar_id":"","_kad_post_content_style":"","_kad_post_vertical_padding":"","_kad_post_feature":"","_kad_post_feature_position":"","_kad_post_header":false,"_kad_post_footer":false,"_kad_post_classname":""},"product_brand":[],"product_cat":[379,2429,530,442],"product_tag":[],"class_list":{"0":"post-27768","1":"product","2":"type-product","3":"status-publish","4":"has-post-thumbnail","6":"product_cat-bydleni-a-doplnky","7":"product_cat-heureka-cz","8":"product_cat-lampicky","9":"product_cat-osvetleni","11":"first","12":"instock","13":"taxable","14":"shipping-taxable","15":"purchasable","16":"product-type-simple","17":"entry","18":"content-bg","19":"loop-entry"},"_links":{"self":[{"href":"http:\/\/www.outlet-electro.cz\/index.php\/wp-json\/wp\/v2\/product\/27768","targetHints":{"allow":["GET"]}}],"collection":[{"href":"http:\/\/www.outlet-electro.cz\/index.php\/wp-json\/wp\/v2\/product"}],"about":[{"href":"http:\/\/www.outlet-electro.cz\/index.php\/wp-json\/wp\/v2\/types\/product"}],"replies":[{"embeddable":true,"href":"http:\/\/www.outlet-electro.cz\/index.php\/wp-json\/wp\/v2\/comments?post=27768"}],"wp:featuredmedia":[{"embeddable":true,"href":"http:\/\/www.outlet-electro.cz\/index.php\/wp-json\/wp\/v2\/media\/27769"}],"wp:attachment":[{"href":"http:\/\/www.outlet-electro.cz\/index.php\/wp-json\/wp\/v2\/media?parent=27768"}],"wp:term":[{"taxonomy":"product_brand","embeddable":true,"href":"http:\/\/www.outlet-electro.cz\/index.php\/wp-json\/wp\/v2\/product_brand?post=27768"},{"taxonomy":"product_cat","embeddable":true,"href":"http:\/\/www.outlet-electro.cz\/index.php\/wp-json\/wp\/v2\/product_cat?post=27768"},{"taxonomy":"product_tag","embeddable":true,"href":"http:\/\/www.outlet-electro.cz\/index.php\/wp-json\/wp\/v2\/product_tag?post=27768"}],"curies":[{"name":"wp","href":"https:\/\/api.w.org\/{rel}","templated":true}]}}