{"id":27738,"date":"2026-01-26T11:25:48","date_gmt":"2026-01-26T10:25:48","guid":{"rendered":"https:\/\/www.outlet-electro.cz\/index.php\/produkt\/lis-na-citrusy-sencor-scj-9000np\/"},"modified":"2026-01-26T11:25:48","modified_gmt":"2026-01-26T10:25:48","slug":"lis-na-citrusy-sencor-scj-9000np","status":"publish","type":"product","link":"http:\/\/www.outlet-electro.cz\/index.php\/produkt\/lis-na-citrusy-sencor-scj-9000np\/","title":{"rendered":"Lis na citrusy Sencor SCJ 9000NP"},"content":{"rendered":"<h2>Lis na citrusy Sencor SCJ 9000NP: V\u00e1\u0161 tich\u00fd ninja na vitam\u00edny<\/h2>\n<p>&nbsp;<\/p>\n<p>U\u017e \u017e\u00e1dn\u00e9 ru\u010dn\u00ed \u017ed\u00edm\u00e1n\u00ed pomeran\u010d\u016f, po kter\u00e9m vypad\u00e1te, jako byste pr\u00e1v\u011b absolvovali tr\u00e9nink na farm\u011b! P\u0159edstavujeme Sencor SCJ 9000NP \u2013 lis na citrusy, kter\u00fd v\u00e1m p\u0159iprav\u00ed rann\u00ed d\u017eus s takovou gr\u00e1ci\u00ed, \u017ee si toho mo\u017en\u00e1 ani nev\u0161imnete.<\/p>\n<p><b>Co um\u00ed n\u00e1\u0161 tich\u00fd, ale v\u00fdkonn\u00fd hrdina:<\/b><\/p>\n<ul>\n<li>\n<p><b>Ticho a klid v kuchyni:<\/b> S hlu\u010dnost\u00ed pouh\u00fdch <b>70 dB(A)<\/b> a tich\u00fdm motorem s rychlost\u00ed 110 ot\u00e1\u010dek za minutu je tak diskr\u00e9tn\u00ed, \u017ee se m\u016f\u017eete pustit do lisov\u00e1n\u00ed, i kdy\u017e zbytek rodiny je\u0161t\u011b sp\u00ed.<\/p>\n<\/li>\n<li>\n<p><b>Konec kapk\u00e1m a nepo\u0159\u00e1dku:<\/b> D\u00edky revolu\u010dn\u00ed technologii <b>DripStop<\/b> u\u017e \u017e\u00e1dn\u00e9 otravn\u00e9 odkap\u00e1v\u00e1n\u00ed po dokon\u010den\u00ed lisov\u00e1n\u00ed. Va\u0161e kuchy\u0148sk\u00e1 linka z\u016fstane \u010dist\u00e1 a vy u\u0161et\u0159\u00edte pap\u00edrov\u00e9 ut\u011brky.<\/p>\n<\/li>\n<li>\n<p><b>Automatick\u00e1, nerezov\u00e1 dokonalost:<\/b> Jen stisknete ku\u017eel, lis se s\u00e1m zapne, a d\u00edky <b>nerezov\u00e9mu filtra\u010dn\u00edmu s\u00edtku<\/b> automaticky zachyt\u00ed v\u0161echnu tu nev\u00edtanou du\u017einu a pecky. Vy dostanete jen \u010distou, \u010derstvou \u0161\u0165\u00e1vu!<\/p>\n<\/li>\n<li>\n<p><b>D\u017eus pro celou jednotku:<\/b> Objem n\u00e1doby jsou velkorys\u00e9 <b>2 litry<\/b> a najednou od\u0161\u0165avn\u00ed a\u017e <b>1 litr<\/b> \u2013 to je dostatek energie pro celou rodinu!<\/p>\n<\/li>\n<li>\n<p><b>Bezpe\u010dn\u00fd a spolehliv\u00fd:<\/b> S p\u0159\u00edkonem 80 W a <b>ochranou proti p\u0159eh\u0159\u00e1t\u00ed<\/b> je pr\u00e1ce s n\u00edm bezpe\u010dn\u00e1.&nbsp;<\/p>\n<\/li>\n<\/ul>\n<p>S protiskluzov\u00fdmi no\u017ekami a mo\u017enost\u00ed uskladn\u011bn\u00ed kabelu ve spodn\u00ed \u010d\u00e1sti je Sencor SCJ 9000NP p\u0159ipraven zapadnout do ka\u017ed\u00e9 kuchyn\u011b. A s elegantn\u00edmi rozm\u011bry se nikde neplete.<\/p>\n<p><b>P\u0159ipravte si \u010derstv\u00fd pomeran\u010dov\u00fd d\u017eus nebo citron do \u010daje. U\u017e jen stisknout!<\/b><\/p>\n<p>&nbsp;<\/p>\n<p>&nbsp;<\/p>\n<p>Z\u00e1ruka 24 m\u011bs\u00edc\u016f.<\/p>\n","protected":false},"excerpt":{"rendered":"<p>Lis na citrusy Sencor SCJ 9000NP: V\u00e1\u0161 tich\u00fd ninja na vitam\u00edny &nbsp; U\u017e \u017e\u00e1dn\u00e9 ru\u010dn\u00ed \u017ed\u00edm\u00e1n\u00ed pomeran\u010d\u016f, po kter\u00e9m vypad\u00e1te, jako byste pr\u00e1v\u011b absolvovali tr\u00e9nink na farm\u011b! P\u0159edstavujeme Sencor SCJ 9000NP \u2013 lis na citrusy, kter\u00fd v\u00e1m p\u0159iprav\u00ed rann\u00ed d\u017eus s takovou gr\u00e1ci\u00ed, \u017ee si toho mo\u017en\u00e1 ani nev\u0161imnete. Co um\u00ed n\u00e1\u0161 tich\u00fd, ale v\u00fdkonn\u00fd&#8230;<\/p>\n","protected":false},"featured_media":27739,"comment_status":"closed","ping_status":"open","template":"","meta":{"_kadence_starter_templates_imported_post":false,"_kad_post_transparent":"","_kad_post_title":"","_kad_post_layout":"","_kad_post_sidebar_id":"","_kad_post_content_style":"","_kad_post_vertical_padding":"","_kad_post_feature":"","_kad_post_feature_position":"","_kad_post_header":false,"_kad_post_footer":false,"_kad_post_classname":""},"product_brand":[],"product_cat":[333,2471,2429,334,341,340,354],"product_tag":[],"class_list":{"0":"post-27738","1":"product","2":"type-product","3":"status-publish","4":"has-post-thumbnail","6":"product_cat-domaci-a-osobni-spotrebice","7":"product_cat-elektricke-lisy-na-citrusy","8":"product_cat-heureka-cz","9":"product_cat-kuchynske-spotrebice","10":"product_cat-male-kuchynske-spotrebice","11":"product_cat-priprava-jidla","12":"product_cat-vychytavky-do-kuchyne","14":"first","15":"instock","16":"taxable","17":"shipping-taxable","18":"purchasable","19":"product-type-simple","20":"entry","21":"content-bg","22":"loop-entry"},"_links":{"self":[{"href":"http:\/\/www.outlet-electro.cz\/index.php\/wp-json\/wp\/v2\/product\/27738","targetHints":{"allow":["GET"]}}],"collection":[{"href":"http:\/\/www.outlet-electro.cz\/index.php\/wp-json\/wp\/v2\/product"}],"about":[{"href":"http:\/\/www.outlet-electro.cz\/index.php\/wp-json\/wp\/v2\/types\/product"}],"replies":[{"embeddable":true,"href":"http:\/\/www.outlet-electro.cz\/index.php\/wp-json\/wp\/v2\/comments?post=27738"}],"wp:featuredmedia":[{"embeddable":true,"href":"http:\/\/www.outlet-electro.cz\/index.php\/wp-json\/wp\/v2\/media\/27739"}],"wp:attachment":[{"href":"http:\/\/www.outlet-electro.cz\/index.php\/wp-json\/wp\/v2\/media?parent=27738"}],"wp:term":[{"taxonomy":"product_brand","embeddable":true,"href":"http:\/\/www.outlet-electro.cz\/index.php\/wp-json\/wp\/v2\/product_brand?post=27738"},{"taxonomy":"product_cat","embeddable":true,"href":"http:\/\/www.outlet-electro.cz\/index.php\/wp-json\/wp\/v2\/product_cat?post=27738"},{"taxonomy":"product_tag","embeddable":true,"href":"http:\/\/www.outlet-electro.cz\/index.php\/wp-json\/wp\/v2\/product_tag?post=27738"}],"curies":[{"name":"wp","href":"https:\/\/api.w.org\/{rel}","templated":true}]}}