{"id":27736,"date":"2026-01-26T11:25:45","date_gmt":"2026-01-26T10:25:45","guid":{"rendered":"https:\/\/www.outlet-electro.cz\/index.php\/produkt\/led-lampa-retlux-rtl-209\/"},"modified":"2026-01-26T11:25:46","modified_gmt":"2026-01-26T10:25:46","slug":"led-lampa-retlux-rtl-209","status":"publish","type":"product","link":"http:\/\/www.outlet-electro.cz\/index.php\/produkt\/led-lampa-retlux-rtl-209\/","title":{"rendered":"LED lampa Retlux RTL 209"},"content":{"rendered":"<p>LED lampa Retlux RTL 209 je mistrem v maskov\u00e1n\u00ed \u2013 je to toti\u017e <b>magnetick\u00e1 lampi\u010dka 3 v 1<\/b>!<\/p>\n<p>Zapome\u0148te na nudn\u00e9 osv\u011btlen\u00ed s jedn\u00edm \u00fa\u010delem. Tato lampa se p\u0159izp\u016fsob\u00ed jak\u00e9koli va\u0161\u00ed n\u00e1lad\u011b a pot\u0159eb\u011b:<\/p>\n<ul>\n<li>\n<p><b>Jako lampa stojac\u00ed:<\/b> Elegantn\u011b stoj\u00ed na stole a decentn\u011b sv\u00edt\u00ed.<\/p>\n<\/li>\n<li>\n<p><b>S klipem:<\/b> P\u0159icvaknete ji k poli\u010dce, k desce stolu, nebo t\u0159eba na kucha\u0159ku, kdy\u017e se sna\u017e\u00edte dodr\u017eet recept.<\/p>\n<\/li>\n<li>\n<p><b>N\u00e1st\u011bnn\u00e1 varianta:<\/b> D\u00edky magnetick\u00e9mu proveden\u00ed ji snadno p\u0159ipevn\u00edte tam, kde pot\u0159ebujete m\u00edt ruce voln\u00e9.<\/p>\n<\/li>\n<\/ul>\n<p>&nbsp;<\/p>\n<h3>Kl\u00ed\u010dov\u00e9 vlastnosti pro pohodov\u00e9 sv\u00edcen\u00ed<\/h3>\n<p>&nbsp;<\/p>\n<ul>\n<li>\n<p><b>P\u0159\u00edjemn\u00e9 sv\u011btlo:<\/b> Sv\u00edt\u00ed <b>teplou b\u00edlou barvou (2 700 K)<\/b>, kter\u00e1 je ide\u00e1ln\u00ed pro relaxaci, \u010dten\u00ed nebo jako no\u010dn\u00ed sv\u011btlo.<\/p>\n<\/li>\n<li>\n<p><b>Skokov\u011b stm\u00edvateln\u00e1:<\/b> Jednoduch\u00fdm kliknut\u00edm si nastav\u00edte p\u0159esn\u011b takovou intenzitu, jakou zrovna pot\u0159ebujete. \u017d\u00e1dn\u00e9 slo\u017eit\u00e9 ot\u00e1\u010den\u00ed nebo posouv\u00e1n\u00ed.<\/p>\n<\/li>\n<li>\n<p><b>Bezdr\u00e1tov\u00e1 svoboda:<\/b> Nab\u00edjen\u00ed trv\u00e1 rozumn\u00e9 <b>4 hodiny<\/b>, za co\u017e z\u00edsk\u00e1te a\u017e <b>7 hodin<\/b> neru\u0161en\u00e9ho bezdr\u00e1tov\u00e9ho sv\u00edcen\u00ed. Ide\u00e1ln\u00ed, kdy\u017e v\u00e1m vypadne proud nebo pot\u0159ebujete sv\u011btlo v kout\u011b bez z\u00e1suvky.<\/p>\n<\/li>\n<li>\n<p><b>\u00dasporn\u00e1 a odoln\u00e1:<\/b> S n\u00edzk\u00fdm p\u0159\u00edkonem <b>3 W<\/b> \u0161et\u0159\u00ed energii a jej\u00ed celkov\u00e1 v\u00fddr\u017e je \u00factyhodn\u00fdch <b>20 000 hodin<\/b>.<\/p>\n<\/li>\n<\/ul>\n<p>Retlux RTL 209 v elegantn\u00edm b\u00edl\u00e9m proveden\u00ed se hod\u00ed do ka\u017ed\u00e9ho interi\u00e9ru a zajist\u00ed, \u017ee v\u00e1m sv\u011btlo u\u017e nikdy nebude p\u0159ek\u00e1\u017eet, ale v\u017edy bude p\u0159esn\u011b tam, kde ho pot\u0159ebujete.<\/p>\n<p>&nbsp;<\/p>\n<p>Z\u00e1ruka 24 m\u011bs\u00edc\u016f<\/p>\n","protected":false},"excerpt":{"rendered":"<p>LED lampa Retlux RTL 209 je mistrem v maskov\u00e1n\u00ed \u2013 je to toti\u017e magnetick\u00e1 lampi\u010dka 3 v 1! Zapome\u0148te na nudn\u00e9 osv\u011btlen\u00ed s jedn\u00edm \u00fa\u010delem. Tato lampa se p\u0159izp\u016fsob\u00ed jak\u00e9koli va\u0161\u00ed n\u00e1lad\u011b a pot\u0159eb\u011b: Jako lampa stojac\u00ed: Elegantn\u011b stoj\u00ed na stole a decentn\u011b sv\u00edt\u00ed. S klipem: P\u0159icvaknete ji k poli\u010dce, k desce stolu, nebo t\u0159eba&#8230;<\/p>\n","protected":false},"featured_media":27737,"comment_status":"closed","ping_status":"open","template":"","meta":{"_kadence_starter_templates_imported_post":false,"_kad_post_transparent":"","_kad_post_title":"","_kad_post_layout":"","_kad_post_sidebar_id":"","_kad_post_content_style":"","_kad_post_vertical_padding":"","_kad_post_feature":"","_kad_post_feature_position":"","_kad_post_header":false,"_kad_post_footer":false,"_kad_post_classname":""},"product_brand":[],"product_cat":[379,2429,530,442],"product_tag":[],"class_list":{"0":"post-27736","1":"product","2":"type-product","3":"status-publish","4":"has-post-thumbnail","6":"product_cat-bydleni-a-doplnky","7":"product_cat-heureka-cz","8":"product_cat-lampicky","9":"product_cat-osvetleni","11":"first","12":"instock","13":"taxable","14":"shipping-taxable","15":"purchasable","16":"product-type-simple","17":"entry","18":"content-bg","19":"loop-entry"},"_links":{"self":[{"href":"http:\/\/www.outlet-electro.cz\/index.php\/wp-json\/wp\/v2\/product\/27736","targetHints":{"allow":["GET"]}}],"collection":[{"href":"http:\/\/www.outlet-electro.cz\/index.php\/wp-json\/wp\/v2\/product"}],"about":[{"href":"http:\/\/www.outlet-electro.cz\/index.php\/wp-json\/wp\/v2\/types\/product"}],"replies":[{"embeddable":true,"href":"http:\/\/www.outlet-electro.cz\/index.php\/wp-json\/wp\/v2\/comments?post=27736"}],"wp:featuredmedia":[{"embeddable":true,"href":"http:\/\/www.outlet-electro.cz\/index.php\/wp-json\/wp\/v2\/media\/27737"}],"wp:attachment":[{"href":"http:\/\/www.outlet-electro.cz\/index.php\/wp-json\/wp\/v2\/media?parent=27736"}],"wp:term":[{"taxonomy":"product_brand","embeddable":true,"href":"http:\/\/www.outlet-electro.cz\/index.php\/wp-json\/wp\/v2\/product_brand?post=27736"},{"taxonomy":"product_cat","embeddable":true,"href":"http:\/\/www.outlet-electro.cz\/index.php\/wp-json\/wp\/v2\/product_cat?post=27736"},{"taxonomy":"product_tag","embeddable":true,"href":"http:\/\/www.outlet-electro.cz\/index.php\/wp-json\/wp\/v2\/product_tag?post=27736"}],"curies":[{"name":"wp","href":"https:\/\/api.w.org\/{rel}","templated":true}]}}