{"id":27734,"date":"2026-01-26T11:25:45","date_gmt":"2026-01-26T10:25:45","guid":{"rendered":"https:\/\/www.outlet-electro.cz\/index.php\/produkt\/uig-entertainment-holzfaller-simulator-2012\/"},"modified":"2026-01-26T11:25:46","modified_gmt":"2026-01-26T10:25:46","slug":"uig-entertainment-holzfaller-simulator-2012","status":"publish","type":"product","link":"http:\/\/www.outlet-electro.cz\/index.php\/produkt\/uig-entertainment-holzfaller-simulator-2012\/","title":{"rendered":"UIG Entertainment Holzf\u00e4ller Simulator 2012"},"content":{"rendered":"<p><b>Holzf\u00e4ller Simulator 2012: Za\u017eijte komplexn\u00ed lesn\u00ed hospod\u00e1\u0159stv\u00ed<\/b><\/p>\n<p>Holzf\u00e4ller Simulator 2012 (Simul\u00e1tor d\u0159evorubce 2012) p\u0159in\u00e1\u0161\u00ed rozs\u00e1hl\u00fd a fascinuj\u00edc\u00ed hern\u00ed z\u00e1\u017eitek, ve kter\u00e9m poprv\u00e9 vstoup\u00edte do role d\u0159evorubce z <b>pohledu prvn\u00ed osoby s motorovou pilou<\/b>. Spravujte <b>cel\u00fd lesn\u00ed cyklus<\/b> \u2013 od k\u00e1cen\u00ed strom\u016f a\u017e po v\u00fdrobu \u0161t\u011bpky a energetickou t\u011b\u017ebu.<\/p>\n<p><b>Kl\u00ed\u010dov\u00e9 vlastnosti a hratelnost:<\/b><\/p>\n<ul>\n<li>\n<p><b>Pohled prvn\u00ed osoby s motorovou pilou:<\/b> Poprv\u00e9 m\u016f\u017eete <b>k\u00e1cet stromy z pohledu prvn\u00ed osoby<\/b> pomoc\u00ed <b>origin\u00e1ln\u00ed motorov\u00e9 pily Stihl<\/b> (partnerstv\u00ed s firmou Stihl pro pe\u010dlivou realizaci nam\u00e1hav\u00e9 ru\u010dn\u00ed pr\u00e1ce).<\/p>\n<\/li>\n<li>\n<p><b>Komplexn\u00ed spr\u00e1va lesa:<\/b> Hr\u00e1\u010d spravuje <b>cel\u00fd les a pilu<\/b>, v\u010detn\u011b k\u00e1cen\u00ed, p\u0159epravy a zpracov\u00e1n\u00ed d\u0159eva (v\u00fdroba suroviny pro n\u00e1bytek nebo d\u0159ev\u011bn\u00fdch \u0161t\u011bpek).<\/p>\n<\/li>\n<li>\n<p><b>Rozmanit\u00e1 mechanizace:<\/b> Ovl\u00e1dejte \u0161irokou \u0161k\u00e1lu sofistikovan\u00fdch stroj\u016f a vozidel, kter\u00e9 usnadn\u00ed t\u011b\u017ebu:<\/p>\n<ul>\n<li>\n<p>Origin\u00e1ln\u00ed motorov\u00e1 pila Stihl<\/p>\n<\/li>\n<li>\n<p>2 r\u016fzn\u00e9 pily<\/p>\n<\/li>\n<li>\n<p>K\u00e1cec\u00ed bagr<\/p>\n<\/li>\n<li>\n<p>Traktor Bloch<\/p>\n<\/li>\n<li>\n<p>T\u011b\u017ek\u00fd p\u0159epravn\u00ed v\u016fz<\/p>\n<\/li>\n<\/ul>\n<\/li>\n<li>\n<p><b>Realistick\u00e1 simulace stroj\u016f:<\/b> J\u00edzdn\u00ed chov\u00e1n\u00ed, <b>fyzika a zvl\u00e1\u0161tnosti<\/b> ka\u017ed\u00e9ho stroje jsou <b>dokonale simulov\u00e1ny<\/b>, co\u017e z \u0159ez\u00e1n\u00ed a ta\u017een\u00ed \u010din\u00ed atraktivn\u00ed v\u00fdzvu.<\/p>\n<\/li>\n<li>\n<p><b>Vzru\u0161uj\u00edc\u00ed mise a zak\u00e1zky:<\/b> Pl\u0148te <b>rozmanit\u00e9 zak\u00e1zky a mise<\/b> od z\u00e1kazn\u00edk\u016f a vl\u00e1dn\u00edch dodavatel\u016f, kter\u00e9 vy\u017eaduj\u00ed p\u0159esnost a v\u0161estrann\u00fd talent pro ovl\u00e1d\u00e1n\u00ed techniky.<\/p>\n<\/li>\n<li>\n<p><b>Atmosf\u00e9rick\u00e9 a detailn\u00ed prost\u0159ed\u00ed:<\/b> Hra nab\u00edz\u00ed <b>detailn\u011b propracovan\u00e9 prost\u0159ed\u00ed<\/b> lesnictv\u00ed a pily s realistickou atmosf\u00e9rou, kterou dotv\u00e1\u0159\u00ed:<\/p>\n<ul>\n<li>\n<p>Propracovan\u00e9 st\u0159\u00edd\u00e1n\u00ed <b>dne a noci<\/b>.<\/p>\n<\/li>\n<li>\n<p><b>Prom\u011bnliv\u00e9 pov\u011btrnostn\u00ed podm\u00ednky<\/b>.<\/p>\n<\/li>\n<li>\n<p>Realistick\u00e9 textury, sv\u011bteln\u00e9 efekty a st\u00edny (zv\u011bt\u0161en\u00e1 oblast viditelnosti oproti p\u0159edch\u016fdc\u016fm).<\/p>\n<\/li>\n<\/ul>\n<\/li>\n<li>\n<p><b>Kooperativn\u00ed Multiplayer:<\/b> Ve <b>v\u00edce hr\u00e1\u010dsk\u00e9m re\u017eimu<\/b> (LAN nebo internet) si m\u016f\u017eete rozd\u011blit \u00fakoly (k\u00e1cen\u00ed, p\u0159eprava, zpracov\u00e1n\u00ed) a zajistit tak maxim\u00e1ln\u00ed efektivitu provozu.<\/p>\n<\/li>\n<li>\n<p><b>Tutori\u00e1l pro nov\u00e1\u010dky:<\/b> Rozs\u00e1hl\u00fd tutori\u00e1l pom\u016f\u017ee ka\u017ed\u00e9mu nov\u00e1\u010dkovi rychle se sezn\u00e1mit s procesy a ovl\u00e1d\u00e1n\u00edm.<\/p>\n<\/li>\n<\/ul>\n<p><b>Holzf\u00e4ller Simulator 2012<\/b> nab\u00edz\u00ed svobodu, ve kter\u00e9 si na sv\u00e9 p\u0159ijdou jak ti, kdo cht\u011bj\u00ed plnit zak\u00e1zky, tak i ti, kte\u0159\u00ed se cht\u011bj\u00ed jen proj\u00ed\u017ed\u011bt lesem a ovl\u00e1dat t\u011b\u017ek\u00e9 stroje.<\/p>\n<p>&nbsp;<\/p>\n<p>Bazarov\u00fd produkt, z\u00e1ruka 12 m\u011bs\u00edc\u016f.<\/p>\n","protected":false},"excerpt":{"rendered":"<p>Holzf\u00e4ller Simulator 2012: Za\u017eijte komplexn\u00ed lesn\u00ed hospod\u00e1\u0159stv\u00ed Holzf\u00e4ller Simulator 2012 (Simul\u00e1tor d\u0159evorubce 2012) p\u0159in\u00e1\u0161\u00ed rozs\u00e1hl\u00fd a fascinuj\u00edc\u00ed hern\u00ed z\u00e1\u017eitek, ve kter\u00e9m poprv\u00e9 vstoup\u00edte do role d\u0159evorubce z pohledu prvn\u00ed osoby s motorovou pilou. Spravujte cel\u00fd lesn\u00ed cyklus \u2013 od k\u00e1cen\u00ed strom\u016f a\u017e po v\u00fdrobu \u0161t\u011bpky a energetickou t\u011b\u017ebu. Kl\u00ed\u010dov\u00e9 vlastnosti a hratelnost: Pohled prvn\u00ed osoby&#8230;<\/p>\n","protected":false},"featured_media":27735,"comment_status":"closed","ping_status":"open","template":"","meta":{"_kadence_starter_templates_imported_post":false,"_kad_post_transparent":"","_kad_post_title":"","_kad_post_layout":"","_kad_post_sidebar_id":"","_kad_post_content_style":"","_kad_post_vertical_padding":"","_kad_post_feature":"","_kad_post_feature_position":"","_kad_post_header":false,"_kad_post_footer":false,"_kad_post_classname":""},"product_brand":[],"product_cat":[2476,2429,2478,2477],"product_tag":[],"class_list":{"0":"post-27734","1":"product","2":"type-product","3":"status-publish","4":"has-post-thumbnail","6":"product_cat-gaming","7":"product_cat-heureka-cz","8":"product_cat-hry-na-pc","9":"product_cat-hry-na-pc-a-konzole","11":"first","12":"instock","13":"taxable","14":"shipping-taxable","15":"purchasable","16":"product-type-simple","17":"entry","18":"content-bg","19":"loop-entry"},"_links":{"self":[{"href":"http:\/\/www.outlet-electro.cz\/index.php\/wp-json\/wp\/v2\/product\/27734","targetHints":{"allow":["GET"]}}],"collection":[{"href":"http:\/\/www.outlet-electro.cz\/index.php\/wp-json\/wp\/v2\/product"}],"about":[{"href":"http:\/\/www.outlet-electro.cz\/index.php\/wp-json\/wp\/v2\/types\/product"}],"replies":[{"embeddable":true,"href":"http:\/\/www.outlet-electro.cz\/index.php\/wp-json\/wp\/v2\/comments?post=27734"}],"wp:featuredmedia":[{"embeddable":true,"href":"http:\/\/www.outlet-electro.cz\/index.php\/wp-json\/wp\/v2\/media\/27735"}],"wp:attachment":[{"href":"http:\/\/www.outlet-electro.cz\/index.php\/wp-json\/wp\/v2\/media?parent=27734"}],"wp:term":[{"taxonomy":"product_brand","embeddable":true,"href":"http:\/\/www.outlet-electro.cz\/index.php\/wp-json\/wp\/v2\/product_brand?post=27734"},{"taxonomy":"product_cat","embeddable":true,"href":"http:\/\/www.outlet-electro.cz\/index.php\/wp-json\/wp\/v2\/product_cat?post=27734"},{"taxonomy":"product_tag","embeddable":true,"href":"http:\/\/www.outlet-electro.cz\/index.php\/wp-json\/wp\/v2\/product_tag?post=27734"}],"curies":[{"name":"wp","href":"https:\/\/api.w.org\/{rel}","templated":true}]}}