{"id":27732,"date":"2026-01-26T11:25:45","date_gmt":"2026-01-26T10:25:45","guid":{"rendered":"https:\/\/www.outlet-electro.cz\/index.php\/produkt\/vinoteka-klarstein-vinamour-48-uno\/"},"modified":"2026-01-26T11:25:46","modified_gmt":"2026-01-26T10:25:46","slug":"vinoteka-klarstein-vinamour-48-uno","status":"publish","type":"product","link":"http:\/\/www.outlet-electro.cz\/index.php\/produkt\/vinoteka-klarstein-vinamour-48-uno\/","title":{"rendered":"Vinot\u00e9ka Klarstein Vinamour 48 Uno"},"content":{"rendered":"<p><b>Vinot\u00e9ka Klarstein Vinamour 48 Uno \u2013 Perfektn\u00ed po\u017eitek z v\u00edna ve stylov\u00e9m proveden\u00ed<\/b><\/p>\n<p>Vinot\u00e9ka <b>Klarstein Vinamour 48 Uno<\/b> je voln\u011b stoj\u00edc\u00ed lednice navr\u017een\u00e1 pro stylov\u00e9 a modern\u00ed ulo\u017een\u00ed a temperov\u00e1n\u00ed va\u0161ich v\u00edn, a to jak v dom\u00e1cnostech, tak i v barech a restaurac\u00edch. Nab\u00edz\u00ed ide\u00e1ln\u00ed podm\u00ednky pro ten nejlep\u0161\u00ed po\u017eitek z v\u00edna.<\/p>\n<p><b>Kl\u00ed\u010dov\u00e9 vlastnosti a parametry:<\/b><\/p>\n<ul>\n<li>\n<p><b>Kapacita:<\/b> Velkorys\u00fd objem <b>128 litr\u016f<\/b> pojme a\u017e <b>48 lahv\u00ed<\/b> v\u00edna. Spodn\u00ed p\u0159ihr\u00e1dka je vhodn\u00e1 i pro ulo\u017een\u00ed lahv\u00ed \u0161ampa\u0148sk\u00e9ho.<\/p>\n<\/li>\n<li>\n<p><b>Regulace teploty:<\/b> Jedna chladic\u00ed z\u00f3na s <b>kompresn\u00edm chlazen\u00edm<\/b> a p\u0159esnou regulac\u00ed teploty <b>od 4 do 18 \u00b0C<\/b>. Teplota se nastavuje na stupe\u0148 p\u0159esn\u011b.<\/p>\n<\/li>\n<li>\n<p><b>Ovl\u00e1d\u00e1n\u00ed:<\/b> P\u0159ehledn\u00fd a modern\u00ed <b>dotykov\u00fd ovl\u00e1dac\u00ed panel<\/b> se zobrazen\u00edm teploty ve \u00b0C nebo \u00b0F.<\/p>\n<\/li>\n<li>\n<p><b>Prezentace v\u00edna:<\/b> <b>Dvoust\u011bnn\u00e9 sklen\u011bn\u00e9 p\u0159edn\u00ed dve\u0159e<\/b> zaji\u0161\u0165uj\u00ed sofistikovanou prezentaci. Sc\u00e9nu dotv\u00e1\u0159\u00ed <b>p\u0159ep\u00ednateln\u00e9 vnit\u0159n\u00ed osv\u011btlen\u00ed<\/b>.<\/p>\n<\/li>\n<li>\n<p><b>Ulo\u017een\u00ed:<\/b> V\u00edna jsou ulo\u017eena na <b>3 elegantn\u00edch policov\u00fdch z\u00e1suvk\u00e1ch z d\u0159eva<\/b>.<\/p>\n<\/li>\n<li>\n<p><b>Design a proveden\u00ed:<\/b> Stylov\u00fd voln\u011b stoj\u00edc\u00ed spot\u0159ebi\u010d. Dve\u0159n\u00ed z\u00e1v\u011bs je vpravo a nen\u00ed vym\u011bniteln\u00fd. Vinot\u00e9ka disponuje <b>v\u00fd\u0161kov\u011b nastaviteln\u00fdmi no\u017ei\u010dkami<\/b> a <b>bezpe\u010dnostn\u00edm z\u00e1mkem se 2 kl\u00ed\u010di<\/b>.<\/p>\n<\/li>\n<li>\n<p><b>Provozn\u00ed hlu\u010dnost:<\/b> Tich\u00fd provoz s maxim\u00e1ln\u00ed hlu\u010dnost\u00ed <b>42 dB<\/b>.<\/p>\n<\/li>\n<li>\n<p><b>Rozm\u011bry (\u0160xVxH):<\/b> cca <span class=\"math-inline\"><span class=\"katex\"><span class=\"katex-html\" aria-hidden=\"true\"><span class=\"base\"><span class=\"strut\"><\/span><span class=\"mord\">54<\/span><span class=\"mspace\"><\/span><span class=\"mbin\">\u00d7<\/span><span class=\"mspace\"><\/span><\/span><span class=\"base\"><span class=\"strut\"><\/span><span class=\"mord\">84<\/span><span class=\"mspace\"><\/span><span class=\"mbin\">\u00d7<\/span><span class=\"mspace\"><\/span><\/span><span class=\"base\"><span class=\"strut\"><\/span><span class=\"mord\">58<\/span><\/span><\/span><\/span><\/span> cm.<\/p>\n<\/li>\n<li>\n<p><b>Energetick\u00e1 \u00fa\u010dinnost:<\/b> T\u0159\u00edda G (ro\u010dn\u00ed spot\u0159eba energie: 159,87 kWh\/rok).<\/p>\n<\/li>\n<li>\n<p><b>Chladivo:<\/b> R600a.<\/p>\n<\/li>\n<\/ul>\n<p><b>Klarstein Vinamour 48 Uno<\/b> je tak stylovou ozdobou, kter\u00e1 zajist\u00ed, \u017ee va\u0161e v\u00edna budou v\u017edy pod\u00e1v\u00e1na p\u0159i ide\u00e1ln\u00ed teplot\u011b.<\/p>\n<p>&nbsp;<\/p>\n<p>U vinot\u00e9ky jsou lehce napraskl\u00e9 police. Bez vlivu na funk\u010dnost.<\/p>\n<p>Bazarov\u00fd produkt, z\u00e1ruka 12 m\u011bs\u00edc\u016f.<\/p>\n","protected":false},"excerpt":{"rendered":"<p>Vinot\u00e9ka Klarstein Vinamour 48 Uno \u2013 Perfektn\u00ed po\u017eitek z v\u00edna ve stylov\u00e9m proveden\u00ed Vinot\u00e9ka Klarstein Vinamour 48 Uno je voln\u011b stoj\u00edc\u00ed lednice navr\u017een\u00e1 pro stylov\u00e9 a modern\u00ed ulo\u017een\u00ed a temperov\u00e1n\u00ed va\u0161ich v\u00edn, a to jak v dom\u00e1cnostech, tak i v barech a restaurac\u00edch. Nab\u00edz\u00ed ide\u00e1ln\u00ed podm\u00ednky pro ten nejlep\u0161\u00ed po\u017eitek z v\u00edna. Kl\u00ed\u010dov\u00e9 vlastnosti a&#8230;<\/p>\n","protected":false},"featured_media":27733,"comment_status":"closed","ping_status":"open","template":"","meta":{"_kadence_starter_templates_imported_post":false,"_kad_post_transparent":"","_kad_post_title":"","_kad_post_layout":"","_kad_post_sidebar_id":"","_kad_post_content_style":"","_kad_post_vertical_padding":"","_kad_post_feature":"","_kad_post_feature_position":"","_kad_post_header":false,"_kad_post_footer":false,"_kad_post_classname":""},"product_brand":[],"product_cat":[465,2429,349,348,507],"product_tag":[],"class_list":{"0":"post-27732","1":"product","2":"type-product","3":"status-publish","4":"has-post-thumbnail","6":"product_cat-chlazeni-a-mrazeni","7":"product_cat-heureka-cz","8":"product_cat-spotrebice-do-kuchyne","9":"product_cat-velke-spotrebice","10":"product_cat-vinoteky","12":"first","13":"instock","14":"taxable","15":"shipping-taxable","16":"purchasable","17":"product-type-simple","18":"entry","19":"content-bg","20":"loop-entry"},"_links":{"self":[{"href":"http:\/\/www.outlet-electro.cz\/index.php\/wp-json\/wp\/v2\/product\/27732","targetHints":{"allow":["GET"]}}],"collection":[{"href":"http:\/\/www.outlet-electro.cz\/index.php\/wp-json\/wp\/v2\/product"}],"about":[{"href":"http:\/\/www.outlet-electro.cz\/index.php\/wp-json\/wp\/v2\/types\/product"}],"replies":[{"embeddable":true,"href":"http:\/\/www.outlet-electro.cz\/index.php\/wp-json\/wp\/v2\/comments?post=27732"}],"wp:featuredmedia":[{"embeddable":true,"href":"http:\/\/www.outlet-electro.cz\/index.php\/wp-json\/wp\/v2\/media\/27733"}],"wp:attachment":[{"href":"http:\/\/www.outlet-electro.cz\/index.php\/wp-json\/wp\/v2\/media?parent=27732"}],"wp:term":[{"taxonomy":"product_brand","embeddable":true,"href":"http:\/\/www.outlet-electro.cz\/index.php\/wp-json\/wp\/v2\/product_brand?post=27732"},{"taxonomy":"product_cat","embeddable":true,"href":"http:\/\/www.outlet-electro.cz\/index.php\/wp-json\/wp\/v2\/product_cat?post=27732"},{"taxonomy":"product_tag","embeddable":true,"href":"http:\/\/www.outlet-electro.cz\/index.php\/wp-json\/wp\/v2\/product_tag?post=27732"}],"curies":[{"name":"wp","href":"https:\/\/api.w.org\/{rel}","templated":true}]}}