{"id":27730,"date":"2026-01-26T11:25:45","date_gmt":"2026-01-26T10:25:45","guid":{"rendered":"https:\/\/www.outlet-electro.cz\/index.php\/produkt\/dekorativni-zavesna-snehova-vlocka\/"},"modified":"2026-01-26T11:25:46","modified_gmt":"2026-01-26T10:25:46","slug":"dekorativni-zavesna-snehova-vlocka","status":"publish","type":"product","link":"http:\/\/www.outlet-electro.cz\/index.php\/produkt\/dekorativni-zavesna-snehova-vlocka\/","title":{"rendered":"Dekorativn\u00ed z\u00e1v\u011bsn\u00e1 sn\u011bhov\u00e1 vlo\u010dka"},"content":{"rendered":"<h2 dir=\"ltr\">\u200bDekorativn\u00ed 3D ti\u0161t\u011bn\u00e1 sn\u011bhov\u00e1 vlo\u010dka mix<\/h2>\n<p dir=\"ltr\">\u200bDodejte sv\u00e9mu interi\u00e9ru <b>sv\u00e1te\u010dn\u00ed a zimn\u00ed atmosf\u00e9ru<\/b> s t\u00edmto mixem&nbsp;<b>dekorativn\u00edch z\u00e1v\u011bsn\u00fdch sn\u011bhov\u00fdch vlo\u010dek<\/b>.<\/p>\n<p dir=\"ltr\">\u200bVlo\u010dky jsou <b>vytvo\u0159eny pomoc\u00ed modern\u00ed technologie 3D tisku<\/b>, co\u017e zaji\u0161\u0165uje precizn\u00ed a detailn\u00ed tvar. Jsou vyrobeny z odoln\u00e9ho materi\u00e1lu <b>PETG<\/b> v klasick\u00e9 <b>b\u00edl\u00e9 barv\u011b<\/b>, kter\u00e1 se hod\u00ed do ka\u017ed\u00e9ho prostoru.<\/p>\n<p dir=\"ltr\">\u200bJsou ide\u00e1ln\u00ed k zav\u011b\u0161en\u00ed do oken, na v\u00e1no\u010dn\u00ed strome\u010dek, nebo k v\u00fdzdob\u011b jak\u00e9hokoli koutu va\u0161eho domova.<\/p>\n<p dir=\"ltr\">\u200b<b>Mo\u017enost personalizace:<\/b><\/p>\n<ul>\n<li dir=\"ltr\">\u200bM\u00e1te z\u00e1jem o jinou barvu, tvar nebo velikost?<\/li>\n<li dir=\"ltr\">\u200bPo <b>p\u0159edchoz\u00ed domluv\u011b<\/b> je <b>mo\u017en\u00fd tisk jin\u00fdch tvar\u016f, barev a velikost\u00ed<\/b> p\u0159esn\u011b podle va\u0161ich p\u0159edstav<\/li>\n<\/ul>\n<p>Uv\u00e1d\u011bn\u00e1 cena je za 1ks!<\/p>\n","protected":false},"excerpt":{"rendered":"<p>\u200bDekorativn\u00ed 3D ti\u0161t\u011bn\u00e1 sn\u011bhov\u00e1 vlo\u010dka mix \u200bDodejte sv\u00e9mu interi\u00e9ru sv\u00e1te\u010dn\u00ed a zimn\u00ed atmosf\u00e9ru s t\u00edmto mixem&nbsp;dekorativn\u00edch z\u00e1v\u011bsn\u00fdch sn\u011bhov\u00fdch vlo\u010dek. \u200bVlo\u010dky jsou vytvo\u0159eny pomoc\u00ed modern\u00ed technologie 3D tisku, co\u017e zaji\u0161\u0165uje precizn\u00ed a detailn\u00ed tvar. Jsou vyrobeny z odoln\u00e9ho materi\u00e1lu PETG v klasick\u00e9 b\u00edl\u00e9 barv\u011b, kter\u00e1 se hod\u00ed do ka\u017ed\u00e9ho prostoru. \u200bJsou ide\u00e1ln\u00ed k zav\u011b\u0161en\u00ed do oken,&#8230;<\/p>\n","protected":false},"featured_media":27731,"comment_status":"closed","ping_status":"open","template":"","meta":{"_kadence_starter_templates_imported_post":false,"_kad_post_transparent":"","_kad_post_title":"","_kad_post_layout":"","_kad_post_sidebar_id":"","_kad_post_content_style":"","_kad_post_vertical_padding":"","_kad_post_feature":"","_kad_post_feature_position":"","_kad_post_header":false,"_kad_post_footer":false,"_kad_post_classname":""},"product_brand":[],"product_cat":[379,549,2429,1876,1877,2124],"product_tag":[],"class_list":{"0":"post-27730","1":"product","2":"type-product","3":"status-publish","4":"has-post-thumbnail","6":"product_cat-bydleni-a-doplnky","7":"product_cat-bytove-dekorace","8":"product_cat-heureka-cz","9":"product_cat-svatecni-dekorace","10":"product_cat-vanoce","11":"product_cat-vanocni-dekorace","13":"first","14":"instock","15":"taxable","16":"shipping-taxable","17":"purchasable","18":"product-type-simple","19":"entry","20":"content-bg","21":"loop-entry"},"_links":{"self":[{"href":"http:\/\/www.outlet-electro.cz\/index.php\/wp-json\/wp\/v2\/product\/27730","targetHints":{"allow":["GET"]}}],"collection":[{"href":"http:\/\/www.outlet-electro.cz\/index.php\/wp-json\/wp\/v2\/product"}],"about":[{"href":"http:\/\/www.outlet-electro.cz\/index.php\/wp-json\/wp\/v2\/types\/product"}],"replies":[{"embeddable":true,"href":"http:\/\/www.outlet-electro.cz\/index.php\/wp-json\/wp\/v2\/comments?post=27730"}],"wp:featuredmedia":[{"embeddable":true,"href":"http:\/\/www.outlet-electro.cz\/index.php\/wp-json\/wp\/v2\/media\/27731"}],"wp:attachment":[{"href":"http:\/\/www.outlet-electro.cz\/index.php\/wp-json\/wp\/v2\/media?parent=27730"}],"wp:term":[{"taxonomy":"product_brand","embeddable":true,"href":"http:\/\/www.outlet-electro.cz\/index.php\/wp-json\/wp\/v2\/product_brand?post=27730"},{"taxonomy":"product_cat","embeddable":true,"href":"http:\/\/www.outlet-electro.cz\/index.php\/wp-json\/wp\/v2\/product_cat?post=27730"},{"taxonomy":"product_tag","embeddable":true,"href":"http:\/\/www.outlet-electro.cz\/index.php\/wp-json\/wp\/v2\/product_tag?post=27730"}],"curies":[{"name":"wp","href":"https:\/\/api.w.org\/{rel}","templated":true}]}}