{"id":27728,"date":"2026-01-26T11:25:45","date_gmt":"2026-01-26T10:25:45","guid":{"rendered":"https:\/\/www.outlet-electro.cz\/index.php\/produkt\/vanocni-stromecek-s-ozdobami\/"},"modified":"2026-01-26T11:25:46","modified_gmt":"2026-01-26T10:25:46","slug":"vanocni-stromecek-s-ozdobami","status":"publish","type":"product","link":"http:\/\/www.outlet-electro.cz\/index.php\/produkt\/vanocni-stromecek-s-ozdobami\/","title":{"rendered":"V\u00e1no\u010dn\u00ed strome\u010dek s ozdobami"},"content":{"rendered":"<h2>  3D Ti\u0161t\u011bn\u00fd V\u00e1no\u010dn\u00ed Strome\u010dek s Ozdobami  <\/h2>\n<p>&nbsp;<\/p>\n<p>P\u0159ineste si do domova modern\u00ed a origin\u00e1ln\u00ed v\u00e1no\u010dn\u00ed dekoraci! Tento <b>okouzluj\u00edc\u00ed v\u00e1no\u010dn\u00ed strome\u010dek<\/b> je vytvo\u0159en precizn\u00ed technologi\u00ed <b>3D tisku<\/b> a je dod\u00e1v\u00e1n v\u010detn\u011b detailn\u011b zpracovan\u00fdch ozdob.<\/p>\n<div class=\"horizontal-scroll-wrapper\">\n<div class=\"table-block-component\"><response-element class=\"\" ng-version=\"0.0.0-PLACEHOLDER\"><table-block _nghost-ng-c3751357119=\"\" class=\"ng-star-inserted\">\n<div _ngcontent-ng-c3751357119=\"\" class=\"table-block has-export-button\">\n<div _ngcontent-ng-c3751357119=\"\" not-end-of-paragraph=\"\" class=\"table-content not-end-of-paragraph\" jslog=\"275421;track:impression,attention\" data-hveid=\"0\" decode-data-ved=\"1\" data-ved=\"0CAAQ3ecQahcKEwiuiMXprfuPAxUAAAAAHQAAAAAQYw\">\n<table width=\"296\" height=\"82\">\n<thead>\n<tr>\n<td style=\"width: 62.3594px;\"><b>Materi\u00e1l<\/b><\/td>\n<td style=\"width: 232.641px;\"><b>PETG<\/b> (odoln\u00fd, recyklovateln\u00fd plast)<\/td>\n<\/tr>\n<\/thead>\n<tbody>\n<tr>\n<td style=\"width: 62.3594px;\"><b>Rozm\u011bry<\/b><\/td>\n<td style=\"width: 232.641px;\"><b>V\u00fd\u0161ka:<\/b> 15 cm, <b>\u0160\u00ed\u0159ka:<\/b> 8 cm<\/td>\n<\/tr>\n<tr>\n<td style=\"width: 62.3594px;\"><b>Barva<\/b><\/td>\n<td style=\"width: 232.641px;\">Viz aktu\u00e1ln\u00ed fotografie<\/td>\n<\/tr>\n<\/tbody>\n<\/table>\n<\/div>\n<\/div>\n<\/table-block><\/response-element><\/div>\n<\/div>\n<p><b>Kl\u00ed\u010dov\u00e9 vlastnosti:<\/b><\/p>\n<ul>\n<li>\n<p><b>Origin\u00e1ln\u00ed design:<\/b> Strome\u010dek a ozdoby jsou navr\u017eeny pro unik\u00e1tn\u00ed vzhled, kter\u00fd vynikne na poli\u010dce, stole nebo jako mil\u00fd d\u00e1rek.<\/p>\n<\/li>\n<li>\n<p><b>Odoln\u00fd materi\u00e1l:<\/b> Pou\u017eit\u00fd materi\u00e1l <b>PETG<\/b> je zn\u00e1m\u00fd svou pevnost\u00ed a trvanlivost\u00ed.<\/p>\n<\/li>\n<\/ul>\n<p>&nbsp;<\/p>\n<h3>  Chcete jinou barvu \u010di velikost?<\/h3>\n<p>&nbsp;<\/p>\n<p>Nab\u00edz\u00edme mo\u017enost tisku i v <b>jin\u00fdch barv\u00e1ch<\/b> a <b>velikostech<\/b> p\u0159esn\u011b podle va\u0161ich p\u0159edstav! Nev\u00e1hejte n\u00e1s <b>kontaktovat p\u0159ed objedn\u00e1n\u00edm<\/b> a domluv\u00edme detaily. Kontaktujte n\u00e1s i v p\u0159\u00edpad\u011b tisku v\u00edce kus\u016f.<\/p>\n<p>&nbsp;<\/p>\n<p><b>Ide\u00e1ln\u00ed jako:<\/b> D\u00e1rkov\u00fd p\u0159edm\u011bt, dekorace do bytu nebo kancel\u00e1\u0159e, dopln\u011bk k modelu krajiny.<\/p>\n<p>&nbsp;<\/p>\n<p>&nbsp;<\/p>\n","protected":false},"excerpt":{"rendered":"<p>3D Ti\u0161t\u011bn\u00fd V\u00e1no\u010dn\u00ed Strome\u010dek s Ozdobami &nbsp; P\u0159ineste si do domova modern\u00ed a origin\u00e1ln\u00ed v\u00e1no\u010dn\u00ed dekoraci! Tento okouzluj\u00edc\u00ed v\u00e1no\u010dn\u00ed strome\u010dek je vytvo\u0159en precizn\u00ed technologi\u00ed 3D tisku a je dod\u00e1v\u00e1n v\u010detn\u011b detailn\u011b zpracovan\u00fdch ozdob. Materi\u00e1l PETG (odoln\u00fd, recyklovateln\u00fd plast) Rozm\u011bry V\u00fd\u0161ka: 15 cm, \u0160\u00ed\u0159ka: 8 cm Barva Viz aktu\u00e1ln\u00ed fotografie Kl\u00ed\u010dov\u00e9 vlastnosti: Origin\u00e1ln\u00ed design: Strome\u010dek a&#8230;<\/p>\n","protected":false},"featured_media":27729,"comment_status":"closed","ping_status":"open","template":"","meta":{"_kadence_starter_templates_imported_post":false,"_kad_post_transparent":"","_kad_post_title":"","_kad_post_layout":"","_kad_post_sidebar_id":"","_kad_post_content_style":"","_kad_post_vertical_padding":"","_kad_post_feature":"","_kad_post_feature_position":"","_kad_post_header":false,"_kad_post_footer":false,"_kad_post_classname":""},"product_brand":[],"product_cat":[379,549,2429,1876,1877,2124],"product_tag":[],"class_list":{"0":"post-27728","1":"product","2":"type-product","3":"status-publish","4":"has-post-thumbnail","6":"product_cat-bydleni-a-doplnky","7":"product_cat-bytove-dekorace","8":"product_cat-heureka-cz","9":"product_cat-svatecni-dekorace","10":"product_cat-vanoce","11":"product_cat-vanocni-dekorace","13":"first","14":"instock","15":"taxable","16":"shipping-taxable","17":"purchasable","18":"product-type-simple","19":"entry","20":"content-bg","21":"loop-entry"},"_links":{"self":[{"href":"http:\/\/www.outlet-electro.cz\/index.php\/wp-json\/wp\/v2\/product\/27728","targetHints":{"allow":["GET"]}}],"collection":[{"href":"http:\/\/www.outlet-electro.cz\/index.php\/wp-json\/wp\/v2\/product"}],"about":[{"href":"http:\/\/www.outlet-electro.cz\/index.php\/wp-json\/wp\/v2\/types\/product"}],"replies":[{"embeddable":true,"href":"http:\/\/www.outlet-electro.cz\/index.php\/wp-json\/wp\/v2\/comments?post=27728"}],"wp:featuredmedia":[{"embeddable":true,"href":"http:\/\/www.outlet-electro.cz\/index.php\/wp-json\/wp\/v2\/media\/27729"}],"wp:attachment":[{"href":"http:\/\/www.outlet-electro.cz\/index.php\/wp-json\/wp\/v2\/media?parent=27728"}],"wp:term":[{"taxonomy":"product_brand","embeddable":true,"href":"http:\/\/www.outlet-electro.cz\/index.php\/wp-json\/wp\/v2\/product_brand?post=27728"},{"taxonomy":"product_cat","embeddable":true,"href":"http:\/\/www.outlet-electro.cz\/index.php\/wp-json\/wp\/v2\/product_cat?post=27728"},{"taxonomy":"product_tag","embeddable":true,"href":"http:\/\/www.outlet-electro.cz\/index.php\/wp-json\/wp\/v2\/product_tag?post=27728"}],"curies":[{"name":"wp","href":"https:\/\/api.w.org\/{rel}","templated":true}]}}