{"id":27717,"date":"2026-01-26T11:25:45","date_gmt":"2026-01-26T10:25:45","guid":{"rendered":"https:\/\/www.outlet-electro.cz\/index.php\/produkt\/stolni-ventilator-sencor-sfe-4037wh-eue3\/"},"modified":"2026-01-26T11:25:46","modified_gmt":"2026-01-26T10:25:46","slug":"stolni-ventilator-sencor-sfe-4037wh-eue3","status":"publish","type":"product","link":"http:\/\/www.outlet-electro.cz\/index.php\/produkt\/stolni-ventilator-sencor-sfe-4037wh-eue3\/","title":{"rendered":"Stoln\u00ed ventil\u00e1tor Sencor SFE 4037WH-EUE3"},"content":{"rendered":"<h2>Stoln\u00ed ventil\u00e1tor Sencor SFE 4037WH-EUE3: V\u00e1\u0161 osobn\u00ed &#8222;v\u011btrn\u00fd ml\u00fdn&#8220; proti horku!<\/h2>\n<p>&nbsp;<\/p>\n<p>U\u017e v\u00e1s nebav\u00ed ty nekone\u010dn\u00e9 letn\u00ed dny, kdy se c\u00edt\u00edte jako rozpu\u0161t\u011bn\u00e1 zmrzlina? Pak je tu <b>stoln\u00ed ventil\u00e1tor Sencor SFE 4037WH-EUE3<\/b>, aby s t\u00edm ud\u011blal kr\u00e1tk\u00fd proces! S <b>vrtulemi o d\u00e9lce 40 cm<\/b> dok\u00e1\u017ee b\u011bhem chvilky vytvo\u0159it takov\u00fd sv\u011b\u017e\u00ed proud vzduchu, \u017ee na horko zapomenete d\u0159\u00edv, ne\u017e \u0159eknete &#8222;Sencor!&#8220;.<\/p>\n<hr \/>\n<p>&nbsp;<\/p>\n<h3>Pohod\u00e1\u0159, co se vejde v\u0161ude a osv\u011b\u017e\u00ed cokoli<\/h3>\n<p>&nbsp;<\/p>\n<p>Tenhle ventil\u00e1tor je prost\u011b kus! M\u00e1 <b>ide\u00e1ln\u00ed m\u00edry, n\u00edzkou hmotnost a dlouh\u00fd nap\u00e1jec\u00ed kabel<\/b>, tak\u017ee s n\u00edm m\u016f\u017eete velice pohodln\u011b manipulovat. Vezm\u011bte si ho kamkoli pot\u0159ebujete osv\u011b\u017eit \u2013 dom\u016f, do pr\u00e1ce, nebo klidn\u011b i na cesty! Vejde se v\u0161ude a nebude v\u00e1m p\u0159ek\u00e1\u017eet. Je zkr\u00e1tka skv\u011bl\u00fd spole\u010dn\u00edk, co se v\u00e1m v l\u00e9t\u011b bude hodit v\u00edc ne\u017e lednice pln\u00e1 zmrzliny.<\/p>\n<p>A\u0165 u\u017e je venku &#8222;jenom&#8220; vedro nebo pekeln\u00e1 v\u00fdhe\u0148, nemus\u00edte se b\u00e1t, \u017ee by se Sencor SFE 4037WH-EUE3 nep\u0159izp\u016fsobil. S <b>t\u0159emi rychlostn\u00edmi stupni<\/b>, kter\u00e9 snadno p\u0159ep\u00edn\u00e1te oto\u010den\u00edm regul\u00e1toru, si nastav\u00edte intenzitu osv\u011b\u017een\u00ed podle libosti. A aby toho nebylo m\u00e1lo, <b>sp\u00edna\u010dem regulujete i sm\u011br proudu vzduchu<\/b> a zapnete <b>automatickou horizont\u00e1ln\u00ed rotaci v \u00fahlu 90\u00b0<\/b> (nebo ji vypnete, kdy\u017e chcete m\u00edt v\u00e1nek jen pro sebe). Zajist\u00ed v\u00e1m tak skv\u011bl\u00e9 klima v jak\u00e9koli m\u00edstnosti!<\/p>\n<hr \/>\n<p>&nbsp;<\/p>\n<h3>\u0160et\u0159\u00ed energii a hl\u00edd\u00e1 v\u00e1\u0161 sp\u00e1nek jako osobn\u00ed str\u00e1\u017ece<\/h3>\n<p>&nbsp;<\/p>\n<p>P\u0159edstavte si to: sp\u00edte spokojen\u011b, proto\u017ee v\u00e1s neru\u0161\u00ed \u017e\u00e1dn\u00fd hluk. P\u0159esn\u011b to v\u00e1m Sencor SFE 4037WH-EUE3 nab\u00eddne! Vyzna\u010duje se <b>tich\u00fdm chodem s pouh\u00fdmi 50 dB(A)<\/b>, tak\u017ee si m\u016f\u017eete dop\u0159\u00e1t plnohodnotn\u00fd a neru\u0161en\u00fd sp\u00e1nek. Probud\u00edte se r\u00e1no s osv\u011b\u017euj\u00edc\u00edm pocitem, jako byste spali v klimatizovan\u00e9 jeskyni. A co v\u00edc, s <b>p\u0159\u00edkonem pouh\u00fdch 50 W<\/b> uspo\u0159\u00ed spoustu elektrick\u00e9 energie. M\u016f\u017ee v\u00e1s osv\u011b\u017eovat cel\u00fd den i noc, ani\u017e byste se b\u00e1li vysok\u00fdch \u00fa\u010dt\u016f.<\/p>\n<hr \/>\n<p>&nbsp;<\/p>\n<h3>Bezpe\u010d\u00ed p\u0159edev\u0161\u00edm (i pro va\u0161e zv\u00ed\u0159\u00e1tka!)<\/h3>\n<p>&nbsp;<\/p>\n<p>Sencor myslel na v\u0161echno, kdy\u017e jde o bezpe\u010dnost \u2013 na d\u011bti, dosp\u011bl\u00e9, chlupat\u00e9 mazl\u00ed\u010dky i dom\u00e1c\u00ed fl\u00f3ru. Tenhle ventil\u00e1tor je <b>stoprocentn\u011b bezpe\u010dn\u00fd a spolehliv\u00fd<\/b> d\u00edky t\u0159em chytr\u00fdm pojistk\u00e1m:<\/p>\n<ol start=\"1\">\n<li>\n<p><b>Pojistka proti p\u0159eh\u0159\u00e1t\u00ed:<\/b> M\u016f\u017ee b\u011b\u017eet ve dne v noci, ani\u017e by se mu cokoli stalo.<\/p>\n<\/li>\n<li>\n<p><b>P\u0159edn\u00ed a zadn\u00ed kovov\u00e1 m\u0159\u00ed\u017eka:<\/b> Ta chr\u00e1n\u00ed prsty (a \u010dum\u00e1ky!) p\u0159ed zran\u011bn\u00edm od rotuj\u00edc\u00edch vrtul\u00ed.<\/p>\n<\/li>\n<li>\n<p><b>Protiskluzov\u00e9 no\u017eky:<\/b> Zaji\u0161\u0165uj\u00ed perfektn\u00ed stabilitu na jak\u00e9mkoli povrchu.<\/p>\n<\/li>\n<\/ol>\n<p>S Sencorem SFE 4037WH-EUE3 budete zkr\u00e1tka v\u017edy spokojen\u00ed! Je p\u0159ipraven v\u00e1s zachr\u00e1nit p\u0159ed horkem.<\/p>\n<p>&nbsp;<\/p>\n<p>&nbsp;<\/p>\n<p>Z\u00e1ruka 24 m\u011bs\u00edc\u016f.<\/p>\n","protected":false},"excerpt":{"rendered":"<p>Stoln\u00ed ventil\u00e1tor Sencor SFE 4037WH-EUE3: V\u00e1\u0161 osobn\u00ed &#8222;v\u011btrn\u00fd ml\u00fdn&#8220; proti horku! &nbsp; U\u017e v\u00e1s nebav\u00ed ty nekone\u010dn\u00e9 letn\u00ed dny, kdy se c\u00edt\u00edte jako rozpu\u0161t\u011bn\u00e1 zmrzlina? Pak je tu stoln\u00ed ventil\u00e1tor Sencor SFE 4037WH-EUE3, aby s t\u00edm ud\u011blal kr\u00e1tk\u00fd proces! S vrtulemi o d\u00e9lce 40 cm dok\u00e1\u017ee b\u011bhem chvilky vytvo\u0159it takov\u00fd sv\u011b\u017e\u00ed proud vzduchu, \u017ee na&#8230;<\/p>\n","protected":false},"featured_media":27718,"comment_status":"closed","ping_status":"open","template":"","meta":{"_kadence_starter_templates_imported_post":false,"_kad_post_transparent":"","_kad_post_title":"","_kad_post_layout":"","_kad_post_sidebar_id":"","_kad_post_content_style":"","_kad_post_vertical_padding":"","_kad_post_feature":"","_kad_post_feature_position":"","_kad_post_header":false,"_kad_post_footer":false,"_kad_post_classname":""},"product_brand":[],"product_cat":[400,333,401,2429],"product_tag":[],"class_list":{"0":"post-27717","1":"product","2":"type-product","3":"status-publish","4":"has-post-thumbnail","6":"product_cat-chlazeni-a-topeni","7":"product_cat-domaci-a-osobni-spotrebice","8":"product_cat-domaci-ventilatory","9":"product_cat-heureka-cz","11":"first","12":"instock","13":"taxable","14":"shipping-taxable","15":"purchasable","16":"product-type-simple","17":"entry","18":"content-bg","19":"loop-entry"},"_links":{"self":[{"href":"http:\/\/www.outlet-electro.cz\/index.php\/wp-json\/wp\/v2\/product\/27717","targetHints":{"allow":["GET"]}}],"collection":[{"href":"http:\/\/www.outlet-electro.cz\/index.php\/wp-json\/wp\/v2\/product"}],"about":[{"href":"http:\/\/www.outlet-electro.cz\/index.php\/wp-json\/wp\/v2\/types\/product"}],"replies":[{"embeddable":true,"href":"http:\/\/www.outlet-electro.cz\/index.php\/wp-json\/wp\/v2\/comments?post=27717"}],"wp:featuredmedia":[{"embeddable":true,"href":"http:\/\/www.outlet-electro.cz\/index.php\/wp-json\/wp\/v2\/media\/27718"}],"wp:attachment":[{"href":"http:\/\/www.outlet-electro.cz\/index.php\/wp-json\/wp\/v2\/media?parent=27717"}],"wp:term":[{"taxonomy":"product_brand","embeddable":true,"href":"http:\/\/www.outlet-electro.cz\/index.php\/wp-json\/wp\/v2\/product_brand?post=27717"},{"taxonomy":"product_cat","embeddable":true,"href":"http:\/\/www.outlet-electro.cz\/index.php\/wp-json\/wp\/v2\/product_cat?post=27717"},{"taxonomy":"product_tag","embeddable":true,"href":"http:\/\/www.outlet-electro.cz\/index.php\/wp-json\/wp\/v2\/product_tag?post=27717"}],"curies":[{"name":"wp","href":"https:\/\/api.w.org\/{rel}","templated":true}]}}