{"id":27711,"date":"2026-01-26T11:25:45","date_gmt":"2026-01-26T10:25:45","guid":{"rendered":"https:\/\/www.outlet-electro.cz\/index.php\/produkt\/stolni-ventilator-sencor-sfe-2311bk\/"},"modified":"2026-01-26T11:25:45","modified_gmt":"2026-01-26T10:25:45","slug":"stolni-ventilator-sencor-sfe-2311bk","status":"publish","type":"product","link":"http:\/\/www.outlet-electro.cz\/index.php\/produkt\/stolni-ventilator-sencor-sfe-2311bk\/","title":{"rendered":"Stoln\u00ed ventil\u00e1tor Sencor SFE 2311BK"},"content":{"rendered":"<hr \/>\n<p>&nbsp;<\/p>\n<h2>Stoln\u00ed ventil\u00e1tor Sencor SFE 2311BK: Mal\u00fd, ale par\u00e1dn\u011b v\u011btr\u00e1!<\/h2>\n<p>&nbsp;<\/p>\n<p>U\u017e v\u00e1s nebav\u00ed, \u017ee se v l\u00e9t\u011b pot\u00edte i u ob\u011bda nebo p\u0159i pr\u00e1ci? Pak je <b>stoln\u00ed ventil\u00e1tor Sencor SFE 2311BK<\/b> v\u00e1\u0161 nov\u00fd nejlep\u0161\u00ed kamar\u00e1d! Nenechte se zm\u00e1st jeho <b>mal\u00fdmi rozm\u011bry<\/b> \u2013 tenhle drobek m\u00e1 p\u0159ekvapiv\u011b <b>prima v\u00fdkon<\/b> a postar\u00e1 se o to, abyste si u\u017eili <b>kvalitn\u00ed a rychl\u00e9 osv\u011b\u017een\u00ed<\/b> kdykoli a kdekoli.<\/p>\n<hr \/>\n<p>&nbsp;<\/p>\n<h3>Osv\u011b\u017e\u00ed v\u00e1s i va\u0161e sousedy!<\/h3>\n<p>&nbsp;<\/p>\n<p>S <b>lopatkami o pr\u016fm\u011bru 23 cm<\/b> a <b>dv\u011bma rychlostn\u00edmi stupni<\/b> v\u00e1s Sencor SFE 2311BK zchlad\u00ed jedna radost. A jestli se chcete pod\u011blit o sv\u011b\u017e\u00ed v\u00e1nek i s kolegy nebo rodinou, sta\u010d\u00ed zapnout <b>sp\u00edna\u010d automatick\u00e9 horizont\u00e1ln\u00ed rotace v \u00fahlu 90\u00b0<\/b>. Budete si p\u0159ipadat jako mistr v\u011btru!<\/p>\n<hr \/>\n<p>&nbsp;<\/p>\n<h3>Mistr ticha a bezpe\u010d\u00ed<\/h3>\n<p>&nbsp;<\/p>\n<p>Tenhle ventil\u00e1tor je tak <b>tich\u00fd (jen 51 dB(A))<\/b>, \u017ee ani nebudete v\u011bd\u011bt, \u017ee je v provozu. M\u016f\u017eete ho postavit p\u0159\u00edmo p\u0159ed sebe a nebude v\u00e1s ru\u0161it p\u0159i soust\u0159ed\u011bn\u00ed ani p\u0159i relaxaci. A nav\u00edc m\u00e1 <b>minim\u00e1ln\u00ed spot\u0159ebu energie (p\u0159\u00edkon jen 25 W)<\/b>, tak\u017ee v\u00e1s nezruinuje na \u00fa\u010dtech za elekt\u0159inu.<\/p>\n<p>Sencor SFE 2311BK mysl\u00ed i na bezpe\u010dnost. M\u00e1 <b>p\u0159edn\u00ed a zadn\u00ed ochrannou kovovou m\u0159\u00ed\u017eku<\/b>, kter\u00e1 chr\u00e1n\u00ed prsty p\u0159ed zv\u011bdav\u00fdmi vrtulemi, <b>protiskluzov\u00e9 packy<\/b> pro super stabilitu a <b>pojistku proti p\u0159eh\u0159\u00e1t\u00ed<\/b>. Je zkr\u00e1tka p\u0159ipraven zvl\u00e1dnout i ty nejv\u011bt\u0161\u00ed hork\u00e9 letn\u00ed dny, ani\u017e by se zapotil (na rozd\u00edl od v\u00e1s).<\/p>\n<hr \/>\n<p>&nbsp;<\/p>\n<h3>Hlavn\u00ed p\u0159ednosti, kter\u00e9 mus\u00edte m\u00edt:<\/h3>\n<p>&nbsp;<\/p>\n<ul>\n<li>\n<p><b>2 rychlosti<\/b> pro optim\u00e1ln\u00ed osv\u011b\u017een\u00ed<\/p>\n<\/li>\n<li>\n<p><b>Pr\u016fm\u011br lopatek 23 cm<\/b> pro efektivn\u00ed proud\u011bn\u00ed vzduchu<\/p>\n<\/li>\n<li>\n<p><b>Automatick\u00e1 horizont\u00e1ln\u00ed rotace v \u00fahlu 90\u00b0<\/b> s mo\u017enost\u00ed vypnut\u00ed<\/p>\n<\/li>\n<li>\n<p><b>Nastaviteln\u00fd \u00fahel sklonu<\/b> pro p\u0159esn\u00e9 nasm\u011brov\u00e1n\u00ed vzduchu<\/p>\n<\/li>\n<li>\n<p><b>P\u0159edn\u00ed a zadn\u00ed kovov\u00e1 ochrann\u00e1 m\u0159\u00ed\u017eka<\/b> pro maxim\u00e1ln\u00ed bezpe\u010dnost<\/p>\n<\/li>\n<li>\n<p><b>Protiskluzov\u00e9 no\u017eky<\/b> pro perfektn\u00ed stabilitu<\/p>\n<\/li>\n<li>\n<p><b>Ochrana proti p\u0159eh\u0159\u00e1t\u00ed<\/b> pro klidn\u00fd sp\u00e1nek<\/p>\n<\/li>\n<\/ul>\n<p>Tak co, p\u0159ipraveni na sv\u011b\u017e\u00ed letn\u00ed dny s Sencor SFE 2311BK? U\u017e se na v\u00e1s t\u011b\u0161\u00ed!<\/p>\n<p>&nbsp;<\/p>\n<p>Z\u00e1ruka 24 m\u011bs\u00edc\u016f.<\/p>\n","protected":false},"excerpt":{"rendered":"<p>&nbsp; Stoln\u00ed ventil\u00e1tor Sencor SFE 2311BK: Mal\u00fd, ale par\u00e1dn\u011b v\u011btr\u00e1! &nbsp; U\u017e v\u00e1s nebav\u00ed, \u017ee se v l\u00e9t\u011b pot\u00edte i u ob\u011bda nebo p\u0159i pr\u00e1ci? Pak je stoln\u00ed ventil\u00e1tor Sencor SFE 2311BK v\u00e1\u0161 nov\u00fd nejlep\u0161\u00ed kamar\u00e1d! Nenechte se zm\u00e1st jeho mal\u00fdmi rozm\u011bry \u2013 tenhle drobek m\u00e1 p\u0159ekvapiv\u011b prima v\u00fdkon a postar\u00e1 se o to, abyste&#8230;<\/p>\n","protected":false},"featured_media":27712,"comment_status":"closed","ping_status":"open","template":"","meta":{"_kadence_starter_templates_imported_post":false,"_kad_post_transparent":"","_kad_post_title":"","_kad_post_layout":"","_kad_post_sidebar_id":"","_kad_post_content_style":"","_kad_post_vertical_padding":"","_kad_post_feature":"","_kad_post_feature_position":"","_kad_post_header":false,"_kad_post_footer":false,"_kad_post_classname":""},"product_brand":[],"product_cat":[400,333,401,2429],"product_tag":[],"class_list":{"0":"post-27711","1":"product","2":"type-product","3":"status-publish","4":"has-post-thumbnail","6":"product_cat-chlazeni-a-topeni","7":"product_cat-domaci-a-osobni-spotrebice","8":"product_cat-domaci-ventilatory","9":"product_cat-heureka-cz","11":"first","12":"instock","13":"taxable","14":"shipping-taxable","15":"purchasable","16":"product-type-simple","17":"entry","18":"content-bg","19":"loop-entry"},"_links":{"self":[{"href":"http:\/\/www.outlet-electro.cz\/index.php\/wp-json\/wp\/v2\/product\/27711","targetHints":{"allow":["GET"]}}],"collection":[{"href":"http:\/\/www.outlet-electro.cz\/index.php\/wp-json\/wp\/v2\/product"}],"about":[{"href":"http:\/\/www.outlet-electro.cz\/index.php\/wp-json\/wp\/v2\/types\/product"}],"replies":[{"embeddable":true,"href":"http:\/\/www.outlet-electro.cz\/index.php\/wp-json\/wp\/v2\/comments?post=27711"}],"wp:featuredmedia":[{"embeddable":true,"href":"http:\/\/www.outlet-electro.cz\/index.php\/wp-json\/wp\/v2\/media\/27712"}],"wp:attachment":[{"href":"http:\/\/www.outlet-electro.cz\/index.php\/wp-json\/wp\/v2\/media?parent=27711"}],"wp:term":[{"taxonomy":"product_brand","embeddable":true,"href":"http:\/\/www.outlet-electro.cz\/index.php\/wp-json\/wp\/v2\/product_brand?post=27711"},{"taxonomy":"product_cat","embeddable":true,"href":"http:\/\/www.outlet-electro.cz\/index.php\/wp-json\/wp\/v2\/product_cat?post=27711"},{"taxonomy":"product_tag","embeddable":true,"href":"http:\/\/www.outlet-electro.cz\/index.php\/wp-json\/wp\/v2\/product_tag?post=27711"}],"curies":[{"name":"wp","href":"https:\/\/api.w.org\/{rel}","templated":true}]}}