{"id":27709,"date":"2026-01-26T11:25:45","date_gmt":"2026-01-26T10:25:45","guid":{"rendered":"https:\/\/www.outlet-electro.cz\/index.php\/produkt\/vodeodolny-bluetooth-reproduktor-buxton-bbs-5500-blue\/"},"modified":"2026-01-26T11:25:45","modified_gmt":"2026-01-26T10:25:45","slug":"vodeodolny-bluetooth-reproduktor-buxton-bbs-5500-blue","status":"publish","type":"product","link":"http:\/\/www.outlet-electro.cz\/index.php\/produkt\/vodeodolny-bluetooth-reproduktor-buxton-bbs-5500-blue\/","title":{"rendered":"Vod\u011bodoln\u00fd Bluetooth Reproduktor Buxton BBS 5500 Blue"},"content":{"rendered":"<hr \/>\n<p>&nbsp;<\/p>\n<h2>Vod\u011bodoln\u00fd Bluetooth Reproduktor Buxton BBS 5500 Blue: Party i pod vodou? Pro\u010d ne!<\/h2>\n<p>&nbsp;<\/p>\n<p>U\u017e v\u00e1s nebav\u00ed poslouchat hudbu jenom doma? Nebo se boj\u00edte vz\u00edt reproduktor ven, aby ho neskolil prvn\u00ed de\u0161t\u00edk? S <b>Buxton BBS 5500 Blue<\/b> se na tyhle starosti m\u016f\u017eete vyka\u0161lat! Tenhle <b>nadupan\u00fd, jednodu\u0161e p\u0159enosn\u00fd<\/b> krasavec v\u00e1m dod\u00e1 <b>skv\u011bl\u00fd zvuk do ka\u017ed\u00e9 m\u00edstnosti i ven<\/b> \u2013 a to i kdy\u017e se rozhodne, \u017ee si zaplave.<\/p>\n<hr \/>\n<p>&nbsp;<\/p>\n<h3>Zvuk, kter\u00fd v\u00e1s p\u0159ekvap\u00ed (a va\u0161e sousedy mo\u017en\u00e1 i na\u0161tve!)<\/h3>\n<p>&nbsp;<\/p>\n<p>Na prvn\u00ed pohled se t\u011b\u017eko v\u011b\u0159\u00ed, jak dob\u0159e tenhle kompaktn\u00ed reproduktor hraje. S <b>maxim\u00e1ln\u00edm v\u00fdkonem 30 W<\/b> a <b>plnorozsahov\u00fdm &#8222;Racetrack&#8220; reproduktorem<\/b> dopln\u011bn\u00fdm <b>dv\u011bma pasivn\u00edmi z\u00e1\u0159i\u010di<\/b> a technologi\u00ed <b>Power Bass<\/b>, kter\u00e1 <b>nabud\u00ed a rozdun\u00ed basy<\/b>, si u\u017eijete <b>jasnou a a\u017e p\u0159ekvapiv\u011b dynamickou reprodukci muziky<\/b>.<\/p>\n<p>A to nejlep\u0161\u00ed? S <b>technologi\u00ed TWS (True Wireless Stereo)<\/b> m\u016f\u017eete bezdr\u00e1tov\u011b propojit <b>dva reproduktory BBS 5500<\/b> a z\u00edskat <b>\u0161\u00edlen\u00fd v\u00fdkon 60 W<\/b>! A\u0165 u\u017e se chyst\u00e1te na p\u00e1rty v ob\u00fdv\u00e1ku, na zahrad\u011b, mezi panel\u00e1ky nebo na louce, zvuk bude jako v\u00edno (jen bacha, a\u0165 se z toho v\u00edna nep\u0159estanete bavit!).<\/p>\n<hr \/>\n<p>&nbsp;<\/p>\n<h3>Hraje i pod vodou&nbsp;<\/h3>\n<p>&nbsp;<\/p>\n<p>Nebojte, nikdo po v\u00e1s nechce, abyste s n\u00edm \u0161li \u0161norchlovat, ale <b>vod\u011bodolnost IPX7<\/b> znamen\u00e1, \u017ee <b>odol\u00e1 pono\u0159en\u00ed do jednoho metru pod hladinu po dobu 30 minut<\/b>! V praxi to znamen\u00e1, \u017ee ho <b>nezastav\u00ed ani pr\u016ftr\u017e mra\u010den<\/b>. Hraje za sucha i za de\u0161t\u011b, tak\u017ee va\u0161e venkovn\u00ed party m\u016f\u017ee pokra\u010dovat bez ohledu na po\u010das\u00ed.<\/p>\n<p>S <b>Bluetooth V5.0<\/b> se m\u016f\u017eete vzd\u00e1lit od zdroje hudby <b>a\u017e na 15 metr\u016f<\/b>, co\u017e je dostate\u010dn\u00e1 vzd\u00e1lenost na to, abyste si mohli v klidu doj\u00edt pro dal\u0161\u00ed ob\u010derstven\u00ed, ani\u017e byste p\u0159i\u0161li o rytmus. A k tomu v\u0161emu je je\u0161t\u011b <b>trendy<\/b> \u2013 pota\u017een\u00fd <b>modrou pr\u00e9miovou tkaninou<\/b>.<\/p>\n<hr \/>\n<p>&nbsp;<\/p>\n<h3>Borec, co m\u00e1 v\u0161echno, co pot\u0159ebujete:<\/h3>\n<p>&nbsp;<\/p>\n<ul>\n<li>\n<p><b>Slot na pam\u011b\u0165ovou kartu:<\/b> M\u00e1te obl\u00edben\u00e9 playlisty na microSD kart\u011b? \u017d\u00e1dn\u00fd probl\u00e9m! BBS 5500 je p\u0159ehraje (podporuje FLAC, MP3, WMA).<\/p>\n<\/li>\n<li>\n<p><b>AUX-In vstup:<\/b> Pro ty, co preferuj\u00ed klasick\u00e9 kabelov\u00e9 p\u0159ipojen\u00ed (kabel je sou\u010d\u00e1st\u00ed balen\u00ed, hur\u00e1!).<\/p>\n<\/li>\n<li>\n<p><b>Stavov\u00e9 LED indik\u00e1tory:<\/b> Abyste v\u017edycky v\u011bd\u011bli, co se d\u011bje.<\/p>\n<\/li>\n<li>\n<p><b>Handsfree funkce:<\/b> P\u0159ij\u00edmejte hovory p\u0159\u00edmo p\u0159es reproduktor, ani\u017e byste museli vytahovat telefon z kapsy.<\/p>\n<\/li>\n<li>\n<p><b>Lehk\u00fd jako p\u00edrko (skoro):<\/b> V\u00e1\u017e\u00ed jen <b>557 g<\/b>, tak\u017ee ho snadno hod\u00edte do batohu a vyraz\u00edte za dobrodru\u017estv\u00edm.<\/p>\n<\/li>\n<li>\n<p><b>Dlouh\u00e1 v\u00fddr\u017e baterie:<\/b> S <b>2000 mAh Li-Ion bateri\u00ed<\/b> (neboli 4000 mAh, jak se uv\u00e1d\u00ed v z\u00e1vork\u00e1ch pro zm\u00e1tnut\u00ed nep\u0159\u00edtele) vydr\u017e\u00ed hr\u00e1t <b>a\u017e 9 hodin<\/b> na polovi\u010dn\u00ed hlasitost. A nabije se za <b>m\u00e9n\u011b ne\u017e 2,5 hodiny<\/b> p\u0159es <b>USB-C<\/b>!<\/p>\n<\/li>\n<\/ul>\n<p>Buxton BBS 5500 Blue je prost\u011b borec. Tak co, u\u017e sly\u0161\u00edte ty basy?<\/p>\n<p>&nbsp;<\/p>\n<p>&nbsp;<\/p>\n<p>Z\u00e1ruka 24 m\u011bs\u00edc\u016f.<\/p>\n","protected":false},"excerpt":{"rendered":"<p>&nbsp; Vod\u011bodoln\u00fd Bluetooth Reproduktor Buxton BBS 5500 Blue: Party i pod vodou? Pro\u010d ne! &nbsp; U\u017e v\u00e1s nebav\u00ed poslouchat hudbu jenom doma? Nebo se boj\u00edte vz\u00edt reproduktor ven, aby ho neskolil prvn\u00ed de\u0161t\u00edk? S Buxton BBS 5500 Blue se na tyhle starosti m\u016f\u017eete vyka\u0161lat! Tenhle nadupan\u00fd, jednodu\u0161e p\u0159enosn\u00fd krasavec v\u00e1m dod\u00e1 skv\u011bl\u00fd zvuk do ka\u017ed\u00e9&#8230;<\/p>\n","protected":false},"featured_media":27710,"comment_status":"closed","ping_status":"open","template":"","meta":{"_kadence_starter_templates_imported_post":false,"_kad_post_transparent":"","_kad_post_title":"","_kad_post_layout":"","_kad_post_sidebar_id":"","_kad_post_content_style":"","_kad_post_vertical_padding":"","_kad_post_feature":"","_kad_post_feature_position":"","_kad_post_header":false,"_kad_post_footer":false,"_kad_post_classname":""},"product_brand":[],"product_cat":[428,64,2429,372,362],"product_tag":[],"class_list":{"0":"post-27709","1":"product","2":"type-product","3":"status-publish","4":"has-post-thumbnail","6":"product_cat-bluetooth-reproduktory","7":"product_cat-elektronika","8":"product_cat-heureka-cz","9":"product_cat-reproduktory-soundbary","10":"product_cat-tv-audio-video","12":"first","13":"instock","14":"taxable","15":"shipping-taxable","16":"purchasable","17":"product-type-simple","18":"entry","19":"content-bg","20":"loop-entry"},"_links":{"self":[{"href":"http:\/\/www.outlet-electro.cz\/index.php\/wp-json\/wp\/v2\/product\/27709","targetHints":{"allow":["GET"]}}],"collection":[{"href":"http:\/\/www.outlet-electro.cz\/index.php\/wp-json\/wp\/v2\/product"}],"about":[{"href":"http:\/\/www.outlet-electro.cz\/index.php\/wp-json\/wp\/v2\/types\/product"}],"replies":[{"embeddable":true,"href":"http:\/\/www.outlet-electro.cz\/index.php\/wp-json\/wp\/v2\/comments?post=27709"}],"wp:featuredmedia":[{"embeddable":true,"href":"http:\/\/www.outlet-electro.cz\/index.php\/wp-json\/wp\/v2\/media\/27710"}],"wp:attachment":[{"href":"http:\/\/www.outlet-electro.cz\/index.php\/wp-json\/wp\/v2\/media?parent=27709"}],"wp:term":[{"taxonomy":"product_brand","embeddable":true,"href":"http:\/\/www.outlet-electro.cz\/index.php\/wp-json\/wp\/v2\/product_brand?post=27709"},{"taxonomy":"product_cat","embeddable":true,"href":"http:\/\/www.outlet-electro.cz\/index.php\/wp-json\/wp\/v2\/product_cat?post=27709"},{"taxonomy":"product_tag","embeddable":true,"href":"http:\/\/www.outlet-electro.cz\/index.php\/wp-json\/wp\/v2\/product_tag?post=27709"}],"curies":[{"name":"wp","href":"https:\/\/api.w.org\/{rel}","templated":true}]}}