{"id":27705,"date":"2026-01-26T11:25:45","date_gmt":"2026-01-26T10:25:45","guid":{"rendered":"https:\/\/www.outlet-electro.cz\/index.php\/produkt\/digitalni-budik-s-rychlou-bezdratovou-nabijeckou-sencor-sdc-7600-qi\/"},"modified":"2026-01-26T11:25:45","modified_gmt":"2026-01-26T10:25:45","slug":"digitalni-budik-s-rychlou-bezdratovou-nabijeckou-sencor-sdc-7600-qi","status":"publish","type":"product","link":"http:\/\/www.outlet-electro.cz\/index.php\/produkt\/digitalni-budik-s-rychlou-bezdratovou-nabijeckou-sencor-sdc-7600-qi\/","title":{"rendered":"Digit\u00e1ln\u00ed bud\u00edk s rychlou bezdr\u00e1tovou nab\u00edje\u010dkou Sencor SDC 7600 Qi"},"content":{"rendered":"<hr \/>\n<p>&nbsp;<\/p>\n<h2>Sencor SDC 7600 Qi: Bud\u00edk, co nab\u00edj\u00ed, m\u00edsto aby jen budil!<\/h2>\n<p>&nbsp;<\/p>\n<p>U\u017e v\u00e1s nebav\u00ed rann\u00ed shon, kdy hled\u00e1te nab\u00edje\u010dku pro telefon, zat\u00edmco se sna\u017e\u00edte vypnout otravn\u00fd bud\u00edk? S <b>digit\u00e1ln\u00edm bud\u00edkem Sencor SDC 7600 Qi<\/b> se tohle stane minulost\u00ed! Tenhle fe\u0161\u00e1k na v\u00e1\u0161 no\u010dn\u00ed stolek nejen\u017ee ukazuje \u010das a probud\u00ed v\u00e1s, ale hlavn\u011b se postar\u00e1 o to, aby v\u00e1\u0161 telefon byl po r\u00e1nu nabit\u00fd a p\u0159ipraven\u00fd na nov\u00fd den.<\/p>\n<hr \/>\n<p>&nbsp;<\/p>\n<h3>V\u00edce ne\u017e jen oby\u010dejn\u00fd bud\u00edk<\/h3>\n<p>&nbsp;<\/p>\n<p>P\u0159edstavte si to: Polo\u017e\u00edte telefon na <b>matn\u00fd rovn\u00fd povrch<\/b> bud\u00edku a on se za\u010dne nab\u00edjet <b>integrovanou rychlou bezdr\u00e1tovou nab\u00edje\u010dkou Qi (5W-10W)<\/b>. \u017d\u00e1dn\u00e9 dr\u00e1ty, \u017e\u00e1dn\u00e9 hled\u00e1n\u00ed spr\u00e1vn\u00e9ho konektoru. Jednodu\u0161e kouzlo! A pro ty z v\u00e1s, co maj\u00ed v\u00edce gadget\u016f, je tu je\u0161t\u011b <b>paraleln\u00ed USB-A nab\u00edje\u010dka (5V\/2A)<\/b>, t\u0159eba na chytr\u00e9 hodinky. R\u00e1no vstanete a v\u0161echna va\u0161e za\u0159\u00edzen\u00ed jsou nabit\u00e1 a p\u0159ipraven\u00e1 k akci!<\/p>\n<hr \/>\n<p>&nbsp;<\/p>\n<h3>Stylov\u00fd dopln\u011bk pro modern\u00ed lo\u017enici<\/h3>\n<p>&nbsp;<\/p>\n<p>Sencor SDC 7600 Qi nen\u00ed jen praktick\u00fd pomocn\u00edk, ale i <b>estetick\u00fd dopln\u011bk<\/b> va\u0161eho modern\u00edho bydlen\u00ed. Jeho <b>velk\u00fd displej s \u00fahlop\u0159\u00ed\u010dkou 10 cm (3,9&#8243;)<\/b> a v\u00fdrazn\u00fdmi \u010d\u00edslicemi na \u010dern\u00e9m pozad\u00ed vypad\u00e1 skv\u011ble a jasn\u011b. A co je super, m\u016f\u017eete si nastavit <b>jas v 6 kroc\u00edch<\/b>, tak\u017ee v\u00e1s nebude v noci osl\u0148ovat (nebo naopak, pokud m\u00e1te r\u00e1di disko v lo\u017enici).<\/p>\n<p>V\u0161echna <b>nastaven\u00ed prob\u00edhaj\u00ed p\u0159es tla\u010d\u00edtka na vrchn\u00ed hran\u011b<\/b>, tak\u017ee \u017e\u00e1dn\u00e9 zbyte\u010dn\u00e9 hled\u00e1n\u00ed po tm\u011b.<\/p>\n<hr \/>\n<p>&nbsp;<\/p>\n<h3>V\u010dasn\u00e9 vst\u00e1v\u00e1n\u00ed zaru\u010deno (i kdy\u017e neradi)<\/h3>\n<p>&nbsp;<\/p>\n<p>Tenhle bud\u00edk mysl\u00ed na v\u0161echno! Nab\u00edz\u00ed <b>du\u00e1ln\u00ed bud\u00edk s funkc\u00ed opakovan\u00e9ho buzen\u00ed<\/b>, tak\u017ee i ty nejv\u011bt\u0161\u00ed sp\u00e1\u010de vyt\u00e1hne z postele. M\u016f\u017eete si vybrat <b>24\/12hodinov\u00fd form\u00e1t \u010dasu<\/b> podle libosti. A kdyby n\u00e1hodou vypadla elekt\u0159ina, <b>z\u00e1lo\u017en\u00ed baterie 2x AAA (nejsou sou\u010d\u00e1st\u00ed balen\u00ed, tak\u017ee si je nezapome\u0148te koupit!)<\/b> se postaraj\u00ed o to, aby si bud\u00edk pamatoval \u010das a nep\u0159i\u0161li jste o rann\u00ed sch\u016fzku.<\/p>\n<p>Tak\u017ee, pokud hled\u00e1te modern\u00ed, stylov\u00fd a hlavn\u011b funk\u010dn\u00ed bud\u00edk, kter\u00fd v\u00e1m usnadn\u00ed rann\u00ed rutinu a udr\u017e\u00ed va\u0161e za\u0159\u00edzen\u00ed nabit\u00e1, <b>Sencor SDC 7600 Qi<\/b> je jasn\u00e1 volba.<\/p>\n<p>U\u017e nikdy nezasp\u00edte a v\u00e1\u0161 telefon bude v\u017edy p\u0159ipraven! (Jen se ujist\u011bte, \u017ee v\u00e1\u0161 telefon podporuje Qi nab\u00edjen\u00ed, jinak z toho nebude \u017e\u00e1dn\u00e1 sranda.)<\/p>\n<p>&nbsp;<\/p>\n<p>Z\u00e1ruka 24 m\u011bs\u00edc\u016f.<\/p>\n","protected":false},"excerpt":{"rendered":"<p>&nbsp; Sencor SDC 7600 Qi: Bud\u00edk, co nab\u00edj\u00ed, m\u00edsto aby jen budil! &nbsp; U\u017e v\u00e1s nebav\u00ed rann\u00ed shon, kdy hled\u00e1te nab\u00edje\u010dku pro telefon, zat\u00edmco se sna\u017e\u00edte vypnout otravn\u00fd bud\u00edk? S digit\u00e1ln\u00edm bud\u00edkem Sencor SDC 7600 Qi se tohle stane minulost\u00ed! Tenhle fe\u0161\u00e1k na v\u00e1\u0161 no\u010dn\u00ed stolek nejen\u017ee ukazuje \u010das a probud\u00ed v\u00e1s, ale hlavn\u011b se&#8230;<\/p>\n","protected":false},"featured_media":27706,"comment_status":"closed","ping_status":"open","template":"","meta":{"_kadence_starter_templates_imported_post":false,"_kad_post_transparent":"","_kad_post_title":"","_kad_post_layout":"","_kad_post_sidebar_id":"","_kad_post_content_style":"","_kad_post_vertical_padding":"","_kad_post_feature":"","_kad_post_feature_position":"","_kad_post_header":false,"_kad_post_footer":false,"_kad_post_classname":""},"product_brand":[],"product_cat":[2337,379,549,2429,550],"product_tag":[],"class_list":{"0":"post-27705","1":"product","2":"type-product","3":"status-publish","4":"has-post-thumbnail","6":"product_cat-budiky","7":"product_cat-bydleni-a-doplnky","8":"product_cat-bytove-dekorace","9":"product_cat-heureka-cz","10":"product_cat-hodiny-a-budiky","12":"first","13":"instock","14":"taxable","15":"shipping-taxable","16":"purchasable","17":"product-type-simple","18":"entry","19":"content-bg","20":"loop-entry"},"_links":{"self":[{"href":"http:\/\/www.outlet-electro.cz\/index.php\/wp-json\/wp\/v2\/product\/27705","targetHints":{"allow":["GET"]}}],"collection":[{"href":"http:\/\/www.outlet-electro.cz\/index.php\/wp-json\/wp\/v2\/product"}],"about":[{"href":"http:\/\/www.outlet-electro.cz\/index.php\/wp-json\/wp\/v2\/types\/product"}],"replies":[{"embeddable":true,"href":"http:\/\/www.outlet-electro.cz\/index.php\/wp-json\/wp\/v2\/comments?post=27705"}],"wp:featuredmedia":[{"embeddable":true,"href":"http:\/\/www.outlet-electro.cz\/index.php\/wp-json\/wp\/v2\/media\/27706"}],"wp:attachment":[{"href":"http:\/\/www.outlet-electro.cz\/index.php\/wp-json\/wp\/v2\/media?parent=27705"}],"wp:term":[{"taxonomy":"product_brand","embeddable":true,"href":"http:\/\/www.outlet-electro.cz\/index.php\/wp-json\/wp\/v2\/product_brand?post=27705"},{"taxonomy":"product_cat","embeddable":true,"href":"http:\/\/www.outlet-electro.cz\/index.php\/wp-json\/wp\/v2\/product_cat?post=27705"},{"taxonomy":"product_tag","embeddable":true,"href":"http:\/\/www.outlet-electro.cz\/index.php\/wp-json\/wp\/v2\/product_tag?post=27705"}],"curies":[{"name":"wp","href":"https:\/\/api.w.org\/{rel}","templated":true}]}}