{"id":27703,"date":"2026-01-26T11:25:45","date_gmt":"2026-01-26T10:25:45","guid":{"rendered":"https:\/\/www.outlet-electro.cz\/index.php\/produkt\/bezdratovy-reproduktor-sencor-sss-1400-grey\/"},"modified":"2026-01-26T11:25:45","modified_gmt":"2026-01-26T10:25:45","slug":"bezdratovy-reproduktor-sencor-sss-1400-grey","status":"publish","type":"product","link":"http:\/\/www.outlet-electro.cz\/index.php\/produkt\/bezdratovy-reproduktor-sencor-sss-1400-grey\/","title":{"rendered":"Bezdr\u00e1tov\u00fd reproduktor Sencor SSS 1400 Grey"},"content":{"rendered":"<h2>Sencor SSS 1400 Grey: V\u00e1\u0161 par\u0165\u00e1k pro audio dobrodru\u017estv\u00ed!<\/h2>\n<p>&nbsp;<\/p>\n<p>U\u017e v\u00e1s nebav\u00ed poslouchat hudbu jenom doma? Chcete si vz\u00edt svoje obl\u00edben\u00e9 pecky k baz\u00e9nu, na pl\u00e1\u017e, nebo t\u0159eba do sprchy? Pak je <b>Sencor SSS 1400 Grey<\/b> p\u0159esn\u011b to, co hled\u00e1te! Tenhle <b>vod\u011bodoln\u00fd reproduktor s certifikac\u00ed IPX6<\/b> (co\u017e znamen\u00e1, \u017ee mu nevad\u00ed ani po\u0159\u00e1dn\u00fd proud vody, tak\u017ee sprchov\u00e1 party m\u016f\u017ee za\u010d\u00edt!) je p\u0159ipraven na cokoli.<\/p>\n<p>M\u00e1 sice jenom <b>5W v\u00fdkon<\/b>, ale nenechte se zm\u00e1st. S jedn\u00edm reproduktorem a jedn\u00edm pasivn\u00edm z\u00e1\u0159i\u010dem v\u00e1m dop\u0159eje <b>siln\u00fd zvuk s p\u0159ekvapiv\u011b dobr\u00fdmi basy<\/b>. V\u00e1\u0161 soused si sice mo\u017en\u00e1 bude myslet, \u017ee se u v\u00e1s kon\u00e1 diskot\u00e9ka, ale co? A kdyby v\u00e1m to bylo m\u00e1lo, sta\u010d\u00ed p\u0159ipojit druh\u00fd reproduktor p\u0159es <b>TWS (True Wireless Stereo)<\/b> a m\u00e1te doma audio st\u011bnu, co by se ve\u0161la do kapsy!<\/p>\n<hr \/>\n<p>&nbsp;<\/p>\n<h3>Co v\u0161echno tenhle mal\u00fd z\u00e1zrak um\u00ed?<\/h3>\n<p>&nbsp;<\/p>\n<ul>\n<li>\n<p><b>Bluetooth 5.1:<\/b> P\u0159ipojen\u00ed je rychlej\u0161\u00ed ne\u017e v\u00e1\u0161 rann\u00ed bud\u00edk a stabiln\u011bj\u0161\u00ed ne\u017e vztah, kter\u00fd vydr\u017eel d\u00e9le ne\u017e t\u00fdden.<\/p>\n<\/li>\n<li>\n<p><b>USB p\u0159ehr\u00e1v\u00e1n\u00ed:<\/b> M\u00e1te hromadu MP3 soubor\u016f na flashce? \u017d\u00e1dn\u00fd probl\u00e9m! Zapojte ji (a\u017e do 32 GB, co\u017e je asi tak 8 000 p\u00edsni\u010dek, tak\u017ee si m\u016f\u017eete pustit i celou diskografii Heleny Vondr\u00e1\u010dkov\u00e9, pokud chcete) a jede se d\u00e1l.<\/p>\n<\/li>\n<li>\n<p><b>FM r\u00e1dio:<\/b> Kdy\u017e v\u00e1s unav\u00ed vlastn\u00ed playlist, prost\u011b nala\u010fte r\u00e1dio a nechte se p\u0159ekvapit. T\u0159eba objev\u00edte novou obl\u00edbenou stanici, kter\u00e1 v\u00e1m bude hr\u00e1t ty nejhor\u0161\u00ed hity devades\u00e1tek!<\/p>\n<\/li>\n<li>\n<p><b>Handsfree funkce:<\/b> Telefon v\u00e1m zvon\u00ed a vy jste zrovna v baz\u00e9nu? \u017d\u00e1dn\u00fd strach! P\u0159ijm\u011bte hovor p\u0159\u00edmo p\u0159es reproduktor a uka\u017ete sv\u011btu, jak\u00fd jste pohod\u00e1\u0159.&nbsp;<\/p>\n<\/li>\n<li>\n<p><b>V\u00fddr\u017e baterie sn\u016f:<\/b> S <b>1800 mAh Li-Ion bateri\u00ed<\/b> hraje <b>a\u017e 25 hodin<\/b> na 50% hlasitosti. To je dost na to, abyste si u\u017eili cel\u00fd v\u00edkendov\u00fd festival bez dob\u00edjen\u00ed. Nebo abyste si pustili celou trilogii P\u00e1na prsten\u016f desetkr\u00e1t za sebou.<\/p>\n<\/li>\n<li>\n<p><b>USB-C nab\u00edjen\u00ed:<\/b> Rychl\u00e9 a pohodln\u00e9, tak\u017ee se reproduktor nabije d\u0159\u00edv, ne\u017e se nad\u011bjete (maxim\u00e1ln\u011b 4 hodiny, co\u017e je krat\u0161\u00ed doba, ne\u017e trv\u00e1 naj\u00edt ovlada\u010d k televizi).<\/p>\n<\/li>\n<\/ul>\n<hr \/>\n<p>A to v\u0161e v kompaktn\u00edm balen\u00ed o rozm\u011brech <b>99 x 76 x 50 mm<\/b> a hmotnosti pouh\u00fdch <b>200 g<\/b>. Je tak lehk\u00fd, \u017ee si ho ani nev\u0161imnete, dokud neza\u010dne hr\u00e1t. <b>Sencor SSS 1400 Grey<\/b> \u2013 ide\u00e1ln\u00ed pro ka\u017ed\u00e9ho, kdo miluje hudbu a neboj\u00ed se trochu namo\u010dit!<\/p>\n<p>Tak co, u\u017e sly\u0161\u00edte ty basy?<\/p>\n<p>&nbsp;<\/p>\n<p>Z\u00e1ruka 24 m\u011bs\u00edc\u016f.<\/p>\n","protected":false},"excerpt":{"rendered":"<p>Sencor SSS 1400 Grey: V\u00e1\u0161 par\u0165\u00e1k pro audio dobrodru\u017estv\u00ed! &nbsp; U\u017e v\u00e1s nebav\u00ed poslouchat hudbu jenom doma? Chcete si vz\u00edt svoje obl\u00edben\u00e9 pecky k baz\u00e9nu, na pl\u00e1\u017e, nebo t\u0159eba do sprchy? Pak je Sencor SSS 1400 Grey p\u0159esn\u011b to, co hled\u00e1te! Tenhle vod\u011bodoln\u00fd reproduktor s certifikac\u00ed IPX6 (co\u017e znamen\u00e1, \u017ee mu nevad\u00ed ani po\u0159\u00e1dn\u00fd proud&#8230;<\/p>\n","protected":false},"featured_media":27704,"comment_status":"closed","ping_status":"open","template":"","meta":{"_kadence_starter_templates_imported_post":false,"_kad_post_transparent":"","_kad_post_title":"","_kad_post_layout":"","_kad_post_sidebar_id":"","_kad_post_content_style":"","_kad_post_vertical_padding":"","_kad_post_feature":"","_kad_post_feature_position":"","_kad_post_header":false,"_kad_post_footer":false,"_kad_post_classname":""},"product_brand":[],"product_cat":[428,64,2429,372,362],"product_tag":[],"class_list":{"0":"post-27703","1":"product","2":"type-product","3":"status-publish","4":"has-post-thumbnail","6":"product_cat-bluetooth-reproduktory","7":"product_cat-elektronika","8":"product_cat-heureka-cz","9":"product_cat-reproduktory-soundbary","10":"product_cat-tv-audio-video","12":"first","13":"instock","14":"taxable","15":"shipping-taxable","16":"purchasable","17":"product-type-simple","18":"entry","19":"content-bg","20":"loop-entry"},"_links":{"self":[{"href":"http:\/\/www.outlet-electro.cz\/index.php\/wp-json\/wp\/v2\/product\/27703","targetHints":{"allow":["GET"]}}],"collection":[{"href":"http:\/\/www.outlet-electro.cz\/index.php\/wp-json\/wp\/v2\/product"}],"about":[{"href":"http:\/\/www.outlet-electro.cz\/index.php\/wp-json\/wp\/v2\/types\/product"}],"replies":[{"embeddable":true,"href":"http:\/\/www.outlet-electro.cz\/index.php\/wp-json\/wp\/v2\/comments?post=27703"}],"wp:featuredmedia":[{"embeddable":true,"href":"http:\/\/www.outlet-electro.cz\/index.php\/wp-json\/wp\/v2\/media\/27704"}],"wp:attachment":[{"href":"http:\/\/www.outlet-electro.cz\/index.php\/wp-json\/wp\/v2\/media?parent=27703"}],"wp:term":[{"taxonomy":"product_brand","embeddable":true,"href":"http:\/\/www.outlet-electro.cz\/index.php\/wp-json\/wp\/v2\/product_brand?post=27703"},{"taxonomy":"product_cat","embeddable":true,"href":"http:\/\/www.outlet-electro.cz\/index.php\/wp-json\/wp\/v2\/product_cat?post=27703"},{"taxonomy":"product_tag","embeddable":true,"href":"http:\/\/www.outlet-electro.cz\/index.php\/wp-json\/wp\/v2\/product_tag?post=27703"}],"curies":[{"name":"wp","href":"https:\/\/api.w.org\/{rel}","templated":true}]}}