{"id":27701,"date":"2026-01-26T11:25:45","date_gmt":"2026-01-26T10:25:45","guid":{"rendered":"https:\/\/www.outlet-electro.cz\/index.php\/produkt\/sluchatka-aligator-pods-tws03-wt\/"},"modified":"2026-01-26T11:25:45","modified_gmt":"2026-01-26T10:25:45","slug":"sluchatka-aligator-pods-tws03-wt","status":"publish","type":"product","link":"http:\/\/www.outlet-electro.cz\/index.php\/produkt\/sluchatka-aligator-pods-tws03-wt\/","title":{"rendered":"Sluch\u00e1tka Aligator Pods TWS03 WT"},"content":{"rendered":"<p data-sourcepos=\"1:1-1:272\">P\u0159edstavujeme <strong>Aligator Pods TWS03 WT<\/strong> \u2013 b\u00edl\u00e9 kr\u00e1sky, kter\u00e9 v\u00e1m dop\u0159ej\u00ed hudebn\u00ed nirvanu, ani\u017e byste se museli tr\u00e1pit s otravn\u00fdmi kabely! Jsou tak <strong>kompaktn\u00ed a pohodln\u00e9<\/strong>, \u017ee se v\u00e1m budou cht\u00edt usadit v u\u0161\u00edch a u\u017e nikdy nevyl\u00e9zt (co\u017e by bylo nep\u0159\u00edjemn\u00e9, ale ch\u00e1peme to).<\/p>\n<p data-sourcepos=\"3:1-3:370\">Zapome\u0148te na boj s tla\u010d\u00edtky! <span class=\"citation-0 entailed\" role=\"button\" tabindex=\"0\">Tyhle krasavice se ovl\u00e1daj\u00ed <\/span><strong><span class=\"citation-0 entailed\" role=\"button\" tabindex=\"0\">dotykem<\/span><\/strong><span class=\"citation-0 entailed citation-end-0\" role=\"button\" tabindex=\"0\">, tak\u017ee se budete c\u00edtit jako kouzeln\u00edk, kter\u00fd m\u011bn\u00ed p\u00edsni\u010dky m\u00e1vnut\u00edm prstu.<\/span><interactive-span-inline ng-version=\"0.0.0-PLACEHOLDER\" _nghost-ng-c3643733596=\"\" class=\"hide-from-message-actions\"><button _ngcontent-ng-c3643733596=\"\" class=\"mat-mdc-tooltip-trigger button entailed-button\" aria-label=\"Rozbalit odpov\u011b\u010f s&nbsp;ov\u011b\u0159en\u00edm fakt\u016f\" aria-describedby=\"cdk-describedby-message-ng-1-51\" cdk-describedby-host=\"ng-1\"><mat-icon _ngcontent-ng-c3643733596=\"\" role=\"img\" class=\"mat-icon notranslate symbol mat-icon-no-color ng-star-inserted google-symbols mat-ligature-font\" aria-hidden=\"true\" data-mat-icon-type=\"font\" data-mat-icon-name=\"expand_more\" fonticon=\"expand_more\"><\/mat-icon><\/button><\/interactive-span-inline> A s v\u00fddr\u017e\u00ed <strong>a\u017e 20 hodin poslechu<\/strong> se nemus\u00edte b\u00e1t, \u017ee v\u00e1m dojde \u0161\u0165\u00e1va uprost\u0159ed va\u0161\u00ed nejobl\u00edben\u011bj\u0161\u00ed p\u00edsni\u010dky (leda\u017ee by va\u0161e obl\u00edben\u00e1 p\u00edsni\u010dka trvala d\u00e9le ne\u017e 20 hodin, v tom p\u0159\u00edpad\u011b gratulujeme k vytrvalosti!).<\/p>\n<p data-sourcepos=\"5:1-5:298\">D\u00edky <strong>Bluetooth 5.0<\/strong> se m\u016f\u017eete vzd\u00e1lit od telefonu a\u017e na <strong>10 metr\u016f<\/strong> a st\u00e1le si u\u017e\u00edvat \u010dist\u00fd zvuk. To je dost daleko na to, abyste si mohli v klidu doj\u00edt pro pivo do lednice, ani\u017e byste p\u0159i\u0161li o rytmus! A s nab\u00edjen\u00edm p\u0159es <strong>USB-C<\/strong> (kabel v balen\u00ed, hur\u00e1!) budete zase v pln\u00e9 zbroji za p\u00e1r chvil.<\/p>\n<p data-sourcepos=\"7:1-7:220\">Tak\u017ee pokud hled\u00e1te <strong>elegantn\u00ed, pohodln\u00e1 a supervytrval\u00e1 sluch\u00e1tka<\/strong>, kter\u00e1 v\u00e1m nezruinuj\u00ed rozpo\u010det, <strong>Aligator Pods TWS03 WT<\/strong> jsou p\u0159esn\u011b pro v\u00e1s! Jen si dejte pozor, a\u0165 si je nespletete s b\u011blostn\u00fdmi obl\u00e1zky na pl\u00e1\u017ei.<\/p>\n<p data-sourcepos=\"7:1-7:220\">&nbsp;<\/p>\n<p data-sourcepos=\"7:1-7:220\">Z\u00e1ruka 24 m\u011bs\u00edc\u016f.<\/p>\n","protected":false},"excerpt":{"rendered":"<p>P\u0159edstavujeme Aligator Pods TWS03 WT \u2013 b\u00edl\u00e9 kr\u00e1sky, kter\u00e9 v\u00e1m dop\u0159ej\u00ed hudebn\u00ed nirvanu, ani\u017e byste se museli tr\u00e1pit s otravn\u00fdmi kabely! Jsou tak kompaktn\u00ed a pohodln\u00e9, \u017ee se v\u00e1m budou cht\u00edt usadit v u\u0161\u00edch a u\u017e nikdy nevyl\u00e9zt (co\u017e by bylo nep\u0159\u00edjemn\u00e9, ale ch\u00e1peme to). Zapome\u0148te na boj s tla\u010d\u00edtky! Tyhle krasavice se ovl\u00e1daj\u00ed dotykem,&#8230;<\/p>\n","protected":false},"featured_media":27702,"comment_status":"closed","ping_status":"open","template":"","meta":{"_kadence_starter_templates_imported_post":false,"_kad_post_transparent":"","_kad_post_title":"","_kad_post_layout":"","_kad_post_sidebar_id":"","_kad_post_content_style":"","_kad_post_vertical_padding":"","_kad_post_feature":"","_kad_post_feature_position":"","_kad_post_header":false,"_kad_post_footer":false,"_kad_post_classname":""},"product_brand":[],"product_cat":[64,2457,2429,413,414,2456],"product_tag":[],"class_list":{"0":"post-27701","1":"product","2":"type-product","3":"status-publish","4":"has-post-thumbnail","6":"product_cat-elektronika","7":"product_cat-handsfree","8":"product_cat-heureka-cz","9":"product_cat-mobily-tablety-nositelna-elektronika","10":"product_cat-prislusenstvi-k-mobilum","11":"product_cat-sluchatka-reproduktory-handsfree","13":"first","14":"instock","15":"taxable","16":"shipping-taxable","17":"purchasable","18":"product-type-simple","19":"entry","20":"content-bg","21":"loop-entry"},"_links":{"self":[{"href":"http:\/\/www.outlet-electro.cz\/index.php\/wp-json\/wp\/v2\/product\/27701","targetHints":{"allow":["GET"]}}],"collection":[{"href":"http:\/\/www.outlet-electro.cz\/index.php\/wp-json\/wp\/v2\/product"}],"about":[{"href":"http:\/\/www.outlet-electro.cz\/index.php\/wp-json\/wp\/v2\/types\/product"}],"replies":[{"embeddable":true,"href":"http:\/\/www.outlet-electro.cz\/index.php\/wp-json\/wp\/v2\/comments?post=27701"}],"wp:featuredmedia":[{"embeddable":true,"href":"http:\/\/www.outlet-electro.cz\/index.php\/wp-json\/wp\/v2\/media\/27702"}],"wp:attachment":[{"href":"http:\/\/www.outlet-electro.cz\/index.php\/wp-json\/wp\/v2\/media?parent=27701"}],"wp:term":[{"taxonomy":"product_brand","embeddable":true,"href":"http:\/\/www.outlet-electro.cz\/index.php\/wp-json\/wp\/v2\/product_brand?post=27701"},{"taxonomy":"product_cat","embeddable":true,"href":"http:\/\/www.outlet-electro.cz\/index.php\/wp-json\/wp\/v2\/product_cat?post=27701"},{"taxonomy":"product_tag","embeddable":true,"href":"http:\/\/www.outlet-electro.cz\/index.php\/wp-json\/wp\/v2\/product_tag?post=27701"}],"curies":[{"name":"wp","href":"https:\/\/api.w.org\/{rel}","templated":true}]}}