{"id":27671,"date":"2026-01-26T11:25:42","date_gmt":"2026-01-26T10:25:42","guid":{"rendered":"https:\/\/www.outlet-electro.cz\/index.php\/produkt\/svicka-fajnpocit-safran-mandle-a-skorice\/"},"modified":"2026-01-26T11:25:42","modified_gmt":"2026-01-26T10:25:42","slug":"svicka-fajnpocit-safran-mandle-a-skorice","status":"publish","type":"product","link":"http:\/\/www.outlet-electro.cz\/index.php\/produkt\/svicka-fajnpocit-safran-mandle-a-skorice\/","title":{"rendered":"Sv\u00ed\u010dka Fajnpocit \u0160afr\u00e1n, mandle a sko\u0159ice"},"content":{"rendered":"<h3><strong>P\u0159edstavujeme sv\u00ed\u010dku Fajnpocit \u0160afr\u00e1n, mandle a sko\u0159ice \u2013 luxusn\u00ed v\u016fn\u011b, kter\u00e1 okouzl\u00ed va\u0161e smysly!<\/strong>  \ufe0f\u2728<\/h3>\n<p><span>  <strong>Podmaniv\u00e1 v\u016fn\u011b \u0161afr\u00e1nu, mandl\u00ed a sko\u0159ice<\/strong> \u2013 exotick\u00e9, h\u0159ejiv\u00e9 aroma, kter\u00e9 dod\u00e1 va\u0161emu prostoru n\u00e1dech elegance. <br \/>  <strong>Jedna z nejobl\u00edben\u011bj\u0161\u00edch v\u016fn\u00ed<\/strong> \u2013 bestseller, kter\u00fd si z\u00edskal srdce milovn\u00edk\u016f kvalitn\u00edch sv\u00ed\u010dek. <br \/>  <strong>Designov\u00e1 silnost\u011bnn\u00e1 sklenice<\/strong> \u2013 stylov\u00fd dopln\u011bk, kter\u00fd nejen skv\u011ble vypad\u00e1, ale chr\u00e1n\u00ed intenzitu v\u016fn\u011b. <br \/>  <strong>Rozm\u011br: pr\u016fm\u011br 8 \u00d7 8,5 cm<\/strong> \u2013 ide\u00e1ln\u00ed velikost pro ka\u017edou m\u00edstnost.<\/span><\/p>\n<p><span>  <strong>Fajnpocit \u0160afr\u00e1n, mandle a sko\u0159ice \u2013 sv\u00ed\u010dka, kter\u00e1 p\u0159inese do va\u0161eho domova luxusn\u00ed atmosf\u00e9ru!<\/strong>  \ufe0f\u2728 U\u017e si ji dok\u00e1\u017eete p\u0159edstavit rozsv\u00edcenou p\u0159i ve\u010dern\u00edm relaxu?  <\/span><\/p>\n","protected":false},"excerpt":{"rendered":"<p>P\u0159edstavujeme sv\u00ed\u010dku Fajnpocit \u0160afr\u00e1n, mandle a sko\u0159ice \u2013 luxusn\u00ed v\u016fn\u011b, kter\u00e1 okouzl\u00ed va\u0161e smysly! \ufe0f\u2728 Podmaniv\u00e1 v\u016fn\u011b \u0161afr\u00e1nu, mandl\u00ed a sko\u0159ice \u2013 exotick\u00e9, h\u0159ejiv\u00e9 aroma, kter\u00e9 dod\u00e1 va\u0161emu prostoru n\u00e1dech elegance. Jedna z nejobl\u00edben\u011bj\u0161\u00edch v\u016fn\u00ed \u2013 bestseller, kter\u00fd si z\u00edskal srdce milovn\u00edk\u016f kvalitn\u00edch sv\u00ed\u010dek. Designov\u00e1 silnost\u011bnn\u00e1 sklenice \u2013 stylov\u00fd dopln\u011bk, kter\u00fd nejen skv\u011ble vypad\u00e1, ale&#8230;<\/p>\n","protected":false},"featured_media":27672,"comment_status":"closed","ping_status":"open","template":"","meta":{"_kadence_starter_templates_imported_post":false,"_kad_post_transparent":"","_kad_post_title":"","_kad_post_layout":"","_kad_post_sidebar_id":"","_kad_post_content_style":"","_kad_post_vertical_padding":"","_kad_post_feature":"","_kad_post_feature_position":"","_kad_post_header":false,"_kad_post_footer":false,"_kad_post_classname":""},"product_brand":[],"product_cat":[379,549,2429,2187,2186],"product_tag":[],"class_list":{"0":"post-27671","1":"product","2":"type-product","3":"status-publish","4":"has-post-thumbnail","6":"product_cat-bydleni-a-doplnky","7":"product_cat-bytove-dekorace","8":"product_cat-heureka-cz","9":"product_cat-svicky","10":"product_cat-vune-do-bytu-a-svicky","12":"first","13":"instock","14":"taxable","15":"shipping-taxable","16":"purchasable","17":"product-type-simple","18":"entry","19":"content-bg","20":"loop-entry"},"_links":{"self":[{"href":"http:\/\/www.outlet-electro.cz\/index.php\/wp-json\/wp\/v2\/product\/27671","targetHints":{"allow":["GET"]}}],"collection":[{"href":"http:\/\/www.outlet-electro.cz\/index.php\/wp-json\/wp\/v2\/product"}],"about":[{"href":"http:\/\/www.outlet-electro.cz\/index.php\/wp-json\/wp\/v2\/types\/product"}],"replies":[{"embeddable":true,"href":"http:\/\/www.outlet-electro.cz\/index.php\/wp-json\/wp\/v2\/comments?post=27671"}],"wp:featuredmedia":[{"embeddable":true,"href":"http:\/\/www.outlet-electro.cz\/index.php\/wp-json\/wp\/v2\/media\/27672"}],"wp:attachment":[{"href":"http:\/\/www.outlet-electro.cz\/index.php\/wp-json\/wp\/v2\/media?parent=27671"}],"wp:term":[{"taxonomy":"product_brand","embeddable":true,"href":"http:\/\/www.outlet-electro.cz\/index.php\/wp-json\/wp\/v2\/product_brand?post=27671"},{"taxonomy":"product_cat","embeddable":true,"href":"http:\/\/www.outlet-electro.cz\/index.php\/wp-json\/wp\/v2\/product_cat?post=27671"},{"taxonomy":"product_tag","embeddable":true,"href":"http:\/\/www.outlet-electro.cz\/index.php\/wp-json\/wp\/v2\/product_tag?post=27671"}],"curies":[{"name":"wp","href":"https:\/\/api.w.org\/{rel}","templated":true}]}}