{"id":27667,"date":"2026-01-26T11:25:42","date_gmt":"2026-01-26T10:25:42","guid":{"rendered":"https:\/\/www.outlet-electro.cz\/index.php\/produkt\/svicka-fajnpocit-jablko-se-skorici\/"},"modified":"2026-01-26T11:25:42","modified_gmt":"2026-01-26T10:25:42","slug":"svicka-fajnpocit-jablko-se-skorici","status":"publish","type":"product","link":"http:\/\/www.outlet-electro.cz\/index.php\/produkt\/svicka-fajnpocit-jablko-se-skorici\/","title":{"rendered":"Sv\u00ed\u010dka Fajnpocit Jablko se sko\u0159ic\u00ed"},"content":{"rendered":"<h3><strong>P\u0159edstavujeme sv\u00ed\u010dku Fajnpocit Jablko se sko\u0159ic\u00ed \u2013 sladk\u00e1 v\u016fn\u011b, kter\u00e1 zah\u0159eje nejen v\u00e1\u0161 domov, ale i va\u0161e srdce!<\/strong>  \ufe0f <\/h3>\n<p><span>  <strong>Kr\u00e1sn\u00e1 v\u016fn\u011b jablek se sko\u0159ic\u00ed<\/strong> \u2013 dokonal\u00e9 spojen\u00ed sladkosti a ko\u0159en\u011bn\u00e9ho tepla pro pohodov\u00e9 chv\u00edle. <br \/>  <strong>Ru\u010dn\u011b a s l\u00e1skou vyr\u00e1b\u011bn\u00e9<\/strong> \u2013 pe\u010dliv\u011b vytvo\u0159en\u00e9 pro maxim\u00e1ln\u00ed z\u00e1\u017eitek z v\u016fn\u011b. <br \/>  <strong>Ide\u00e1ln\u00ed pro v\u0161edn\u00ed i sv\u00e1te\u010dn\u00ed dny<\/strong> \u2013 proto\u017ee pro\u010d si nevytvo\u0159it kouzelnou atmosf\u00e9ru kdykoliv? <br \/>  <strong>Rozm\u011bry: pr\u016fm\u011br 8,2 cm \u00d7 v\u00fd\u0161ka 5,9 cm<\/strong> \u2013 kompaktn\u00ed velikost, kter\u00e1 se hod\u00ed do ka\u017ed\u00e9ho interi\u00e9ru.<\/span><\/p>\n<p><span>  <strong>Fajnpocit Jablko se sko\u0159ic\u00ed \u2013 sv\u00ed\u010dka, kter\u00e1 v\u00e1s obklop\u00ed teplem domova!<\/strong>  \ufe0f\u2728 Co mysl\u00edte, u\u017e si ji dok\u00e1\u017eete p\u0159edstavit zap\u00e1lenou vedle hrn\u00ed\u010dku hork\u00e9ho \u010daje?  <\/span><\/p>\n","protected":false},"excerpt":{"rendered":"<p>P\u0159edstavujeme sv\u00ed\u010dku Fajnpocit Jablko se sko\u0159ic\u00ed \u2013 sladk\u00e1 v\u016fn\u011b, kter\u00e1 zah\u0159eje nejen v\u00e1\u0161 domov, ale i va\u0161e srdce! \ufe0f Kr\u00e1sn\u00e1 v\u016fn\u011b jablek se sko\u0159ic\u00ed \u2013 dokonal\u00e9 spojen\u00ed sladkosti a ko\u0159en\u011bn\u00e9ho tepla pro pohodov\u00e9 chv\u00edle. Ru\u010dn\u011b a s l\u00e1skou vyr\u00e1b\u011bn\u00e9 \u2013 pe\u010dliv\u011b vytvo\u0159en\u00e9 pro maxim\u00e1ln\u00ed z\u00e1\u017eitek z v\u016fn\u011b. Ide\u00e1ln\u00ed pro v\u0161edn\u00ed i sv\u00e1te\u010dn\u00ed dny \u2013 proto\u017ee&#8230;<\/p>\n","protected":false},"featured_media":27668,"comment_status":"closed","ping_status":"open","template":"","meta":{"_kadence_starter_templates_imported_post":false,"_kad_post_transparent":"","_kad_post_title":"","_kad_post_layout":"","_kad_post_sidebar_id":"","_kad_post_content_style":"","_kad_post_vertical_padding":"","_kad_post_feature":"","_kad_post_feature_position":"","_kad_post_header":false,"_kad_post_footer":false,"_kad_post_classname":""},"product_brand":[],"product_cat":[379,549,2429,2187,2186],"product_tag":[],"class_list":{"0":"post-27667","1":"product","2":"type-product","3":"status-publish","4":"has-post-thumbnail","6":"product_cat-bydleni-a-doplnky","7":"product_cat-bytove-dekorace","8":"product_cat-heureka-cz","9":"product_cat-svicky","10":"product_cat-vune-do-bytu-a-svicky","12":"first","13":"instock","14":"taxable","15":"shipping-taxable","16":"purchasable","17":"product-type-simple","18":"entry","19":"content-bg","20":"loop-entry"},"_links":{"self":[{"href":"http:\/\/www.outlet-electro.cz\/index.php\/wp-json\/wp\/v2\/product\/27667","targetHints":{"allow":["GET"]}}],"collection":[{"href":"http:\/\/www.outlet-electro.cz\/index.php\/wp-json\/wp\/v2\/product"}],"about":[{"href":"http:\/\/www.outlet-electro.cz\/index.php\/wp-json\/wp\/v2\/types\/product"}],"replies":[{"embeddable":true,"href":"http:\/\/www.outlet-electro.cz\/index.php\/wp-json\/wp\/v2\/comments?post=27667"}],"wp:featuredmedia":[{"embeddable":true,"href":"http:\/\/www.outlet-electro.cz\/index.php\/wp-json\/wp\/v2\/media\/27668"}],"wp:attachment":[{"href":"http:\/\/www.outlet-electro.cz\/index.php\/wp-json\/wp\/v2\/media?parent=27667"}],"wp:term":[{"taxonomy":"product_brand","embeddable":true,"href":"http:\/\/www.outlet-electro.cz\/index.php\/wp-json\/wp\/v2\/product_brand?post=27667"},{"taxonomy":"product_cat","embeddable":true,"href":"http:\/\/www.outlet-electro.cz\/index.php\/wp-json\/wp\/v2\/product_cat?post=27667"},{"taxonomy":"product_tag","embeddable":true,"href":"http:\/\/www.outlet-electro.cz\/index.php\/wp-json\/wp\/v2\/product_tag?post=27667"}],"curies":[{"name":"wp","href":"https:\/\/api.w.org\/{rel}","templated":true}]}}