{"id":27665,"date":"2026-01-26T11:25:42","date_gmt":"2026-01-26T10:25:42","guid":{"rendered":"https:\/\/www.outlet-electro.cz\/index.php\/produkt\/svicka-fajnpocit-pomeranc\/"},"modified":"2026-01-26T11:25:42","modified_gmt":"2026-01-26T10:25:42","slug":"svicka-fajnpocit-pomeranc","status":"publish","type":"product","link":"http:\/\/www.outlet-electro.cz\/index.php\/produkt\/svicka-fajnpocit-pomeranc\/","title":{"rendered":"Sv\u00ed\u010dka Fajnpocit Pomeran\u010d"},"content":{"rendered":"<h3><strong>P\u0159edstavujeme sv\u00ed\u010dku Fajnpocit Pomeran\u010d \u2013 sv\u011b\u017e\u00ed v\u016fn\u011b, kter\u00e1 rozz\u00e1\u0159\u00ed v\u00e1\u0161 den!<\/strong>  \ufe0f <\/h3>\n<p><span>  <strong>Velmi p\u0159\u00edjemn\u00e1 v\u016fn\u011b pomeran\u010de<\/strong> \u2013 jako kdy\u017e si pr\u00e1v\u011b rozkroj\u00edte \u0161\u0165avnat\u00fd citrus. <br \/>  <strong>Ru\u010dn\u011b a s l\u00e1skou vyr\u00e1b\u011bn\u00e1<\/strong> \u2013 pe\u010dliv\u011b vytvo\u0159en\u00e1 pro v\u00e1\u0161 maxim\u00e1ln\u00ed po\u017eitek. <br \/>  <strong>\u010cerstv\u00e1 pomeran\u010dov\u00e1 k\u016fra<\/strong> \u2013 sv\u011b\u017eest, kter\u00e1 povzbud\u00ed mysl a dod\u00e1 energii. <br \/>  <strong>Rozm\u011bry: pr\u016fm\u011br 8,2 cm \u00d7 v\u00fd\u0161ka 5,9 cm<\/strong> \u2013 kompaktn\u00ed, ale \u00fa\u010dinn\u00fd dopln\u011bk do ka\u017ed\u00e9ho interi\u00e9ru.<\/span><\/p>\n<p><span>  <strong>Fajnpocit Pomeran\u010d \u2013 sv\u00ed\u010dka, kter\u00e1 p\u0159inese do va\u0161eho domova n\u00e1dech slune\u010dn\u00e9ho dne!<\/strong>  \ufe0f\u2728 Co mysl\u00edte, u\u017e si ji dok\u00e1\u017eete p\u0159edstavit jako sou\u010d\u00e1st va\u0161\u00ed pohody?  <\/span><\/p>\n","protected":false},"excerpt":{"rendered":"<p>P\u0159edstavujeme sv\u00ed\u010dku Fajnpocit Pomeran\u010d \u2013 sv\u011b\u017e\u00ed v\u016fn\u011b, kter\u00e1 rozz\u00e1\u0159\u00ed v\u00e1\u0161 den! \ufe0f Velmi p\u0159\u00edjemn\u00e1 v\u016fn\u011b pomeran\u010de \u2013 jako kdy\u017e si pr\u00e1v\u011b rozkroj\u00edte \u0161\u0165avnat\u00fd citrus. Ru\u010dn\u011b a s l\u00e1skou vyr\u00e1b\u011bn\u00e1 \u2013 pe\u010dliv\u011b vytvo\u0159en\u00e1 pro v\u00e1\u0161 maxim\u00e1ln\u00ed po\u017eitek. \u010cerstv\u00e1 pomeran\u010dov\u00e1 k\u016fra \u2013 sv\u011b\u017eest, kter\u00e1 povzbud\u00ed mysl a dod\u00e1 energii. Rozm\u011bry: pr\u016fm\u011br 8,2 cm \u00d7 v\u00fd\u0161ka 5,9 cm&#8230;<\/p>\n","protected":false},"featured_media":27666,"comment_status":"closed","ping_status":"open","template":"","meta":{"_kadence_starter_templates_imported_post":false,"_kad_post_transparent":"","_kad_post_title":"","_kad_post_layout":"","_kad_post_sidebar_id":"","_kad_post_content_style":"","_kad_post_vertical_padding":"","_kad_post_feature":"","_kad_post_feature_position":"","_kad_post_header":false,"_kad_post_footer":false,"_kad_post_classname":""},"product_brand":[],"product_cat":[379,549,2429,2187,2186],"product_tag":[],"class_list":{"0":"post-27665","1":"product","2":"type-product","3":"status-publish","4":"has-post-thumbnail","6":"product_cat-bydleni-a-doplnky","7":"product_cat-bytove-dekorace","8":"product_cat-heureka-cz","9":"product_cat-svicky","10":"product_cat-vune-do-bytu-a-svicky","12":"first","13":"instock","14":"taxable","15":"shipping-taxable","16":"purchasable","17":"product-type-simple","18":"entry","19":"content-bg","20":"loop-entry"},"_links":{"self":[{"href":"http:\/\/www.outlet-electro.cz\/index.php\/wp-json\/wp\/v2\/product\/27665","targetHints":{"allow":["GET"]}}],"collection":[{"href":"http:\/\/www.outlet-electro.cz\/index.php\/wp-json\/wp\/v2\/product"}],"about":[{"href":"http:\/\/www.outlet-electro.cz\/index.php\/wp-json\/wp\/v2\/types\/product"}],"replies":[{"embeddable":true,"href":"http:\/\/www.outlet-electro.cz\/index.php\/wp-json\/wp\/v2\/comments?post=27665"}],"wp:featuredmedia":[{"embeddable":true,"href":"http:\/\/www.outlet-electro.cz\/index.php\/wp-json\/wp\/v2\/media\/27666"}],"wp:attachment":[{"href":"http:\/\/www.outlet-electro.cz\/index.php\/wp-json\/wp\/v2\/media?parent=27665"}],"wp:term":[{"taxonomy":"product_brand","embeddable":true,"href":"http:\/\/www.outlet-electro.cz\/index.php\/wp-json\/wp\/v2\/product_brand?post=27665"},{"taxonomy":"product_cat","embeddable":true,"href":"http:\/\/www.outlet-electro.cz\/index.php\/wp-json\/wp\/v2\/product_cat?post=27665"},{"taxonomy":"product_tag","embeddable":true,"href":"http:\/\/www.outlet-electro.cz\/index.php\/wp-json\/wp\/v2\/product_tag?post=27665"}],"curies":[{"name":"wp","href":"https:\/\/api.w.org\/{rel}","templated":true}]}}