{"id":27654,"date":"2026-01-26T11:25:38","date_gmt":"2026-01-26T10:25:38","guid":{"rendered":"https:\/\/www.outlet-electro.cz\/index.php\/produkt\/svicka-fajnpocit-orient\/"},"modified":"2026-01-26T11:25:39","modified_gmt":"2026-01-26T10:25:39","slug":"svicka-fajnpocit-orient","status":"publish","type":"product","link":"http:\/\/www.outlet-electro.cz\/index.php\/produkt\/svicka-fajnpocit-orient\/","title":{"rendered":"Sv\u00ed\u010dka Fajnpocit Orient"},"content":{"rendered":"<h3><strong>P\u0159edstavujeme sv\u00ed\u010dku Fajnpocit Orient \u2013 v\u016fn\u011b d\u00e1lek, kter\u00e1 v\u00e1s p\u0159enese do exotick\u00fdch krajin!<\/strong>  \ufe0f <\/h3>\n<p><span>  <strong>\u00da\u017easn\u00e1 v\u016fn\u011b Orient<\/strong> \u2013 tajemn\u00e9 aroma inspirovan\u00e9 d\u00e1lkami, cizokrajn\u00fdm ko\u0159en\u00edm a atmosf\u00e9rou tr\u017ei\u0161\u0165. <br \/>  <strong>Paraf\u00ednov\u00e1 vonn\u00e1 sv\u00ed\u010dka<\/strong> \u2013 dlouhotrvaj\u00edc\u00ed ho\u0159en\u00ed bez nep\u0159\u00edjemn\u00e9ho kou\u0159e. <br \/>  <strong>Ide\u00e1ln\u00ed pro milovn\u00edky cestov\u00e1n\u00ed<\/strong> \u2013 kdy\u017e tou\u017e\u00edte po dobrodru\u017estv\u00ed, ale zrovna nem\u00e1te sbalen\u00e9 kufry. <br \/>  <strong>Rozm\u011bry: 65 \u00d7 76 mm<\/strong> \u2013 kompaktn\u00ed design, kter\u00fd se hod\u00ed do ka\u017ed\u00e9ho interi\u00e9ru.<\/span><\/p>\n<p><span>  <strong>Fajnpocit Orient \u2013 sv\u00ed\u010dka, kter\u00e1 v\u00e1m p\u0159inese v\u016fni d\u00e1lek p\u0159\u00edmo do va\u0161eho domova!<\/strong>  \ufe0f\u2728 U\u017e c\u00edt\u00edte tu exotickou atmosf\u00e9ru?  <\/span><\/p>\n","protected":false},"excerpt":{"rendered":"<p>P\u0159edstavujeme sv\u00ed\u010dku Fajnpocit Orient \u2013 v\u016fn\u011b d\u00e1lek, kter\u00e1 v\u00e1s p\u0159enese do exotick\u00fdch krajin! \ufe0f \u00da\u017easn\u00e1 v\u016fn\u011b Orient \u2013 tajemn\u00e9 aroma inspirovan\u00e9 d\u00e1lkami, cizokrajn\u00fdm ko\u0159en\u00edm a atmosf\u00e9rou tr\u017ei\u0161\u0165. Paraf\u00ednov\u00e1 vonn\u00e1 sv\u00ed\u010dka \u2013 dlouhotrvaj\u00edc\u00ed ho\u0159en\u00ed bez nep\u0159\u00edjemn\u00e9ho kou\u0159e. Ide\u00e1ln\u00ed pro milovn\u00edky cestov\u00e1n\u00ed \u2013 kdy\u017e tou\u017e\u00edte po dobrodru\u017estv\u00ed, ale zrovna nem\u00e1te sbalen\u00e9 kufry. Rozm\u011bry: 65 \u00d7 76 mm&#8230;<\/p>\n","protected":false},"featured_media":27655,"comment_status":"closed","ping_status":"open","template":"","meta":{"_kadence_starter_templates_imported_post":false,"_kad_post_transparent":"","_kad_post_title":"","_kad_post_layout":"","_kad_post_sidebar_id":"","_kad_post_content_style":"","_kad_post_vertical_padding":"","_kad_post_feature":"","_kad_post_feature_position":"","_kad_post_header":false,"_kad_post_footer":false,"_kad_post_classname":""},"product_brand":[],"product_cat":[379,549,2429,2187,2186],"product_tag":[],"class_list":{"0":"post-27654","1":"product","2":"type-product","3":"status-publish","4":"has-post-thumbnail","6":"product_cat-bydleni-a-doplnky","7":"product_cat-bytove-dekorace","8":"product_cat-heureka-cz","9":"product_cat-svicky","10":"product_cat-vune-do-bytu-a-svicky","12":"first","13":"instock","14":"taxable","15":"shipping-taxable","16":"purchasable","17":"product-type-simple","18":"entry","19":"content-bg","20":"loop-entry"},"_links":{"self":[{"href":"http:\/\/www.outlet-electro.cz\/index.php\/wp-json\/wp\/v2\/product\/27654","targetHints":{"allow":["GET"]}}],"collection":[{"href":"http:\/\/www.outlet-electro.cz\/index.php\/wp-json\/wp\/v2\/product"}],"about":[{"href":"http:\/\/www.outlet-electro.cz\/index.php\/wp-json\/wp\/v2\/types\/product"}],"replies":[{"embeddable":true,"href":"http:\/\/www.outlet-electro.cz\/index.php\/wp-json\/wp\/v2\/comments?post=27654"}],"wp:featuredmedia":[{"embeddable":true,"href":"http:\/\/www.outlet-electro.cz\/index.php\/wp-json\/wp\/v2\/media\/27655"}],"wp:attachment":[{"href":"http:\/\/www.outlet-electro.cz\/index.php\/wp-json\/wp\/v2\/media?parent=27654"}],"wp:term":[{"taxonomy":"product_brand","embeddable":true,"href":"http:\/\/www.outlet-electro.cz\/index.php\/wp-json\/wp\/v2\/product_brand?post=27654"},{"taxonomy":"product_cat","embeddable":true,"href":"http:\/\/www.outlet-electro.cz\/index.php\/wp-json\/wp\/v2\/product_cat?post=27654"},{"taxonomy":"product_tag","embeddable":true,"href":"http:\/\/www.outlet-electro.cz\/index.php\/wp-json\/wp\/v2\/product_tag?post=27654"}],"curies":[{"name":"wp","href":"https:\/\/api.w.org\/{rel}","templated":true}]}}