{"id":27646,"date":"2026-01-26T11:25:38","date_gmt":"2026-01-26T10:25:38","guid":{"rendered":"https:\/\/www.outlet-electro.cz\/index.php\/produkt\/svicka-arome-lavender-lust\/"},"modified":"2026-01-26T11:25:39","modified_gmt":"2026-01-26T10:25:39","slug":"svicka-arome-lavender-lust","status":"publish","type":"product","link":"http:\/\/www.outlet-electro.cz\/index.php\/produkt\/svicka-arome-lavender-lust\/","title":{"rendered":"Sv\u00ed\u010dka Ar\u00f4me Lavender Lust"},"content":{"rendered":"<h3><strong>P\u0159edstavujeme sv\u00ed\u010dku AR\u00d4ME Lavender Lust \u2013 kdy\u017e pot\u0159ebujete kapku klidu v usp\u011bchan\u00e9m dni!<\/strong>  \ufe0f <\/h3>\n<p><span>  <strong>V\u016fn\u011b levandule<\/strong> \u2013 jemn\u00e1, uklid\u0148uj\u00edc\u00ed a ide\u00e1ln\u00ed pro odpo\u010dinek nebo meditaci. <br \/>  <strong>Doba ho\u0159en\u00ed: 22 hodin<\/strong> \u2013 dlouhotrvaj\u00edc\u00ed relaxace a pohoda ve va\u0161em domov\u011b. <br \/>  <strong>Fialov\u00e1 sv\u00ed\u010dka ve skleni\u010dce<\/strong> \u2013 elegantn\u00ed design, kter\u00fd dod\u00e1 interi\u00e9ru \u0161petku stylu. <br \/>  <strong>Barevn\u011b slad\u011bn\u00e1 pruhovan\u00e1 pap\u00edrov\u00e1 tuba<\/strong> \u2013 nejen kr\u00e1sn\u00e9 balen\u00ed, ale tak\u00e9 skv\u011bl\u00fd d\u00e1rek pro ka\u017ed\u00e9ho, kdo si r\u00e1d u\u017e\u00edv\u00e1 chv\u00edle klidu. <br \/>  <strong>Z\u00fatuln\u00ed a zatepl\u00ed prostor<\/strong> \u2013 proto\u017ee v\u016fn\u011b a sv\u011btlo sv\u00ed\u010dky dok\u00e1\u017eou vykouzlit dokonalou atmosf\u00e9ru.<\/span><\/p>\n<p><span>  <strong>AR\u00d4ME Lavender Lust \u2013 sv\u00ed\u010dka, kter\u00e1 prom\u011bn\u00ed ka\u017ed\u00fd ve\u010der v dokonalou relaxaci!<\/strong>  \ufe0f\u2728 U\u017e si ji p\u0159edstavujete zap\u00e1lenou ve va\u0161em ob\u00fdv\u00e1ku?  <\/span><\/p>\n","protected":false},"excerpt":{"rendered":"<p>P\u0159edstavujeme sv\u00ed\u010dku AR\u00d4ME Lavender Lust \u2013 kdy\u017e pot\u0159ebujete kapku klidu v usp\u011bchan\u00e9m dni! \ufe0f V\u016fn\u011b levandule \u2013 jemn\u00e1, uklid\u0148uj\u00edc\u00ed a ide\u00e1ln\u00ed pro odpo\u010dinek nebo meditaci. Doba ho\u0159en\u00ed: 22 hodin \u2013 dlouhotrvaj\u00edc\u00ed relaxace a pohoda ve va\u0161em domov\u011b. Fialov\u00e1 sv\u00ed\u010dka ve skleni\u010dce \u2013 elegantn\u00ed design, kter\u00fd dod\u00e1 interi\u00e9ru \u0161petku stylu. Barevn\u011b slad\u011bn\u00e1 pruhovan\u00e1 pap\u00edrov\u00e1 tuba \u2013&#8230;<\/p>\n","protected":false},"featured_media":27647,"comment_status":"closed","ping_status":"open","template":"","meta":{"_kadence_starter_templates_imported_post":false,"_kad_post_transparent":"","_kad_post_title":"","_kad_post_layout":"","_kad_post_sidebar_id":"","_kad_post_content_style":"","_kad_post_vertical_padding":"","_kad_post_feature":"","_kad_post_feature_position":"","_kad_post_header":false,"_kad_post_footer":false,"_kad_post_classname":""},"product_brand":[],"product_cat":[379,549,2429,2187,2186],"product_tag":[],"class_list":{"0":"post-27646","1":"product","2":"type-product","3":"status-publish","4":"has-post-thumbnail","6":"product_cat-bydleni-a-doplnky","7":"product_cat-bytove-dekorace","8":"product_cat-heureka-cz","9":"product_cat-svicky","10":"product_cat-vune-do-bytu-a-svicky","12":"first","13":"instock","14":"taxable","15":"shipping-taxable","16":"purchasable","17":"product-type-simple","18":"entry","19":"content-bg","20":"loop-entry"},"_links":{"self":[{"href":"http:\/\/www.outlet-electro.cz\/index.php\/wp-json\/wp\/v2\/product\/27646","targetHints":{"allow":["GET"]}}],"collection":[{"href":"http:\/\/www.outlet-electro.cz\/index.php\/wp-json\/wp\/v2\/product"}],"about":[{"href":"http:\/\/www.outlet-electro.cz\/index.php\/wp-json\/wp\/v2\/types\/product"}],"replies":[{"embeddable":true,"href":"http:\/\/www.outlet-electro.cz\/index.php\/wp-json\/wp\/v2\/comments?post=27646"}],"wp:featuredmedia":[{"embeddable":true,"href":"http:\/\/www.outlet-electro.cz\/index.php\/wp-json\/wp\/v2\/media\/27647"}],"wp:attachment":[{"href":"http:\/\/www.outlet-electro.cz\/index.php\/wp-json\/wp\/v2\/media?parent=27646"}],"wp:term":[{"taxonomy":"product_brand","embeddable":true,"href":"http:\/\/www.outlet-electro.cz\/index.php\/wp-json\/wp\/v2\/product_brand?post=27646"},{"taxonomy":"product_cat","embeddable":true,"href":"http:\/\/www.outlet-electro.cz\/index.php\/wp-json\/wp\/v2\/product_cat?post=27646"},{"taxonomy":"product_tag","embeddable":true,"href":"http:\/\/www.outlet-electro.cz\/index.php\/wp-json\/wp\/v2\/product_tag?post=27646"}],"curies":[{"name":"wp","href":"https:\/\/api.w.org\/{rel}","templated":true}]}}