{"id":27640,"date":"2026-01-26T11:25:38","date_gmt":"2026-01-26T10:25:38","guid":{"rendered":"https:\/\/www.outlet-electro.cz\/index.php\/produkt\/svicka-arome-lime-lychee\/"},"modified":"2026-01-26T11:25:39","modified_gmt":"2026-01-26T10:25:39","slug":"svicka-arome-lime-lychee","status":"publish","type":"product","link":"http:\/\/www.outlet-electro.cz\/index.php\/produkt\/svicka-arome-lime-lychee\/","title":{"rendered":"Sv\u00ed\u010dka Ar\u00f4me Lime &#038; Lychee"},"content":{"rendered":"<h3><strong>P\u0159edstavujeme sv\u00ed\u010dku AR\u00d4ME Lime &amp; Lychee \u2013 exotick\u00e1 v\u016fn\u011b, kter\u00e1 prom\u011bn\u00ed v\u00e1\u0161 prostor v o\u00e1zu klidu!<\/strong>  \ufe0f <\/h3>\n<p><span>  <strong>V\u016fn\u011b \u010d\u00ednsk\u00e9ho li\u010di s limetkou<\/strong> \u2013 sladk\u00e1, sv\u011b\u017e\u00ed a tak podmaniv\u00e1, \u017ee si ji zamilujete na prvn\u00ed zap\u00e1len\u00ed. <br \/>  <strong>Doba ho\u0159en\u00ed a\u017e 22 hodin<\/strong> \u2013 dlouhotrvaj\u00edc\u00ed relaxace, kter\u00e1 v\u00e1s jen tak neopust\u00ed. <br \/>  <strong>Kr\u00e1sn\u00e1 p\u0159\u00edrodn\u00ed barva<\/strong> \u2013 harmonick\u00e9 spojen\u00ed elegance a jemnosti. <br \/>  <strong>D\u00e1rkov\u00e9 balen\u00ed v barevn\u011b slad\u011bn\u00e9 pap\u00edrov\u00e9 tub\u011b<\/strong> \u2013 stylov\u00fd design, kter\u00fd pot\u011b\u0161\u00ed nejen v\u00e1s, ale i ka\u017ed\u00e9ho, komu ji darujete. <br \/>  <strong>Ide\u00e1ln\u00ed pro chv\u00edle odpo\u010dinku, uvoln\u011bn\u00ed i meditace<\/strong> \u2013 proto\u017ee zaslou\u017een\u00fd relax si \u017e\u00e1d\u00e1 dokonalou atmosf\u00e9ru.<\/span><\/p>\n<p><span>  <strong>AR\u00d4ME Lime &amp; Lychee \u2013 mal\u00e1 sv\u00ed\u010dka s velk\u00fdm efektem!<\/strong>  \ufe0f\u2728&nbsp;<\/span><\/p>\n","protected":false},"excerpt":{"rendered":"<p>P\u0159edstavujeme sv\u00ed\u010dku AR\u00d4ME Lime &amp; Lychee \u2013 exotick\u00e1 v\u016fn\u011b, kter\u00e1 prom\u011bn\u00ed v\u00e1\u0161 prostor v o\u00e1zu klidu! \ufe0f V\u016fn\u011b \u010d\u00ednsk\u00e9ho li\u010di s limetkou \u2013 sladk\u00e1, sv\u011b\u017e\u00ed a tak podmaniv\u00e1, \u017ee si ji zamilujete na prvn\u00ed zap\u00e1len\u00ed. Doba ho\u0159en\u00ed a\u017e 22 hodin \u2013 dlouhotrvaj\u00edc\u00ed relaxace, kter\u00e1 v\u00e1s jen tak neopust\u00ed. Kr\u00e1sn\u00e1 p\u0159\u00edrodn\u00ed barva \u2013 harmonick\u00e9 spojen\u00ed elegance&#8230;<\/p>\n","protected":false},"featured_media":27641,"comment_status":"closed","ping_status":"open","template":"","meta":{"_kadence_starter_templates_imported_post":false,"_kad_post_transparent":"","_kad_post_title":"","_kad_post_layout":"","_kad_post_sidebar_id":"","_kad_post_content_style":"","_kad_post_vertical_padding":"","_kad_post_feature":"","_kad_post_feature_position":"","_kad_post_header":false,"_kad_post_footer":false,"_kad_post_classname":""},"product_brand":[],"product_cat":[379,549,2429,2187,2186],"product_tag":[],"class_list":{"0":"post-27640","1":"product","2":"type-product","3":"status-publish","4":"has-post-thumbnail","6":"product_cat-bydleni-a-doplnky","7":"product_cat-bytove-dekorace","8":"product_cat-heureka-cz","9":"product_cat-svicky","10":"product_cat-vune-do-bytu-a-svicky","12":"first","13":"instock","14":"taxable","15":"shipping-taxable","16":"purchasable","17":"product-type-simple","18":"entry","19":"content-bg","20":"loop-entry"},"_links":{"self":[{"href":"http:\/\/www.outlet-electro.cz\/index.php\/wp-json\/wp\/v2\/product\/27640","targetHints":{"allow":["GET"]}}],"collection":[{"href":"http:\/\/www.outlet-electro.cz\/index.php\/wp-json\/wp\/v2\/product"}],"about":[{"href":"http:\/\/www.outlet-electro.cz\/index.php\/wp-json\/wp\/v2\/types\/product"}],"replies":[{"embeddable":true,"href":"http:\/\/www.outlet-electro.cz\/index.php\/wp-json\/wp\/v2\/comments?post=27640"}],"wp:featuredmedia":[{"embeddable":true,"href":"http:\/\/www.outlet-electro.cz\/index.php\/wp-json\/wp\/v2\/media\/27641"}],"wp:attachment":[{"href":"http:\/\/www.outlet-electro.cz\/index.php\/wp-json\/wp\/v2\/media?parent=27640"}],"wp:term":[{"taxonomy":"product_brand","embeddable":true,"href":"http:\/\/www.outlet-electro.cz\/index.php\/wp-json\/wp\/v2\/product_brand?post=27640"},{"taxonomy":"product_cat","embeddable":true,"href":"http:\/\/www.outlet-electro.cz\/index.php\/wp-json\/wp\/v2\/product_cat?post=27640"},{"taxonomy":"product_tag","embeddable":true,"href":"http:\/\/www.outlet-electro.cz\/index.php\/wp-json\/wp\/v2\/product_tag?post=27640"}],"curies":[{"name":"wp","href":"https:\/\/api.w.org\/{rel}","templated":true}]}}