{"id":27636,"date":"2026-01-26T11:25:38","date_gmt":"2026-01-26T10:25:38","guid":{"rendered":"https:\/\/www.outlet-electro.cz\/index.php\/produkt\/friteza-concept-fr1010\/"},"modified":"2026-01-26T11:25:39","modified_gmt":"2026-01-26T10:25:39","slug":"friteza-concept-fr1010","status":"publish","type":"product","link":"http:\/\/www.outlet-electro.cz\/index.php\/produkt\/friteza-concept-fr1010\/","title":{"rendered":"Frit\u00e9za Concept FR1010"},"content":{"rendered":"<h3><strong>P\u0159edstavujeme frit\u00e9zu Concept FR1010 \u2013 proto\u017ee \u017eivot je p\u0159\u00edli\u0161 kr\u00e1tk\u00fd na nudn\u00e9 j\u00eddlo!<\/strong>  <\/h3>\n<p><span>  <strong>Objem 2,5 l<\/strong> \u2013 dostatek m\u00edsta na hromadu k\u0159upav\u00fdch dobrot, od hranolek po ku\u0159ec\u00ed k\u0159id\u00e9lka. <\/span><\/p>\n<p><span>  <strong>Nastaviteln\u00e1 teplota 130 \u2013 190 \u00b0C<\/strong> \u2013 vy si ur\u010d\u00edte, jestli chcete lehce zlatav\u00fd povrch, nebo po\u0159\u00e1dn\u011b k\u0159upavou dokonalost. <\/span><\/p>\n<p><span>  <strong>\u010casova\u010d 5 \u2013 30 minut<\/strong> \u2013 dokonal\u00e1 pomoc proti zapomenut\u00fdm a \u201ep\u0159ipe\u010den\u00fdm\u201c experiment\u016fm. <\/span><\/p>\n<p><span>  <strong>Vyj\u00edmateln\u00e1 n\u00e1doba<\/strong> \u2013 snadn\u00e9 \u010di\u0161t\u011bn\u00ed bez nutnosti hodinov\u00e9ho drhnut\u00ed. <\/span><\/p>\n<p><span>  <strong>Vn\u011bj\u0161\u00ed povrch chladn\u00fd na dotek<\/strong> \u2013 tak\u017ee se nesp\u00e1l\u00edte, kdy\u017e se p\u0159\u00edli\u0161 nadchnete pro dal\u0161\u00ed v\u00e1rku hranolek. <\/span><\/p>\n<p><span>  <strong>Protiskluzov\u00e9 no\u017ei\u010dky<\/strong> \u2013 stabiln\u00ed z\u00e1klad pro v\u00e1\u0161 sma\u017een\u00fd mistrovsk\u00fd kousek. <\/span><\/p>\n<p><span>  <strong>Sv\u011bteln\u00e1 kontrolka nah\u0159\u00e1t\u00ed<\/strong> \u2013 abyste v\u011bd\u011bli, kdy je \u010das na dal\u0161\u00ed kulin\u00e1\u0159sk\u00e9 dobrodru\u017estv\u00ed. <\/span><\/p>\n<p><span>  <strong>P\u0159\u00edkon 1800 W<\/strong> \u2013 proto\u017ee rychl\u00e1 p\u0159\u00edprava znamen\u00e1 rychl\u00e9 mls\u00e1n\u00ed!<\/span><\/p>\n<p><span>  <strong>Concept FR1010 \u2013 frit\u00e9za, kter\u00e1 prom\u011bn\u00ed ka\u017ed\u00fd ob\u011bd v k\u0159upav\u00fd z\u00e1\u017eitek!<\/strong>   Tak co \u0159\u00edk\u00e1te? P\u0159ipraveni na precizn\u011b sma\u017een\u00e9 dobroty?  <\/span><\/p>\n<p>&nbsp;<\/p>\n<p>&nbsp;<\/p>\n<p>Produkt bez n\u00e1doby na olej!!!<\/p>\n<p><span>Bazarov\u00fd produkt, z\u00e1ruka 12 m\u011bs\u00edc\u016f.<\/span><\/p>\n","protected":false},"excerpt":{"rendered":"<p>P\u0159edstavujeme frit\u00e9zu Concept FR1010 \u2013 proto\u017ee \u017eivot je p\u0159\u00edli\u0161 kr\u00e1tk\u00fd na nudn\u00e9 j\u00eddlo! Objem 2,5 l \u2013 dostatek m\u00edsta na hromadu k\u0159upav\u00fdch dobrot, od hranolek po ku\u0159ec\u00ed k\u0159id\u00e9lka. Nastaviteln\u00e1 teplota 130 \u2013 190 \u00b0C \u2013 vy si ur\u010d\u00edte, jestli chcete lehce zlatav\u00fd povrch, nebo po\u0159\u00e1dn\u011b k\u0159upavou dokonalost. \u010casova\u010d 5 \u2013 30 minut \u2013 dokonal\u00e1 pomoc&#8230;<\/p>\n","protected":false},"featured_media":27637,"comment_status":"closed","ping_status":"open","template":"","meta":{"_kadence_starter_templates_imported_post":false,"_kad_post_transparent":"","_kad_post_title":"","_kad_post_layout":"","_kad_post_sidebar_id":"","_kad_post_content_style":"","_kad_post_vertical_padding":"","_kad_post_feature":"","_kad_post_feature_position":"","_kad_post_header":false,"_kad_post_footer":false,"_kad_post_classname":""},"product_brand":[],"product_cat":[333,446,2429,334,341,340,406],"product_tag":[],"class_list":{"0":"post-27636","1":"product","2":"type-product","3":"status-publish","4":"has-post-thumbnail","6":"product_cat-domaci-a-osobni-spotrebice","7":"product_cat-fritezy","8":"product_cat-heureka-cz","9":"product_cat-kuchynske-spotrebice","10":"product_cat-male-kuchynske-spotrebice","11":"product_cat-priprava-jidla","12":"product_cat-vareni-a-smazeni","14":"first","15":"instock","16":"taxable","17":"shipping-taxable","18":"purchasable","19":"product-type-simple","20":"entry","21":"content-bg","22":"loop-entry"},"_links":{"self":[{"href":"http:\/\/www.outlet-electro.cz\/index.php\/wp-json\/wp\/v2\/product\/27636","targetHints":{"allow":["GET"]}}],"collection":[{"href":"http:\/\/www.outlet-electro.cz\/index.php\/wp-json\/wp\/v2\/product"}],"about":[{"href":"http:\/\/www.outlet-electro.cz\/index.php\/wp-json\/wp\/v2\/types\/product"}],"replies":[{"embeddable":true,"href":"http:\/\/www.outlet-electro.cz\/index.php\/wp-json\/wp\/v2\/comments?post=27636"}],"wp:featuredmedia":[{"embeddable":true,"href":"http:\/\/www.outlet-electro.cz\/index.php\/wp-json\/wp\/v2\/media\/27637"}],"wp:attachment":[{"href":"http:\/\/www.outlet-electro.cz\/index.php\/wp-json\/wp\/v2\/media?parent=27636"}],"wp:term":[{"taxonomy":"product_brand","embeddable":true,"href":"http:\/\/www.outlet-electro.cz\/index.php\/wp-json\/wp\/v2\/product_brand?post=27636"},{"taxonomy":"product_cat","embeddable":true,"href":"http:\/\/www.outlet-electro.cz\/index.php\/wp-json\/wp\/v2\/product_cat?post=27636"},{"taxonomy":"product_tag","embeddable":true,"href":"http:\/\/www.outlet-electro.cz\/index.php\/wp-json\/wp\/v2\/product_tag?post=27636"}],"curies":[{"name":"wp","href":"https:\/\/api.w.org\/{rel}","templated":true}]}}