{"id":27547,"date":"2026-01-26T11:25:31","date_gmt":"2026-01-26T10:25:31","guid":{"rendered":"https:\/\/www.outlet-electro.cz\/index.php\/produkt\/miska-pro-psy-seda\/"},"modified":"2026-01-26T11:25:32","modified_gmt":"2026-01-26T10:25:32","slug":"miska-pro-psy-seda","status":"publish","type":"product","link":"http:\/\/www.outlet-electro.cz\/index.php\/produkt\/miska-pro-psy-seda\/","title":{"rendered":"Miska pro psy \u0161ed\u00e1"},"content":{"rendered":"<p><span><strong>P\u0159edstavujeme v\u00e1m exkluzivn\u00ed ps\u00ed misku \u2013 high-tech v\u00fdtvor z 3D tisk\u00e1rny, kter\u00fd posune stolov\u00e1n\u00ed va\u0161eho chlupat\u00e9ho gurm\u00e1na na zcela novou \u00farove\u0148!<\/strong>  \ufe0f<\/span><\/p>\n<h3><strong>Co v\u00e1\u0161 pes z\u00edsk\u00e1?<\/strong><\/h3>\n<ul>\n<li>\n<p><span><strong>Pr\u016fm\u011br 20 cm<\/strong> \u2013 dost velk\u00e1 na to, aby v\u00e1\u0161 pes nev\u011b\u0159\u00edcn\u011b koukal, <strong>jestli se mu to jen nezd\u00e1<\/strong>.<\/span><\/p>\n<\/li>\n<li>\n<p><span><strong>V\u00fd\u0161ka 6 cm<\/strong> \u2013 \u017e\u00e1dn\u00e9 zbyte\u010dn\u00e9 oh\u00fdb\u00e1n\u00ed, <strong>jen pohodln\u00e9 hodov\u00e1n\u00ed jako u kr\u00e1lovsk\u00e9ho dvora<\/strong>.<\/span><\/p>\n<\/li>\n<li>\n<p><span><strong>Dno 1 cm<\/strong> \u2013 dokonale stabiln\u00ed, tak\u017ee <strong>u\u017e \u017e\u00e1dn\u00e9 \u201ehon\u011bn\u00ed misky po kuchyni\u201c<\/strong>!<\/span><\/p>\n<\/li>\n<li>\n<p><span><strong>Materi\u00e1l PetG \u0161ed\u00fd<\/strong> \u2013 stylov\u00e1 \u0161ed\u00e1, proto\u017ee v\u00e1\u0161 pes <strong>si zaslou\u017e\u00ed j\u00eddeln\u00ed servis na \u00farovni<\/strong>.<\/span><\/p>\n<\/li>\n<li>\n<p><span><strong>Vyrobeno 3D tiskem<\/strong> \u2013 <strong>absolutn\u00ed technologick\u00e1 \u0161pi\u010dka<\/strong> pro \u010dty\u0159noh\u00e9 str\u00e1vn\u00edky, proto\u017ee j\u00eddlo chutn\u00e1 l\u00e9pe, kdy\u017e je serv\u00edrov\u00e1no na <strong>budoucnosti!<\/strong><\/span><\/p>\n<\/li>\n<\/ul>\n<p><span>Tahle miska nen\u00ed jen kus plastu, je to <strong>vrchol in\u017een\u00fdrstv\u00ed pro nejlep\u0161\u00ed ps\u00ed gurm\u00e1ny!<\/strong>   Tak co \u0159\u00edk\u00e1te? P\u0159ipraveni posunout stolov\u00e1n\u00ed va\u0161eho psa <strong>do 21. stolet\u00ed<\/strong>?  \u2728<\/span><\/p>\n<p>&nbsp;<\/p>\n<p>P\u0159i odb\u011bru v\u011bt\u0161\u00edho mno\u017estv\u00ed n\u00e1m cinkn\u011bte a domluv\u00edme se.<\/p>\n<p>&nbsp;<\/p>\n","protected":false},"excerpt":{"rendered":"<p>P\u0159edstavujeme v\u00e1m exkluzivn\u00ed ps\u00ed misku \u2013 high-tech v\u00fdtvor z 3D tisk\u00e1rny, kter\u00fd posune stolov\u00e1n\u00ed va\u0161eho chlupat\u00e9ho gurm\u00e1na na zcela novou \u00farove\u0148! \ufe0f Co v\u00e1\u0161 pes z\u00edsk\u00e1? Pr\u016fm\u011br 20 cm \u2013 dost velk\u00e1 na to, aby v\u00e1\u0161 pes nev\u011b\u0159\u00edcn\u011b koukal, jestli se mu to jen nezd\u00e1. V\u00fd\u0161ka 6 cm \u2013 \u017e\u00e1dn\u00e9 zbyte\u010dn\u00e9 oh\u00fdb\u00e1n\u00ed, jen pohodln\u00e9 hodov\u00e1n\u00ed&#8230;<\/p>\n","protected":false},"featured_media":27548,"comment_status":"closed","ping_status":"open","template":"","meta":{"_kadence_starter_templates_imported_post":false,"_kad_post_transparent":"","_kad_post_title":"","_kad_post_layout":"","_kad_post_sidebar_id":"","_kad_post_content_style":"","_kad_post_vertical_padding":"","_kad_post_feature":"","_kad_post_feature_position":"","_kad_post_header":false,"_kad_post_footer":false,"_kad_post_classname":""},"product_brand":[],"product_cat":[615,2429,617,616],"product_tag":[],"class_list":{"0":"post-27547","1":"product","2":"type-product","3":"status-publish","4":"has-post-thumbnail","6":"product_cat-chovatelske-potreby","7":"product_cat-heureka-cz","8":"product_cat-misky-a-zasobniky-pro-psy","9":"product_cat-pro-psy","11":"first","12":"instock","13":"taxable","14":"shipping-taxable","15":"purchasable","16":"product-type-simple","17":"entry","18":"content-bg","19":"loop-entry"},"_links":{"self":[{"href":"http:\/\/www.outlet-electro.cz\/index.php\/wp-json\/wp\/v2\/product\/27547","targetHints":{"allow":["GET"]}}],"collection":[{"href":"http:\/\/www.outlet-electro.cz\/index.php\/wp-json\/wp\/v2\/product"}],"about":[{"href":"http:\/\/www.outlet-electro.cz\/index.php\/wp-json\/wp\/v2\/types\/product"}],"replies":[{"embeddable":true,"href":"http:\/\/www.outlet-electro.cz\/index.php\/wp-json\/wp\/v2\/comments?post=27547"}],"wp:featuredmedia":[{"embeddable":true,"href":"http:\/\/www.outlet-electro.cz\/index.php\/wp-json\/wp\/v2\/media\/27548"}],"wp:attachment":[{"href":"http:\/\/www.outlet-electro.cz\/index.php\/wp-json\/wp\/v2\/media?parent=27547"}],"wp:term":[{"taxonomy":"product_brand","embeddable":true,"href":"http:\/\/www.outlet-electro.cz\/index.php\/wp-json\/wp\/v2\/product_brand?post=27547"},{"taxonomy":"product_cat","embeddable":true,"href":"http:\/\/www.outlet-electro.cz\/index.php\/wp-json\/wp\/v2\/product_cat?post=27547"},{"taxonomy":"product_tag","embeddable":true,"href":"http:\/\/www.outlet-electro.cz\/index.php\/wp-json\/wp\/v2\/product_tag?post=27547"}],"curies":[{"name":"wp","href":"https:\/\/api.w.org\/{rel}","templated":true}]}}