{"id":27517,"date":"2026-01-26T11:25:24","date_gmt":"2026-01-26T10:25:24","guid":{"rendered":"https:\/\/www.outlet-electro.cz\/index.php\/produkt\/nabijecka-do-auta-aligator-cha0009\/"},"modified":"2026-01-26T11:25:28","modified_gmt":"2026-01-26T10:25:28","slug":"nabijecka-do-auta-aligator-cha0009","status":"publish","type":"product","link":"http:\/\/www.outlet-electro.cz\/index.php\/produkt\/nabijecka-do-auta-aligator-cha0009\/","title":{"rendered":"Nab\u00edje\u010dka do auta Aligator CHA0009"},"content":{"rendered":"<p><span><strong>P\u0159edstavujeme v\u00e1m nab\u00edje\u010dku do auta Aligator CHA0009<\/strong> \u2013 spolehliv\u00e9ho pomocn\u00edka pro rychl\u00e9 a efektivn\u00ed nab\u00edjen\u00ed va\u0161ich za\u0159\u00edzen\u00ed b\u011bhem cestov\u00e1n\u00ed!  <\/span><\/p>\n<h3><strong>Pro\u010d si ji obl\u00edb\u00edte?<\/strong><\/h3>\n<ul>\n<li>\n<p><span><strong>Dva USB porty + USB-C kabel<\/strong> \u2013 mo\u017enost nab\u00edjet a\u017e <strong>dv\u011b za\u0159\u00edzen\u00ed najednou<\/strong>.<\/span><\/p>\n<\/li>\n<li>\n<p><span><strong>Turbo charge technologie<\/strong> \u2013 <strong>rychl\u00e9 a efektivn\u00ed<\/strong> nab\u00edjen\u00ed, a\u0165 u\u017e jste kdekoli.<\/span><\/p>\n<\/li>\n<li>\n<p><span><strong>Kompatibilita s \u0161irokou \u0159adou za\u0159\u00edzen\u00ed<\/strong> \u2013 ide\u00e1ln\u00ed pro mobiln\u00ed telefony, tablety a dal\u0161\u00ed.<\/span><\/p>\n<\/li>\n<li>\n<p><span><strong>P\u0159ipojen\u00ed p\u0159es cigaretov\u00fd zapalova\u010d<\/strong> \u2013 snadn\u00e9 pou\u017eit\u00ed v ka\u017ed\u00e9m vozidle.<\/span><\/p>\n<\/li>\n<\/ul>\n<h3>  <strong>Bezpe\u010dnostn\u00ed a praktick\u00e9 funkce:<\/strong><\/h3>\n<p><span>\u2705 <strong>Ochrana proti zkratu a p\u0159et\u00ed\u017een\u00ed<\/strong> \u2013 bezpe\u010dn\u00e9 nab\u00edjen\u00ed bez rizika. \u2705 <strong>Vstupn\u00ed nap\u011bt\u00ed 12\/24V<\/strong> \u2013 vhodn\u00e1 pro auta i kamiony. \u2705 <strong>V\u00fdstupn\u00ed nap\u011bt\u00ed 5V, proud 2.4A<\/strong> \u2013 efektivn\u00ed v\u00fdkon pro rychl\u00e9 dopln\u011bn\u00ed energie. \u2705 <strong>D\u00e9lka kabelu 1m<\/strong> \u2013 pohodln\u00e9 manipulov\u00e1n\u00ed bez omezen\u00ed. \u2705 <strong>Elegantn\u00ed \u010dern\u00e9 proveden\u00ed<\/strong> \u2013 stylov\u00fd dopln\u011bk do ka\u017ed\u00e9ho automobilu.<\/span><\/p>\n<p><span>Nab\u00edje\u010dka do auta <strong>Aligator CHA0009<\/strong> v\u00e1m zajist\u00ed bezprobl\u00e9mov\u00e9 nab\u00edjen\u00ed na cest\u00e1ch, tak\u017ee va\u0161e za\u0159\u00edzen\u00ed <strong>budou v\u017edy p\u0159ipravena<\/strong> k pou\u017eit\u00ed!   Tak co \u0159\u00edk\u00e1te? P\u0159ipraveni z\u016fstat ve spojen\u00ed bez p\u0159eru\u0161en\u00ed i na cest\u00e1ch?  \u26a1<\/span><\/p>\n<p>&nbsp;<\/p>\n<p><span>Z\u00e1ruka 24 m\u011bs\u00edc\u016f.<\/span><\/p>\n","protected":false},"excerpt":{"rendered":"<p>P\u0159edstavujeme v\u00e1m nab\u00edje\u010dku do auta Aligator CHA0009 \u2013 spolehliv\u00e9ho pomocn\u00edka pro rychl\u00e9 a efektivn\u00ed nab\u00edjen\u00ed va\u0161ich za\u0159\u00edzen\u00ed b\u011bhem cestov\u00e1n\u00ed! Pro\u010d si ji obl\u00edb\u00edte? Dva USB porty + USB-C kabel \u2013 mo\u017enost nab\u00edjet a\u017e dv\u011b za\u0159\u00edzen\u00ed najednou. Turbo charge technologie \u2013 rychl\u00e9 a efektivn\u00ed nab\u00edjen\u00ed, a\u0165 u\u017e jste kdekoli. Kompatibilita s \u0161irokou \u0159adou za\u0159\u00edzen\u00ed \u2013 ide\u00e1ln\u00ed&#8230;<\/p>\n","protected":false},"featured_media":27518,"comment_status":"closed","ping_status":"open","template":"","meta":{"_kadence_starter_templates_imported_post":false,"_kad_post_transparent":"","_kad_post_title":"","_kad_post_layout":"","_kad_post_sidebar_id":"","_kad_post_content_style":"","_kad_post_vertical_padding":"","_kad_post_feature":"","_kad_post_feature_position":"","_kad_post_header":false,"_kad_post_footer":false,"_kad_post_classname":""},"product_brand":[],"product_cat":[415,64,2429,413,416,414],"product_tag":[],"class_list":{"0":"post-27517","1":"product","2":"type-product","3":"status-publish","4":"has-post-thumbnail","6":"product_cat-baterie-a-nabijecky-pro-mobily","7":"product_cat-elektronika","8":"product_cat-heureka-cz","9":"product_cat-mobily-tablety-nositelna-elektronika","10":"product_cat-nabijecky-pro-mobilni-telefony","11":"product_cat-prislusenstvi-k-mobilum","13":"first","14":"instock","15":"taxable","16":"shipping-taxable","17":"purchasable","18":"product-type-simple","19":"entry","20":"content-bg","21":"loop-entry"},"_links":{"self":[{"href":"http:\/\/www.outlet-electro.cz\/index.php\/wp-json\/wp\/v2\/product\/27517","targetHints":{"allow":["GET"]}}],"collection":[{"href":"http:\/\/www.outlet-electro.cz\/index.php\/wp-json\/wp\/v2\/product"}],"about":[{"href":"http:\/\/www.outlet-electro.cz\/index.php\/wp-json\/wp\/v2\/types\/product"}],"replies":[{"embeddable":true,"href":"http:\/\/www.outlet-electro.cz\/index.php\/wp-json\/wp\/v2\/comments?post=27517"}],"wp:featuredmedia":[{"embeddable":true,"href":"http:\/\/www.outlet-electro.cz\/index.php\/wp-json\/wp\/v2\/media\/27518"}],"wp:attachment":[{"href":"http:\/\/www.outlet-electro.cz\/index.php\/wp-json\/wp\/v2\/media?parent=27517"}],"wp:term":[{"taxonomy":"product_brand","embeddable":true,"href":"http:\/\/www.outlet-electro.cz\/index.php\/wp-json\/wp\/v2\/product_brand?post=27517"},{"taxonomy":"product_cat","embeddable":true,"href":"http:\/\/www.outlet-electro.cz\/index.php\/wp-json\/wp\/v2\/product_cat?post=27517"},{"taxonomy":"product_tag","embeddable":true,"href":"http:\/\/www.outlet-electro.cz\/index.php\/wp-json\/wp\/v2\/product_tag?post=27517"}],"curies":[{"name":"wp","href":"https:\/\/api.w.org\/{rel}","templated":true}]}}