{"id":27513,"date":"2026-01-26T11:25:24","date_gmt":"2026-01-26T10:25:24","guid":{"rendered":"https:\/\/www.outlet-electro.cz\/index.php\/produkt\/usb-sada-sencor-sco-516-000-barva-cerna\/"},"modified":"2026-01-26T11:25:28","modified_gmt":"2026-01-26T10:25:28","slug":"usb-sada-sencor-sco-516-000-barva-cerna","status":"publish","type":"product","link":"http:\/\/www.outlet-electro.cz\/index.php\/produkt\/usb-sada-sencor-sco-516-000-barva-cerna\/","title":{"rendered":"USB sada Sencor SCO 516-000 Barva: \u010cern\u00e1"},"content":{"rendered":"<p><span><strong>P\u0159edstavujeme v\u00e1m USB sadu Sencor SCO 516-000<\/strong> \u2013 praktickou a univerz\u00e1ln\u00ed volbu pro spolehliv\u00e9 nab\u00edjen\u00ed doma i na cest\u00e1ch!  \u26a1<\/span><\/p>\n<h3><strong>Co v\u00e1m tato sada nab\u00edz\u00ed?<\/strong><\/h3>\n<p><span>\u2705 <strong>1m USB kabel 2.0 A\/M &#8211; Micro B\/M<\/strong> \u2013 pohodln\u00fd p\u0159enos dat i nab\u00edjen\u00ed. \u2705 <strong>S\u00ed\u0165ov\u00e1 nab\u00edje\u010dka:<\/strong><\/span><\/p>\n<ul>\n<li>\n<p><span><strong>Vstup:<\/strong> 100\u2013240V AC; 50\/60Hz; 350mA<\/span><\/p>\n<\/li>\n<li>\n<p><span><strong>V\u00fdstup:<\/strong> DC 5V, 2A \u2013 efektivn\u00ed nab\u00edjen\u00ed pro va\u0161e za\u0159\u00edzen\u00ed. \u2705 <strong>Autonab\u00edje\u010dka:<\/strong><\/span><\/p>\n<\/li>\n<li>\n<p><span><strong>Vstup:<\/strong> 12\u201324V DC \u2013 ide\u00e1ln\u00ed do auta i kamionu.<\/span><\/p>\n<\/li>\n<li>\n<p><span><strong>V\u00fdstup:<\/strong> DC 5V, 2A \u2013 bezprobl\u00e9mov\u00e9 dob\u00edjen\u00ed na cest\u00e1ch.<\/span><\/p>\n<\/li>\n<\/ul>\n<p><span>Tento <strong>kompaktn\u00ed USB set<\/strong> je perfektn\u00edm \u0159e\u0161en\u00edm pro ka\u017ed\u00e9ho, kdo chce m\u00edt sv\u00e1 za\u0159\u00edzen\u00ed <strong>neust\u00e1le nabit\u00e1<\/strong>. U\u017e \u017e\u00e1dn\u00e9 starosti s vybitou bateri\u00ed!   P\u0159ipraveni z\u016fstat ve spojen\u00ed bez p\u0159eru\u0161en\u00ed?  \u26a1<\/span><\/p>\n<p>&nbsp;<\/p>\n<p><span>Z\u00e1ruka 24 m\u011bs\u00edc\u016f.<\/span><\/p>\n","protected":false},"excerpt":{"rendered":"<p>P\u0159edstavujeme v\u00e1m USB sadu Sencor SCO 516-000 \u2013 praktickou a univerz\u00e1ln\u00ed volbu pro spolehliv\u00e9 nab\u00edjen\u00ed doma i na cest\u00e1ch! \u26a1 Co v\u00e1m tato sada nab\u00edz\u00ed? \u2705 1m USB kabel 2.0 A\/M &#8211; Micro B\/M \u2013 pohodln\u00fd p\u0159enos dat i nab\u00edjen\u00ed. \u2705 S\u00ed\u0165ov\u00e1 nab\u00edje\u010dka: Vstup: 100\u2013240V AC; 50\/60Hz; 350mA V\u00fdstup: DC 5V, 2A \u2013 efektivn\u00ed nab\u00edjen\u00ed&#8230;<\/p>\n","protected":false},"featured_media":27514,"comment_status":"closed","ping_status":"open","template":"","meta":{"_kadence_starter_templates_imported_post":false,"_kad_post_transparent":"","_kad_post_title":"","_kad_post_layout":"","_kad_post_sidebar_id":"","_kad_post_content_style":"","_kad_post_vertical_padding":"","_kad_post_feature":"","_kad_post_feature_position":"","_kad_post_header":false,"_kad_post_footer":false,"_kad_post_classname":""},"product_brand":[],"product_cat":[64,2429,418,391,417,419],"product_tag":[],"class_list":{"0":"post-27513","1":"product","2":"type-product","3":"status-publish","4":"has-post-thumbnail","6":"product_cat-elektronika","7":"product_cat-heureka-cz","8":"product_cat-kabely-a-konektory","9":"product_cat-pocitace-a-notebooky","10":"product_cat-prislusenstvi-k-pocitacum","11":"product_cat-usb-kabely","13":"first","14":"instock","15":"taxable","16":"shipping-taxable","17":"purchasable","18":"product-type-simple","19":"entry","20":"content-bg","21":"loop-entry"},"_links":{"self":[{"href":"http:\/\/www.outlet-electro.cz\/index.php\/wp-json\/wp\/v2\/product\/27513","targetHints":{"allow":["GET"]}}],"collection":[{"href":"http:\/\/www.outlet-electro.cz\/index.php\/wp-json\/wp\/v2\/product"}],"about":[{"href":"http:\/\/www.outlet-electro.cz\/index.php\/wp-json\/wp\/v2\/types\/product"}],"replies":[{"embeddable":true,"href":"http:\/\/www.outlet-electro.cz\/index.php\/wp-json\/wp\/v2\/comments?post=27513"}],"wp:featuredmedia":[{"embeddable":true,"href":"http:\/\/www.outlet-electro.cz\/index.php\/wp-json\/wp\/v2\/media\/27514"}],"wp:attachment":[{"href":"http:\/\/www.outlet-electro.cz\/index.php\/wp-json\/wp\/v2\/media?parent=27513"}],"wp:term":[{"taxonomy":"product_brand","embeddable":true,"href":"http:\/\/www.outlet-electro.cz\/index.php\/wp-json\/wp\/v2\/product_brand?post=27513"},{"taxonomy":"product_cat","embeddable":true,"href":"http:\/\/www.outlet-electro.cz\/index.php\/wp-json\/wp\/v2\/product_cat?post=27513"},{"taxonomy":"product_tag","embeddable":true,"href":"http:\/\/www.outlet-electro.cz\/index.php\/wp-json\/wp\/v2\/product_tag?post=27513"}],"curies":[{"name":"wp","href":"https:\/\/api.w.org\/{rel}","templated":true}]}}