{"id":27489,"date":"2026-01-26T11:25:19","date_gmt":"2026-01-26T10:25:19","guid":{"rendered":"https:\/\/www.outlet-electro.cz\/index.php\/produkt\/holici-strojek-phnipros-rq-7300\/"},"modified":"2026-01-26T11:25:21","modified_gmt":"2026-01-26T10:25:21","slug":"holici-strojek-phnipros-rq-7300","status":"publish","type":"product","link":"http:\/\/www.outlet-electro.cz\/index.php\/produkt\/holici-strojek-phnipros-rq-7300\/","title":{"rendered":"Holic\u00ed strojek Phnipros RQ-7300"},"content":{"rendered":"<p><span><strong>P\u0159edstavujeme v\u00e1m holic\u00ed strojek Phnipros RQ-7300<\/strong> \u2013 elegantn\u00ed a praktick\u00fd n\u00e1stroj pro hladk\u00e9 a pohodln\u00e9 holen\u00ed!  \u2728<\/span><\/p>\n<h3><strong>Hlavn\u00ed vlastnosti:<\/strong><\/h3>\n<ul>\n<li>\n<p><span><strong>Omyvateln\u00e9 b\u0159ity<\/strong> \u2013 snadn\u00e1 \u00fadr\u017eba pro hygienick\u00e9 pou\u017e\u00edv\u00e1n\u00ed<\/span><\/p>\n<\/li>\n<li>\n<p><span><strong>Pouze bezdr\u00e1tov\u00fd provoz<\/strong> \u2013 maxim\u00e1ln\u00ed volnost pohybu<\/span><\/p>\n<\/li>\n<li>\n<p><span><strong>45 minut provozu<\/strong> \u2013 dostatek \u010dasu pro dokonalou \u00fapravu vous\u016f<\/span><\/p>\n<\/li>\n<li>\n<p><span><strong>Doba nab\u00edjen\u00ed:<\/strong> 5 hodin<\/span><\/p>\n<\/li>\n<\/ul>\n<h3>\u2699 <strong>Technick\u00e9 parametry:<\/strong><\/h3>\n<ul>\n<li>\n<p><span><strong>Nap\u011bt\u00ed:<\/strong> 220\u2013240 V<\/span><\/p>\n<\/li>\n<li>\n<p><span><strong>Frekvence:<\/strong> 50 Hz<\/span><\/p>\n<\/li>\n<li>\n<p><span><strong>V\u00fdkon:<\/strong> 3 W<\/span><\/p>\n<\/li>\n<\/ul>\n<p><span>Holic\u00ed strojek <strong>Phnipros RQ-7300<\/strong> je skv\u011blou volbou pro ty, kdo hledaj\u00ed spolehliv\u00fd bezdr\u00e1tov\u00fd model s omyvateln\u00fdmi b\u0159ity. U\u017eijte si pohodln\u00e9 a precizn\u00ed holen\u00ed kdykoliv pot\u0159ebujete!  \u2728 Jste p\u0159ipraveni na dokonale upraven\u00fd vzhled?  <\/span><\/p>\n<p>&nbsp;<\/p>\n<p>Bazarov\u00fd prodej, z\u00e1ruka 12 m\u011bs\u00edc\u016f.<\/p>\n","protected":false},"excerpt":{"rendered":"<p>P\u0159edstavujeme v\u00e1m holic\u00ed strojek Phnipros RQ-7300 \u2013 elegantn\u00ed a praktick\u00fd n\u00e1stroj pro hladk\u00e9 a pohodln\u00e9 holen\u00ed! \u2728 Hlavn\u00ed vlastnosti: Omyvateln\u00e9 b\u0159ity \u2013 snadn\u00e1 \u00fadr\u017eba pro hygienick\u00e9 pou\u017e\u00edv\u00e1n\u00ed Pouze bezdr\u00e1tov\u00fd provoz \u2013 maxim\u00e1ln\u00ed volnost pohybu 45 minut provozu \u2013 dostatek \u010dasu pro dokonalou \u00fapravu vous\u016f Doba nab\u00edjen\u00ed: 5 hodin \u2699 Technick\u00e9 parametry: Nap\u011bt\u00ed: 220\u2013240 V Frekvence:&#8230;<\/p>\n","protected":false},"featured_media":27490,"comment_status":"closed","ping_status":"open","template":"","meta":{"_kadence_starter_templates_imported_post":false,"_kad_post_transparent":"","_kad_post_title":"","_kad_post_layout":"","_kad_post_sidebar_id":"","_kad_post_content_style":"","_kad_post_vertical_padding":"","_kad_post_feature":"","_kad_post_feature_position":"","_kad_post_header":false,"_kad_post_footer":false,"_kad_post_classname":""},"product_brand":[],"product_cat":[333,2429,337,338,482],"product_tag":[],"class_list":{"0":"post-27489","1":"product","2":"type-product","3":"status-publish","4":"has-post-thumbnail","6":"product_cat-domaci-a-osobni-spotrebice","7":"product_cat-heureka-cz","8":"product_cat-pece-o-telo-a-zdravi","9":"product_cat-pece-o-vlasy-a-vousy","10":"product_cat-zastrihovace-vlasu-a-vousu","12":"first","13":"instock","14":"taxable","15":"shipping-taxable","16":"purchasable","17":"product-type-simple","18":"entry","19":"content-bg","20":"loop-entry"},"_links":{"self":[{"href":"http:\/\/www.outlet-electro.cz\/index.php\/wp-json\/wp\/v2\/product\/27489","targetHints":{"allow":["GET"]}}],"collection":[{"href":"http:\/\/www.outlet-electro.cz\/index.php\/wp-json\/wp\/v2\/product"}],"about":[{"href":"http:\/\/www.outlet-electro.cz\/index.php\/wp-json\/wp\/v2\/types\/product"}],"replies":[{"embeddable":true,"href":"http:\/\/www.outlet-electro.cz\/index.php\/wp-json\/wp\/v2\/comments?post=27489"}],"wp:featuredmedia":[{"embeddable":true,"href":"http:\/\/www.outlet-electro.cz\/index.php\/wp-json\/wp\/v2\/media\/27490"}],"wp:attachment":[{"href":"http:\/\/www.outlet-electro.cz\/index.php\/wp-json\/wp\/v2\/media?parent=27489"}],"wp:term":[{"taxonomy":"product_brand","embeddable":true,"href":"http:\/\/www.outlet-electro.cz\/index.php\/wp-json\/wp\/v2\/product_brand?post=27489"},{"taxonomy":"product_cat","embeddable":true,"href":"http:\/\/www.outlet-electro.cz\/index.php\/wp-json\/wp\/v2\/product_cat?post=27489"},{"taxonomy":"product_tag","embeddable":true,"href":"http:\/\/www.outlet-electro.cz\/index.php\/wp-json\/wp\/v2\/product_tag?post=27489"}],"curies":[{"name":"wp","href":"https:\/\/api.w.org\/{rel}","templated":true}]}}