{"id":27469,"date":"2026-01-26T11:25:19","date_gmt":"2026-01-26T10:25:19","guid":{"rendered":"https:\/\/www.outlet-electro.cz\/index.php\/produkt\/raclette-grill-clatronic-rg-3517\/"},"modified":"2026-01-26T11:25:20","modified_gmt":"2026-01-26T10:25:20","slug":"raclette-grill-clatronic-rg-3517","status":"publish","type":"product","link":"http:\/\/www.outlet-electro.cz\/index.php\/produkt\/raclette-grill-clatronic-rg-3517\/","title":{"rendered":"Raclette grill Clatronic &#8211; RG 3517"},"content":{"rendered":"<p><span>Seznamte se s raclette grilem Clatronic RG 3517 \u2013 perfektn\u00edm \u0159e\u0161en\u00edm pro zdrav\u00e9 grilov\u00e1n\u00ed bez p\u0159id\u00e1n\u00ed tuk\u016f \u010di olej\u016f, kter\u00e9 v\u00e1m umo\u017en\u00ed p\u0159ipravit \u0161irokou \u0161k\u00e1lu lahodn\u00fdch pokrm\u016f!  \u2728<\/span><\/p>\n<h3>Hlavn\u00ed kouzla:<\/h3>\n<ul>\n<li>\n<p><span><strong>Dv\u011b grilovac\u00ed plochy<\/strong>:<\/span><\/p>\n<ul>\n<li>\n<p><span><strong>Hladk\u00fd povrch<\/strong> pro ryby a zeleninu.<\/span><\/p>\n<\/li>\n<li>\n<p><span><strong>Povrch s dr\u00e1\u017ekami<\/strong> pro intenzivn\u00ed grilovac\u00ed vzor na mase.<\/span><\/p>\n<\/li>\n<\/ul>\n<\/li>\n<li>\n<p><span><strong>Velk\u00e1 grilovac\u00ed plocha (40,5 \u00d7 30 cm)<\/strong>: Dostatek prostoru pro pohodln\u00e9 grilov\u00e1n\u00ed.<\/span><\/p>\n<\/li>\n<li>\n<p><span><strong>Plynule nastaviteln\u00fd termostat<\/strong>: P\u0159izp\u016fsoben\u00ed teploty pro dokonal\u00e9 v\u00fdsledky.<\/span><\/p>\n<\/li>\n<\/ul>\n<h3>Dal\u0161\u00ed vychyt\u00e1vky:<\/h3>\n<ul>\n<li>\n<p><span><strong>8 \u0161pachtli\u010dek a 8 p\u00e1nvi\u010dek<\/strong>: Ide\u00e1ln\u00ed pro individu\u00e1ln\u00ed p\u0159\u00edpravu j\u00eddla.<\/span><\/p>\n<\/li>\n<li>\n<p><span><strong>Nep\u0159ilnav\u00fd povrch<\/strong>: Zabra\u0148uje p\u0159ipalov\u00e1n\u00ed a usnad\u0148uje \u010di\u0161t\u011bn\u00ed.<\/span><\/p>\n<\/li>\n<li>\n<p><span><strong>Kontrolka provozu<\/strong>: Praktick\u00e9 zobrazen\u00ed aktu\u00e1ln\u00edho stavu grilu.<\/span><\/p>\n<\/li>\n<li>\n<p><span><strong>Bezpe\u010dn\u00e9 nap\u00e1jen\u00ed (220\u2013240 V, 50\/60 Hz)<\/strong>: Vysok\u00fd v\u00fdkon 1200\u20131400 W.<\/span><\/p>\n<\/li>\n<\/ul>\n<p><span>Raclette gril Clatronic RG 3517 je ide\u00e1ln\u00ed pro rodinn\u00e9 ve\u010dery nebo posezen\u00ed s p\u0159\u00e1teli. U\u017eijte si pohodl\u00ed a radost z grilov\u00e1n\u00ed!  <\/span><\/p>\n<p>&nbsp;<\/p>\n<p>&nbsp;<\/p>\n<p><span>Z\u00e1ruka 24 m\u011bs\u00edc\u016f.<\/span><\/p>\n","protected":false},"excerpt":{"rendered":"<p>Seznamte se s raclette grilem Clatronic RG 3517 \u2013 perfektn\u00edm \u0159e\u0161en\u00edm pro zdrav\u00e9 grilov\u00e1n\u00ed bez p\u0159id\u00e1n\u00ed tuk\u016f \u010di olej\u016f, kter\u00e9 v\u00e1m umo\u017en\u00ed p\u0159ipravit \u0161irokou \u0161k\u00e1lu lahodn\u00fdch pokrm\u016f! \u2728 Hlavn\u00ed kouzla: Dv\u011b grilovac\u00ed plochy: Hladk\u00fd povrch pro ryby a zeleninu. Povrch s dr\u00e1\u017ekami pro intenzivn\u00ed grilovac\u00ed vzor na mase. Velk\u00e1 grilovac\u00ed plocha (40,5 \u00d7 30 cm):&#8230;<\/p>\n","protected":false},"featured_media":27470,"comment_status":"closed","ping_status":"open","template":"","meta":{"_kadence_starter_templates_imported_post":false,"_kad_post_transparent":"","_kad_post_title":"","_kad_post_layout":"","_kad_post_sidebar_id":"","_kad_post_content_style":"","_kad_post_vertical_padding":"","_kad_post_feature":"","_kad_post_feature_position":"","_kad_post_header":false,"_kad_post_footer":false,"_kad_post_classname":""},"product_brand":[],"product_cat":[333,2283,2429,334,341,425,340],"product_tag":[],"class_list":{"0":"post-27469","1":"product","2":"type-product","3":"status-publish","4":"has-post-thumbnail","6":"product_cat-domaci-a-osobni-spotrebice","7":"product_cat-domaci-grily","8":"product_cat-heureka-cz","9":"product_cat-kuchynske-spotrebice","10":"product_cat-male-kuchynske-spotrebice","11":"product_cat-peceni-a-opekani","12":"product_cat-priprava-jidla","14":"first","15":"instock","16":"taxable","17":"shipping-taxable","18":"purchasable","19":"product-type-simple","20":"entry","21":"content-bg","22":"loop-entry"},"_links":{"self":[{"href":"http:\/\/www.outlet-electro.cz\/index.php\/wp-json\/wp\/v2\/product\/27469","targetHints":{"allow":["GET"]}}],"collection":[{"href":"http:\/\/www.outlet-electro.cz\/index.php\/wp-json\/wp\/v2\/product"}],"about":[{"href":"http:\/\/www.outlet-electro.cz\/index.php\/wp-json\/wp\/v2\/types\/product"}],"replies":[{"embeddable":true,"href":"http:\/\/www.outlet-electro.cz\/index.php\/wp-json\/wp\/v2\/comments?post=27469"}],"wp:featuredmedia":[{"embeddable":true,"href":"http:\/\/www.outlet-electro.cz\/index.php\/wp-json\/wp\/v2\/media\/27470"}],"wp:attachment":[{"href":"http:\/\/www.outlet-electro.cz\/index.php\/wp-json\/wp\/v2\/media?parent=27469"}],"wp:term":[{"taxonomy":"product_brand","embeddable":true,"href":"http:\/\/www.outlet-electro.cz\/index.php\/wp-json\/wp\/v2\/product_brand?post=27469"},{"taxonomy":"product_cat","embeddable":true,"href":"http:\/\/www.outlet-electro.cz\/index.php\/wp-json\/wp\/v2\/product_cat?post=27469"},{"taxonomy":"product_tag","embeddable":true,"href":"http:\/\/www.outlet-electro.cz\/index.php\/wp-json\/wp\/v2\/product_tag?post=27469"}],"curies":[{"name":"wp","href":"https:\/\/api.w.org\/{rel}","templated":true}]}}