{"id":27415,"date":"2026-01-26T11:25:10","date_gmt":"2026-01-26T10:25:10","guid":{"rendered":"https:\/\/www.outlet-electro.cz\/index.php\/produkt\/elektricky-mini-slehac-herboxa-green-mixer\/"},"modified":"2026-01-26T11:25:13","modified_gmt":"2026-01-26T10:25:13","slug":"elektricky-mini-slehac-herboxa-green-mixer","status":"publish","type":"product","link":"http:\/\/www.outlet-electro.cz\/index.php\/produkt\/elektricky-mini-slehac-herboxa-green-mixer\/","title":{"rendered":"Elektrick\u00fd mini \u0161leha\u010d Herboxa Green Mixer"},"content":{"rendered":"<p><span>Seznamte se s elektrick\u00fdm mini \u0161leha\u010dem Herboxa Green Mixer \u2013 mal\u00fdm, ale \u0161ikovn\u00fdm pomocn\u00edkem, kter\u00fd dod\u00e1 va\u0161im n\u00e1poj\u016fm a pokrm\u016fm dokonal\u00fd dotek p\u011bnov\u00e9 dokonalosti! \u2615\u2728<\/span><\/p>\n<p><span>D\u00edky v\u00fdkonn\u00e9mu motoru zvl\u00e1dne nap\u011bnit ml\u00e9ko, na\u0161lehat proteinov\u00e9 koktejly nebo vytvo\u0159it sametov\u011b hladkou horkou \u010dokol\u00e1du b\u011bhem chvilky. Jeho ergonomick\u00e1 <strong>protiskluzov\u00e1 rukoje\u0165<\/strong> a praktick\u00fd stojan ho \u010din\u00ed nejen pohodln\u00fdm na pou\u017e\u00edv\u00e1n\u00ed, ale i snadno skladovateln\u00fdm.<\/span><\/p>\n<p><span>Hlavn\u00ed kouzla:<\/span><\/p>\n<ul>\n<li>\n<p><span><strong>Nap\u00e1jen\u00ed na baterie (2\u00d7 AA)<\/strong>: Bez kabel\u016f \u2013 naprost\u00e1 svoboda pou\u017e\u00edv\u00e1n\u00ed, a\u0165 u\u017e doma, nebo na cest\u00e1ch (nejsou sou\u010d\u00e1st\u00ed balen\u00ed).<\/span><\/p>\n<\/li>\n<li>\n<p><span><strong>Kompaktn\u00ed design<\/strong>: Ide\u00e1ln\u00ed do men\u0161\u00edch kuchyn\u00ed nebo pro p\u0159en\u00e1\u0161en\u00ed na v\u00fdlety.<\/span><\/p>\n<\/li>\n<li>\n<p><span><strong>Nerezov\u00fd \u0161lehac\u00ed n\u00e1stavec<\/strong>: Trvanlivost a efektivn\u00ed v\u00fdkon pro dokonal\u00e9 v\u00fdsledky.<\/span><\/p>\n<\/li>\n<\/ul>\n<p><span>Dal\u0161\u00ed vychyt\u00e1vky:<\/span><\/p>\n<ul>\n<li>\n<p><span><strong>Snadn\u00e9 \u010di\u0161t\u011bn\u00ed<\/strong>: Sta\u010d\u00ed opl\u00e1chnout a zapnout pro rychl\u00e9 osu\u0161en\u00ed.<\/span><\/p>\n<\/li>\n<li>\n<p><span><strong>Univerz\u00e1ln\u00ed pou\u017eit\u00ed<\/strong>: Perfektn\u00ed na latt\u00e9, matcha, cappuccino i dal\u0161\u00ed kulin\u00e1\u0159sk\u00e9 n\u00e1pady.<\/span><\/p>\n<\/li>\n<li>\n<p><span><strong>Robustn\u00ed konstrukce<\/strong>: Spolehliv\u00fd pomocn\u00edk na dlouh\u00e1 l\u00e9ta.<\/span><\/p>\n<\/li>\n<\/ul>\n<p><span>Elektrick\u00fd mini \u0161leha\u010d Herboxa Green Mixer nen\u00ed jen p\u0159\u00edstroj \u2013 je to v\u00e1\u0161 kouzeln\u00fd n\u00e1stroj pro p\u0159\u00edpravu luxusn\u00edch n\u00e1poj\u016f kdykoliv a kdekoliv. P\u0159ipravte se na nad\u00fdchanou revoluci!  \u2728<\/span><\/p>\n<p><span><br data-mce-bogus=\"1\"><\/span><\/p>\n<p><span>Z\u00e1ruka 24 m\u011bs\u00edc\u016f.<\/span><\/p>\n","protected":false},"excerpt":{"rendered":"<p>Seznamte se s elektrick\u00fdm mini \u0161leha\u010dem Herboxa Green Mixer \u2013 mal\u00fdm, ale \u0161ikovn\u00fdm pomocn\u00edkem, kter\u00fd dod\u00e1 va\u0161im n\u00e1poj\u016fm a pokrm\u016fm dokonal\u00fd dotek p\u011bnov\u00e9 dokonalosti! \u2615\u2728 D\u00edky v\u00fdkonn\u00e9mu motoru zvl\u00e1dne nap\u011bnit ml\u00e9ko, na\u0161lehat proteinov\u00e9 koktejly nebo vytvo\u0159it sametov\u011b hladkou horkou \u010dokol\u00e1du b\u011bhem chvilky. Jeho ergonomick\u00e1 protiskluzov\u00e1 rukoje\u0165 a praktick\u00fd stojan ho \u010din\u00ed nejen pohodln\u00fdm na pou\u017e\u00edv\u00e1n\u00ed,&#8230;<\/p>\n","protected":false},"featured_media":27822,"comment_status":"closed","ping_status":"open","template":"","meta":{"_kadence_starter_templates_imported_post":false,"_kad_post_transparent":"","_kad_post_title":"","_kad_post_layout":"","_kad_post_sidebar_id":"","_kad_post_content_style":"","_kad_post_vertical_padding":"","_kad_post_feature":"","_kad_post_feature_position":"","_kad_post_header":false,"_kad_post_footer":false,"_kad_post_classname":""},"product_brand":[],"product_cat":[333,2429,346,334,2214,335],"product_tag":[],"class_list":{"0":"post-27415","1":"product","2":"type-product","3":"status-publish","4":"has-post-thumbnail","6":"product_cat-domaci-a-osobni-spotrebice","7":"product_cat-heureka-cz","8":"product_cat-kavovary-a-priprava-kavy","9":"product_cat-kuchynske-spotrebice","10":"product_cat-napenovace-mleka","11":"product_cat-priprava-napoju","13":"first","14":"instock","15":"taxable","16":"shipping-taxable","17":"purchasable","18":"product-type-simple","19":"entry","20":"content-bg","21":"loop-entry"},"_links":{"self":[{"href":"http:\/\/www.outlet-electro.cz\/index.php\/wp-json\/wp\/v2\/product\/27415","targetHints":{"allow":["GET"]}}],"collection":[{"href":"http:\/\/www.outlet-electro.cz\/index.php\/wp-json\/wp\/v2\/product"}],"about":[{"href":"http:\/\/www.outlet-electro.cz\/index.php\/wp-json\/wp\/v2\/types\/product"}],"replies":[{"embeddable":true,"href":"http:\/\/www.outlet-electro.cz\/index.php\/wp-json\/wp\/v2\/comments?post=27415"}],"wp:featuredmedia":[{"embeddable":true,"href":"http:\/\/www.outlet-electro.cz\/index.php\/wp-json\/wp\/v2\/media\/27822"}],"wp:attachment":[{"href":"http:\/\/www.outlet-electro.cz\/index.php\/wp-json\/wp\/v2\/media?parent=27415"}],"wp:term":[{"taxonomy":"product_brand","embeddable":true,"href":"http:\/\/www.outlet-electro.cz\/index.php\/wp-json\/wp\/v2\/product_brand?post=27415"},{"taxonomy":"product_cat","embeddable":true,"href":"http:\/\/www.outlet-electro.cz\/index.php\/wp-json\/wp\/v2\/product_cat?post=27415"},{"taxonomy":"product_tag","embeddable":true,"href":"http:\/\/www.outlet-electro.cz\/index.php\/wp-json\/wp\/v2\/product_tag?post=27415"}],"curies":[{"name":"wp","href":"https:\/\/api.w.org\/{rel}","templated":true}]}}