{"id":27413,"date":"2026-01-26T11:25:10","date_gmt":"2026-01-26T10:25:10","guid":{"rendered":"https:\/\/www.outlet-electro.cz\/index.php\/produkt\/mikrovlnna-trouba-sencor-smw-1719bk\/"},"modified":"2026-01-26T11:25:12","modified_gmt":"2026-01-26T10:25:12","slug":"mikrovlnna-trouba-sencor-smw-1719bk","status":"publish","type":"product","link":"http:\/\/www.outlet-electro.cz\/index.php\/produkt\/mikrovlnna-trouba-sencor-smw-1719bk\/","title":{"rendered":"Mikrovlnn\u00e1 trouba Sencor SMW 1719BK"},"content":{"rendered":"<p><span>Seznamte se s mikrovlnnou troubou Sencor SMW 1719BK \u2013 jednoduch\u00fdm, spolehliv\u00fdm a praktick\u00fdm pomocn\u00edkem, kter\u00fd prom\u011bn\u00ed ka\u017ed\u00e9 oh\u0159\u00edv\u00e1n\u00ed nebo va\u0159en\u00ed v okam\u017eik pohody!  \u2728<\/span><\/p>\n<p><span>Tato mikrovlnka s objemem <strong>20 litr\u016f<\/strong> nab\u00edz\u00ed dostatek prostoru pro v\u011bt\u0161\u00ed misky (a\u017e do pr\u016fm\u011bru <strong>25,5 cm<\/strong>) a jej\u00ed <strong>smaltovan\u00fd interi\u00e9r<\/strong> zaru\u010duje snadn\u00e9 \u010di\u0161t\u011bn\u00ed. Pouze <strong>dva ovl\u00e1dac\u00ed knofl\u00edky<\/strong> zajist\u00ed intuitivn\u00ed ovl\u00e1d\u00e1n\u00ed \u2013 ide\u00e1ln\u00ed pro v\u0161echny, kte\u0159\u00ed hledaj\u00ed rychlost a jednoduchost.<\/span><\/p>\n<p><span>Hlavn\u00ed kouzla:<\/span><\/p>\n<ul>\n<li>\n<p><span><strong>5 \u00farovn\u00ed v\u00fdkonu<\/strong>: P\u0159izp\u016fsobte oh\u0159ev p\u0159esn\u011b podle pot\u0159eb va\u0161eho pokrmu.<\/span><\/p>\n<\/li>\n<li>\n<p><span><strong>Funkce hygienick\u00e9ho rozmrazen\u00ed<\/strong>: Rychl\u00e9 a bezpe\u010dn\u00e9 rozmrazen\u00ed, ide\u00e1ln\u00ed pro hektick\u00e9 dny.<\/span><\/p>\n<\/li>\n<li>\n<p><span><strong>35minutov\u00fd \u010dasova\u010d<\/strong>: A\u0165 u\u017e jde o oh\u0159ev nebo va\u0159en\u00ed, m\u00e1te v\u0161e pod kontrolou.<\/span><\/p>\n<\/li>\n<\/ul>\n<p><span>Dal\u0161\u00ed vychyt\u00e1vky:<\/span><\/p>\n<ul>\n<li>\n<p><span><strong>Mikrovlnn\u00fd v\u00fdkon 700 W<\/strong>: Spolehliv\u00e9 v\u00fdsledky pro ka\u017ed\u00e9 j\u00eddlo.<\/span><\/p>\n<\/li>\n<li>\n<p><span><strong>Zvukov\u00fd sign\u00e1l ukon\u010den\u00ed programu<\/strong>: Nikdy nezapomenete na sv\u016fj pokrm.<\/span><\/p>\n<\/li>\n<li>\n<p><span><strong>Stylov\u00fd a kompaktn\u00ed design<\/strong>: Rozm\u011bry <strong>440 \u00d7 259 \u00d7 364 mm<\/strong> skv\u011ble padnou do ka\u017ed\u00e9 kuchyn\u011b.<\/span><\/p>\n<\/li>\n<\/ul>\n<p><span>Mikrovlnn\u00e1 trouba Sencor SMW 1719BK nen\u00ed jen kuchy\u0148sk\u00fd spot\u0159ebi\u010d \u2013 je to v\u00e1\u0161 nen\u00e1padn\u00fd hrdina pro rychl\u00e9 pokrmy, dokonal\u00e9 rozmrazen\u00ed a jednoduch\u00fd provoz. P\u0159ipravte se na pohodl\u00ed a prakti\u010dnost v ka\u017ed\u00e9m okam\u017eiku!  \u2728<\/span><\/p>\n<p>&nbsp;<\/p>\n<p><span>Z\u00e1ruka 24 m\u011bs\u00edc\u016f.<\/p>\n<p><\/span><\/p>\n","protected":false},"excerpt":{"rendered":"<p>Seznamte se s mikrovlnnou troubou Sencor SMW 1719BK \u2013 jednoduch\u00fdm, spolehliv\u00fdm a praktick\u00fdm pomocn\u00edkem, kter\u00fd prom\u011bn\u00ed ka\u017ed\u00e9 oh\u0159\u00edv\u00e1n\u00ed nebo va\u0159en\u00ed v okam\u017eik pohody! \u2728 Tato mikrovlnka s objemem 20 litr\u016f nab\u00edz\u00ed dostatek prostoru pro v\u011bt\u0161\u00ed misky (a\u017e do pr\u016fm\u011bru 25,5 cm) a jej\u00ed smaltovan\u00fd interi\u00e9r zaru\u010duje snadn\u00e9 \u010di\u0161t\u011bn\u00ed. Pouze dva ovl\u00e1dac\u00ed knofl\u00edky zajist\u00ed intuitivn\u00ed ovl\u00e1d\u00e1n\u00ed&#8230;<\/p>\n","protected":false},"featured_media":27414,"comment_status":"closed","ping_status":"open","template":"","meta":{"_kadence_starter_templates_imported_post":false,"_kad_post_transparent":"","_kad_post_title":"","_kad_post_layout":"","_kad_post_sidebar_id":"","_kad_post_content_style":"","_kad_post_vertical_padding":"","_kad_post_feature":"","_kad_post_feature_position":"","_kad_post_header":false,"_kad_post_footer":false,"_kad_post_classname":""},"product_brand":[],"product_cat":[2429,351,349,350,348],"product_tag":[],"class_list":{"0":"post-27413","1":"product","2":"type-product","3":"status-publish","4":"has-post-thumbnail","6":"product_cat-heureka-cz","7":"product_cat-mikrovlnne-trouby","8":"product_cat-spotrebice-do-kuchyne","9":"product_cat-vareni-a-ohrivani","10":"product_cat-velke-spotrebice","12":"first","13":"instock","14":"taxable","15":"shipping-taxable","16":"purchasable","17":"product-type-simple","18":"entry","19":"content-bg","20":"loop-entry"},"_links":{"self":[{"href":"http:\/\/www.outlet-electro.cz\/index.php\/wp-json\/wp\/v2\/product\/27413","targetHints":{"allow":["GET"]}}],"collection":[{"href":"http:\/\/www.outlet-electro.cz\/index.php\/wp-json\/wp\/v2\/product"}],"about":[{"href":"http:\/\/www.outlet-electro.cz\/index.php\/wp-json\/wp\/v2\/types\/product"}],"replies":[{"embeddable":true,"href":"http:\/\/www.outlet-electro.cz\/index.php\/wp-json\/wp\/v2\/comments?post=27413"}],"wp:featuredmedia":[{"embeddable":true,"href":"http:\/\/www.outlet-electro.cz\/index.php\/wp-json\/wp\/v2\/media\/27414"}],"wp:attachment":[{"href":"http:\/\/www.outlet-electro.cz\/index.php\/wp-json\/wp\/v2\/media?parent=27413"}],"wp:term":[{"taxonomy":"product_brand","embeddable":true,"href":"http:\/\/www.outlet-electro.cz\/index.php\/wp-json\/wp\/v2\/product_brand?post=27413"},{"taxonomy":"product_cat","embeddable":true,"href":"http:\/\/www.outlet-electro.cz\/index.php\/wp-json\/wp\/v2\/product_cat?post=27413"},{"taxonomy":"product_tag","embeddable":true,"href":"http:\/\/www.outlet-electro.cz\/index.php\/wp-json\/wp\/v2\/product_tag?post=27413"}],"curies":[{"name":"wp","href":"https:\/\/api.w.org\/{rel}","templated":true}]}}