{"id":27408,"date":"2026-01-26T11:25:10","date_gmt":"2026-01-26T10:25:10","guid":{"rendered":"https:\/\/www.outlet-electro.cz\/index.php\/produkt\/elektricky-gril-ikohs-saiku\/"},"modified":"2026-01-26T11:25:12","modified_gmt":"2026-01-26T10:25:12","slug":"elektricky-gril-ikohs-saiku","status":"publish","type":"product","link":"http:\/\/www.outlet-electro.cz\/index.php\/produkt\/elektricky-gril-ikohs-saiku\/","title":{"rendered":"Elektrick\u00fd gril Ikohs Saiku"},"content":{"rendered":"<p><span>Seznamte se s elektrick\u00fdm grilem Ikohs Saiku \u2013 ide\u00e1ln\u00edm spole\u010dn\u00edkem na dom\u00e1c\u00ed kulin\u00e1\u0159sk\u00e9 dobrodru\u017estv\u00ed, kter\u00fd v\u00e1s okouzl\u00ed nejen v\u00fdkonem, ale i stylov\u00fdm designem!  \u2728<\/span><\/p>\n<p><span>D\u00edky v\u00fdkonu <strong>2 000 W<\/strong> a <strong>rovnom\u011brn\u00e9mu rozlo\u017een\u00ed tepla<\/strong> na lit\u00e9m hlin\u00edkov\u00e9m povrchu vykouzl\u00edte perfektn\u011b ugrilovan\u00e1 j\u00eddla snadno a rychle. S <strong>velk\u00fdmi rozm\u011bry<\/strong> m\u016f\u017eete grilovat v\u00edce pokrm\u016f najednou, co\u017e ocen\u00edte zejm\u00e9na p\u0159i setk\u00e1n\u00ed s rodinou nebo p\u0159\u00e1teli.<\/span><\/p>\n<p><span>Hlavn\u00ed kouzla:<\/span><\/p>\n<ul>\n<li>\n<p><span><strong>Bambusov\u00fd t\u00e1c<\/strong>: Krom\u011b grilov\u00e1n\u00ed poslou\u017e\u00ed i jako stylov\u00fd serv\u00edrovac\u00ed podnos.<\/span><\/p>\n<\/li>\n<li>\n<p><span><strong>Odn\u00edmateln\u00fd kabel pro ovl\u00e1d\u00e1n\u00ed teploty<\/strong>: Pohodln\u00e9 p\u0159en\u00e1\u0161en\u00ed a bezpe\u010dnost b\u011bhem stolov\u00e1n\u00ed.<\/span><\/p>\n<\/li>\n<li>\n<p><span><strong>Chladn\u00e9 rukojeti<\/strong>: Udr\u017e\u00ed pokrmy tepl\u00e9 a z\u00e1rove\u0148 usnadn\u00ed manipulaci.<\/span><\/p>\n<\/li>\n<\/ul>\n<p><span>Dal\u0161\u00ed vychyt\u00e1vky:<\/span><\/p>\n<ul>\n<li>\n<p><span><strong>Odn\u00edmateln\u00e1 deska<\/strong>: Gril se snadno \u010dist\u00ed, tak\u017ee se nemus\u00edte tr\u00e1pit \u00fadr\u017ebou.<\/span><\/p>\n<\/li>\n<li>\n<p><span><strong>Design pro spole\u010dn\u00e9 va\u0159en\u00ed<\/strong>: Vychutn\u00e1vejte si proces p\u0159\u00edmo u stolu \u2013 z\u00e1\u017eitek, kter\u00fd spojuje.<\/span><\/p>\n<\/li>\n<li>\n<p><span><strong>Rozm\u011bry 53 x 25,8 x 10 cm<\/strong>: Perfektn\u00ed velikost, kter\u00e1 se vejde na ka\u017ed\u00fd st\u016fl.<\/span><\/p>\n<\/li>\n<\/ul>\n<p><span>Elektrick\u00fd gril Ikohs Saiku nen\u00ed jen gril \u2013 je to v\u00e1\u0161 stylov\u00fd pomocn\u00edk, kter\u00fd prom\u011bn\u00ed ka\u017ed\u00e9 j\u00eddlo v gurm\u00e1nsk\u00fd z\u00e1\u017eitek. P\u0159ipravte se na pohodov\u00e9 a chutn\u00e9 chv\u00edle s va\u0161imi bl\u00edzk\u00fdmi!  \u2728<\/span><\/p>\n<p>&nbsp;<\/p>\n<p><span>Bazarov\u00fd produkt, z\u00e1ruka 12 m\u011bs\u00edc\u016f.<\/span><\/p>\n","protected":false},"excerpt":{"rendered":"<p>Seznamte se s elektrick\u00fdm grilem Ikohs Saiku \u2013 ide\u00e1ln\u00edm spole\u010dn\u00edkem na dom\u00e1c\u00ed kulin\u00e1\u0159sk\u00e9 dobrodru\u017estv\u00ed, kter\u00fd v\u00e1s okouzl\u00ed nejen v\u00fdkonem, ale i stylov\u00fdm designem! \u2728 D\u00edky v\u00fdkonu 2 000 W a rovnom\u011brn\u00e9mu rozlo\u017een\u00ed tepla na lit\u00e9m hlin\u00edkov\u00e9m povrchu vykouzl\u00edte perfektn\u011b ugrilovan\u00e1 j\u00eddla snadno a rychle. S velk\u00fdmi rozm\u011bry m\u016f\u017eete grilovat v\u00edce pokrm\u016f najednou, co\u017e ocen\u00edte zejm\u00e9na&#8230;<\/p>\n","protected":false},"featured_media":27409,"comment_status":"closed","ping_status":"open","template":"","meta":{"_kadence_starter_templates_imported_post":false,"_kad_post_transparent":"","_kad_post_title":"","_kad_post_layout":"","_kad_post_sidebar_id":"","_kad_post_content_style":"","_kad_post_vertical_padding":"","_kad_post_feature":"","_kad_post_feature_position":"","_kad_post_header":false,"_kad_post_footer":false,"_kad_post_classname":""},"product_brand":[],"product_cat":[333,2283,2429,334,341,425,340],"product_tag":[],"class_list":{"0":"post-27408","1":"product","2":"type-product","3":"status-publish","4":"has-post-thumbnail","6":"product_cat-domaci-a-osobni-spotrebice","7":"product_cat-domaci-grily","8":"product_cat-heureka-cz","9":"product_cat-kuchynske-spotrebice","10":"product_cat-male-kuchynske-spotrebice","11":"product_cat-peceni-a-opekani","12":"product_cat-priprava-jidla","14":"first","15":"instock","16":"taxable","17":"shipping-taxable","18":"purchasable","19":"product-type-simple","20":"entry","21":"content-bg","22":"loop-entry"},"_links":{"self":[{"href":"http:\/\/www.outlet-electro.cz\/index.php\/wp-json\/wp\/v2\/product\/27408","targetHints":{"allow":["GET"]}}],"collection":[{"href":"http:\/\/www.outlet-electro.cz\/index.php\/wp-json\/wp\/v2\/product"}],"about":[{"href":"http:\/\/www.outlet-electro.cz\/index.php\/wp-json\/wp\/v2\/types\/product"}],"replies":[{"embeddable":true,"href":"http:\/\/www.outlet-electro.cz\/index.php\/wp-json\/wp\/v2\/comments?post=27408"}],"wp:featuredmedia":[{"embeddable":true,"href":"http:\/\/www.outlet-electro.cz\/index.php\/wp-json\/wp\/v2\/media\/27409"}],"wp:attachment":[{"href":"http:\/\/www.outlet-electro.cz\/index.php\/wp-json\/wp\/v2\/media?parent=27408"}],"wp:term":[{"taxonomy":"product_brand","embeddable":true,"href":"http:\/\/www.outlet-electro.cz\/index.php\/wp-json\/wp\/v2\/product_brand?post=27408"},{"taxonomy":"product_cat","embeddable":true,"href":"http:\/\/www.outlet-electro.cz\/index.php\/wp-json\/wp\/v2\/product_cat?post=27408"},{"taxonomy":"product_tag","embeddable":true,"href":"http:\/\/www.outlet-electro.cz\/index.php\/wp-json\/wp\/v2\/product_tag?post=27408"}],"curies":[{"name":"wp","href":"https:\/\/api.w.org\/{rel}","templated":true}]}}