{"id":27406,"date":"2026-01-26T11:25:10","date_gmt":"2026-01-26T10:25:10","guid":{"rendered":"https:\/\/www.outlet-electro.cz\/index.php\/produkt\/tycovy-vysavac-2-v-1-sencor-svc-7523bk\/"},"modified":"2026-01-26T11:25:12","modified_gmt":"2026-01-26T10:25:12","slug":"tycovy-vysavac-2-v-1-sencor-svc-7523bk","status":"publish","type":"product","link":"http:\/\/www.outlet-electro.cz\/index.php\/produkt\/tycovy-vysavac-2-v-1-sencor-svc-7523bk\/","title":{"rendered":"Ty\u010dov\u00fd vysava\u010d 2 v 1 Sencor SVC 7523BK"},"content":{"rendered":"<p><span>Seznamte se s akumul\u00e1torov\u00fdm ty\u010dov\u00fdm vysava\u010dem Sencor SVC 7523BK \u2013 \u0161ikovn\u00fdm par\u0165\u00e1kem pro rychl\u00fd a dokonal\u00fd \u00faklid va\u0161eho domova!  \u2728<\/span><\/p>\n<p><span>Tento <strong>2v1 vysava\u010d<\/strong> kombinuje lehkost a flexibilitu pro b\u011b\u017en\u00e9 vys\u00e1v\u00e1n\u00ed s prakti\u010dnost\u00ed odn\u00edmateln\u00e9 ru\u010dn\u00ed jednotky, kterou ocen\u00edte p\u0159i \u00faklidu n\u00e1bytku, stol\u016f nebo automobilu. D\u00edky <strong>digit\u00e1ln\u00edmu 250W motoru<\/strong> zvl\u00e1dne \u00faklid v\u0161ech typ\u016f povrch\u016f s perfektn\u00edmi v\u00fdsledky.<\/span><\/p>\n<p><span>Hlavn\u00ed kouzla:<\/span><\/p>\n<ul>\n<li>\n<p><span><strong>Cyklonov\u00fd HEPA syst\u00e9m<\/strong>: Zachyt\u00ed i ty nejmen\u0161\u00ed \u010d\u00e1ste\u010dky prachu, co\u017e ocen\u00ed zejm\u00e9na alergici.<\/span><\/p>\n<\/li>\n<li>\n<p><span><strong>LED osv\u011btlen\u00ed hubice<\/strong>: Odhal\u00ed prach i v t\u011bch nejtemn\u011bj\u0161\u00edch koutech.<\/span><\/p>\n<\/li>\n<li>\n<p><span><strong>360\u00b0 technologie<\/strong>: Dostanete se do v\u0161ech z\u00e1kout\u00ed, od podlahy a\u017e ke stropu.<\/span><\/p>\n<\/li>\n<\/ul>\n<p><span>Dal\u0161\u00ed vychyt\u00e1vky:<\/span><\/p>\n<ul>\n<li>\n<p><span><strong>Vym\u011bniteln\u00e1 Li-ion baterie s v\u00fddr\u017e\u00ed a\u017e 45 minut<\/strong>: Dlouh\u00fd \u00faklid bez p\u0159eru\u0161en\u00ed.<\/span><\/p>\n<\/li>\n<li>\n<p><span><strong>T\u0159i \u00farovn\u011b v\u00fdkonu<\/strong>: TURBO re\u017eim na t\u011b\u017e\u0161\u00ed \u00faklid nebo del\u0161\u00ed v\u00fddr\u017e pro leh\u010d\u00ed \u00fakoly.<\/span><\/p>\n<\/li>\n<li>\n<p><span><strong>N\u00edzk\u00e1 v\u00e1ha (pouze 2,5 kg)<\/strong>: Snadn\u00e1 manipulace, kter\u00e1 v\u00e1s neunav\u00ed.<\/span><\/p>\n<\/li>\n<\/ul>\n<p><span>D\u00edky <strong>180\u00b0 oto\u010dn\u00e9 hlavici<\/strong> a n\u00e1st\u011bnn\u00e9mu dr\u017e\u00e1ku je vysava\u010d Sencor SVC 7523BK nejen praktick\u00fd, ale tak\u00e9 elegantn\u00ed pomocn\u00edk, kter\u00fd se v dom\u00e1cnosti rozhodn\u011b neztrat\u00ed. P\u0159ipravte se na rychl\u00fd, efektivn\u00ed \u00faklid s minim\u00e1ln\u00ed n\u00e1mahou!  \u2728<\/span><\/p>\n<p>&nbsp;<\/p>\n<p><span>Z\u00e1ruka 24 m\u011bs\u00edc\u016f.<\/span><\/p>\n","protected":false},"excerpt":{"rendered":"<p>Seznamte se s akumul\u00e1torov\u00fdm ty\u010dov\u00fdm vysava\u010dem Sencor SVC 7523BK \u2013 \u0161ikovn\u00fdm par\u0165\u00e1kem pro rychl\u00fd a dokonal\u00fd \u00faklid va\u0161eho domova! \u2728 Tento 2v1 vysava\u010d kombinuje lehkost a flexibilitu pro b\u011b\u017en\u00e9 vys\u00e1v\u00e1n\u00ed s prakti\u010dnost\u00ed odn\u00edmateln\u00e9 ru\u010dn\u00ed jednotky, kterou ocen\u00edte p\u0159i \u00faklidu n\u00e1bytku, stol\u016f nebo automobilu. D\u00edky digit\u00e1ln\u00edmu 250W motoru zvl\u00e1dne \u00faklid v\u0161ech typ\u016f povrch\u016f s perfektn\u00edmi v\u00fdsledky&#8230;.<\/p>\n","protected":false},"featured_media":27407,"comment_status":"closed","ping_status":"open","template":"","meta":{"_kadence_starter_templates_imported_post":false,"_kad_post_transparent":"","_kad_post_title":"","_kad_post_layout":"","_kad_post_sidebar_id":"","_kad_post_content_style":"","_kad_post_vertical_padding":"","_kad_post_feature":"","_kad_post_feature_position":"","_kad_post_header":false,"_kad_post_footer":false,"_kad_post_classname":""},"product_brand":[],"product_cat":[333,2429,344,345],"product_tag":[],"class_list":{"0":"post-27406","1":"product","2":"type-product","3":"status-publish","4":"has-post-thumbnail","6":"product_cat-domaci-a-osobni-spotrebice","7":"product_cat-heureka-cz","8":"product_cat-uklidove-spotrebice","9":"product_cat-vysavace","11":"first","12":"instock","13":"taxable","14":"shipping-taxable","15":"purchasable","16":"product-type-simple","17":"entry","18":"content-bg","19":"loop-entry"},"_links":{"self":[{"href":"http:\/\/www.outlet-electro.cz\/index.php\/wp-json\/wp\/v2\/product\/27406","targetHints":{"allow":["GET"]}}],"collection":[{"href":"http:\/\/www.outlet-electro.cz\/index.php\/wp-json\/wp\/v2\/product"}],"about":[{"href":"http:\/\/www.outlet-electro.cz\/index.php\/wp-json\/wp\/v2\/types\/product"}],"replies":[{"embeddable":true,"href":"http:\/\/www.outlet-electro.cz\/index.php\/wp-json\/wp\/v2\/comments?post=27406"}],"wp:featuredmedia":[{"embeddable":true,"href":"http:\/\/www.outlet-electro.cz\/index.php\/wp-json\/wp\/v2\/media\/27407"}],"wp:attachment":[{"href":"http:\/\/www.outlet-electro.cz\/index.php\/wp-json\/wp\/v2\/media?parent=27406"}],"wp:term":[{"taxonomy":"product_brand","embeddable":true,"href":"http:\/\/www.outlet-electro.cz\/index.php\/wp-json\/wp\/v2\/product_brand?post=27406"},{"taxonomy":"product_cat","embeddable":true,"href":"http:\/\/www.outlet-electro.cz\/index.php\/wp-json\/wp\/v2\/product_cat?post=27406"},{"taxonomy":"product_tag","embeddable":true,"href":"http:\/\/www.outlet-electro.cz\/index.php\/wp-json\/wp\/v2\/product_tag?post=27406"}],"curies":[{"name":"wp","href":"https:\/\/api.w.org\/{rel}","templated":true}]}}