{"id":27397,"date":"2026-01-26T11:25:10","date_gmt":"2026-01-26T10:25:10","guid":{"rendered":"https:\/\/www.outlet-electro.cz\/index.php\/produkt\/bluetooth-reproduktor-duramobi-c8015\/"},"modified":"2026-01-26T11:25:11","modified_gmt":"2026-01-26T10:25:11","slug":"bluetooth-reproduktor-duramobi-c8015","status":"publish","type":"product","link":"http:\/\/www.outlet-electro.cz\/index.php\/produkt\/bluetooth-reproduktor-duramobi-c8015\/","title":{"rendered":"Bluetooth reproduktor duraMOBI C8015"},"content":{"rendered":"<p><span>Seznamte se s Bluetooth reproduktorem duraMOBI C8015 \u2013 drobn\u00fdm, ale ohromuj\u00edc\u00edm mistrem zvuku, kter\u00fd prom\u011bn\u00ed ka\u017edodenn\u00ed p\u0159edm\u011bty ve vlastn\u00ed koncertn\u00ed s\u00e1lu!  \u2728<\/span><\/p>\n<p><span>S pr\u016fm\u011brem pouh\u00fdch <strong>4,3 cm<\/strong> je tento kostn\u011b-vodiv\u00fd reproduktor tak mal\u00fd, \u017ee ho m\u016f\u017eete schovat do dlan\u011b, a p\u0159esto dok\u00e1\u017ee naplnit m\u00edstnost <strong>unik\u00e1tn\u00edmi zvuky <\/strong>a t\u00e9\u017e ho m\u016f\u017eete&nbsp;um\u00edstit na r\u016fzn\u00e9 povrchy. Velk\u00e9 dut\u00e9 objekty, jako t\u0159eba krabice, z n\u011bj vykouzl\u00ed opravdovou hudebn\u00ed bombu \u2013 a vy se prom\u011bn\u00edte v improvizovan\u00e9ho DJe.<\/span><\/p>\n<p><span>Hlavn\u00ed kouzla:<\/span><\/p>\n<ul>\n<li>\n<p><span><strong>R\u016fzn\u00e9 povrchy, r\u016fzn\u00e9 zvuky<\/strong>: Prom\u011b\u0148te st\u016fl, knihu nebo dokonce sklenici na reproduktor.<\/span><\/p>\n<\/li>\n<li>\n<p><span><strong>Propojte a\u017e 100 jednotek<\/strong>: Vytvo\u0159te si vlastn\u00ed surround sound show \u2013 nebo sousedskou p\u00e1rty.<\/span><\/p>\n<\/li>\n<li>\n<p><span><strong>Sv\u011bteln\u00e1 RGB show<\/strong>: Zapn\u011bte rytmick\u00e9 osv\u011btlen\u00ed a u\u017eijte si hudebn\u00ed atmosf\u00e9ru v pln\u00e9m stylu.<\/span><\/p>\n<\/li>\n<\/ul>\n<p><span>Dal\u0161\u00ed vychyt\u00e1vky:<\/span><\/p>\n<ul>\n<li>\n<p><span><strong>R\u016fzn\u00e9 EQ m\u00f3dy<\/strong>: P\u0159ep\u00ednejte mezi BASS, MIDDLE, TREBLE a NORMAL a nala\u010fte si dokonal\u00fd zvuk.<\/span><\/p>\n<\/li>\n<li>\n<p><span><strong>Kompaktn\u00ed a p\u0159enosn\u00fd design<\/strong>: Lehce p\u0159enosn\u00fd spole\u010dn\u00edk do kapsy nebo batohu.<\/span><\/p>\n<\/li>\n<li>\n<p><span><strong>P\u0159\u00edslu\u0161enstv\u00ed v balen\u00ed<\/strong>: Magnetick\u00e1 z\u00e1kladna, p\u0159\u00edsavka a \u0161\u0148\u016frka \u2013 instalace kdykoliv a kdekoliv.<\/span><\/p>\n<\/li>\n<\/ul>\n<p><span>Bluetooth reproduktor duraMOBI C8015 nen\u00ed jen reproduktor \u2013 je to kapesn\u00ed z\u00e1zrak, co v\u00e1s vt\u00e1hne do sv\u011bta zvukov\u00fdch experiment\u016f, vizu\u00e1ln\u00edch efekt\u016f a nekone\u010dn\u00e9 hudebn\u00ed z\u00e1bavy!  \u2728<\/span><\/p>\n<p>&nbsp;<\/p>\n<p><span>Z\u00e1ruka 24 m\u011bs\u00edc\u016f.<\/span><\/p>\n","protected":false},"excerpt":{"rendered":"<p>Seznamte se s Bluetooth reproduktorem duraMOBI C8015 \u2013 drobn\u00fdm, ale ohromuj\u00edc\u00edm mistrem zvuku, kter\u00fd prom\u011bn\u00ed ka\u017edodenn\u00ed p\u0159edm\u011bty ve vlastn\u00ed koncertn\u00ed s\u00e1lu! \u2728 S pr\u016fm\u011brem pouh\u00fdch 4,3 cm je tento kostn\u011b-vodiv\u00fd reproduktor tak mal\u00fd, \u017ee ho m\u016f\u017eete schovat do dlan\u011b, a p\u0159esto dok\u00e1\u017ee naplnit m\u00edstnost unik\u00e1tn\u00edmi zvuky a t\u00e9\u017e ho m\u016f\u017eete&nbsp;um\u00edstit na r\u016fzn\u00e9 povrchy. Velk\u00e9 dut\u00e9&#8230;<\/p>\n","protected":false},"featured_media":27398,"comment_status":"closed","ping_status":"open","template":"","meta":{"_kadence_starter_templates_imported_post":false,"_kad_post_transparent":"","_kad_post_title":"","_kad_post_layout":"","_kad_post_sidebar_id":"","_kad_post_content_style":"","_kad_post_vertical_padding":"","_kad_post_feature":"","_kad_post_feature_position":"","_kad_post_header":false,"_kad_post_footer":false,"_kad_post_classname":""},"product_brand":[],"product_cat":[428,64,2429,372,362],"product_tag":[],"class_list":{"0":"post-27397","1":"product","2":"type-product","3":"status-publish","4":"has-post-thumbnail","6":"product_cat-bluetooth-reproduktory","7":"product_cat-elektronika","8":"product_cat-heureka-cz","9":"product_cat-reproduktory-soundbary","10":"product_cat-tv-audio-video","12":"first","13":"instock","14":"taxable","15":"shipping-taxable","16":"purchasable","17":"product-type-simple","18":"entry","19":"content-bg","20":"loop-entry"},"_links":{"self":[{"href":"http:\/\/www.outlet-electro.cz\/index.php\/wp-json\/wp\/v2\/product\/27397","targetHints":{"allow":["GET"]}}],"collection":[{"href":"http:\/\/www.outlet-electro.cz\/index.php\/wp-json\/wp\/v2\/product"}],"about":[{"href":"http:\/\/www.outlet-electro.cz\/index.php\/wp-json\/wp\/v2\/types\/product"}],"replies":[{"embeddable":true,"href":"http:\/\/www.outlet-electro.cz\/index.php\/wp-json\/wp\/v2\/comments?post=27397"}],"wp:featuredmedia":[{"embeddable":true,"href":"http:\/\/www.outlet-electro.cz\/index.php\/wp-json\/wp\/v2\/media\/27398"}],"wp:attachment":[{"href":"http:\/\/www.outlet-electro.cz\/index.php\/wp-json\/wp\/v2\/media?parent=27397"}],"wp:term":[{"taxonomy":"product_brand","embeddable":true,"href":"http:\/\/www.outlet-electro.cz\/index.php\/wp-json\/wp\/v2\/product_brand?post=27397"},{"taxonomy":"product_cat","embeddable":true,"href":"http:\/\/www.outlet-electro.cz\/index.php\/wp-json\/wp\/v2\/product_cat?post=27397"},{"taxonomy":"product_tag","embeddable":true,"href":"http:\/\/www.outlet-electro.cz\/index.php\/wp-json\/wp\/v2\/product_tag?post=27397"}],"curies":[{"name":"wp","href":"https:\/\/api.w.org\/{rel}","templated":true}]}}