{"id":27383,"date":"2026-01-26T11:25:10","date_gmt":"2026-01-26T10:25:10","guid":{"rendered":"https:\/\/www.outlet-electro.cz\/index.php\/produkt\/tycovy-vysavac-rohnson-r-1202\/"},"modified":"2026-01-26T11:25:10","modified_gmt":"2026-01-26T10:25:10","slug":"tycovy-vysavac-rohnson-r-1202","status":"publish","type":"product","link":"http:\/\/www.outlet-electro.cz\/index.php\/produkt\/tycovy-vysavac-rohnson-r-1202\/","title":{"rendered":"Ty\u010dov\u00fd vysava\u010d Rohnson R-1202"},"content":{"rendered":"<p><span>Seznamte se s ty\u010dov\u00fdm vysava\u010dem Rohnson R-1202 \u2013 va\u0161\u00edm ne\u00fanavn\u00fdm bojovn\u00edkem proti prachu a ne\u010distot\u00e1m, kter\u00fd um\u00ed v\u0161echno, krom\u011b rozlit\u00ed k\u00e1vy!  \u2728<\/span><\/p>\n<p><span>Tento <strong>2v1 ru\u010dn\u00ed a ty\u010dov\u00fd vysava\u010d<\/strong> zvl\u00e1dne v\u0161echny druhy koberc\u016f, podlah a povrch\u016f s eleganc\u00ed a lehkost\u00ed. <strong>Kart\u00e1\u010dov\u00fd n\u00e1stavec<\/strong> zaji\u0161\u0165uje maxim\u00e1ln\u00ed efektivitu, a d\u00edky <strong>hlin\u00edkov\u00e9 teleskopick\u00e9 trubici<\/strong> se dostanete i na t\u011b\u017eko p\u0159\u00edstupn\u00e1 m\u00edsta \u2013 \u017e\u00e1dn\u00fd prachov\u00fd kr\u00e1l\u00edk nem\u00e1 \u0161anci!<\/span><\/p>\n<p><span>Hlavn\u00ed kouzla:<\/span><\/p>\n<ul>\n<li>\n<p><span><strong>Prachov\u00e1 n\u00e1doba o objemu 0,6 litru<\/strong>: Snadn\u00e9 vysyp\u00e1n\u00ed bez zbyte\u010dn\u00e9ho stresu.<\/span><\/p>\n<\/li>\n<li>\n<p><span><strong>N\u00edzk\u00e1 hmotnost<\/strong>: Tak lehk\u00fd, \u017ee vys\u00e1v\u00e1n\u00ed je skoro jako tanec.<\/span><\/p>\n<\/li>\n<li>\n<p><span><strong>Ak\u010dn\u00ed r\u00e1dius 7 metr\u016f<\/strong>: Pracovn\u00ed dosah, co v\u00e1s osvobod\u00ed od neust\u00e1l\u00e9ho p\u0159epojov\u00e1n\u00ed.<\/span><\/p>\n<\/li>\n<\/ul>\n<p><span>Dal\u0161\u00ed vychyt\u00e1vky:<\/span><\/p>\n<ul>\n<li>\n<p><span><strong>Hlu\u010dnost max. 77 dB<\/strong>: P\u0159im\u011b\u0159en\u011b tich\u00fd \u2013 va\u0161e ko\u010dky se nemus\u00ed b\u00e1t.<\/span><\/p>\n<\/li>\n<li>\n<p><span><strong>Jednoduch\u00e1 demont\u00e1\u017e<\/strong>: Ide\u00e1ln\u00ed pro skladov\u00e1n\u00ed v mal\u00e9m prostoru.<\/span><\/p>\n<\/li>\n<li>\n<p><span><strong>P\u0159\u00edkon 600W<\/strong>: S\u00edla, co dok\u00e1\u017ee porazit i ten nejhou\u017eevnat\u011bj\u0161\u00ed prach.<\/span><\/p>\n<\/li>\n<\/ul>\n<p><span>Ty\u010dov\u00fd vysava\u010d Rohnson R-1202 nen\u00ed jen vysava\u010d \u2013 je to v\u00e1\u0161 ka\u017edodenn\u00ed partner pro \u010distou a sv\u011b\u017e\u00ed dom\u00e1cnost, kter\u00fd v\u00e1s nikdy nezklame. P\u0159ipravte se na pohodln\u00fd \u00faklid s d\u00e1vkou stylu!  \u2728<\/span><\/p>\n<p>&nbsp;<\/p>\n<p><span>Z\u00e1ruka 24 m\u011bs\u00edc\u016f.<\/span><\/p>\n","protected":false},"excerpt":{"rendered":"<p>Seznamte se s ty\u010dov\u00fdm vysava\u010dem Rohnson R-1202 \u2013 va\u0161\u00edm ne\u00fanavn\u00fdm bojovn\u00edkem proti prachu a ne\u010distot\u00e1m, kter\u00fd um\u00ed v\u0161echno, krom\u011b rozlit\u00ed k\u00e1vy! \u2728 Tento 2v1 ru\u010dn\u00ed a ty\u010dov\u00fd vysava\u010d zvl\u00e1dne v\u0161echny druhy koberc\u016f, podlah a povrch\u016f s eleganc\u00ed a lehkost\u00ed. Kart\u00e1\u010dov\u00fd n\u00e1stavec zaji\u0161\u0165uje maxim\u00e1ln\u00ed efektivitu, a d\u00edky hlin\u00edkov\u00e9 teleskopick\u00e9 trubici se dostanete i na t\u011b\u017eko p\u0159\u00edstupn\u00e1&#8230;<\/p>\n","protected":false},"featured_media":27384,"comment_status":"closed","ping_status":"open","template":"","meta":{"_kadence_starter_templates_imported_post":false,"_kad_post_transparent":"","_kad_post_title":"","_kad_post_layout":"","_kad_post_sidebar_id":"","_kad_post_content_style":"","_kad_post_vertical_padding":"","_kad_post_feature":"","_kad_post_feature_position":"","_kad_post_header":false,"_kad_post_footer":false,"_kad_post_classname":""},"product_brand":[],"product_cat":[333,2429,344,345],"product_tag":[],"class_list":{"0":"post-27383","1":"product","2":"type-product","3":"status-publish","4":"has-post-thumbnail","6":"product_cat-domaci-a-osobni-spotrebice","7":"product_cat-heureka-cz","8":"product_cat-uklidove-spotrebice","9":"product_cat-vysavace","11":"first","12":"instock","13":"taxable","14":"shipping-taxable","15":"purchasable","16":"product-type-simple","17":"entry","18":"content-bg","19":"loop-entry"},"_links":{"self":[{"href":"http:\/\/www.outlet-electro.cz\/index.php\/wp-json\/wp\/v2\/product\/27383","targetHints":{"allow":["GET"]}}],"collection":[{"href":"http:\/\/www.outlet-electro.cz\/index.php\/wp-json\/wp\/v2\/product"}],"about":[{"href":"http:\/\/www.outlet-electro.cz\/index.php\/wp-json\/wp\/v2\/types\/product"}],"replies":[{"embeddable":true,"href":"http:\/\/www.outlet-electro.cz\/index.php\/wp-json\/wp\/v2\/comments?post=27383"}],"wp:featuredmedia":[{"embeddable":true,"href":"http:\/\/www.outlet-electro.cz\/index.php\/wp-json\/wp\/v2\/media\/27384"}],"wp:attachment":[{"href":"http:\/\/www.outlet-electro.cz\/index.php\/wp-json\/wp\/v2\/media?parent=27383"}],"wp:term":[{"taxonomy":"product_brand","embeddable":true,"href":"http:\/\/www.outlet-electro.cz\/index.php\/wp-json\/wp\/v2\/product_brand?post=27383"},{"taxonomy":"product_cat","embeddable":true,"href":"http:\/\/www.outlet-electro.cz\/index.php\/wp-json\/wp\/v2\/product_cat?post=27383"},{"taxonomy":"product_tag","embeddable":true,"href":"http:\/\/www.outlet-electro.cz\/index.php\/wp-json\/wp\/v2\/product_tag?post=27383"}],"curies":[{"name":"wp","href":"https:\/\/api.w.org\/{rel}","templated":true}]}}