{"id":27381,"date":"2026-01-26T11:25:06","date_gmt":"2026-01-26T10:25:06","guid":{"rendered":"https:\/\/www.outlet-electro.cz\/index.php\/produkt\/bluetooth-sluchatka-tribit-flybuds-c2\/"},"modified":"2026-01-26T11:25:07","modified_gmt":"2026-01-26T10:25:07","slug":"bluetooth-sluchatka-tribit-flybuds-c2","status":"publish","type":"product","link":"http:\/\/www.outlet-electro.cz\/index.php\/produkt\/bluetooth-sluchatka-tribit-flybuds-c2\/","title":{"rendered":"Bluetooth sluch\u00e1tka Tribit FlyBuds C2"},"content":{"rendered":"<p><span>Seznamte se s Bluetooth sluch\u00e1tky Tribit FlyBuds C2 \u2013 mistrovsk\u00fdm d\u00edlem pro milovn\u00edky hudby, podcast\u016f a telefonn\u00edch hovor\u016f bez p\u0159eru\u0161en\u00ed!  \u2728<\/span><\/p>\n<p><span>Tato stylov\u00e1 sluch\u00e1tka s <strong>Bluetooth 5.2<\/strong> zaji\u0161\u0165uj\u00ed stabiln\u00ed a rychl\u00e9 p\u0159ipojen\u00ed bez ru\u0161en\u00ed, a\u017e na <strong>10 metr\u016f<\/strong> od za\u0159\u00edzen\u00ed. <strong>Dynamick\u00e9 m\u011bni\u010de o pr\u016fm\u011bru 12 mm<\/strong> ve spojen\u00ed s \u010dipem Qualcomm aptX v\u00e1m doru\u010d\u00ed zvuk tak bohat\u00fd a k\u0159i\u0161\u0165\u00e1lov\u011b \u010dist\u00fd, \u017ee budete c\u00edtit ka\u017ed\u00fd t\u00f3n. A s v\u00fddr\u017e\u00ed <strong>a\u017e 32 hodin<\/strong> (v\u010detn\u011b nab\u00edjec\u00edho pouzdra) v\u00e1s neopust\u00ed ani b\u011bhem dlouh\u00fdch cest.<\/span><\/p>\n<p><span>Hlavn\u00ed kouzla:<\/span><\/p>\n<ul>\n<li>\n<p><span><strong>Ergonomick\u00fd design<\/strong>: Pohodl\u00ed p\u0159i dlouhodob\u00e9m pou\u017e\u00edv\u00e1n\u00ed \u2013 sluch\u00e1tka dr\u017e\u00ed jako p\u0159ilepen\u00e1.<\/span><\/p>\n<\/li>\n<li>\n<p><span><strong>CVC 8.0 mikrofony<\/strong>: Bez okoln\u00edho hluku \u2013 telefonn\u00ed hovory v kvalit\u011b, kter\u00e1 p\u0159ekvap\u00ed i va\u0161eho \u0161\u00e9fa.<\/span><\/p>\n<\/li>\n<li>\n<p><span><strong>Dotykov\u00e9 panely<\/strong>: Va\u0161e pot\u0159eby, va\u0161e ovl\u00e1d\u00e1n\u00ed \u2013 snadno, intuitivn\u011b.<\/span><\/p>\n<\/li>\n<\/ul>\n<p><span>Dal\u0161\u00ed vychyt\u00e1vky:<\/span><\/p>\n<ul>\n<li>\n<p><span><strong>Rychl\u00e9 nab\u00edjen\u00ed USB-C<\/strong>: S pouzdrem p\u0159ipraven\u00e9 na dlouh\u00fd hudebn\u00ed maraton.<\/span><\/p>\n<\/li>\n<li>\n<p><span><strong>Styl a minimalismus<\/strong>: Modern\u00ed design, kter\u00fd v\u00e1s nebude ru\u0161it \u2013 jen dopln\u00ed v\u00e1\u0161 styl.<\/span><\/p>\n<\/li>\n<li>\n<p><span><strong>Hmotnost pouh\u00fdch 44 g<\/strong>: Lehkost, kterou ocen\u00edte b\u011bhem ka\u017ed\u00e9ho poslechu.<\/span><\/p>\n<\/li>\n<\/ul>\n<p><span>Bluetooth sluch\u00e1tka Tribit FlyBuds C2 nejsou jen sluch\u00e1tka \u2013 jsou to v\u00e1\u0161 dokonal\u00fd hudebn\u00ed spole\u010dn\u00edk, co v\u00e1m dovol\u00ed sly\u0161et sv\u011bt tak, jak byl zam\u00fd\u0161len. P\u0159ipravte se na nezapomenuteln\u00fd poslechov\u00fd z\u00e1\u017eitek!  \u2728<\/span><\/p>\n<p>&nbsp;<\/p>\n<p>&nbsp;<\/p>\n<p><span>Z\u00e1ruka 24 m\u011bs\u00edc\u016f.<\/span><\/p>\n","protected":false},"excerpt":{"rendered":"<p>Seznamte se s Bluetooth sluch\u00e1tky Tribit FlyBuds C2 \u2013 mistrovsk\u00fdm d\u00edlem pro milovn\u00edky hudby, podcast\u016f a telefonn\u00edch hovor\u016f bez p\u0159eru\u0161en\u00ed! \u2728 Tato stylov\u00e1 sluch\u00e1tka s Bluetooth 5.2 zaji\u0161\u0165uj\u00ed stabiln\u00ed a rychl\u00e9 p\u0159ipojen\u00ed bez ru\u0161en\u00ed, a\u017e na 10 metr\u016f od za\u0159\u00edzen\u00ed. Dynamick\u00e9 m\u011bni\u010de o pr\u016fm\u011bru 12 mm ve spojen\u00ed s \u010dipem Qualcomm aptX v\u00e1m doru\u010d\u00ed zvuk&#8230;<\/p>\n","protected":false},"featured_media":27382,"comment_status":"closed","ping_status":"open","template":"","meta":{"_kadence_starter_templates_imported_post":false,"_kad_post_transparent":"","_kad_post_title":"","_kad_post_layout":"","_kad_post_sidebar_id":"","_kad_post_content_style":"","_kad_post_vertical_padding":"","_kad_post_feature":"","_kad_post_feature_position":"","_kad_post_header":false,"_kad_post_footer":false,"_kad_post_classname":""},"product_brand":[],"product_cat":[64,2457,2429,413,414,2456],"product_tag":[],"class_list":{"0":"post-27381","1":"product","2":"type-product","3":"status-publish","4":"has-post-thumbnail","6":"product_cat-elektronika","7":"product_cat-handsfree","8":"product_cat-heureka-cz","9":"product_cat-mobily-tablety-nositelna-elektronika","10":"product_cat-prislusenstvi-k-mobilum","11":"product_cat-sluchatka-reproduktory-handsfree","13":"first","14":"instock","15":"taxable","16":"shipping-taxable","17":"purchasable","18":"product-type-simple","19":"entry","20":"content-bg","21":"loop-entry"},"_links":{"self":[{"href":"http:\/\/www.outlet-electro.cz\/index.php\/wp-json\/wp\/v2\/product\/27381","targetHints":{"allow":["GET"]}}],"collection":[{"href":"http:\/\/www.outlet-electro.cz\/index.php\/wp-json\/wp\/v2\/product"}],"about":[{"href":"http:\/\/www.outlet-electro.cz\/index.php\/wp-json\/wp\/v2\/types\/product"}],"replies":[{"embeddable":true,"href":"http:\/\/www.outlet-electro.cz\/index.php\/wp-json\/wp\/v2\/comments?post=27381"}],"wp:featuredmedia":[{"embeddable":true,"href":"http:\/\/www.outlet-electro.cz\/index.php\/wp-json\/wp\/v2\/media\/27382"}],"wp:attachment":[{"href":"http:\/\/www.outlet-electro.cz\/index.php\/wp-json\/wp\/v2\/media?parent=27381"}],"wp:term":[{"taxonomy":"product_brand","embeddable":true,"href":"http:\/\/www.outlet-electro.cz\/index.php\/wp-json\/wp\/v2\/product_brand?post=27381"},{"taxonomy":"product_cat","embeddable":true,"href":"http:\/\/www.outlet-electro.cz\/index.php\/wp-json\/wp\/v2\/product_cat?post=27381"},{"taxonomy":"product_tag","embeddable":true,"href":"http:\/\/www.outlet-electro.cz\/index.php\/wp-json\/wp\/v2\/product_tag?post=27381"}],"curies":[{"name":"wp","href":"https:\/\/api.w.org\/{rel}","templated":true}]}}