{"id":27367,"date":"2026-01-26T11:25:06","date_gmt":"2026-01-26T10:25:06","guid":{"rendered":"https:\/\/www.outlet-electro.cz\/index.php\/produkt\/baterie-varta-superlife-aaa-2ks-2003-va0022\/"},"modified":"2026-01-26T11:25:07","modified_gmt":"2026-01-26T10:25:07","slug":"baterie-varta-superlife-aaa-2ks-2003-va0022","status":"publish","type":"product","link":"http:\/\/www.outlet-electro.cz\/index.php\/produkt\/baterie-varta-superlife-aaa-2ks-2003-va0022\/","title":{"rendered":"Baterie Varta Superlife AAA 2ks 2003 VA0022"},"content":{"rendered":"<p><span>P\u0159edstavujeme baterie Varta Superlife AAA \u2013 z\u00e1zrak, co udr\u017e\u00ed v\u00e1\u0161 bud\u00edk p\u0159i \u017eivot\u011b, d\u00e1lkov\u00fd ovlada\u010d v pohotovosti a n\u00e1st\u011bnn\u00e9 hodiny tikaj\u00edc\u00ed bez n\u00e1mahy!  \u2728<\/span><\/p>\n<p><span>Tyto <strong>zinko-uhl\u00edkov\u00e9 krasavice<\/strong> v\u00e1m nab\u00edz\u00ed spolehlivou energii s n\u00e1dechem nostalgie \u2013 v\u017edy\u0165 jsou specialist\u00e9 u\u017e od roku <strong>1887<\/strong>! Skoro jako star\u00fd rodinn\u00fd recept, akor\u00e1t m\u00edsto babi\u010d\u010dina kol\u00e1\u010de nab\u00edzej\u00ed dlouhou v\u00fddr\u017e a \u0161petku technick\u00e9ho kouzla.<\/span><\/p>\n<p><span>Hlavn\u00ed kouzla:<\/span><\/p>\n<ul>\n<li>\n<p><span><strong>\u017divotnost zaru\u010dena na 3 roky<\/strong>: Tak\u017ee na n\u011b klidn\u011b m\u016f\u017eete zapomenout\u2026 a ony si pamatuj\u00ed!<\/span><\/p>\n<\/li>\n<li>\n<p><span><strong>Lehk\u00fd kovov\u00fd design obalu<\/strong>: Proto\u017ee i baterie si zaslou\u017e\u00ed vypadat \u0161ik.<\/span><\/p>\n<\/li>\n<li>\n<p><span><strong>Ide\u00e1ln\u00ed pro nen\u00e1ro\u010dn\u00e1 za\u0159\u00edzen\u00ed<\/strong>: Bud\u00edk nebo ovlada\u010d budou vrn\u011bt spokojenost\u00ed.<\/span><\/p>\n<\/li>\n<\/ul>\n<p><span>Dal\u0161\u00ed vychyt\u00e1vky:<\/span><\/p>\n<ul>\n<li>\n<p><span><strong>Nap\u011bt\u00ed 1,5 V \u2013 univerz\u00e1ln\u00ed klasika.<\/strong><\/span><\/p>\n<\/li>\n<li>\n<p><span><strong>Perfektn\u00ed balen\u00ed 2 ks<\/strong>: Aby to va\u0161im hodin\u00e1m ladilo do p\u00e1ru.<\/span><\/p>\n<\/li>\n<li>\n<p><span><strong>Zinko-uhl\u00edkov\u00e1 technologie<\/strong>: Star\u00e9, ale st\u00e1le dobr\u00e9 \u2013 tak trochu jako vinylov\u00e9 desky.<\/span><\/p>\n<\/li>\n<\/ul>\n<p><span>Baterie Varta Superlife AAA nejsou jen zdroj energie \u2013 jsou stylovou poctou funk\u010dnosti a jednoduchosti. P\u0159ipravte se na energii, co nikdy nezklame!  \u2728<\/span><\/p>\n<p>&nbsp;<\/p>\n<p><span>Z\u00e1ruka 24 m\u011bs\u00edc\u016f.<\/span><\/p>\n","protected":false},"excerpt":{"rendered":"<p>P\u0159edstavujeme baterie Varta Superlife AAA \u2013 z\u00e1zrak, co udr\u017e\u00ed v\u00e1\u0161 bud\u00edk p\u0159i \u017eivot\u011b, d\u00e1lkov\u00fd ovlada\u010d v pohotovosti a n\u00e1st\u011bnn\u00e9 hodiny tikaj\u00edc\u00ed bez n\u00e1mahy! \u2728 Tyto zinko-uhl\u00edkov\u00e9 krasavice v\u00e1m nab\u00edz\u00ed spolehlivou energii s n\u00e1dechem nostalgie \u2013 v\u017edy\u0165 jsou specialist\u00e9 u\u017e od roku 1887! Skoro jako star\u00fd rodinn\u00fd recept, akor\u00e1t m\u00edsto babi\u010d\u010dina kol\u00e1\u010de nab\u00edzej\u00ed dlouhou v\u00fddr\u017e a&#8230;<\/p>\n","protected":false},"featured_media":27368,"comment_status":"closed","ping_status":"open","template":"","meta":{"_kadence_starter_templates_imported_post":false,"_kad_post_transparent":"","_kad_post_title":"","_kad_post_layout":"","_kad_post_sidebar_id":"","_kad_post_content_style":"","_kad_post_vertical_padding":"","_kad_post_feature":"","_kad_post_feature_position":"","_kad_post_header":false,"_kad_post_footer":false,"_kad_post_classname":""},"product_brand":[],"product_cat":[2182,622,2183,64,2429],"product_tag":[],"class_list":{"0":"post-27367","1":"product","2":"type-product","3":"status-publish","4":"has-post-thumbnail","6":"product_cat-baterie","7":"product_cat-baterie-a-nabijeni","8":"product_cat-baterie-primarni","9":"product_cat-elektronika","10":"product_cat-heureka-cz","12":"first","13":"instock","14":"taxable","15":"shipping-taxable","16":"purchasable","17":"product-type-simple","18":"entry","19":"content-bg","20":"loop-entry"},"_links":{"self":[{"href":"http:\/\/www.outlet-electro.cz\/index.php\/wp-json\/wp\/v2\/product\/27367","targetHints":{"allow":["GET"]}}],"collection":[{"href":"http:\/\/www.outlet-electro.cz\/index.php\/wp-json\/wp\/v2\/product"}],"about":[{"href":"http:\/\/www.outlet-electro.cz\/index.php\/wp-json\/wp\/v2\/types\/product"}],"replies":[{"embeddable":true,"href":"http:\/\/www.outlet-electro.cz\/index.php\/wp-json\/wp\/v2\/comments?post=27367"}],"wp:featuredmedia":[{"embeddable":true,"href":"http:\/\/www.outlet-electro.cz\/index.php\/wp-json\/wp\/v2\/media\/27368"}],"wp:attachment":[{"href":"http:\/\/www.outlet-electro.cz\/index.php\/wp-json\/wp\/v2\/media?parent=27367"}],"wp:term":[{"taxonomy":"product_brand","embeddable":true,"href":"http:\/\/www.outlet-electro.cz\/index.php\/wp-json\/wp\/v2\/product_brand?post=27367"},{"taxonomy":"product_cat","embeddable":true,"href":"http:\/\/www.outlet-electro.cz\/index.php\/wp-json\/wp\/v2\/product_cat?post=27367"},{"taxonomy":"product_tag","embeddable":true,"href":"http:\/\/www.outlet-electro.cz\/index.php\/wp-json\/wp\/v2\/product_tag?post=27367"}],"curies":[{"name":"wp","href":"https:\/\/api.w.org\/{rel}","templated":true}]}}