{"id":27351,"date":"2026-01-26T11:25:06","date_gmt":"2026-01-26T10:25:06","guid":{"rendered":"https:\/\/www.outlet-electro.cz\/index.php\/produkt\/solight-rozbocka-s-usb-ac-nabijeckou-p99usbc\/"},"modified":"2026-01-26T11:25:06","modified_gmt":"2026-01-26T10:25:06","slug":"solight-rozbocka-s-usb-ac-nabijeckou-p99usbc","status":"publish","type":"product","link":"http:\/\/www.outlet-electro.cz\/index.php\/produkt\/solight-rozbocka-s-usb-ac-nabijeckou-p99usbc\/","title":{"rendered":"Solight rozbo\u010dka s USB A+C nab\u00edje\u010dkou P99USBC"},"content":{"rendered":"<p><span>P\u0159edstavuje se rozbo\u010dka s USB A+C nab\u00edje\u010dkou Solight P99USBC \u2013 multifunk\u010dn\u00ed \u0161ikula, kter\u00fd zajist\u00ed pohodln\u00e9 p\u0159ipojen\u00ed i nab\u00edjen\u00ed a p\u0159itom \u0161et\u0159\u00ed m\u00edsto i nervy!  \u2728<\/span><\/p>\n<p><span>Tento chytr\u00fd pomocn\u00edk zvl\u00e1dne <strong>dva spot\u0159ebi\u010de (a\u017e 3680 W)<\/strong> a d\u00edky <strong>USB-A a USB-C port\u016fm<\/strong> pohodln\u011b nabije dv\u011b za\u0159\u00edzen\u00ed sou\u010dasn\u011b \u2013 perfektn\u00ed pro va\u0161e telefony, tablety nebo USB elektroniku. <strong>Podsv\u011btlen\u00fd vyp\u00edna\u010d<\/strong> umo\u017e\u0148uje snadn\u00e9 odpojen\u00ed nap\u00e1jen\u00ed v\u0161em z\u00e1suvk\u00e1m i USB port\u016fm najednou, co\u017e ocen\u00edte p\u0159i odchodu z domu nebo ve\u010dern\u00edm vyp\u00edn\u00e1n\u00ed.<\/span><\/p>\n<p><span>Hlavn\u00ed kouzla:<\/span><\/p>\n<ul>\n<li>\n<p><span><strong>D\u011btsk\u00e1 pojistka<\/strong>: Bezpe\u010dn\u00e9 pou\u017eit\u00ed v dom\u00e1cnostech s d\u011btmi.<\/span><\/p>\n<\/li>\n<li>\n<p><span><strong>Nato\u010den\u00e9 horn\u00ed z\u00e1suvky<\/strong>: Pro jednoduchou manipulaci s kabely \u2013 v\u0161e p\u011bkn\u011b uspo\u0159\u00e1dan\u00e9.<\/span><\/p>\n<\/li>\n<li>\n<p><span><strong>USB nab\u00edjec\u00ed adapt\u00e9r (2,4 A)<\/strong>: Rychl\u00e9 a spolehliv\u00e9 nab\u00edjen\u00ed.<\/span><\/p>\n<\/li>\n<\/ul>\n<p><span>Dal\u0161\u00ed vychyt\u00e1vky:<\/span><\/p>\n<ul>\n<li>\n<p><span><strong>Kompaktn\u00ed design<\/strong>: Elegantn\u00ed b\u00edl\u00e1 barva a velikost, kter\u00e1 nezab\u00edr\u00e1 zbyte\u010dn\u011b m\u00edsto.<\/span><\/p>\n<\/li>\n<li>\n<p><span><strong>Ide\u00e1ln\u00ed pro dom\u00e1cnosti, kuchyn\u011b i d\u00edlny<\/strong>: Univerz\u00e1ln\u00ed a v\u0161estrann\u00e9 pou\u017eit\u00ed.<\/span><\/p>\n<\/li>\n<li>\n<p><span><strong>Snadn\u00e1 kontrola<\/strong>: Rychl\u00e1 spr\u00e1va p\u0159ipojen\u00fdch za\u0159\u00edzen\u00ed a bezpe\u010dnostn\u00ed vypnut\u00ed.<\/span><\/p>\n<\/li>\n<\/ul>\n<p><span>Rozbo\u010dka s USB A+C nab\u00edje\u010dkou Solight P99USBC nen\u00ed jen rozbo\u010dka \u2013 je to v\u00e1\u0161 chytr\u00fd spole\u010dn\u00edk, kter\u00fd se postar\u00e1 o va\u0161e elektroniku a zajist\u00ed v\u00e1m pohodl\u00ed i po\u0159\u00e1dek. P\u0159ipravte se na praktick\u00e9 a elegantn\u00ed p\u0159ipojen\u00ed!  \u2728<\/span><\/p>\n<p>&nbsp;<\/p>\n<p><span>Z\u00e1ruka 24 m\u011bs\u00edc\u016f.<\/span><\/p>\n","protected":false},"excerpt":{"rendered":"<p>P\u0159edstavuje se rozbo\u010dka s USB A+C nab\u00edje\u010dkou Solight P99USBC \u2013 multifunk\u010dn\u00ed \u0161ikula, kter\u00fd zajist\u00ed pohodln\u00e9 p\u0159ipojen\u00ed i nab\u00edjen\u00ed a p\u0159itom \u0161et\u0159\u00ed m\u00edsto i nervy! \u2728 Tento chytr\u00fd pomocn\u00edk zvl\u00e1dne dva spot\u0159ebi\u010de (a\u017e 3680 W) a d\u00edky USB-A a USB-C port\u016fm pohodln\u011b nabije dv\u011b za\u0159\u00edzen\u00ed sou\u010dasn\u011b \u2013 perfektn\u00ed pro va\u0161e telefony, tablety nebo USB elektroniku. Podsv\u011btlen\u00fd&#8230;<\/p>\n","protected":false},"featured_media":27352,"comment_status":"closed","ping_status":"open","template":"","meta":{"_kadence_starter_templates_imported_post":false,"_kad_post_transparent":"","_kad_post_title":"","_kad_post_layout":"","_kad_post_sidebar_id":"","_kad_post_content_style":"","_kad_post_vertical_padding":"","_kad_post_feature":"","_kad_post_feature_position":"","_kad_post_header":false,"_kad_post_footer":false,"_kad_post_classname":""},"product_brand":[],"product_cat":[64,2429,2188,362,2467],"product_tag":[],"class_list":{"0":"post-27351","1":"product","2":"type-product","3":"status-publish","4":"has-post-thumbnail","6":"product_cat-elektronika","7":"product_cat-heureka-cz","8":"product_cat-satelitni-a-digitalni-technika","9":"product_cat-tv-audio-video","10":"product_cat-zesilovace-a-rozbocovace","12":"first","13":"instock","14":"taxable","15":"shipping-taxable","16":"purchasable","17":"product-type-simple","18":"entry","19":"content-bg","20":"loop-entry"},"_links":{"self":[{"href":"http:\/\/www.outlet-electro.cz\/index.php\/wp-json\/wp\/v2\/product\/27351","targetHints":{"allow":["GET"]}}],"collection":[{"href":"http:\/\/www.outlet-electro.cz\/index.php\/wp-json\/wp\/v2\/product"}],"about":[{"href":"http:\/\/www.outlet-electro.cz\/index.php\/wp-json\/wp\/v2\/types\/product"}],"replies":[{"embeddable":true,"href":"http:\/\/www.outlet-electro.cz\/index.php\/wp-json\/wp\/v2\/comments?post=27351"}],"wp:featuredmedia":[{"embeddable":true,"href":"http:\/\/www.outlet-electro.cz\/index.php\/wp-json\/wp\/v2\/media\/27352"}],"wp:attachment":[{"href":"http:\/\/www.outlet-electro.cz\/index.php\/wp-json\/wp\/v2\/media?parent=27351"}],"wp:term":[{"taxonomy":"product_brand","embeddable":true,"href":"http:\/\/www.outlet-electro.cz\/index.php\/wp-json\/wp\/v2\/product_brand?post=27351"},{"taxonomy":"product_cat","embeddable":true,"href":"http:\/\/www.outlet-electro.cz\/index.php\/wp-json\/wp\/v2\/product_cat?post=27351"},{"taxonomy":"product_tag","embeddable":true,"href":"http:\/\/www.outlet-electro.cz\/index.php\/wp-json\/wp\/v2\/product_tag?post=27351"}],"curies":[{"name":"wp","href":"https:\/\/api.w.org\/{rel}","templated":true}]}}