{"id":27349,"date":"2026-01-26T11:25:06","date_gmt":"2026-01-26T10:25:06","guid":{"rendered":"https:\/\/www.outlet-electro.cz\/index.php\/produkt\/agfaphoto-zinkova-baterie-r20-d-ap-r20-2s\/"},"modified":"2026-01-26T11:25:06","modified_gmt":"2026-01-26T10:25:06","slug":"agfaphoto-zinkova-baterie-r20-d-ap-r20-2s","status":"publish","type":"product","link":"http:\/\/www.outlet-electro.cz\/index.php\/produkt\/agfaphoto-zinkova-baterie-r20-d-ap-r20-2s\/","title":{"rendered":"AgfaPhoto zinkov\u00e1 baterie R20\/D AP-R20-2S"},"content":{"rendered":"<p><span>P\u0159edstavuj\u00ed se zinkov\u00e9 baterie AgfaPhoto R20\/D AP-R20-2S \u2013 nen\u00e1padn\u00ed, ale spolehliv\u00ed hrdinov\u00e9, kte\u0159\u00ed p\u0159ivedou k \u017eivotu va\u0161e hodiny, d\u00e1lkov\u00e9 ovlada\u010de nebo bud\u00edky!  \u2728<\/span><\/p>\n<p><span>Tyto univerz\u00e1ln\u00ed baterie ozna\u010den\u00ed <strong>R20\/D<\/strong> jsou ide\u00e1ln\u00ed volbou pro ka\u017edodenn\u00ed za\u0159\u00edzen\u00ed, na kter\u00e9 se chcete spolehnout. Baleno prakticky po <strong>2 kusech v shrink balen\u00ed<\/strong>, aby v\u00e1m v\u017edy vydr\u017eely v z\u00e1loze.<\/span><\/p>\n<p><span>Hlavn\u00ed kouzla:<\/span><\/p>\n<ul>\n<li>\n<p><span><strong>Univerz\u00e1ln\u00ed pou\u017eit\u00ed<\/strong>: Hodiny, ovlada\u010de, bud\u00edky a dal\u0161\u00ed za\u0159\u00edzen\u00ed budou fungovat bez probl\u00e9mu.<\/span><\/p>\n<\/li>\n<li>\n<p><span><strong>Kompaktn\u00ed balen\u00ed<\/strong>: Praktick\u00e9 a snadn\u00e9 na skladov\u00e1n\u00ed.<\/span><\/p>\n<\/li>\n<li>\n<p><span><strong>Spolehliv\u00fd zdroj energie<\/strong>: Perfektn\u00ed pro b\u011b\u017en\u00e9 dom\u00e1c\u00ed spot\u0159ebi\u010de.<\/span><\/p>\n<\/li>\n<\/ul>\n<p><span>Zinkov\u00e9 baterie AgfaPhoto R20\/D AP-R20-2S jsou nenahraditeln\u00ed pomocn\u00edci, kte\u0159\u00ed dodaj\u00ed va\u0161im za\u0159\u00edzen\u00edm p\u0159esn\u011b tolik energie, kolik pot\u0159ebuj\u00ed. P\u0159ipravte se na dlouhou a spolehlivou v\u00fddr\u017e!  \u2728<\/span><\/p>\n<p>&nbsp;<\/p>\n<p><span>Z\u00e1ruka 24 m\u011bs\u00edc\u016f.<\/span><\/p>\n","protected":false},"excerpt":{"rendered":"<p>P\u0159edstavuj\u00ed se zinkov\u00e9 baterie AgfaPhoto R20\/D AP-R20-2S \u2013 nen\u00e1padn\u00ed, ale spolehliv\u00ed hrdinov\u00e9, kte\u0159\u00ed p\u0159ivedou k \u017eivotu va\u0161e hodiny, d\u00e1lkov\u00e9 ovlada\u010de nebo bud\u00edky! \u2728 Tyto univerz\u00e1ln\u00ed baterie ozna\u010den\u00ed R20\/D jsou ide\u00e1ln\u00ed volbou pro ka\u017edodenn\u00ed za\u0159\u00edzen\u00ed, na kter\u00e9 se chcete spolehnout. Baleno prakticky po 2 kusech v shrink balen\u00ed, aby v\u00e1m v\u017edy vydr\u017eely v z\u00e1loze. Hlavn\u00ed kouzla:&#8230;<\/p>\n","protected":false},"featured_media":27350,"comment_status":"closed","ping_status":"open","template":"","meta":{"_kadence_starter_templates_imported_post":false,"_kad_post_transparent":"","_kad_post_title":"","_kad_post_layout":"","_kad_post_sidebar_id":"","_kad_post_content_style":"","_kad_post_vertical_padding":"","_kad_post_feature":"","_kad_post_feature_position":"","_kad_post_header":false,"_kad_post_footer":false,"_kad_post_classname":""},"product_brand":[],"product_cat":[2182,622,2183,64,2429],"product_tag":[],"class_list":{"0":"post-27349","1":"product","2":"type-product","3":"status-publish","4":"has-post-thumbnail","6":"product_cat-baterie","7":"product_cat-baterie-a-nabijeni","8":"product_cat-baterie-primarni","9":"product_cat-elektronika","10":"product_cat-heureka-cz","12":"first","13":"instock","14":"taxable","15":"shipping-taxable","16":"purchasable","17":"product-type-simple","18":"entry","19":"content-bg","20":"loop-entry"},"_links":{"self":[{"href":"http:\/\/www.outlet-electro.cz\/index.php\/wp-json\/wp\/v2\/product\/27349","targetHints":{"allow":["GET"]}}],"collection":[{"href":"http:\/\/www.outlet-electro.cz\/index.php\/wp-json\/wp\/v2\/product"}],"about":[{"href":"http:\/\/www.outlet-electro.cz\/index.php\/wp-json\/wp\/v2\/types\/product"}],"replies":[{"embeddable":true,"href":"http:\/\/www.outlet-electro.cz\/index.php\/wp-json\/wp\/v2\/comments?post=27349"}],"wp:featuredmedia":[{"embeddable":true,"href":"http:\/\/www.outlet-electro.cz\/index.php\/wp-json\/wp\/v2\/media\/27350"}],"wp:attachment":[{"href":"http:\/\/www.outlet-electro.cz\/index.php\/wp-json\/wp\/v2\/media?parent=27349"}],"wp:term":[{"taxonomy":"product_brand","embeddable":true,"href":"http:\/\/www.outlet-electro.cz\/index.php\/wp-json\/wp\/v2\/product_brand?post=27349"},{"taxonomy":"product_cat","embeddable":true,"href":"http:\/\/www.outlet-electro.cz\/index.php\/wp-json\/wp\/v2\/product_cat?post=27349"},{"taxonomy":"product_tag","embeddable":true,"href":"http:\/\/www.outlet-electro.cz\/index.php\/wp-json\/wp\/v2\/product_tag?post=27349"}],"curies":[{"name":"wp","href":"https:\/\/api.w.org\/{rel}","templated":true}]}}