{"id":27345,"date":"2026-01-26T11:25:06","date_gmt":"2026-01-26T10:25:06","guid":{"rendered":"https:\/\/www.outlet-electro.cz\/index.php\/produkt\/nedis-do-univerzalni-10v1-nd-tvrc2200bk\/"},"modified":"2026-01-26T11:25:06","modified_gmt":"2026-01-26T10:25:06","slug":"nedis-do-univerzalni-10v1-nd-tvrc2200bk","status":"publish","type":"product","link":"http:\/\/www.outlet-electro.cz\/index.php\/produkt\/nedis-do-univerzalni-10v1-nd-tvrc2200bk\/","title":{"rendered":"Nedis DO univerz\u00e1ln\u00ed 10v1 ND-TVRC2200BK"},"content":{"rendered":"<p><span>P\u0159edstavuje se univerz\u00e1ln\u00ed d\u00e1lkov\u00fd ovlada\u010d Nedis ND-TVRC2200BK \u2013 \u0161ikovn\u00fd spole\u010dn\u00edk, kter\u00fd zvl\u00e1dne ovl\u00e1dat nejen va\u0161i televizi, ale i dal\u0161\u00ed za\u0159\u00edzen\u00ed, a to v\u0161e s lehkost\u00ed a pohodl\u00edm!  \ufe0f\u2728<\/span><\/p>\n<p><span>Tento ovlada\u010d <strong>10 v 1<\/strong> je p\u0159edprogramovan\u00fd pro v\u00edce ne\u017e <strong>250 model\u016f<\/strong> v\u010detn\u011b nejroz\u0161\u00ed\u0159en\u011bj\u0161\u00edch zna\u010dek, tak\u017ee hrav\u011b zvl\u00e1dne TV, dom\u00e1c\u00ed kino, HiFi, CD p\u0159ehr\u00e1va\u010de a dal\u0161\u00ed. D\u00edky <strong>pam\u011bti nastaven\u00ed na 20 minut<\/strong> si udr\u017e\u00ed d\u016fle\u017eit\u00e9 informace i b\u011bhem v\u00fdm\u011bny bateri\u00ed.<\/span><\/p>\n<p><span>Hlavn\u00ed kouzla:<\/span><\/p>\n<ul>\n<li>\n<p><span><strong>Funkce 10 v 1<\/strong>: Jeden ovlada\u010d, kter\u00fd si porad\u00ed se v\u0161\u00edm \u2013 od TV po VCD.<\/span><\/p>\n<\/li>\n<li>\n<p><span><strong>Infra\u010derven\u00e9 vys\u00edl\u00e1n\u00ed<\/strong>: Spolehliv\u00e9 propojen\u00ed pro bezprobl\u00e9mov\u00e9 ovl\u00e1d\u00e1n\u00ed.<\/span><\/p>\n<\/li>\n<li>\n<p><span><strong>Pry\u017eov\u00e1 tla\u010d\u00edtka<\/strong>: Pohodln\u00e9 ovl\u00e1d\u00e1n\u00ed bez zbyte\u010dn\u00e9 n\u00e1mahy.<\/span><\/p>\n<\/li>\n<\/ul>\n<p><span>Dal\u0161\u00ed vychyt\u00e1vky:<\/span><\/p>\n<ul>\n<li>\n<p><span><strong>Plastov\u00e9 t\u011blo v \u010dern\u00e9 barv\u011b<\/strong>: Lehk\u00fd, odoln\u00fd a stylov\u00fd design.<\/span><\/p>\n<\/li>\n<li>\n<p><span><strong>Nap\u00e1jen\u00ed 2\u00d7 AAA bateriemi<\/strong>: Praktick\u00e9 a snadno dostupn\u00e9.<\/span><\/p>\n<\/li>\n<li>\n<p><span><strong>P\u0159edprogramovan\u00e9 k\u00f3dy<\/strong>: Rychl\u00e1 a jednoduch\u00e1 instalace bez komplikac\u00ed.<\/span><\/p>\n<\/li>\n<\/ul>\n<p><span>Univerz\u00e1ln\u00ed d\u00e1lkov\u00fd ovlada\u010d Nedis ND-TVRC2200BK nen\u00ed jen ovlada\u010d \u2013 je to v\u00e1\u0161 praktick\u00fd pomocn\u00edk, kter\u00fd v\u00e1m zp\u0159\u00edjemn\u00ed ka\u017ed\u00e9 ovl\u00e1d\u00e1n\u00ed dom\u00e1c\u00ed elektroniky. P\u0159ipravte se na pohodlnou kontrolu na dosah ruky!  \u2728<\/span><\/p>\n<p>&nbsp;<\/p>\n<p><span>Z\u00e1ruka 24 m\u011bs\u00edc\u016f.<\/span><\/p>\n","protected":false},"excerpt":{"rendered":"<p>P\u0159edstavuje se univerz\u00e1ln\u00ed d\u00e1lkov\u00fd ovlada\u010d Nedis ND-TVRC2200BK \u2013 \u0161ikovn\u00fd spole\u010dn\u00edk, kter\u00fd zvl\u00e1dne ovl\u00e1dat nejen va\u0161i televizi, ale i dal\u0161\u00ed za\u0159\u00edzen\u00ed, a to v\u0161e s lehkost\u00ed a pohodl\u00edm! \ufe0f\u2728 Tento ovlada\u010d 10 v 1 je p\u0159edprogramovan\u00fd pro v\u00edce ne\u017e 250 model\u016f v\u010detn\u011b nejroz\u0161\u00ed\u0159en\u011bj\u0161\u00edch zna\u010dek, tak\u017ee hrav\u011b zvl\u00e1dne TV, dom\u00e1c\u00ed kino, HiFi, CD p\u0159ehr\u00e1va\u010de a dal\u0161\u00ed. D\u00edky&#8230;<\/p>\n","protected":false},"featured_media":27346,"comment_status":"closed","ping_status":"open","template":"","meta":{"_kadence_starter_templates_imported_post":false,"_kad_post_transparent":"","_kad_post_title":"","_kad_post_layout":"","_kad_post_sidebar_id":"","_kad_post_content_style":"","_kad_post_vertical_padding":"","_kad_post_feature":"","_kad_post_feature_position":"","_kad_post_header":false,"_kad_post_footer":false,"_kad_post_classname":""},"product_brand":[],"product_cat":[2466,64,2429,384,383,362],"product_tag":[],"class_list":{"0":"post-27345","1":"product","2":"type-product","3":"status-publish","4":"has-post-thumbnail","6":"product_cat-dalkove-ovladace","7":"product_cat-elektronika","8":"product_cat-heureka-cz","9":"product_cat-prislusenstvi-k-tv","10":"product_cat-prislusenstvi-k-tv-audio-video","11":"product_cat-tv-audio-video","13":"first","14":"instock","15":"taxable","16":"shipping-taxable","17":"purchasable","18":"product-type-simple","19":"entry","20":"content-bg","21":"loop-entry"},"_links":{"self":[{"href":"http:\/\/www.outlet-electro.cz\/index.php\/wp-json\/wp\/v2\/product\/27345","targetHints":{"allow":["GET"]}}],"collection":[{"href":"http:\/\/www.outlet-electro.cz\/index.php\/wp-json\/wp\/v2\/product"}],"about":[{"href":"http:\/\/www.outlet-electro.cz\/index.php\/wp-json\/wp\/v2\/types\/product"}],"replies":[{"embeddable":true,"href":"http:\/\/www.outlet-electro.cz\/index.php\/wp-json\/wp\/v2\/comments?post=27345"}],"wp:featuredmedia":[{"embeddable":true,"href":"http:\/\/www.outlet-electro.cz\/index.php\/wp-json\/wp\/v2\/media\/27346"}],"wp:attachment":[{"href":"http:\/\/www.outlet-electro.cz\/index.php\/wp-json\/wp\/v2\/media?parent=27345"}],"wp:term":[{"taxonomy":"product_brand","embeddable":true,"href":"http:\/\/www.outlet-electro.cz\/index.php\/wp-json\/wp\/v2\/product_brand?post=27345"},{"taxonomy":"product_cat","embeddable":true,"href":"http:\/\/www.outlet-electro.cz\/index.php\/wp-json\/wp\/v2\/product_cat?post=27345"},{"taxonomy":"product_tag","embeddable":true,"href":"http:\/\/www.outlet-electro.cz\/index.php\/wp-json\/wp\/v2\/product_tag?post=27345"}],"curies":[{"name":"wp","href":"https:\/\/api.w.org\/{rel}","templated":true}]}}