{"id":27317,"date":"2026-01-26T11:25:03","date_gmt":"2026-01-26T10:25:03","guid":{"rendered":"https:\/\/www.outlet-electro.cz\/index.php\/produkt\/beuer-diagnosticka-vaha-beurer-bg-51-xxl\/"},"modified":"2026-01-26T11:25:03","modified_gmt":"2026-01-26T10:25:03","slug":"beuer-diagnosticka-vaha-beurer-bg-51-xxl","status":"publish","type":"product","link":"http:\/\/www.outlet-electro.cz\/index.php\/produkt\/beuer-diagnosticka-vaha-beurer-bg-51-xxl\/","title":{"rendered":"Beuer Diagnostick\u00e1 v\u00e1ha Beurer BG 51 XXL"},"content":{"rendered":"<p><span>P\u0159edstavuje se diagnostick\u00e1 v\u00e1ha Beurer BG 51 XXL \u2013 v\u00e1\u0161 osobn\u00ed analytik, kter\u00fd se postar\u00e1 o v\u0161echny d\u016fle\u017eit\u00e9 t\u011blesn\u00e9 hodnoty. Nav\u00edc vypad\u00e1 tak elegantn\u011b, \u017ee by mohla b\u00fdt sou\u010d\u00e1st\u00ed v\u00fdstavy modern\u00edho um\u011bn\u00ed! \u2696\ufe0f\u2728<\/span><\/p>\n<p><span>Tato robustn\u00ed kr\u00e1ska je vybavena <strong>extra velkou sklen\u011bnou plochou (390 x 300 mm)<\/strong>, tak\u017ee se c\u00edt\u00ed pohodln\u011b i p\u0159i m\u011b\u0159en\u00ed vy\u0161\u0161\u00edch hmotnost\u00ed \u2013 s maximem a\u017e <strong>200 kg<\/strong>. D\u00edky <strong>technologii B.I.A.<\/strong> (Bioelektrick\u00e1 impedan\u010dn\u00ed anal\u00fdza) zjist\u00edte v\u0161e, co jste kdy cht\u011bli v\u011bd\u011bt \u2013 od t\u011blesn\u00e9ho tuku a\u017e po svalovou hmotu.<\/span><\/p>\n<p><span>Hlavn\u00ed kouzla:<\/span><\/p>\n<ul>\n<li>\n<p><span><strong>V\u00fdpo\u010det BMI a anal\u00fdza t\u011blesn\u00e9ho slo\u017een\u00ed<\/strong>: Od kalori\u00ed po kosti \u2013 m\u00e1 to v\u0161echno pod palcem.<\/span><\/p>\n<\/li>\n<li>\n<p><span><strong>Elektrody z kart\u00e1\u010dovan\u00e9 oceli<\/strong>: Kontakt s v\u00e1hou nebyl nikdy stylov\u011bj\u0161\u00ed.<\/span><\/p>\n<\/li>\n<li>\n<p><span><strong>Automatick\u00e9 vypnut\u00ed a upozorn\u011bn\u00ed p\u0159i p\u0159et\u00ed\u017een\u00ed<\/strong>: Praktick\u00e9 a bezpe\u010dn\u00e9 pro ka\u017ed\u00e9ho.<\/span><\/p>\n<\/li>\n<\/ul>\n<p><span>Dal\u0161\u00ed vychyt\u00e1vky:<\/span><\/p>\n<ul>\n<li>\n<p><span><strong>Technologie QuickStart<\/strong>: P\u0159ipraveno k pou\u017eit\u00ed b\u011bhem okam\u017eiku.<\/span><\/p>\n<\/li>\n<li>\n<p><span><strong>P\u0159esnost m\u011b\u0159en\u00ed 100 g<\/strong>: Detailn\u00ed v\u00fdsledky, kter\u00e9 inspiruj\u00ed ke zm\u011bn\u00e1m.<\/span><\/p>\n<\/li>\n<li>\n<p><span><strong>Pam\u011b\u0165 pro 10 u\u017eivatel\u016f<\/strong>: Cel\u00e1 rodina v obraze \u2013 v\u010detn\u011b babi\u010dky a d\u011bdy.<\/span><\/p>\n<\/li>\n<\/ul>\n<p><span>Diagnostick\u00e1 v\u00e1ha Beurer BG 51 XXL nen\u00ed jen v\u00e1ha \u2013 je to v\u00e1\u0161 ka\u017edodenn\u00ed pr\u016fvodce zdrav\u00fdm \u017eivotn\u00edm stylem, kter\u00fd v\u00e1m pom\u016f\u017ee dr\u017eet krok s va\u0161imi c\u00edli. P\u0159ipravte se na p\u0159esn\u00e1 data a nov\u00fd pohled na va\u0161e t\u011blo!  \u2699\ufe0f\u2728<\/span><\/p>\n<p>&nbsp;<\/p>\n<p><span>Z\u00e1ruka 24 m\u011bs\u00edc\u016f.<\/span><\/p>\n","protected":false},"excerpt":{"rendered":"<p>P\u0159edstavuje se diagnostick\u00e1 v\u00e1ha Beurer BG 51 XXL \u2013 v\u00e1\u0161 osobn\u00ed analytik, kter\u00fd se postar\u00e1 o v\u0161echny d\u016fle\u017eit\u00e9 t\u011blesn\u00e9 hodnoty. Nav\u00edc vypad\u00e1 tak elegantn\u011b, \u017ee by mohla b\u00fdt sou\u010d\u00e1st\u00ed v\u00fdstavy modern\u00edho um\u011bn\u00ed! \u2696\ufe0f\u2728 Tato robustn\u00ed kr\u00e1ska je vybavena extra velkou sklen\u011bnou plochou (390 x 300 mm), tak\u017ee se c\u00edt\u00ed pohodln\u011b i p\u0159i m\u011b\u0159en\u00ed vy\u0161\u0161\u00edch hmotnost\u00ed&#8230;<\/p>\n","protected":false},"featured_media":27318,"comment_status":"closed","ping_status":"open","template":"","meta":{"_kadence_starter_templates_imported_post":false,"_kad_post_transparent":"","_kad_post_title":"","_kad_post_layout":"","_kad_post_sidebar_id":"","_kad_post_content_style":"","_kad_post_vertical_padding":"","_kad_post_feature":"","_kad_post_feature_position":"","_kad_post_header":false,"_kad_post_footer":false,"_kad_post_classname":""},"product_brand":[],"product_cat":[333,2429,432,337,352],"product_tag":[],"class_list":{"0":"post-27317","1":"product","2":"type-product","3":"status-publish","4":"has-post-thumbnail","6":"product_cat-domaci-a-osobni-spotrebice","7":"product_cat-heureka-cz","8":"product_cat-osobni-vahy","9":"product_cat-pece-o-telo-a-zdravi","10":"product_cat-pece-o-zdravi","12":"first","13":"instock","14":"taxable","15":"shipping-taxable","16":"purchasable","17":"product-type-simple","18":"entry","19":"content-bg","20":"loop-entry"},"_links":{"self":[{"href":"http:\/\/www.outlet-electro.cz\/index.php\/wp-json\/wp\/v2\/product\/27317","targetHints":{"allow":["GET"]}}],"collection":[{"href":"http:\/\/www.outlet-electro.cz\/index.php\/wp-json\/wp\/v2\/product"}],"about":[{"href":"http:\/\/www.outlet-electro.cz\/index.php\/wp-json\/wp\/v2\/types\/product"}],"replies":[{"embeddable":true,"href":"http:\/\/www.outlet-electro.cz\/index.php\/wp-json\/wp\/v2\/comments?post=27317"}],"wp:featuredmedia":[{"embeddable":true,"href":"http:\/\/www.outlet-electro.cz\/index.php\/wp-json\/wp\/v2\/media\/27318"}],"wp:attachment":[{"href":"http:\/\/www.outlet-electro.cz\/index.php\/wp-json\/wp\/v2\/media?parent=27317"}],"wp:term":[{"taxonomy":"product_brand","embeddable":true,"href":"http:\/\/www.outlet-electro.cz\/index.php\/wp-json\/wp\/v2\/product_brand?post=27317"},{"taxonomy":"product_cat","embeddable":true,"href":"http:\/\/www.outlet-electro.cz\/index.php\/wp-json\/wp\/v2\/product_cat?post=27317"},{"taxonomy":"product_tag","embeddable":true,"href":"http:\/\/www.outlet-electro.cz\/index.php\/wp-json\/wp\/v2\/product_tag?post=27317"}],"curies":[{"name":"wp","href":"https:\/\/api.w.org\/{rel}","templated":true}]}}