{"id":27297,"date":"2026-01-26T11:24:59","date_gmt":"2026-01-26T10:24:59","guid":{"rendered":"https:\/\/www.outlet-electro.cz\/index.php\/produkt\/reprobox-multimedialni-tg-tg-392\/"},"modified":"2026-01-26T11:25:00","modified_gmt":"2026-01-26T10:25:00","slug":"reprobox-multimedialni-tg-tg-392","status":"publish","type":"product","link":"http:\/\/www.outlet-electro.cz\/index.php\/produkt\/reprobox-multimedialni-tg-tg-392\/","title":{"rendered":"Reprobox multimedi\u00e1ln\u00ed T&#038;G TG-392"},"content":{"rendered":"<p><span>P\u0159edstavuje se reprobox multimedi\u00e1ln\u00ed T&amp;G TG-392 \u2013 kompaktn\u00ed, ale v\u00fdkonn\u00fd hudebn\u00ed spole\u010dn\u00edk, kter\u00fd je v\u017edy p\u0159ipraven roztan\u010dit v\u00e1\u0161 den!  \u2728<\/span><\/p>\n<p><span>D\u00edky <strong>jednoduch\u00e9 mont\u00e1\u017ei na kolo<\/strong> si m\u016f\u017eete vychutnat obl\u00edbenou hudbu nebo r\u00e1dio i b\u011bhem j\u00edzdy \u2013 proto\u017ee v\u00fdlet bez hudby nen\u00ed to prav\u00e9. <strong>Vodot\u011bsn\u00e1 konstrukce<\/strong> odol\u00e1 de\u0161ti, vlhkosti a dokonce i st\u0159\u00edkaj\u00edc\u00ed vod\u011b, co\u017e z n\u011bj d\u011bl\u00e1 ide\u00e1ln\u00edho spole\u010dn\u00edka pro venkovn\u00ed dobrodru\u017estv\u00ed.<\/span><\/p>\n<p><span>Hlavn\u00ed kouzla:<\/span><\/p>\n<ul>\n<li>\n<p><span><strong>Bluetooth 5.3<\/strong>: Stabiln\u00ed p\u0159ipojen\u00ed na dosah a\u017e 10 metr\u016f \u2013 \u017e\u00e1dn\u00e9 p\u0159eru\u0161en\u00ed z\u00e1bavy.<\/span><\/p>\n<\/li>\n<li>\n<p><span><strong>FM tuner<\/strong>: Hudba nebo r\u00e1dio, volba je jen na v\u00e1s.<\/span><\/p>\n<\/li>\n<li>\n<p><span><strong>Podpora TWS<\/strong>: Sp\u00e1rujte dva reproduktory a vytvo\u0159te si osobn\u00ed stereo show.<\/span><\/p>\n<\/li>\n<\/ul>\n<p><span>Dal\u0161\u00ed vychyt\u00e1vky:<\/span><\/p>\n<ul>\n<li>\n<p><span><strong>\u010cist\u00fd a siln\u00fd zvuk<\/strong>: Kvalita, kter\u00e1 v\u00e1s ohrom\u00ed p\u0159i ka\u017ed\u00e9m poslechu.<\/span><\/p>\n<\/li>\n<li>\n<p><span><strong>Doba p\u0159ehr\u00e1v\u00e1n\u00ed a\u017e 3 hodiny<\/strong>: Ide\u00e1ln\u00ed na krat\u0161\u00ed v\u00fdlety nebo odpoledn\u00ed pohodu.<\/span><\/p>\n<\/li>\n<li>\n<p><span><strong>Lehk\u00fd a kompaktn\u00ed design (214 g)<\/strong>: Snadno p\u0159enosn\u00fd, p\u0159itom p\u0159ekvapiv\u011b v\u00fdkonn\u00fd.<\/span><\/p>\n<\/li>\n<\/ul>\n<p><span>Reprobox multimedi\u00e1ln\u00ed T&amp;G TG-392 nen\u00ed jen reproduktor \u2013 je to v\u00e1\u0161 osobn\u00ed hudebn\u00ed \u0161ampion, kter\u00fd zvl\u00e1dne v\u0161e od cyklistiky po dom\u00e1c\u00ed poslech. P\u0159ipravte se na z\u00e1\u017eitky, kter\u00e9 v\u00e1s budou bavit!  \u2728<\/span><\/p>\n<p>&nbsp;<\/p>\n<p><span>Z\u00e1ruka 24 m\u011bs\u00edc\u016f.<\/span><\/p>\n","protected":false},"excerpt":{"rendered":"<p>P\u0159edstavuje se reprobox multimedi\u00e1ln\u00ed T&amp;G TG-392 \u2013 kompaktn\u00ed, ale v\u00fdkonn\u00fd hudebn\u00ed spole\u010dn\u00edk, kter\u00fd je v\u017edy p\u0159ipraven roztan\u010dit v\u00e1\u0161 den! \u2728 D\u00edky jednoduch\u00e9 mont\u00e1\u017ei na kolo si m\u016f\u017eete vychutnat obl\u00edbenou hudbu nebo r\u00e1dio i b\u011bhem j\u00edzdy \u2013 proto\u017ee v\u00fdlet bez hudby nen\u00ed to prav\u00e9. Vodot\u011bsn\u00e1 konstrukce odol\u00e1 de\u0161ti, vlhkosti a dokonce i st\u0159\u00edkaj\u00edc\u00ed vod\u011b, co\u017e z&#8230;<\/p>\n","protected":false},"featured_media":27298,"comment_status":"closed","ping_status":"open","template":"","meta":{"_kadence_starter_templates_imported_post":false,"_kad_post_transparent":"","_kad_post_title":"","_kad_post_layout":"","_kad_post_sidebar_id":"","_kad_post_content_style":"","_kad_post_vertical_padding":"","_kad_post_feature":"","_kad_post_feature_position":"","_kad_post_header":false,"_kad_post_footer":false,"_kad_post_classname":""},"product_brand":[],"product_cat":[428,64,2429,372,362],"product_tag":[],"class_list":{"0":"post-27297","1":"product","2":"type-product","3":"status-publish","4":"has-post-thumbnail","6":"product_cat-bluetooth-reproduktory","7":"product_cat-elektronika","8":"product_cat-heureka-cz","9":"product_cat-reproduktory-soundbary","10":"product_cat-tv-audio-video","12":"first","13":"instock","14":"taxable","15":"shipping-taxable","16":"purchasable","17":"product-type-simple","18":"entry","19":"content-bg","20":"loop-entry"},"_links":{"self":[{"href":"http:\/\/www.outlet-electro.cz\/index.php\/wp-json\/wp\/v2\/product\/27297","targetHints":{"allow":["GET"]}}],"collection":[{"href":"http:\/\/www.outlet-electro.cz\/index.php\/wp-json\/wp\/v2\/product"}],"about":[{"href":"http:\/\/www.outlet-electro.cz\/index.php\/wp-json\/wp\/v2\/types\/product"}],"replies":[{"embeddable":true,"href":"http:\/\/www.outlet-electro.cz\/index.php\/wp-json\/wp\/v2\/comments?post=27297"}],"wp:featuredmedia":[{"embeddable":true,"href":"http:\/\/www.outlet-electro.cz\/index.php\/wp-json\/wp\/v2\/media\/27298"}],"wp:attachment":[{"href":"http:\/\/www.outlet-electro.cz\/index.php\/wp-json\/wp\/v2\/media?parent=27297"}],"wp:term":[{"taxonomy":"product_brand","embeddable":true,"href":"http:\/\/www.outlet-electro.cz\/index.php\/wp-json\/wp\/v2\/product_brand?post=27297"},{"taxonomy":"product_cat","embeddable":true,"href":"http:\/\/www.outlet-electro.cz\/index.php\/wp-json\/wp\/v2\/product_cat?post=27297"},{"taxonomy":"product_tag","embeddable":true,"href":"http:\/\/www.outlet-electro.cz\/index.php\/wp-json\/wp\/v2\/product_tag?post=27297"}],"curies":[{"name":"wp","href":"https:\/\/api.w.org\/{rel}","templated":true}]}}