{"id":27285,"date":"2026-01-26T11:24:59","date_gmt":"2026-01-26T10:24:59","guid":{"rendered":"https:\/\/www.outlet-electro.cz\/index.php\/produkt\/kabel-aligator-plus-as116\/"},"modified":"2026-01-26T11:25:00","modified_gmt":"2026-01-26T10:25:00","slug":"kabel-aligator-plus-as116","status":"publish","type":"product","link":"http:\/\/www.outlet-electro.cz\/index.php\/produkt\/kabel-aligator-plus-as116\/","title":{"rendered":"Kabel Aligator PLUS AS116"},"content":{"rendered":"<p><span>P\u0159edstavujeme kabel Aligator PLUS AS116 \u2013 pr\u00e9miov\u00fd nab\u00edjec\u00ed kabel, kter\u00fd je tak chytr\u00fd, \u017ee by mohl b\u00fdt va\u0161\u00edm osobn\u00edm asistentem! \u26a1\u2728<\/span><\/p>\n<p><span>S <strong>magnetickou koncovkou<\/strong> se nab\u00edjen\u00ed st\u00e1v\u00e1 hra\u010dkou \u2013 jednu \u010d\u00e1st nech\u00e1te v mobilu nebo tabletu a druhou jednodu\u0161e p\u0159ilo\u017e\u00edte. Magnet ud\u011bl\u00e1 v\u0161echnu pr\u00e1ci za v\u00e1s, tak\u017ee \u017e\u00e1dn\u00e9 ot\u00e1\u010den\u00ed, zkoum\u00e1n\u00ed stran ani zbyte\u010dn\u00e9 nervy. Je to zlep\u0161ov\u00e1k, kter\u00fd odstran\u00ed chaos z ka\u017edodenn\u00edho nab\u00edjen\u00ed.<\/span><\/p>\n<p><span>Hlavn\u00ed kouzla:<\/span><\/p>\n<ul>\n<li>\n<p><span><strong>Jednoduch\u00e9 magnetick\u00e9 spojen\u00ed<\/strong>: U\u017e \u017e\u00e1dn\u00e9 boje s kabely \u2013 p\u0159ipojen\u00ed b\u011bhem vte\u0159iny.<\/span><\/p>\n<\/li>\n<li>\n<p><span><strong>Praktick\u00e9 pou\u017eit\u00ed<\/strong>: Ide\u00e1ln\u00ed pro ka\u017ed\u00fd den, a\u0165 u\u017e doma, v kancel\u00e1\u0159i nebo na cest\u00e1ch.<\/span><\/p>\n<\/li>\n<li>\n<p><span><strong>Pr\u00e9miov\u00fd design<\/strong>: Vypad\u00e1 elegantn\u011b, ale pracuje jako prof\u00edk.<\/span><\/p>\n<\/li>\n<\/ul>\n<p><span>Dal\u0161\u00ed vychyt\u00e1vky:<\/span><\/p>\n<ul>\n<li>\n<p><span><strong>Spolehliv\u00e1 kompatibilita<\/strong>: Funguje bez probl\u00e9m\u016f s va\u0161imi obl\u00edben\u00fdmi za\u0159\u00edzen\u00edmi.<\/span><\/p>\n<\/li>\n<li>\n<p><span><strong>Odolnost a kvalita<\/strong>: Vyroben\u00fd tak, aby vydr\u017eel \u2013 \u017e\u00e1dn\u00e9 opot\u0159eben\u00ed p\u0159i \u010dast\u00e9m pou\u017e\u00edv\u00e1n\u00ed.<\/span><\/p>\n<\/li>\n<li>\n<p><span><strong>Snadn\u00e9 nab\u00edjen\u00ed i synchronizace<\/strong>: Jeden kabel na v\u0161echno, co pot\u0159ebujete.<\/span><\/p>\n<\/li>\n<\/ul>\n<p><span>Kabel Aligator PLUS AS116 nen\u00ed jen nab\u00edje\u010dka \u2013 je to v\u00e1\u0161 stylov\u00fd spole\u010dn\u00edk, kter\u00fd v\u00e1m ka\u017ed\u00fd den u\u0161et\u0159\u00ed \u010das i starosti. P\u0159ipravte se na nab\u00edjen\u00ed, kter\u00e9 v\u00e1s bude bavit!  <\/span><\/p>\n<p>&nbsp;<\/p>\n<p>&nbsp;<\/p>\n<p>Z\u00e1ruka 24 m\u011bs\u00edc\u016f.<\/p>\n","protected":false},"excerpt":{"rendered":"<p>P\u0159edstavujeme kabel Aligator PLUS AS116 \u2013 pr\u00e9miov\u00fd nab\u00edjec\u00ed kabel, kter\u00fd je tak chytr\u00fd, \u017ee by mohl b\u00fdt va\u0161\u00edm osobn\u00edm asistentem! \u26a1\u2728 S magnetickou koncovkou se nab\u00edjen\u00ed st\u00e1v\u00e1 hra\u010dkou \u2013 jednu \u010d\u00e1st nech\u00e1te v mobilu nebo tabletu a druhou jednodu\u0161e p\u0159ilo\u017e\u00edte. Magnet ud\u011bl\u00e1 v\u0161echnu pr\u00e1ci za v\u00e1s, tak\u017ee \u017e\u00e1dn\u00e9 ot\u00e1\u010den\u00ed, zkoum\u00e1n\u00ed stran ani zbyte\u010dn\u00e9 nervy. Je&#8230;<\/p>\n","protected":false},"featured_media":27286,"comment_status":"closed","ping_status":"open","template":"","meta":{"_kadence_starter_templates_imported_post":false,"_kad_post_transparent":"","_kad_post_title":"","_kad_post_layout":"","_kad_post_sidebar_id":"","_kad_post_content_style":"","_kad_post_vertical_padding":"","_kad_post_feature":"","_kad_post_feature_position":"","_kad_post_header":false,"_kad_post_footer":false,"_kad_post_classname":""},"product_brand":[],"product_cat":[64,2429,418,2461,391,417],"product_tag":[],"class_list":{"0":"post-27285","1":"product","2":"type-product","3":"status-publish","4":"has-post-thumbnail","6":"product_cat-elektronika","7":"product_cat-heureka-cz","8":"product_cat-kabely-a-konektory","9":"product_cat-napajeci-kabely","10":"product_cat-pocitace-a-notebooky","11":"product_cat-prislusenstvi-k-pocitacum","13":"first","14":"instock","15":"taxable","16":"shipping-taxable","17":"purchasable","18":"product-type-simple","19":"entry","20":"content-bg","21":"loop-entry"},"_links":{"self":[{"href":"http:\/\/www.outlet-electro.cz\/index.php\/wp-json\/wp\/v2\/product\/27285","targetHints":{"allow":["GET"]}}],"collection":[{"href":"http:\/\/www.outlet-electro.cz\/index.php\/wp-json\/wp\/v2\/product"}],"about":[{"href":"http:\/\/www.outlet-electro.cz\/index.php\/wp-json\/wp\/v2\/types\/product"}],"replies":[{"embeddable":true,"href":"http:\/\/www.outlet-electro.cz\/index.php\/wp-json\/wp\/v2\/comments?post=27285"}],"wp:featuredmedia":[{"embeddable":true,"href":"http:\/\/www.outlet-electro.cz\/index.php\/wp-json\/wp\/v2\/media\/27286"}],"wp:attachment":[{"href":"http:\/\/www.outlet-electro.cz\/index.php\/wp-json\/wp\/v2\/media?parent=27285"}],"wp:term":[{"taxonomy":"product_brand","embeddable":true,"href":"http:\/\/www.outlet-electro.cz\/index.php\/wp-json\/wp\/v2\/product_brand?post=27285"},{"taxonomy":"product_cat","embeddable":true,"href":"http:\/\/www.outlet-electro.cz\/index.php\/wp-json\/wp\/v2\/product_cat?post=27285"},{"taxonomy":"product_tag","embeddable":true,"href":"http:\/\/www.outlet-electro.cz\/index.php\/wp-json\/wp\/v2\/product_tag?post=27285"}],"curies":[{"name":"wp","href":"https:\/\/api.w.org\/{rel}","templated":true}]}}