{"id":27283,"date":"2026-01-26T11:24:59","date_gmt":"2026-01-26T10:24:59","guid":{"rendered":"https:\/\/www.outlet-electro.cz\/index.php\/produkt\/kabel-aligator-datkp42\/"},"modified":"2026-01-26T11:25:00","modified_gmt":"2026-01-26T10:25:00","slug":"kabel-aligator-datkp42","status":"publish","type":"product","link":"http:\/\/www.outlet-electro.cz\/index.php\/produkt\/kabel-aligator-datkp42\/","title":{"rendered":"Kabel Aligator DATKP42"},"content":{"rendered":"<div data-tabster=\"{&quot;groupper&quot;:{&quot;tabbability&quot;:2},&quot;focusable&quot;:{}}\" data-content=\"ai-message\" aria-labelledby=\"oj4QJvQVWnSFqgvq1aSy1-author} oj4QJvQVWnSFqgvq1aSy1-content-0\" role=\"article\" tabindex=\"0\">\n<div id=\"oj4QJvQVWnSFqgvq1aSy1-content-0\">\n<p><span>P\u0159edstavujeme kabel Aligator DATKP42 \u2013 elegantn\u00ed, v\u00fdkonn\u00fd a univerz\u00e1ln\u00ed k\u00e1bl\u00edk, kter\u00fd zvl\u00e1dne nab\u00edjet va\u0161e za\u0159\u00edzen\u00ed rychlost\u00ed blesku a je\u0161t\u011b p\u0159enese data tak efektivn\u011b, \u017ee budete m\u00edt pocit, \u017ee je technologi\u00ed z budoucnosti! \u26a1\u2728<\/span><\/p>\n<p><span>S podporou <strong>USB 3.2 Gen 1<\/strong> dos\u00e1hne p\u0159enosov\u00e9 rychlosti a\u017e <strong>5 Gbps<\/strong>, co\u017e znamen\u00e1, \u017ee va\u0161e data budou p\u0159esouv\u00e1na rychleji ne\u017e va\u0161e pl\u00e1ny na v\u00edkend. <strong>Ultra rychl\u00e9 nab\u00edjen\u00ed a\u017e 3A<\/strong> zase zajist\u00ed, \u017ee v\u00e1\u0161 telefon, tablet nebo notebook budou v\u017edy p\u0159ipraveny na akci.<\/span><\/p>\n<p><span>Hlavn\u00ed kouzla:<\/span><\/p>\n<ul>\n<li>\n<p><span><strong>Konektory USB-C\/MicroUSB<\/strong>: Univerz\u00e1lnost na prvn\u00edm m\u00edst\u011b \u2013 propojen\u00ed s t\u00e9m\u011b\u0159 ka\u017ed\u00fdm modern\u00edm za\u0159\u00edzen\u00edm.<\/span><\/p>\n<\/li>\n<li>\n<p><span><strong>D\u00e9lka kabelu 1 metr<\/strong>: Kompaktn\u00ed a pohodln\u00e1 d\u00e9lka, kterou vyu\u017eijete doma i na cest\u00e1ch.<\/span><\/p>\n<\/li>\n<li>\n<p><span><strong>B\u00edl\u00fd design<\/strong>: Stylov\u00fd vzhled, kter\u00fd je z\u00e1rove\u0148 praktick\u00fd.<\/span><\/p>\n<\/li>\n<\/ul>\n<p><span>Dal\u0161\u00ed vychyt\u00e1vky:<\/span><\/p>\n<ul>\n<li>\n<p><span><strong>Flexibiln\u00ed a odoln\u00fd materi\u00e1l<\/strong>: Robustn\u00ed a navr\u017een\u00fd tak, aby vydr\u017eel ka\u017edodenn\u00ed pou\u017eit\u00ed bez kompromis\u016f.<\/span><\/p>\n<\/li>\n<li>\n<p><span><strong>Zrcadlen\u00ed navigace<\/strong>: Dokonal\u00e9 pro v\u00e1\u0161 automobil s USB-C slotem \u2013 budete v\u017edy v obraze.<\/span><\/p>\n<\/li>\n<li>\n<p><span><strong>\u0160pi\u010dkov\u00e1 kvalita<\/strong>: Konektory, na kter\u00e9 se m\u016f\u017eete spolehnout, a technologie, kter\u00e1 nezklame.<\/span><\/p>\n<\/li>\n<\/ul>\n<p><span>Kabel Aligator DATKP42 nen\u00ed jen kabel \u2013 je to v\u00e1\u0161 energetick\u00fd most, kter\u00fd spojuje za\u0159\u00edzen\u00ed, p\u0159en\u00e1\u0161\u00ed data a nab\u00edj\u00ed va\u0161e dny. P\u0159ipravte se na v\u00fdkon, kter\u00fd v\u00e1s bude bavit!  <\/span><\/p>\n<\/div>\n<\/div>\n<p>&nbsp;<\/p>\n<p>&nbsp;<\/p>\n<p>Z\u00e1ruka 24 m\u011bs\u00edc\u016f.<\/p>\n","protected":false},"excerpt":{"rendered":"<p>P\u0159edstavujeme kabel Aligator DATKP42 \u2013 elegantn\u00ed, v\u00fdkonn\u00fd a univerz\u00e1ln\u00ed k\u00e1bl\u00edk, kter\u00fd zvl\u00e1dne nab\u00edjet va\u0161e za\u0159\u00edzen\u00ed rychlost\u00ed blesku a je\u0161t\u011b p\u0159enese data tak efektivn\u011b, \u017ee budete m\u00edt pocit, \u017ee je technologi\u00ed z budoucnosti! \u26a1\u2728 S podporou USB 3.2 Gen 1 dos\u00e1hne p\u0159enosov\u00e9 rychlosti a\u017e 5 Gbps, co\u017e znamen\u00e1, \u017ee va\u0161e data budou p\u0159esouv\u00e1na rychleji ne\u017e va\u0161e&#8230;<\/p>\n","protected":false},"featured_media":27284,"comment_status":"closed","ping_status":"open","template":"","meta":{"_kadence_starter_templates_imported_post":false,"_kad_post_transparent":"","_kad_post_title":"","_kad_post_layout":"","_kad_post_sidebar_id":"","_kad_post_content_style":"","_kad_post_vertical_padding":"","_kad_post_feature":"","_kad_post_feature_position":"","_kad_post_header":false,"_kad_post_footer":false,"_kad_post_classname":""},"product_brand":[],"product_cat":[64,2429,418,2461,391,417],"product_tag":[],"class_list":{"0":"post-27283","1":"product","2":"type-product","3":"status-publish","4":"has-post-thumbnail","6":"product_cat-elektronika","7":"product_cat-heureka-cz","8":"product_cat-kabely-a-konektory","9":"product_cat-napajeci-kabely","10":"product_cat-pocitace-a-notebooky","11":"product_cat-prislusenstvi-k-pocitacum","13":"first","14":"instock","15":"taxable","16":"shipping-taxable","17":"purchasable","18":"product-type-simple","19":"entry","20":"content-bg","21":"loop-entry"},"_links":{"self":[{"href":"http:\/\/www.outlet-electro.cz\/index.php\/wp-json\/wp\/v2\/product\/27283","targetHints":{"allow":["GET"]}}],"collection":[{"href":"http:\/\/www.outlet-electro.cz\/index.php\/wp-json\/wp\/v2\/product"}],"about":[{"href":"http:\/\/www.outlet-electro.cz\/index.php\/wp-json\/wp\/v2\/types\/product"}],"replies":[{"embeddable":true,"href":"http:\/\/www.outlet-electro.cz\/index.php\/wp-json\/wp\/v2\/comments?post=27283"}],"wp:featuredmedia":[{"embeddable":true,"href":"http:\/\/www.outlet-electro.cz\/index.php\/wp-json\/wp\/v2\/media\/27284"}],"wp:attachment":[{"href":"http:\/\/www.outlet-electro.cz\/index.php\/wp-json\/wp\/v2\/media?parent=27283"}],"wp:term":[{"taxonomy":"product_brand","embeddable":true,"href":"http:\/\/www.outlet-electro.cz\/index.php\/wp-json\/wp\/v2\/product_brand?post=27283"},{"taxonomy":"product_cat","embeddable":true,"href":"http:\/\/www.outlet-electro.cz\/index.php\/wp-json\/wp\/v2\/product_cat?post=27283"},{"taxonomy":"product_tag","embeddable":true,"href":"http:\/\/www.outlet-electro.cz\/index.php\/wp-json\/wp\/v2\/product_tag?post=27283"}],"curies":[{"name":"wp","href":"https:\/\/api.w.org\/{rel}","templated":true}]}}