{"id":27258,"date":"2026-01-26T11:24:56","date_gmt":"2026-01-26T10:24:56","guid":{"rendered":"https:\/\/www.outlet-electro.cz\/index.php\/produkt\/govee-smart-rgbic-led-pasek-tv-backlight-h6168\/"},"modified":"2026-01-26T11:24:57","modified_gmt":"2026-01-26T10:24:57","slug":"govee-smart-rgbic-led-pasek-tv-backlight-h6168","status":"publish","type":"product","link":"http:\/\/www.outlet-electro.cz\/index.php\/produkt\/govee-smart-rgbic-led-pasek-tv-backlight-h6168\/","title":{"rendered":"Govee Smart RGBIC LED p\u00e1sek TV Backlight H6168"},"content":{"rendered":"<p><span>P\u0159edstavujeme Govee Smart RGBIC LED p\u00e1sek TV Backlight H6168 \u2013 v\u00e1\u0161 televizn\u00ed spole\u010dn\u00edk, kter\u00fd pov\u00fd\u0161\u00ed sledov\u00e1n\u00ed na \u00fapln\u011b novou \u00farove\u0148, proto\u017ee kdo \u0159ekl, \u017ee v\u00e1\u0161 televizor nem\u016f\u017ee m\u00edt vlastn\u00ed sv\u011btelnou show?  \u2728<\/span><\/p>\n<p><span>D\u00edky <strong>technologii RGBIC<\/strong> tento LED p\u00e1sek vytv\u00e1\u0159\u00ed ohromuj\u00edc\u00ed sv\u011bteln\u00e9 efekty, kter\u00e9 prom\u011bn\u00ed oby\u010dejn\u00e9 ve\u010dery na z\u00e1\u017eitky pln\u00e9 barev a atmosf\u00e9ry. Ovl\u00e1d\u00e1n\u00ed <strong>aplikac\u00ed a hlasem<\/strong> v\u00e1m umo\u017en\u00ed b\u00fdt \u0161\u00e9fem sv\u00e9ho sv\u011bteln\u00e9ho imp\u00e9ria \u2013 pohodl\u00ed, styl a technologie v jednom balen\u00ed.<\/span><\/p>\n<p><span>Hlavn\u00ed kouzla:<\/span><\/p>\n<ul>\n<li>\n<p><span><strong>Synchronizace hudby<\/strong>: Sv\u011btla, kter\u00e1 tan\u010d\u00ed na rytmus va\u0161\u00ed obl\u00edben\u00e9 p\u00edsni\u010dky? Ano, p\u0159esn\u011b tak!<\/span><\/p>\n<\/li>\n<li>\n<p><span><strong>Mnoho p\u0159ednastaven\u00fdch sc\u00e9n<\/strong>: Od relaxa\u010dn\u00edho osv\u011btlen\u00ed po dramatickou atmosf\u00e9ru \u2013 va\u0161e TV z\u00edsk\u00e1 vlastn\u00ed n\u00e1lady.<\/span><\/p>\n<\/li>\n<li>\n<p><span><strong>Velikost pro TV 140\u2013165 cm<\/strong>: Perfektn\u00ed pro st\u0159edn\u00ed a v\u011bt\u0161\u00ed obrazovky, kter\u00e9 si zaslou\u017e\u00ed b\u00fdt st\u0159edem pozornosti.<\/span><\/p>\n<\/li>\n<\/ul>\n<p><span>Dal\u0161\u00ed vychyt\u00e1vky:<\/span><\/p>\n<ul>\n<li>\n<p><span><strong>V\u00fdkon 18 W<\/strong>: Energeticky efektivn\u00ed, ale vizu\u00e1ln\u011b osl\u0148uj\u00edc\u00ed.<\/span><\/p>\n<\/li>\n<li>\n<p><span><strong>Nap\u011bt\u00ed 12V DC<\/strong>: Bezpe\u010dn\u00e9 a spolehliv\u00e9 \u2013 \u017e\u00e1dn\u00e9 starosti, jen \u010dist\u00e1 z\u00e1bava.<\/span><\/p>\n<\/li>\n<li>\n<p><span><strong>Elegantn\u00ed design<\/strong>: Jemn\u00e9 a modern\u00ed, p\u0159izp\u016fsob\u00ed se jak\u00e9mukoliv interi\u00e9ru.<\/span><\/p>\n<\/li>\n<\/ul>\n<p><span>Govee Smart RGBIC LED p\u00e1sek nen\u00ed jen LED osv\u011btlen\u00ed \u2013 je to z\u00e1\u017eitek, kter\u00fd vdechne va\u0161emu televizoru \u017eivot a prom\u011bn\u00ed oby\u010dejn\u00e9 sledov\u00e1n\u00ed na barevn\u00e9 dobrodru\u017estv\u00ed!  <\/span><\/p>\n<p>&nbsp;<\/p>\n<p>&nbsp;<\/p>\n<p><span>Z\u00e1ruka 24 m\u011bs\u00edc\u016f.<\/span><\/p>\n","protected":false},"excerpt":{"rendered":"<p>P\u0159edstavujeme Govee Smart RGBIC LED p\u00e1sek TV Backlight H6168 \u2013 v\u00e1\u0161 televizn\u00ed spole\u010dn\u00edk, kter\u00fd pov\u00fd\u0161\u00ed sledov\u00e1n\u00ed na \u00fapln\u011b novou \u00farove\u0148, proto\u017ee kdo \u0159ekl, \u017ee v\u00e1\u0161 televizor nem\u016f\u017ee m\u00edt vlastn\u00ed sv\u011btelnou show? \u2728 D\u00edky technologii RGBIC tento LED p\u00e1sek vytv\u00e1\u0159\u00ed ohromuj\u00edc\u00ed sv\u011bteln\u00e9 efekty, kter\u00e9 prom\u011bn\u00ed oby\u010dejn\u00e9 ve\u010dery na z\u00e1\u017eitky pln\u00e9 barev a atmosf\u00e9ry. Ovl\u00e1d\u00e1n\u00ed aplikac\u00ed a&#8230;<\/p>\n","protected":false},"featured_media":27259,"comment_status":"closed","ping_status":"open","template":"","meta":{"_kadence_starter_templates_imported_post":false,"_kad_post_transparent":"","_kad_post_title":"","_kad_post_layout":"","_kad_post_sidebar_id":"","_kad_post_content_style":"","_kad_post_vertical_padding":"","_kad_post_feature":"","_kad_post_feature_position":"","_kad_post_header":false,"_kad_post_footer":false,"_kad_post_classname":""},"product_brand":[],"product_cat":[379,2445,2429,2446,442],"product_tag":[],"class_list":{"0":"post-27258","1":"product","2":"type-product","3":"status-publish","4":"has-post-thumbnail","6":"product_cat-bydleni-a-doplnky","7":"product_cat-dekorativni-osvetleni","8":"product_cat-heureka-cz","9":"product_cat-led-pasky","10":"product_cat-osvetleni","12":"first","13":"instock","14":"taxable","15":"shipping-taxable","16":"purchasable","17":"product-type-simple","18":"entry","19":"content-bg","20":"loop-entry"},"_links":{"self":[{"href":"http:\/\/www.outlet-electro.cz\/index.php\/wp-json\/wp\/v2\/product\/27258","targetHints":{"allow":["GET"]}}],"collection":[{"href":"http:\/\/www.outlet-electro.cz\/index.php\/wp-json\/wp\/v2\/product"}],"about":[{"href":"http:\/\/www.outlet-electro.cz\/index.php\/wp-json\/wp\/v2\/types\/product"}],"replies":[{"embeddable":true,"href":"http:\/\/www.outlet-electro.cz\/index.php\/wp-json\/wp\/v2\/comments?post=27258"}],"wp:featuredmedia":[{"embeddable":true,"href":"http:\/\/www.outlet-electro.cz\/index.php\/wp-json\/wp\/v2\/media\/27259"}],"wp:attachment":[{"href":"http:\/\/www.outlet-electro.cz\/index.php\/wp-json\/wp\/v2\/media?parent=27258"}],"wp:term":[{"taxonomy":"product_brand","embeddable":true,"href":"http:\/\/www.outlet-electro.cz\/index.php\/wp-json\/wp\/v2\/product_brand?post=27258"},{"taxonomy":"product_cat","embeddable":true,"href":"http:\/\/www.outlet-electro.cz\/index.php\/wp-json\/wp\/v2\/product_cat?post=27258"},{"taxonomy":"product_tag","embeddable":true,"href":"http:\/\/www.outlet-electro.cz\/index.php\/wp-json\/wp\/v2\/product_tag?post=27258"}],"curies":[{"name":"wp","href":"https:\/\/api.w.org\/{rel}","templated":true}]}}