{"id":27252,"date":"2026-01-26T11:24:56","date_gmt":"2026-01-26T10:24:56","guid":{"rendered":"https:\/\/www.outlet-electro.cz\/index.php\/produkt\/herni-klavesnice-noxo-conqueror\/"},"modified":"2026-01-26T11:24:57","modified_gmt":"2026-01-26T10:24:57","slug":"herni-klavesnice-noxo-conqueror","status":"publish","type":"product","link":"http:\/\/www.outlet-electro.cz\/index.php\/produkt\/herni-klavesnice-noxo-conqueror\/","title":{"rendered":"Hern\u00ed kl\u00e1vesnice Noxo Conqueror"},"content":{"rendered":"<p><span>P\u0159edstavujeme hern\u00ed kl\u00e1vesnici Noxo Conqueror Mechanical \u2013 kl\u00e1vesnici, kter\u00e1 v\u00e1m umo\u017en\u00ed ovl\u00e1dnout virtu\u00e1ln\u00ed sv\u011bty s takovou preciznost\u00ed, \u017ee va\u0161e soupe\u0159e zanech\u00e1 v slz\u00e1ch!  \u2728<\/span><\/p>\n<p><span>S <strong>mechanick\u00fdmi kl\u00e1vesami<\/strong> a <strong>sly\u0161itelnou i hmatovou zp\u011btnou vazbou<\/strong>&nbsp;bude ka\u017ed\u00fd stisk kl\u00e1vesy jako v\u00edt\u011bzn\u00fd \u00fader. Je vybavena <strong>duhov\u00fdm podsv\u00edcen\u00edm<\/strong> s nastaviteln\u00fdmi efekty, tak\u017ee v\u00e1\u0161 hern\u00ed setup bude z\u00e1\u0159it jako magick\u00fd port\u00e1l do jin\u00e9 dimenze.<\/span><\/p>\n<p><span>Hlavn\u00ed kouzla:<\/span><\/p>\n<ul>\n<li>\n<p><span><strong>104 kl\u00e1ves + 4 digit\u00e1ln\u00ed knofl\u00edky<\/strong>: Kompletn\u00ed kontrola nad va\u0161imi hrami, s extra mo\u017enostmi pro p\u0159izp\u016fsoben\u00ed.<\/span><\/p>\n<\/li>\n<li>\n<p><span><strong>Anti-ghosting na v\u0161ech kl\u00e1ves\u00e1ch<\/strong>: \u017d\u00e1dn\u00fd ztracen\u00fd \u00fahoz \u2013 va\u0161e p\u0159\u00edkazy budou v\u017edy dokonale sly\u0161et.<\/span><\/p>\n<\/li>\n<li>\n<p><span><strong>Mechanick\u00e9 kl\u00e1vesy s \u017eivotnost\u00ed 60 milion\u016f stisk\u016f<\/strong>: Vytrvalost kl\u00e1ves, kter\u00e1 vydr\u017e\u00ed i nejintenzivn\u011bj\u0161\u00ed gaming.<\/span><\/p>\n<\/li>\n<\/ul>\n<p><span>Dal\u0161\u00ed vychyt\u00e1vky:<\/span><\/p>\n<ul>\n<li>\n<p><span><strong>S\u00edla ovl\u00e1d\u00e1n\u00ed kl\u00e1ves 60 g<\/strong>: Perfektn\u00ed rovnov\u00e1ha mezi komfortem a reakc\u00ed.<\/span><\/p>\n<\/li>\n<li>\n<p><span><strong>Robustn\u00ed design z plastu a kovu<\/strong>: Odoln\u00fd a elegantn\u00ed \u2013 p\u0159e\u017eije ka\u017ed\u00fd hern\u00ed maraton.<\/span><\/p>\n<\/li>\n<li>\n<p><span><strong>Duha na va\u0161em stole<\/strong>: Stylov\u00e9 podsv\u00edcen\u00ed, kter\u00e9 dod\u00e1 va\u0161emu setupu dynamiku.<\/span><\/p>\n<\/li>\n<\/ul>\n<p><span>Noxo Conqueror nen\u00ed jen kl\u00e1vesnice \u2013 je to v\u00e1\u0161 hern\u00ed zbra\u0148ov\u00fd syst\u00e9m, kter\u00fd v\u00e1s povede k v\u00edt\u011bzstv\u00ed na ka\u017ed\u00e9m bitevn\u00edm poli. P\u0159ipravte se na ovl\u00e1dnut\u00ed sv\u011bta digit\u00e1ln\u00edho dobrodru\u017estv\u00ed!  \ufe0f<\/span><\/p>\n<p>&nbsp;<\/p>\n<p>&nbsp;<\/p>\n<p><span>Bazarov\u00fd produkt, z\u00e1ruka 12 m\u011bs\u00edc\u016f.<\/span><\/p>\n","protected":false},"excerpt":{"rendered":"<p>P\u0159edstavujeme hern\u00ed kl\u00e1vesnici Noxo Conqueror Mechanical \u2013 kl\u00e1vesnici, kter\u00e1 v\u00e1m umo\u017en\u00ed ovl\u00e1dnout virtu\u00e1ln\u00ed sv\u011bty s takovou preciznost\u00ed, \u017ee va\u0161e soupe\u0159e zanech\u00e1 v slz\u00e1ch! \u2728 S mechanick\u00fdmi kl\u00e1vesami a sly\u0161itelnou i hmatovou zp\u011btnou vazbou&nbsp;bude ka\u017ed\u00fd stisk kl\u00e1vesy jako v\u00edt\u011bzn\u00fd \u00fader. Je vybavena duhov\u00fdm podsv\u00edcen\u00edm s nastaviteln\u00fdmi efekty, tak\u017ee v\u00e1\u0161 hern\u00ed setup bude z\u00e1\u0159it jako magick\u00fd port\u00e1l&#8230;<\/p>\n","protected":false},"featured_media":27253,"comment_status":"closed","ping_status":"open","template":"","meta":{"_kadence_starter_templates_imported_post":false,"_kad_post_transparent":"","_kad_post_title":"","_kad_post_layout":"","_kad_post_sidebar_id":"","_kad_post_content_style":"","_kad_post_vertical_padding":"","_kad_post_feature":"","_kad_post_feature_position":"","_kad_post_header":false,"_kad_post_footer":false,"_kad_post_classname":""},"product_brand":[],"product_cat":[64,2429,393,392,391],"product_tag":[],"class_list":{"0":"post-27252","1":"product","2":"type-product","3":"status-publish","4":"has-post-thumbnail","6":"product_cat-elektronika","7":"product_cat-heureka-cz","8":"product_cat-klavesnice","9":"product_cat-klavesnice-a-mysi","10":"product_cat-pocitace-a-notebooky","12":"first","13":"instock","14":"taxable","15":"shipping-taxable","16":"purchasable","17":"product-type-simple","18":"entry","19":"content-bg","20":"loop-entry"},"_links":{"self":[{"href":"http:\/\/www.outlet-electro.cz\/index.php\/wp-json\/wp\/v2\/product\/27252","targetHints":{"allow":["GET"]}}],"collection":[{"href":"http:\/\/www.outlet-electro.cz\/index.php\/wp-json\/wp\/v2\/product"}],"about":[{"href":"http:\/\/www.outlet-electro.cz\/index.php\/wp-json\/wp\/v2\/types\/product"}],"replies":[{"embeddable":true,"href":"http:\/\/www.outlet-electro.cz\/index.php\/wp-json\/wp\/v2\/comments?post=27252"}],"wp:featuredmedia":[{"embeddable":true,"href":"http:\/\/www.outlet-electro.cz\/index.php\/wp-json\/wp\/v2\/media\/27253"}],"wp:attachment":[{"href":"http:\/\/www.outlet-electro.cz\/index.php\/wp-json\/wp\/v2\/media?parent=27252"}],"wp:term":[{"taxonomy":"product_brand","embeddable":true,"href":"http:\/\/www.outlet-electro.cz\/index.php\/wp-json\/wp\/v2\/product_brand?post=27252"},{"taxonomy":"product_cat","embeddable":true,"href":"http:\/\/www.outlet-electro.cz\/index.php\/wp-json\/wp\/v2\/product_cat?post=27252"},{"taxonomy":"product_tag","embeddable":true,"href":"http:\/\/www.outlet-electro.cz\/index.php\/wp-json\/wp\/v2\/product_tag?post=27252"}],"curies":[{"name":"wp","href":"https:\/\/api.w.org\/{rel}","templated":true}]}}