{"id":27248,"date":"2026-01-26T11:24:56","date_gmt":"2026-01-26T10:24:56","guid":{"rendered":"https:\/\/www.outlet-electro.cz\/index.php\/produkt\/bezdratova-sluchatka-myinnov-m6s\/"},"modified":"2026-01-26T11:24:57","modified_gmt":"2026-01-26T10:24:57","slug":"bezdratova-sluchatka-myinnov-m6s","status":"publish","type":"product","link":"http:\/\/www.outlet-electro.cz\/index.php\/produkt\/bezdratova-sluchatka-myinnov-m6s\/","title":{"rendered":"Bezdr\u00e1tov\u00e1 sluch\u00e1tka Myinnov M6s"},"content":{"rendered":"<p>P\u0159edstavujeme bezdr\u00e1tov\u00e1 sluch\u00e1tka Myinnov M6s \u2013 drobn\u00e9, ale v\u00fdkonn\u00e9 par\u0165\u00e1ky pro va\u0161i ka\u017edodenn\u00ed hudebn\u00ed i komunika\u010dn\u00ed j\u00edzdu!  \u2728<\/p>\n<p>D\u00edky <strong>Bluetooth 5.0<\/strong> si u\u017eijete stabiln\u00ed p\u0159ipojen\u00ed na vzd\u00e1lenost a\u017e <strong>25 metr\u016f<\/strong>, tak\u017ee si m\u016f\u017eete klidn\u011b poskakovat po byt\u011b nebo t\u011blocvi\u010dn\u011b bez jak\u00fdchkoli p\u0159eru\u0161en\u00ed. S <strong>ergonomick\u00fdm designem<\/strong> pohodln\u011b zapadnou do u\u0161\u00ed, jako by tam pat\u0159ily odjak\u017eiva \u2013 a\u0165 u\u017e cvi\u010d\u00edte nebo relaxujete.<\/p>\n<p>Hlavn\u00ed kouzla:<\/p>\n<ul>\n<li>\n<p><strong>Odd\u011blen\u00fd design pro ob\u011b u\u0161i<\/strong>: Pou\u017e\u00edvejte ka\u017ed\u00e9 sluch\u00e1tko nez\u00e1visle \u2013 vy rozhodujete, jak je chcete nosit.<\/p>\n<\/li>\n<li>\n<p><strong>Rychl\u00e9 nab\u00edjen\u00ed<\/strong>: U\u017e za 1\u20132 hodiny jsou sluch\u00e1tka p\u0159ipravena na dal\u0161\u00ed hudebn\u00ed nebo hovorov\u00fd maraton.<\/p>\n<\/li>\n<li>\n<p><strong>HD vol\u00e1n\u00ed a potla\u010den\u00ed \u0161umu<\/strong>: \u010cist\u00fd zvuk bez ru\u0161iv\u00fdch prvk\u016f, ide\u00e1ln\u00ed pro m\u011bsto i tichou krajinu.<\/p>\n<\/li>\n<\/ul>\n<p>Dal\u0161\u00ed vychyt\u00e1vky:<\/p>\n<ul>\n<li>\n<p><strong>P\u0159enosn\u00fd nab\u00edjec\u00ed box<\/strong>: \u017d\u00e1dn\u00e9 starosti o baterii \u2013 v\u00e1\u0161 energetick\u00fd z\u00e1lo\u017en\u00edk na cesty.<\/p>\n<\/li>\n<li>\n<p><strong>Pohotovostn\u00ed doba a\u017e 150 hodin<\/strong>: Sluch\u00e1tka, kter\u00e1 v\u00e1s nikdy nezrad\u00ed.<\/p>\n<\/li>\n<li>\n<p><strong>Lehk\u00fd design<\/strong>: Tak pohodln\u00fd, \u017ee je skoro nebudete c\u00edtit, a\u017e na ten skv\u011bl\u00fd zvuk.<\/p>\n<\/li>\n<\/ul>\n<p>Myinnov M6s nejsou jen sluch\u00e1tka \u2013 jsou to va\u0161i v\u0161estrann\u00ed spole\u010dn\u00edci, kte\u0159\u00ed v\u00e1s podr\u017e\u00ed p\u0159i ka\u017ed\u00e9m dobrodru\u017estv\u00ed. P\u0159ipravte se na dokonal\u00fd zvuk a komfort bez kompromis\u016f!  <\/p>\n<p>&nbsp;<\/p>\n<p>Z\u00e1ruka 24 m\u011bs\u00edc\u016f.<\/p>\n","protected":false},"excerpt":{"rendered":"<p>P\u0159edstavujeme bezdr\u00e1tov\u00e1 sluch\u00e1tka Myinnov M6s \u2013 drobn\u00e9, ale v\u00fdkonn\u00e9 par\u0165\u00e1ky pro va\u0161i ka\u017edodenn\u00ed hudebn\u00ed i komunika\u010dn\u00ed j\u00edzdu! \u2728 D\u00edky Bluetooth 5.0 si u\u017eijete stabiln\u00ed p\u0159ipojen\u00ed na vzd\u00e1lenost a\u017e 25 metr\u016f, tak\u017ee si m\u016f\u017eete klidn\u011b poskakovat po byt\u011b nebo t\u011blocvi\u010dn\u011b bez jak\u00fdchkoli p\u0159eru\u0161en\u00ed. S ergonomick\u00fdm designem pohodln\u011b zapadnou do u\u0161\u00ed, jako by tam pat\u0159ily odjak\u017eiva \u2013&#8230;<\/p>\n","protected":false},"featured_media":27249,"comment_status":"closed","ping_status":"open","template":"","meta":{"_kadence_starter_templates_imported_post":false,"_kad_post_transparent":"","_kad_post_title":"","_kad_post_layout":"","_kad_post_sidebar_id":"","_kad_post_content_style":"","_kad_post_vertical_padding":"","_kad_post_feature":"","_kad_post_feature_position":"","_kad_post_header":false,"_kad_post_footer":false,"_kad_post_classname":""},"product_brand":[],"product_cat":[64,2429,412,362],"product_tag":[],"class_list":{"0":"post-27248","1":"product","2":"type-product","3":"status-publish","4":"has-post-thumbnail","6":"product_cat-elektronika","7":"product_cat-heureka-cz","8":"product_cat-sluchatka","9":"product_cat-tv-audio-video","11":"first","12":"instock","13":"taxable","14":"shipping-taxable","15":"purchasable","16":"product-type-simple","17":"entry","18":"content-bg","19":"loop-entry"},"_links":{"self":[{"href":"http:\/\/www.outlet-electro.cz\/index.php\/wp-json\/wp\/v2\/product\/27248","targetHints":{"allow":["GET"]}}],"collection":[{"href":"http:\/\/www.outlet-electro.cz\/index.php\/wp-json\/wp\/v2\/product"}],"about":[{"href":"http:\/\/www.outlet-electro.cz\/index.php\/wp-json\/wp\/v2\/types\/product"}],"replies":[{"embeddable":true,"href":"http:\/\/www.outlet-electro.cz\/index.php\/wp-json\/wp\/v2\/comments?post=27248"}],"wp:featuredmedia":[{"embeddable":true,"href":"http:\/\/www.outlet-electro.cz\/index.php\/wp-json\/wp\/v2\/media\/27249"}],"wp:attachment":[{"href":"http:\/\/www.outlet-electro.cz\/index.php\/wp-json\/wp\/v2\/media?parent=27248"}],"wp:term":[{"taxonomy":"product_brand","embeddable":true,"href":"http:\/\/www.outlet-electro.cz\/index.php\/wp-json\/wp\/v2\/product_brand?post=27248"},{"taxonomy":"product_cat","embeddable":true,"href":"http:\/\/www.outlet-electro.cz\/index.php\/wp-json\/wp\/v2\/product_cat?post=27248"},{"taxonomy":"product_tag","embeddable":true,"href":"http:\/\/www.outlet-electro.cz\/index.php\/wp-json\/wp\/v2\/product_tag?post=27248"}],"curies":[{"name":"wp","href":"https:\/\/api.w.org\/{rel}","templated":true}]}}