{"id":27236,"date":"2026-01-26T11:24:56","date_gmt":"2026-01-26T10:24:56","guid":{"rendered":"https:\/\/www.outlet-electro.cz\/index.php\/produkt\/govee-outdoor-light-show-box\/"},"modified":"2026-01-26T11:24:56","modified_gmt":"2026-01-26T10:24:56","slug":"govee-outdoor-light-show-box","status":"publish","type":"product","link":"http:\/\/www.outlet-electro.cz\/index.php\/produkt\/govee-outdoor-light-show-box\/","title":{"rendered":"Govee Outdoor Light Show Box"},"content":{"rendered":"<p><span>P\u0159edstavujeme Govee Outdoor Light Show Box \u2013 kouzeln\u00edka mezi sv\u011bteln\u00fdmi dekoracemi, kter\u00fd va\u0161i venkovn\u00ed party prom\u011bn\u00ed na elektrizuj\u00edc\u00ed show plnou barev a hudebn\u00edho rytmu!  \u2728<\/span><\/p>\n<p><span>D\u00edky <strong>22 dynamick\u00fdm hudebn\u00edm re\u017eim\u016fm<\/strong> synchronizuje barevn\u00e1 sv\u011btla Govee s rytmem hudby \u2013 v\u00e1\u0161 d\u016fm za\u010dne tan\u010dit! A pokud jde o dekorace, <strong>20 sc\u00e9nick\u00fdch re\u017eim\u016f<\/strong> v\u00e1m nab\u00eddne nekone\u010dn\u00e9 mo\u017enosti osv\u011btlen\u00ed pro ka\u017edou p\u0159\u00edle\u017eitost, od letn\u00edch grilova\u010dek po v\u00e1no\u010dn\u00ed oslavy.<\/span><\/p>\n<p><span>Hlavn\u00ed kouzla:<\/span><\/p>\n<ul>\n<li>\n<p><span><strong>Vodot\u011bsn\u00fd design IP65<\/strong>: D\u00e9\u0161\u0165 nebo slunce? Govee Outdoor Light Show Box si porad\u00ed s ka\u017ed\u00fdm po\u010das\u00edm.<\/span><\/p>\n<\/li>\n<li>\n<p><span><strong>Baterie s v\u00fddr\u017e\u00ed a\u017e 12 hodin<\/strong>: Nabijete jednou, sv\u00edt\u00edte celou noc \u2013 party na pln\u00fd plyn bez p\u0159eru\u0161en\u00ed.<\/span><\/p>\n<\/li>\n<li>\n<p><span><strong>Skupinov\u00e9 ovl\u00e1d\u00e1n\u00ed a\u017e 10 za\u0159\u00edzen\u00ed<\/strong>: Z\u00edskejte kontrolu nad celou sv\u011btelnou arm\u00e1dou jedn\u00edm klepnut\u00edm.<\/span><\/p>\n<\/li>\n<\/ul>\n<p><span>Dal\u0161\u00ed vychyt\u00e1vky:<\/span><\/p>\n<ul>\n<li>\n<p><span><strong>Jednoduch\u00e9 zav\u011b\u0161en\u00ed<\/strong>: Sta\u010d\u00ed lanko, a va\u0161e veranda se prom\u011bn\u00ed na sv\u011bteln\u00fd r\u00e1j.<\/span><\/p>\n<\/li>\n<li>\n<p><span><strong>Nab\u00edjen\u00ed p\u0159es USB (Type-C)<\/strong>: Praktick\u00e9 a modern\u00ed \u2013 v\u017edy p\u0159ipraven\u00e9 na dal\u0161\u00ed akci.<\/span><\/p>\n<\/li>\n<li>\n<p><span><strong>Synchronizace se zvukem<\/strong>: Hudba a sv\u011btlo ruku v ruce \u2013 dokonal\u00e9 spojen\u00ed, kter\u00e9 osln\u00ed ka\u017ed\u00e9ho.<\/span><\/p>\n<\/li>\n<\/ul>\n<p><span>Govee Outdoor Light Show Box nen\u00ed jen sv\u011bteln\u00fd box \u2013 je to va\u0161e br\u00e1na do sv\u011bta z\u00e1\u0159iv\u00e9 kreativity, hudebn\u00edho rytmu a nezapomenuteln\u00fdch z\u00e1\u017eitk\u016f. P\u0159ipravte se na show, kterou si zamilujete!  \u2728<\/span><\/p>\n<p>&nbsp;<\/p>\n<p><span>Produkt neslou\u017e\u00ed pro p\u0159ehr\u00e1v\u00e1n\u00ed hudby!<\/span><\/p>\n<p>&nbsp;<\/p>\n<p>Z\u00e1ruka 24 m\u011bs\u00edc\u016f.<\/p>\n","protected":false},"excerpt":{"rendered":"<p>P\u0159edstavujeme Govee Outdoor Light Show Box \u2013 kouzeln\u00edka mezi sv\u011bteln\u00fdmi dekoracemi, kter\u00fd va\u0161i venkovn\u00ed party prom\u011bn\u00ed na elektrizuj\u00edc\u00ed show plnou barev a hudebn\u00edho rytmu! \u2728 D\u00edky 22 dynamick\u00fdm hudebn\u00edm re\u017eim\u016fm synchronizuje barevn\u00e1 sv\u011btla Govee s rytmem hudby \u2013 v\u00e1\u0161 d\u016fm za\u010dne tan\u010dit! A pokud jde o dekorace, 20 sc\u00e9nick\u00fdch re\u017eim\u016f v\u00e1m nab\u00eddne nekone\u010dn\u00e9 mo\u017enosti osv\u011btlen\u00ed&#8230;<\/p>\n","protected":false},"featured_media":27237,"comment_status":"closed","ping_status":"open","template":"","meta":{"_kadence_starter_templates_imported_post":false,"_kad_post_transparent":"","_kad_post_title":"","_kad_post_layout":"","_kad_post_sidebar_id":"","_kad_post_content_style":"","_kad_post_vertical_padding":"","_kad_post_feature":"","_kad_post_feature_position":"","_kad_post_header":false,"_kad_post_footer":false,"_kad_post_classname":""},"product_brand":[],"product_cat":[632,2454,64,2429,2455],"product_tag":[],"class_list":{"0":"post-27236","1":"product","2":"type-product","3":"status-publish","4":"has-post-thumbnail","6":"product_cat-chytra-domacnost","7":"product_cat-chytre-osvetleni","8":"product_cat-elektronika","9":"product_cat-heureka-cz","10":"product_cat-startovaci-balicky-chytreho-osvetleni","12":"first","13":"instock","14":"taxable","15":"shipping-taxable","16":"purchasable","17":"product-type-simple","18":"entry","19":"content-bg","20":"loop-entry"},"_links":{"self":[{"href":"http:\/\/www.outlet-electro.cz\/index.php\/wp-json\/wp\/v2\/product\/27236","targetHints":{"allow":["GET"]}}],"collection":[{"href":"http:\/\/www.outlet-electro.cz\/index.php\/wp-json\/wp\/v2\/product"}],"about":[{"href":"http:\/\/www.outlet-electro.cz\/index.php\/wp-json\/wp\/v2\/types\/product"}],"replies":[{"embeddable":true,"href":"http:\/\/www.outlet-electro.cz\/index.php\/wp-json\/wp\/v2\/comments?post=27236"}],"wp:featuredmedia":[{"embeddable":true,"href":"http:\/\/www.outlet-electro.cz\/index.php\/wp-json\/wp\/v2\/media\/27237"}],"wp:attachment":[{"href":"http:\/\/www.outlet-electro.cz\/index.php\/wp-json\/wp\/v2\/media?parent=27236"}],"wp:term":[{"taxonomy":"product_brand","embeddable":true,"href":"http:\/\/www.outlet-electro.cz\/index.php\/wp-json\/wp\/v2\/product_brand?post=27236"},{"taxonomy":"product_cat","embeddable":true,"href":"http:\/\/www.outlet-electro.cz\/index.php\/wp-json\/wp\/v2\/product_cat?post=27236"},{"taxonomy":"product_tag","embeddable":true,"href":"http:\/\/www.outlet-electro.cz\/index.php\/wp-json\/wp\/v2\/product_tag?post=27236"}],"curies":[{"name":"wp","href":"https:\/\/api.w.org\/{rel}","templated":true}]}}