{"id":27221,"date":"2026-01-26T11:24:52","date_gmt":"2026-01-26T10:24:52","guid":{"rendered":"https:\/\/www.outlet-electro.cz\/index.php\/produkt\/rotacni-kulma-remington-as-8606\/"},"modified":"2026-01-26T11:24:53","modified_gmt":"2026-01-26T10:24:53","slug":"rotacni-kulma-remington-as-8606","status":"publish","type":"product","link":"http:\/\/www.outlet-electro.cz\/index.php\/produkt\/rotacni-kulma-remington-as-8606\/","title":{"rendered":"Rota\u010dn\u00ed kulma Remington AS 8606"},"content":{"rendered":"<p><span>P\u0159edstavujeme rota\u010dn\u00ed kulmu Remington AS 8606 \u2013 va\u0161i osobn\u00ed vlasovou stylistku, kter\u00e1 prom\u011bn\u00ed ka\u017ed\u00fd \u00fa\u010des na d\u00edlo hodn\u00e9 \u010derven\u00e9ho koberce!  \u200d\u2640\ufe0f\u2728<\/span><\/p>\n<p><span>S touto kulmou u\u017e \u017e\u00e1dn\u00e9 \u201ebad hair day\u201c \u2013 jej\u00ed <strong>2 rychlosti, 2 teploty<\/strong> a <strong>800W v\u00fdkon<\/strong> se postaraj\u00ed o vlasy hladk\u00e9, objemn\u00e9 nebo vlnit\u00e9 p\u0159esn\u011b podle va\u0161ich p\u0159edstav. D\u00edky <strong>ionizaci<\/strong> m\u00e1te zaru\u010deno a\u017e <strong>o 90 % m\u00e9n\u011b krepat\u011bn\u00ed<\/strong>, tak\u017ee m\u00edsto elektrick\u00fdch dr\u00e1t\u016f z\u00edsk\u00e1te kade\u0159e hodn\u00e9 bohyn\u011b.<\/span><\/p>\n<p><span>Hlavn\u00ed kouzla:<\/span><\/p>\n<ul>\n<li>\n<p><span><strong>Rota\u010dn\u00ed kart\u00e1\u010de 30 mm a 40 mm<\/strong>: Vytvo\u0159te voln\u00e9 vlny nebo hladk\u00e9 kone\u010dky \u2013 tahle kulma v\u00ed, jak na to.<\/span><\/p>\n<\/li>\n<li>\n<p><span><strong>Rovn\u00fd kart\u00e1\u010dov\u00fd n\u00e1stavec<\/strong>: Dokonale hladk\u00fd \u00fa\u010des bez krepat\u011bn\u00ed? Jist\u011b, pros\u00edm!<\/span><\/p>\n<\/li>\n<li>\n<p><span><strong>Studen\u00e1 vlna<\/strong>: Fixace stylingu, aby va\u0161e vlasy z\u016fstaly dokonal\u00e9 i na ve\u010dern\u00ed p\u00e1rty.<\/span><\/p>\n<\/li>\n<\/ul>\n<p><span>Dal\u0161\u00ed vychyt\u00e1vky:<\/span><\/p>\n<ul>\n<li>\n<p><span><strong>Tla\u010d\u00edtko pro zm\u011bnu sm\u011bru rotace<\/strong>: Vlny doleva, vlny doprava \u2013 vy rozhodujete o sm\u011bru.<\/span><\/p>\n<\/li>\n<li>\n<p><span><strong>Keramick\u00fd povrch s antistatick\u00fdm turmal\u00ednem<\/strong>: Leskl\u00e9 a zdrav\u00e9 vlasy bez elektrizov\u00e1n\u00ed.<\/span><\/p>\n<\/li>\n<li>\n<p><span><strong>Cestovn\u00ed pouzdro<\/strong>: Va\u0161e stylistka je v\u017edy p\u0159ipravena cestovat s v\u00e1mi.<\/span><\/p>\n<\/li>\n<\/ul>\n<p><span>Remington AS 8606 nen\u00ed jen kulma \u2013 je to v\u00e1\u0161 v\u011brn\u00fd spojenec, kter\u00fd prom\u011bn\u00ed ka\u017ed\u00e9 r\u00e1no na z\u00e1bavu a ka\u017ed\u00fd ve\u010der na v\u00fdstavn\u00ed vlasovou show. P\u0159ipravte se na stylov\u00e1n\u00ed, kter\u00e9 v\u00e1m vykouzl\u00ed \u00fasm\u011bv na tv\u00e1\u0159i i perfektn\u00ed \u00fa\u010des!  <\/span><\/p>\n<p>&nbsp;<\/p>\n<p><span>Bazarov\u00fd produkt, z\u00e1ruka 12 m\u011bs\u00edc\u016f.<\/span><\/p>\n","protected":false},"excerpt":{"rendered":"<p>P\u0159edstavujeme rota\u010dn\u00ed kulmu Remington AS 8606 \u2013 va\u0161i osobn\u00ed vlasovou stylistku, kter\u00e1 prom\u011bn\u00ed ka\u017ed\u00fd \u00fa\u010des na d\u00edlo hodn\u00e9 \u010derven\u00e9ho koberce! \u200d\u2640\ufe0f\u2728 S touto kulmou u\u017e \u017e\u00e1dn\u00e9 \u201ebad hair day\u201c \u2013 jej\u00ed 2 rychlosti, 2 teploty a 800W v\u00fdkon se postaraj\u00ed o vlasy hladk\u00e9, objemn\u00e9 nebo vlnit\u00e9 p\u0159esn\u011b podle va\u0161ich p\u0159edstav. D\u00edky ionizaci m\u00e1te zaru\u010deno a\u017e&#8230;<\/p>\n","protected":false},"featured_media":27222,"comment_status":"closed","ping_status":"open","template":"","meta":{"_kadence_starter_templates_imported_post":false,"_kad_post_transparent":"","_kad_post_title":"","_kad_post_layout":"","_kad_post_sidebar_id":"","_kad_post_content_style":"","_kad_post_vertical_padding":"","_kad_post_feature":"","_kad_post_feature_position":"","_kad_post_header":false,"_kad_post_footer":false,"_kad_post_classname":""},"product_brand":[],"product_cat":[333,2429,427,337,338],"product_tag":[],"class_list":{"0":"post-27221","1":"product","2":"type-product","3":"status-publish","4":"has-post-thumbnail","6":"product_cat-domaci-a-osobni-spotrebice","7":"product_cat-heureka-cz","8":"product_cat-kulmy","9":"product_cat-pece-o-telo-a-zdravi","10":"product_cat-pece-o-vlasy-a-vousy","12":"first","13":"instock","14":"taxable","15":"shipping-taxable","16":"purchasable","17":"product-type-simple","18":"entry","19":"content-bg","20":"loop-entry"},"_links":{"self":[{"href":"http:\/\/www.outlet-electro.cz\/index.php\/wp-json\/wp\/v2\/product\/27221","targetHints":{"allow":["GET"]}}],"collection":[{"href":"http:\/\/www.outlet-electro.cz\/index.php\/wp-json\/wp\/v2\/product"}],"about":[{"href":"http:\/\/www.outlet-electro.cz\/index.php\/wp-json\/wp\/v2\/types\/product"}],"replies":[{"embeddable":true,"href":"http:\/\/www.outlet-electro.cz\/index.php\/wp-json\/wp\/v2\/comments?post=27221"}],"wp:featuredmedia":[{"embeddable":true,"href":"http:\/\/www.outlet-electro.cz\/index.php\/wp-json\/wp\/v2\/media\/27222"}],"wp:attachment":[{"href":"http:\/\/www.outlet-electro.cz\/index.php\/wp-json\/wp\/v2\/media?parent=27221"}],"wp:term":[{"taxonomy":"product_brand","embeddable":true,"href":"http:\/\/www.outlet-electro.cz\/index.php\/wp-json\/wp\/v2\/product_brand?post=27221"},{"taxonomy":"product_cat","embeddable":true,"href":"http:\/\/www.outlet-electro.cz\/index.php\/wp-json\/wp\/v2\/product_cat?post=27221"},{"taxonomy":"product_tag","embeddable":true,"href":"http:\/\/www.outlet-electro.cz\/index.php\/wp-json\/wp\/v2\/product_tag?post=27221"}],"curies":[{"name":"wp","href":"https:\/\/api.w.org\/{rel}","templated":true}]}}